{"id":2375,"date":"2025-06-17T01:43:06","date_gmt":"2025-06-17T01:43:06","guid":{"rendered":"https:\/\/www.bluelakechem.com\/?post_type=product&#038;p=2375"},"modified":"2025-07-22T07:12:05","modified_gmt":"2025-07-22T07:12:05","slug":"sequestering-dispersing-agent","status":"publish","type":"product","link":"https:\/\/www.bluelakechem.com\/vi\/product\/sequestering-dispersing-agent\/","title":{"rendered":"Ch\u1ea5t ph\u00e2n t\u00e1n v\u00e0 c\u1ed1 \u0111\u1ecbnh hi\u1ec7u su\u1ea5t cao cho s\u1ef1 \u1ed5n \u0111\u1ecbnh c\u1ee7a b\u1ec3 nhu\u1ed9m"},"content":{"rendered":"<div class=\"wp-block-columns is-layout-flex wp-container-core-columns-is-layout-9d6595d7 wp-block-columns-is-layout-flex\">\n<div class=\"wp-block-column is-layout-flow wp-block-column-is-layout-flow\">\n<figure class=\"wp-block-image size-full\"><img decoding=\"async\" width=\"1363\" height=\"1701\" src=\"https:\/\/www.bluelakechem.com\/wp-content\/uploads\/2025\/06\/Sequestering-Dispersing-Agent-11576-1.webp\" alt=\"Ch\u1ea5t h\u1ea5p ph\u1ee5 v\u00e0 ph\u00e2n t\u00e1n\" class=\"wp-image-2683\" srcset=\"https:\/\/www.bluelakechem.com\/wp-content\/uploads\/2025\/06\/Sequestering-Dispersing-Agent-11576-1.webp 1363w, https:\/\/www.bluelakechem.com\/wp-content\/uploads\/2025\/06\/Sequestering-Dispersing-Agent-11576-1-240x300.webp 240w, https:\/\/www.bluelakechem.com\/wp-content\/uploads\/2025\/06\/Sequestering-Dispersing-Agent-11576-1-768x958.webp 768w, https:\/\/www.bluelakechem.com\/wp-content\/uploads\/2025\/06\/Sequestering-Dispersing-Agent-11576-1-10x12.webp 10w, https:\/\/www.bluelakechem.com\/wp-content\/uploads\/2025\/06\/Sequestering-Dispersing-Agent-11576-1-1200x1498.webp 1200w, https:\/\/www.bluelakechem.com\/wp-content\/uploads\/2025\/06\/Sequestering-Dispersing-Agent-11576-1-600x749.webp 600w\" sizes=\"(max-width: 1363px) 100vw, 1363px\" \/><\/figure>\n<\/div>\n\n\n\n<div class=\"wp-block-column is-layout-flow wp-block-column-is-layout-flow\">\n<figure class=\"wp-block-image size-full\"><img decoding=\"async\" width=\"1363\" height=\"1701\" src=\"https:\/\/www.bluelakechem.com\/wp-content\/uploads\/2025\/06\/Sequestering-Dispersing-Agent-11576-1-1.webp\" alt=\"Ch\u1ea5t h\u1ea5p ph\u1ee5 v\u00e0 ph\u00e2n t\u00e1n\" class=\"wp-image-2684\" srcset=\"https:\/\/www.bluelakechem.com\/wp-content\/uploads\/2025\/06\/Sequestering-Dispersing-Agent-11576-1-1.webp 1363w, https:\/\/www.bluelakechem.com\/wp-content\/uploads\/2025\/06\/Sequestering-Dispersing-Agent-11576-1-1-240x300.webp 240w, https:\/\/www.bluelakechem.com\/wp-content\/uploads\/2025\/06\/Sequestering-Dispersing-Agent-11576-1-1-768x958.webp 768w, https:\/\/www.bluelakechem.com\/wp-content\/uploads\/2025\/06\/Sequestering-Dispersing-Agent-11576-1-1-10x12.webp 10w, https:\/\/www.bluelakechem.com\/wp-content\/uploads\/2025\/06\/Sequestering-Dispersing-Agent-11576-1-1-1200x1498.webp 1200w, https:\/\/www.bluelakechem.com\/wp-content\/uploads\/2025\/06\/Sequestering-Dispersing-Agent-11576-1-1-600x749.webp 600w\" sizes=\"(max-width: 1363px) 100vw, 1363px\" \/><\/figure>\n<\/div>\n<\/div>\n\n\n\n<div class=\"wp-block-columns is-layout-flex wp-container-core-columns-is-layout-9d6595d7 wp-block-columns-is-layout-flex\">\n<div class=\"wp-block-column is-layout-flow wp-block-column-is-layout-flow\">\n<h2 class=\"wp-block-heading\">Sequestering Dispersing Agent Features:<\/h2>\n\n\n\n<p>Stable in high temperatures, alkali, and electrolytes.&nbsp;Good oxidation resistance. Has a strong sequestering ability, especially for iron ions.<\/p>\n\n\n\n<p>Excellent dispersing effect for dyes. Can keep the stability of the bath and prevent coagulation&nbsp;of dyes, impurities, or dirt, etc.<\/p>\n\n\n\n<p>Good anti-scale effect. Can disperse dirt and impurities and prevent sedimentation in equipment.<\/p>\n\n\n\n<h2 class=\"wp-block-heading\">Sequestering Dispersing Agent Properties:<\/h2>\n\n\n\n<figure class=\"wp-block-table\"><table class=\"has-fixed-layout\"><tbody><tr><td>V\u1ebb b\u1ec1 ngo\u00e0i:<\/td><td>Ch\u1ea5t l\u1ecfng trong su\u1ed1t, kh\u00f4ng m\u00e0u \u0111\u1ebfn m\u00e0u v\u00e0ng nh\u1ea1t.<\/td><\/tr><tr><td>T\u00ednh ion:<\/td><td>Weak anionic<\/td><\/tr><tr><td>Gi\u00e1 tr\u1ecb pH:<\/td><td>1.5\u00b11.0&nbsp;(1% aqueous solution)<\/td><\/tr><tr><td>\u0110\u1ed9 h\u00f2a tan:<\/td><td>H\u00f2a tan trong n\u01b0\u1edbc<\/td><\/tr><\/tbody><\/table><\/figure>\n<\/div>\n\n\n\n<div class=\"wp-block-column is-layout-flow wp-block-column-is-layout-flow\">\n<h2 class=\"wp-block-heading\">Sequestering Dispersing Agent Instruction:<\/h2>\n\n\n\n<p>1.It is a high-concentration product. Kindly suggest diluting it at a rate of 1:4~1:9 with softening water.<\/p>\n\n\n\n<p>2.It is a strong acid product. If it needs to be adjusted 11576 to weak acid or neutral, please add caustic soda&nbsp;(20% of 11576) when diluting to adjust the pH value. But it will decrease the freezing resistance (there will be white&nbsp;precipitate&nbsp;at low temperatures).<\/p>\n\n\n\n<p>3. For the dipping process, reference dosage of 10% diluted 11576: 1~2 g\/L.<\/p>\n\n\n\n<p>4. For the padding process, reference dosage of 10% diluted 11576: 3~5 g\/L<\/p>\n<\/div>\n<\/div>","protected":false},"excerpt":{"rendered":"<p>Ch\u1ea5t ph\u00e2n t\u00e1n v\u00e0 c\u1ed1 \u0111\u1ecbnh 11576 l\u00e0 m\u1ed9t ph\u1ee9c h\u1ee3p polyphosphate h\u1eefu c\u01a1 c\u00f3 kh\u1ea3 n\u0103ng chelate m\u1ea1nh m\u1ebd v\u00e0 \u1ed5n \u0111\u1ecbnh \u0111\u1ed1i v\u1edbi c\u00e1c ion kim lo\u1ea1i nh\u01b0 canxi, magi\u00ea, s\u1eaft v\u00e0 c\u00e1c ion kim lo\u1ea1i kh\u00e1c. S\u1ea3n ph\u1ea9m ho\u1ea1t \u0111\u1ed9ng \u0111\u00e1ng tin c\u1eady trong \u0111i\u1ec1u ki\u1ec7n nhi\u1ec7t \u0111\u1ed9 cao, ki\u1ec1m m\u1ea1nh, ch\u1ea5t oxy h\u00f3a v\u00e0 \u0111i\u1ec7n gi\u1ea3i - l\u00fd t\u01b0\u1edfng cho c\u00e1c quy tr\u00ecnh nhanh ch\u00f3ng v\u00e0 hi\u1ec7u qu\u1ea3. Ph\u00f9 h\u1ee3p cho c\u00e1c \u1ee9ng d\u1ee5ng nh\u01b0 t\u1ea9y r\u1eeda, t\u1ea9y tr\u1eafng, nhu\u1ed9m, in \u1ea5n, l\u00e0m x\u00e0 ph\u00f2ng v\u00e0 ho\u00e0n thi\u1ec7n. Tu\u00e2n th\u1ee7 Ti\u00eau chu\u1ea9n Oeko-Tex 100.<br \/>Li\u00ean h\u1ec7 v\u1edbi ch\u00fang t\u00f4i \u0111\u1ec3 nh\u1eadn m\u1eabu mi\u1ec5n ph\u00ed ho\u1eb7c h\u1ed7 tr\u1ee3 k\u1ef9 thu\u1eadt!<\/p>\n<p><strong>M\u1eabu s\u1ed1 11576<\/strong><\/p>\n<p>&nbsp;<\/p>","protected":false},"featured_media":2379,"comment_status":"closed","ping_status":"closed","template":"","meta":{"_acf_changed":false},"material":[26,27,28,29,30,31,32,33,49,34],"process":[20,21,38],"product_brand":[],"product_cat":[15],"product_tag":[48],"class_list":{"0":"post-2375","1":"product","2":"type-product","3":"status-publish","4":"has-post-thumbnail","6":"material-cotton-agent","7":"material-polyester-chemicals","8":"material-nylon-agent","9":"material-acrylic-chemicals","10":"material-viscose-chemicals","11":"material-wool-auxiliary","12":"material-linen-chemicals","13":"material-silk-chemicals","14":"material-elastic","15":"material-fabric-chemicals","16":"process-dyeing-auxiliaries","17":"process-sequestering-agent","18":"process-disperse-leveling-agent","19":"product_cat-uncategorized","20":"product_tag-new-textile-chemicals","22":"first","23":"instock","24":"shipping-taxable","25":"product-type-simple"},"acf":[],"_links":{"self":[{"href":"https:\/\/www.bluelakechem.com\/vi\/wp-json\/wp\/v2\/product\/2375","targetHints":{"allow":["GET"]}}],"collection":[{"href":"https:\/\/www.bluelakechem.com\/vi\/wp-json\/wp\/v2\/product"}],"about":[{"href":"https:\/\/www.bluelakechem.com\/vi\/wp-json\/wp\/v2\/types\/product"}],"replies":[{"embeddable":true,"href":"https:\/\/www.bluelakechem.com\/vi\/wp-json\/wp\/v2\/comments?post=2375"}],"wp:featuredmedia":[{"embeddable":true,"href":"https:\/\/www.bluelakechem.com\/vi\/wp-json\/wp\/v2\/media\/2379"}],"wp:attachment":[{"href":"https:\/\/www.bluelakechem.com\/vi\/wp-json\/wp\/v2\/media?parent=2375"}],"wp:term":[{"taxonomy":"material","embeddable":true,"href":"https:\/\/www.bluelakechem.com\/vi\/wp-json\/wp\/v2\/material?post=2375"},{"taxonomy":"process","embeddable":true,"href":"https:\/\/www.bluelakechem.com\/vi\/wp-json\/wp\/v2\/process?post=2375"},{"taxonomy":"product_brand","embeddable":true,"href":"https:\/\/www.bluelakechem.com\/vi\/wp-json\/wp\/v2\/product_brand?post=2375"},{"taxonomy":"product_cat","embeddable":true,"href":"https:\/\/www.bluelakechem.com\/vi\/wp-json\/wp\/v2\/product_cat?post=2375"},{"taxonomy":"product_tag","embeddable":true,"href":"https:\/\/www.bluelakechem.com\/vi\/wp-json\/wp\/v2\/product_tag?post=2375"}],"curies":[{"name":"wp","href":"https:\/\/api.w.org\/{rel}","templated":true}]}}