{"id":2390,"date":"2025-06-16T09:32:11","date_gmt":"2025-06-16T09:32:11","guid":{"rendered":"https:\/\/www.bluelakechem.com\/?post_type=product&#038;p=2390"},"modified":"2025-06-16T09:32:12","modified_gmt":"2025-06-16T09:32:12","slug":"fixing-agent-for-polyester-cotton","status":"publish","type":"product","link":"https:\/\/www.bluelakechem.com\/vi\/product\/fixing-agent-for-polyester-cotton\/","title":{"rendered":"Ch\u1ea5t c\u1ed1 \u0111\u1ecbnh cho v\u1ea3i polyester cotton, t\u0103ng c\u01b0\u1eddng \u0111\u1ed9 b\u1ec1n m\u00e0u sau khi c\u1ed1 \u0111\u1ecbnh."},"content":{"rendered":"<div class=\"wp-block-columns is-layout-flex wp-container-core-columns-is-layout-9d6595d7 wp-block-columns-is-layout-flex\">\n<div class=\"wp-block-column is-layout-flow wp-block-column-is-layout-flow\">\n<h2 class=\"wp-block-heading\">T\u00ednh n\u0103ng c\u1ee7a ch\u1ea5t c\u1ed1 \u0111\u1ecbnh:<\/h2>\n\n\n\n<p>Kh\u00f4ng ch\u1ee9a formaldehyde, APEO ho\u1eb7c ion kim lo\u1ea1i n\u1eb7ng. \u0110\u00e1p \u1ee9ng c\u00e1c y\u00eau c\u1ea7u v\u1ec1 b\u1ea3o v\u1ec7 m\u00f4i tr\u01b0\u1eddng.<\/p>\n\n\n\n<p>C\u00f3 t\u00e1c d\u1ee5ng \u1ee9c ch\u1ebf nh\u1ea5t \u0111\u1ecbnh \u0111\u1ed1i v\u1edbi qu\u00e1 tr\u00ecnh bay h\u01a1i c\u1ee7a c\u00e1c lo\u1ea1i thu\u1ed1c nhu\u1ed9m ph\u00e2n t\u00e1n trong qu\u00e1 tr\u00ecnh c\u1ed1 \u0111\u1ecbnh, \u0111\u1eb7c bi\u1ec7t l\u00e0 \u0111\u1ed1i v\u1edbi c\u00e1c lo\u1ea1i thu\u1ed1c nhu\u1ed9m m\u00e0u \u0111\u1ecf t\u01b0\u01a1i, \u0111en v\u00e0 xanh.<\/p>\n\n\n\n<p>Kh\u00f4ng \u1ea3nh h\u01b0\u1edfng \u0111\u1ebfn c\u1ea3m gi\u00e1c khi ch\u1ea1m v\u00e0o ho\u1eb7c t\u00f4ng m\u00e0u c\u1ee7a v\u1ea3i.<\/p>\n\n\n\n<p>Gi\u1ea3m c\u00e0i \u0111\u1eb7t trung gian m\u1ed9t l\u1ea7n \u2014 Gi\u1ea3m th\u1eddi gian x\u1eed l\u00fd.<\/p>\n\n\n\n<p>D\u1ec5 s\u1eed d\u1ee5ng. C\u00f3 th\u1ec3 s\u1eed d\u1ee5ng c\u00f9ng v\u1edbi d\u1ea7u silicon trong c\u00f9ng m\u1ed9t b\u1ed3n t\u1eafm trong m\u00e1y \u0111\u00f4ng c\u1ee9ng.<\/p>\n\n\n\n<h2 class=\"wp-block-heading\">\u0110i\u1ec1u ch\u1ec9nh thu\u1ed9c t\u00ednh c\u1ee7a ch\u1ea5t k\u1ebft d\u00ednh:<\/h2>\n\n\n\n<figure class=\"wp-block-table\"><table class=\"has-fixed-layout\"><tbody><tr><td>V\u1ebb b\u1ec1 ngo\u00e0i:<\/td><td>Ch\u1ea5t l\u1ecfng m\u00e0u v\u00e0ng nh\u1ea1t<\/td><\/tr><tr><td>T\u00ednh ion:<\/td><td>Cation<\/td><\/tr><tr><td>Gi\u00e1 tr\u1ecb pH:<\/td><td>6,5\u00b11,0 (dung d\u1ecbch n\u01b0\u1edbc 1%)<\/td><\/tr><tr><td>\u0110\u1ed9 h\u00f2a tan:<\/td><td>H\u00f2a tan trong n\u01b0\u1edbc<\/td><\/tr><\/tbody><\/table><\/figure>\n<\/div>\n\n\n\n<div class=\"wp-block-column is-layout-flow wp-block-column-is-layout-flow\">\n<figure class=\"wp-block-image size-full\"><img decoding=\"async\" width=\"2256\" height=\"1181\" src=\"https:\/\/www.bluelakechem.com\/wp-content\/uploads\/2025\/06\/Fixing-agent-22307-1.webp\" alt=\"Ch\u1ea5t c\u1ed1 \u0111\u1ecbnh\" class=\"wp-image-2397\" srcset=\"https:\/\/www.bluelakechem.com\/wp-content\/uploads\/2025\/06\/Fixing-agent-22307-1.webp 2256w, https:\/\/www.bluelakechem.com\/wp-content\/uploads\/2025\/06\/Fixing-agent-22307-1-300x157.webp 300w, https:\/\/www.bluelakechem.com\/wp-content\/uploads\/2025\/06\/Fixing-agent-22307-1-768x402.webp 768w, https:\/\/www.bluelakechem.com\/wp-content\/uploads\/2025\/06\/Fixing-agent-22307-1-18x9.webp 18w, https:\/\/www.bluelakechem.com\/wp-content\/uploads\/2025\/06\/Fixing-agent-22307-1-1200x628.webp 1200w, https:\/\/www.bluelakechem.com\/wp-content\/uploads\/2025\/06\/Fixing-agent-22307-1-600x314.webp 600w\" sizes=\"(max-width: 2256px) 100vw, 2256px\" \/><\/figure>\n\n\n\n<h2 class=\"wp-block-heading\">H\u01b0\u1edbng d\u1eabn s\u1eed d\u1ee5ng ch\u1ea5t c\u1ed1 \u0111\u1ecbnh:<\/h2>\n\n\n\n<p><strong>Quy tr\u00ecnh \u0111\u1ec7m:<\/strong><\/p>\n\n\n\n<p>Li\u1ec1u l\u01b0\u1ee3ng tham kh\u1ea3o c\u1ee7a 22307: 10~40 g\/L<\/p>\n\n\n\n<p>Li\u1ec1u l\u01b0\u1ee3ng tham kh\u1ea3o c\u1ee7a ch\u1ea5t l\u00e0m m\u1ec1m: X g\/L<\/p>\n\n\n\n<p>Nh\u00fang v\u00e0 \u0111\u1ec7m (Nh\u1eb7t: 70~100%) \u2192 S\u1ea5y v\u00e0 \u0111\u1ecbnh h\u00ecnh (130~160\u2103)<\/p>\n<\/div>\n<\/div>\n\n\n\n<p><\/p>","protected":false},"excerpt":{"rendered":"<p>Ch\u1ea5t c\u1ed1 \u0111\u1ecbnh 22307 l\u00e0 m\u1ed9t ph\u1ee5 gia d\u1ec7t may \u0111\u01b0\u1ee3c thi\u1ebft k\u1ebf \u0111\u1eb7c bi\u1ec7t cho v\u1ea3i polyester v\u00e0 cotton. Ch\u1ea5t n\u00e0y t\u1ea1o th\u00e0nh m\u1ed9t l\u1edbp m\u00e0ng b\u1ea3o v\u1ec7 trong qu\u00e1 tr\u00ecnh c\u1ed1 \u0111\u1ecbnh b\u1eb1ng c\u00e1ch ph\u1ea3n \u1ee9ng v\u1edbi s\u1ee3i cotton, gi\u00fap gi\u1ea3m hi\u1ec7n t\u01b0\u1ee3ng phai m\u00e0u v\u00e0 c\u1ea3i thi\u1ec7n \u0111\u1ed9 b\u1ec1n m\u00e0u khi gi\u1eb7t v\u00e0 \u1ee7i. Tu\u00e2n th\u1ee7 Ti\u00eau chu\u1ea9n Oeko-Tex 100. M\u1eabu mi\u1ec5n ph\u00ed v\u00e0 h\u1ed7 tr\u1ee3 c\u00f4ng th\u1ee9c c\u00f3 s\u1eb5n. H\u00e3y li\u00ean h\u1ec7 v\u1edbi ch\u00fang t\u00f4i ngay h\u00f4m nay!<\/p>\n<p><strong>S\u1ed1 model 22307<\/strong><\/p>\n<p>&nbsp;<\/p>","protected":false},"featured_media":2391,"comment_status":"closed","ping_status":"closed","template":"","meta":{"_acf_changed":false},"material":[26,27],"process":[23,41],"product_brand":[],"product_cat":[15],"product_tag":[48],"class_list":{"0":"post-2390","1":"product","2":"type-product","3":"status-publish","4":"has-post-thumbnail","6":"material-cotton-agent","7":"material-polyester-chemicals","8":"process-textile-finishing-chemicals","9":"process-fixing-agent","10":"product_cat-uncategorized","11":"product_tag-new-textile-chemicals","13":"first","14":"instock","15":"shipping-taxable","16":"product-type-simple"},"acf":[],"_links":{"self":[{"href":"https:\/\/www.bluelakechem.com\/vi\/wp-json\/wp\/v2\/product\/2390","targetHints":{"allow":["GET"]}}],"collection":[{"href":"https:\/\/www.bluelakechem.com\/vi\/wp-json\/wp\/v2\/product"}],"about":[{"href":"https:\/\/www.bluelakechem.com\/vi\/wp-json\/wp\/v2\/types\/product"}],"replies":[{"embeddable":true,"href":"https:\/\/www.bluelakechem.com\/vi\/wp-json\/wp\/v2\/comments?post=2390"}],"wp:featuredmedia":[{"embeddable":true,"href":"https:\/\/www.bluelakechem.com\/vi\/wp-json\/wp\/v2\/media\/2391"}],"wp:attachment":[{"href":"https:\/\/www.bluelakechem.com\/vi\/wp-json\/wp\/v2\/media?parent=2390"}],"wp:term":[{"taxonomy":"material","embeddable":true,"href":"https:\/\/www.bluelakechem.com\/vi\/wp-json\/wp\/v2\/material?post=2390"},{"taxonomy":"process","embeddable":true,"href":"https:\/\/www.bluelakechem.com\/vi\/wp-json\/wp\/v2\/process?post=2390"},{"taxonomy":"product_brand","embeddable":true,"href":"https:\/\/www.bluelakechem.com\/vi\/wp-json\/wp\/v2\/product_brand?post=2390"},{"taxonomy":"product_cat","embeddable":true,"href":"https:\/\/www.bluelakechem.com\/vi\/wp-json\/wp\/v2\/product_cat?post=2390"},{"taxonomy":"product_tag","embeddable":true,"href":"https:\/\/www.bluelakechem.com\/vi\/wp-json\/wp\/v2\/product_tag?post=2390"}],"curies":[{"name":"wp","href":"https:\/\/api.w.org\/{rel}","templated":true}]}}