{"id":2393,"date":"2025-06-17T01:58:04","date_gmt":"2025-06-17T01:58:04","guid":{"rendered":"https:\/\/www.bluelakechem.com\/?post_type=product&#038;p=2393"},"modified":"2025-06-17T01:58:06","modified_gmt":"2025-06-17T01:58:06","slug":"leveling-agent-for-polyester-dyeing","status":"publish","type":"product","link":"https:\/\/www.bluelakechem.com\/vi\/product\/leveling-agent-for-polyester-dyeing\/","title":{"rendered":"Ch\u1ea5t \u0111i\u1ec1u ch\u1ec9nh n\u1ed3ng \u0111\u1ed9 cao cho qu\u00e1 tr\u00ecnh nhu\u1ed9m polyester \u1edf nhi\u1ec7t \u0111\u1ed9 cao"},"content":{"rendered":"<div class=\"wp-block-columns is-layout-flex wp-container-core-columns-is-layout-9d6595d7 wp-block-columns-is-layout-flex\">\n<div class=\"wp-block-column is-layout-flow wp-block-column-is-layout-flow\">\n<h2 class=\"wp-block-heading\">T\u00ednh n\u0103ng c\u1ee7a ch\u1ea5t l\u00e0m ph\u1eb3ng:<\/h2>\n\n\n\n<p>Kh\u00f4ng ch\u1ee9a APEO ho\u1eb7c PAH, v.v. \u0110\u00e1p \u1ee9ng c\u00e1c y\u00eau c\u1ea7u v\u1ec1 b\u1ea3o v\u1ec7 m\u00f4i tr\u01b0\u1eddng.<\/p>\n\n\n\n<p>Excellent transferring performance. Can shorten the dyeing time, improve production efficiency&nbsp;and save energy.<\/p>\n\n\n\n<p>Strong ability of retarding. It can effectively decrease the initial dyeing rate\u00a0and solve the dyeing defect problem caused by the simultaneous\u00a0dyeing of mixed dyes.<\/p>\n\n\n\n<p>Extremely low foam. No need to add a defoaming agent. Reduces silicone spots on the cloth or pollution\u00a0to the equipment.<\/p>\n\n\n\n<p>Improves the dispersity of dispersing dyes. Prevents color spots or color stains.<\/p>\n\n\n\n<h2 class=\"wp-block-heading\">Leveling Agent Properties:<\/h2>\n\n\n\n<figure class=\"wp-block-table\"><table class=\"has-fixed-layout\"><tbody><tr><td>V\u1ebb b\u1ec1 ngo\u00e0i:<\/td><td>Ch\u1ea5t l\u1ecfng trong su\u1ed1t m\u00e0u v\u00e0ng nh\u1ea1t<\/td><\/tr><tr><td>T\u00ednh ion:<\/td><td>Anion\/ Kh\u00f4ng ion<\/td><\/tr><tr><td>Gi\u00e1 tr\u1ecb pH:<\/td><td>6,0 \u00b1 1,0 (dung d\u1ecbch n\u01b0\u1edbc 1%)<\/td><\/tr><tr><td>\u0110\u1ed9 h\u00f2a tan:<\/td><td>H\u00f2a tan trong n\u01b0\u1edbc<\/td><\/tr><\/tbody><\/table><\/figure>\n<\/div>\n\n\n\n<div class=\"wp-block-column is-layout-flow wp-block-column-is-layout-flow\">\n<figure class=\"wp-block-embed is-type-video is-provider-youtube wp-block-embed-youtube wp-embed-aspect-16-9 wp-has-aspect-ratio\"><div class=\"wp-block-embed__wrapper\">\n<iframe title=\"Improve first-pass yield of dyeing. #auxiliaries  #science  #textile  #chemistry #experiment #agent\" width=\"500\" height=\"281\" src=\"https:\/\/www.youtube.com\/embed\/l526FJLb_qU?feature=oembed\" frameborder=\"0\" allow=\"accelerometer; autoplay; clipboard-write; encrypted-media; gyroscope; picture-in-picture; web-share\" referrerpolicy=\"strict-origin-when-cross-origin\" allowfullscreen><\/iframe>\n<\/div><\/figure>\n\n\n\n<h2 class=\"wp-block-heading\">Leveling Agent Instruction:<\/h2>\n\n\n\n<p>Dipping process:<\/p>\n\n\n\n<p>For dyeing of ordinary color: reference dosage: 0.2~0.4% (o.w.f)<\/p>\n\n\n\n<p>For preventing color stains or color spots, reference dosage: 0.5~1.5% (o.w.f)<\/p>\n<\/div>\n<\/div>","protected":false},"excerpt":{"rendered":"<p>Ch\u1ea5t \u0111i\u1ec1u ch\u1ec9nh \u0111\u1ed9 ph\u1eb3ng 22503 l\u00e0 m\u1ed9t ch\u1ea5t c\u00f3 n\u1ed3ng \u0111\u1ed9 cao, ch\u1ecbu nhi\u1ec7t \u0111\u1ed9 cao, \u0111\u01b0\u1ee3c ch\u1ebf t\u1ea1o t\u1eeb c\u00e1c d\u1eabn xu\u1ea5t este aromatic. N\u00f3 cung c\u1ea5p kh\u1ea3 n\u0103ng ph\u00e2n t\u00e1n, h\u00f2a tan v\u00e0 ng\u0103n ch\u1eb7n s\u1ef1 di chuy\u1ec3n c\u1ee7a thu\u1ed1c nhu\u1ed9m cho c\u00e1c lo\u1ea1i thu\u1ed1c nhu\u1ed9m ph\u00e2n t\u00e1n. \u1ede nhi\u1ec7t \u0111\u1ed9 cao, n\u00f3 gi\u00fap ph\u00e2n b\u1ed1 \u0111\u1ec1u thu\u1ed1c nhu\u1ed9m \u0111\u1ec3 \u0111\u1ea1t \u0111\u01b0\u1ee3c m\u00e0u s\u1eafc \u0111\u1ed3ng \u0111\u1ec1u. Ph\u00f9 h\u1ee3p cho qu\u00e1 tr\u00ecnh nhu\u1ed9m \u1edf nhi\u1ec7t \u0111\u1ed9 cao v\u00e0 \u00e1p su\u1ea5t cao tr\u00ean v\u1ea3i polyester v\u00e0 c\u00e1c lo\u1ea1i v\u1ea3i pha tr\u1ed9n. Tu\u00e2n th\u1ee7 ti\u00eau chu\u1ea9n Oeko-Tex Standard 100.<br \/>Li\u00ean h\u1ec7 v\u1edbi ch\u00fang t\u00f4i \u0111\u1ec3 nh\u1eadn m\u1eabu mi\u1ec5n ph\u00ed ho\u1eb7c t\u01b0 v\u1ea5n chuy\u00ean m\u00f4n v\u1ec1 c\u00f4ng th\u1ee9c!<\/p>\n<p><strong>S\u1ed1 model 22503<\/strong><\/p>\n<p>&nbsp;<\/p>","protected":false},"featured_media":2395,"comment_status":"closed","ping_status":"closed","template":"","meta":{"_acf_changed":false},"material":[27],"process":[20,38],"product_brand":[],"product_cat":[15],"product_tag":[48],"class_list":{"0":"post-2393","1":"product","2":"type-product","3":"status-publish","4":"has-post-thumbnail","6":"material-polyester-chemicals","7":"process-dyeing-auxiliaries","8":"process-disperse-leveling-agent","9":"product_cat-uncategorized","10":"product_tag-new-textile-chemicals","12":"first","13":"instock","14":"shipping-taxable","15":"product-type-simple"},"acf":[],"_links":{"self":[{"href":"https:\/\/www.bluelakechem.com\/vi\/wp-json\/wp\/v2\/product\/2393","targetHints":{"allow":["GET"]}}],"collection":[{"href":"https:\/\/www.bluelakechem.com\/vi\/wp-json\/wp\/v2\/product"}],"about":[{"href":"https:\/\/www.bluelakechem.com\/vi\/wp-json\/wp\/v2\/types\/product"}],"replies":[{"embeddable":true,"href":"https:\/\/www.bluelakechem.com\/vi\/wp-json\/wp\/v2\/comments?post=2393"}],"wp:featuredmedia":[{"embeddable":true,"href":"https:\/\/www.bluelakechem.com\/vi\/wp-json\/wp\/v2\/media\/2395"}],"wp:attachment":[{"href":"https:\/\/www.bluelakechem.com\/vi\/wp-json\/wp\/v2\/media?parent=2393"}],"wp:term":[{"taxonomy":"material","embeddable":true,"href":"https:\/\/www.bluelakechem.com\/vi\/wp-json\/wp\/v2\/material?post=2393"},{"taxonomy":"process","embeddable":true,"href":"https:\/\/www.bluelakechem.com\/vi\/wp-json\/wp\/v2\/process?post=2393"},{"taxonomy":"product_brand","embeddable":true,"href":"https:\/\/www.bluelakechem.com\/vi\/wp-json\/wp\/v2\/product_brand?post=2393"},{"taxonomy":"product_cat","embeddable":true,"href":"https:\/\/www.bluelakechem.com\/vi\/wp-json\/wp\/v2\/product_cat?post=2393"},{"taxonomy":"product_tag","embeddable":true,"href":"https:\/\/www.bluelakechem.com\/vi\/wp-json\/wp\/v2\/product_tag?post=2393"}],"curies":[{"name":"wp","href":"https:\/\/api.w.org\/{rel}","templated":true}]}}