{"id":2512,"date":"2025-07-02T10:16:52","date_gmt":"2025-07-02T10:16:52","guid":{"rendered":"https:\/\/www.bluelakechem.com\/?post_type=product&#038;p=2512"},"modified":"2026-03-18T08:58:47","modified_gmt":"2026-03-18T08:58:47","slug":"mending-agent-for-polyester-fabric","status":"publish","type":"product","link":"https:\/\/www.bluelakechem.com\/vi\/product\/mending-agent-for-polyester-fabric\/","title":{"rendered":"Ch\u1ea5t s\u1eeda ch\u1eefa cho v\u1ea3i polyester, dung d\u1ecbch ch\u1ec9nh s\u1eeda m\u00e0u nhu\u1ed9m ph\u00e2n t\u00e1n"},"content":{"rendered":"<div class=\"wp-block-columns is-layout-flex wp-container-core-columns-is-layout-9d6595d7 wp-block-columns-is-layout-flex\">\n<div class=\"wp-block-column is-layout-flow wp-block-column-is-layout-flow\">\n<h2 class=\"wp-block-heading\">T\u00ednh n\u0103ng c\u1ee7a Ch\u1ea5t k\u1ebft d\u00ednh:<\/h2>\n\n\n\n<p>Kh\u00f4ng ch\u1ee9a APEO ho\u1eb7c PAH, v.v. \u0110\u00e1p \u1ee9ng c\u00e1c y\u00eau c\u1ea7u v\u1ec1 b\u1ea3o v\u1ec7 m\u00f4i tr\u01b0\u1eddng.<\/p>\n\n\n\n<p>\u0110\u1ed9 th\u1ea5m v\u00e0 \u0111\u1ed9 ph\u00e2n t\u00e1n tuy\u1ec7t v\u1eddi.<\/p>\n\n\n\n<p>Hi\u1ec7n t\u01b0\u1ee3ng m\u1ea5t m\u00e0u r\u1ea5t \u00edt. M\u00e0u s\u1eafc c\u01a1 b\u1ea3n kh\u00f4ng thay \u0111\u1ed5i sau khi s\u1eeda ch\u1eefa.<\/p>\n\n\n\n<p>C\u00f3 th\u1ec3 s\u1eed d\u1ee5ng c\u00f9ng v\u1edbi c\u00e1c ch\u1ea5t kh\u00f4ng ion v\u00e0 anion.<\/p>\n\n\n\n<h2 class=\"wp-block-heading\">Thu\u1ed9c t\u00ednh c\u1ee7a ch\u1ea5t k\u1ebft d\u00ednh:<\/h2>\n\n\n\n<figure class=\"wp-block-table\"><table class=\"has-fixed-layout\"><tbody><tr><td>V\u1ebb b\u1ec1 ngo\u00e0i:<\/td><td>Ch\u1ea5t l\u1ecfng m\u00e0u n\u00e2u trong su\u1ed1t<\/td><\/tr><tr><td>T\u00ednh ion:<\/td><td>Anion\/ Kh\u00f4ng ion<\/td><\/tr><tr><td>Gi\u00e1 tr\u1ecb pH:<\/td><td>6,0 \u00b1 1,0 (dung d\u1ecbch n\u01b0\u1edbc 1%)<\/td><\/tr><tr><td>\u0110\u1ed9 h\u00f2a tan:<\/td><td>H\u00f2a tan trong n\u01b0\u1edbc<\/td><\/tr><\/tbody><\/table><\/figure>\n\n\n\n<figure class=\"wp-block-embed is-type-video is-provider-youtube wp-block-embed-youtube wp-embed-aspect-9-16 wp-has-aspect-ratio\"><div class=\"wp-block-embed__wrapper\">\n<iframe title=\"Polyester Dyeing CarrierSuitable for fabricsand yarns of polyester &amp; polyester blends | 22130\" width=\"422\" height=\"750\" src=\"https:\/\/www.youtube.com\/embed\/a33DIxCWzdI?feature=oembed\" frameborder=\"0\" allow=\"accelerometer; autoplay; clipboard-write; encrypted-media; gyroscope; picture-in-picture; web-share\" referrerpolicy=\"strict-origin-when-cross-origin\" allowfullscreen><\/iframe>\n<\/div><\/figure>\n<\/div>\n\n\n\n<div class=\"wp-block-column is-layout-flow wp-block-column-is-layout-flow\">\n<h2 class=\"wp-block-heading\">H\u01b0\u1edbng d\u1eabn s\u1eed d\u1ee5ng ch\u1ea5t k\u1ebft d\u00ednh:<\/h2>\n\n\n\n<p>1. \u0110\u1ed1i v\u1edbi c\u00e1c khuy\u1ebft t\u1eadt nh\u1ecf v\u1ec1 m\u00e0u s\u1eafc v\u00e0 v\u1ebft m\u00e0u, li\u1ec1u l\u01b0\u1ee3ng tham kh\u1ea3o: 1~3 g\/L.<\/p>\n\n\n\n<p>125~135\u00b0C \u00d7 45~60 ph\u00fat<\/p>\n\n\n\n<p>2. \u0110\u1ed1i v\u1edbi c\u00e1c khuy\u1ebft t\u1eadt nhu\u1ed9m nghi\u00eam tr\u1ecdng v\u00e0 v\u1ebft m\u00e0u, li\u1ec1u l\u01b0\u1ee3ng tham kh\u1ea3o: 3~5 g\/L.<\/p>\n\n\n\n<p>125~135\u00b0C \u00d7 45~60 ph\u00fat<\/p>\n\n\n\n<p>Ghi ch\u00fa:<\/p>\n\n\n\n<p>1. Nhi\u1ec7t \u0111\u1ed9 s\u1ea5y kh\u00f4 th\u00f4ng th\u01b0\u1eddng cao h\u01a1n nhi\u1ec7t \u0111\u1ed9 nhu\u1ed9m. 135\u2103 l\u00e0 nhi\u1ec7t \u0111\u1ed9 t\u1ed1i \u01b0u.<\/p>\n\n\n\n<p>(\u0110\u1ed1i v\u1edbi c\u00e1c lo\u1ea1i v\u1ea3i spandex v\u00e0 h\u1ed7n h\u1ee3p spandex, 125\u2103 l\u00e0 nhi\u1ec7t \u0111\u1ed9 t\u1ed1i \u01b0u.)<\/p>\n\n\n\n<p>Th\u1eddi gian th\u00edch h\u1ee3p l\u00e0 60 ph\u00fat.<\/p>\n\n\n\n<p>2. Khi s\u1eeda ch\u1eefa, c\u1ea7n th\u00eam m\u1ed9t l\u01b0\u1ee3ng thu\u1ed1c nhu\u1ed9m ph\u00f9 h\u1ee3p, kho\u1ea3ng 5~10% so v\u1edbi l\u01b0\u1ee3ng thu\u1ed1c nhu\u1ed9m ban \u0111\u1ea7u.<\/p>\n\n\n\n<p>3. Nguy\u00ean nh\u00e2n g\u00e2y ra c\u00e1c khuy\u1ebft t\u1eadt trong qu\u00e1 tr\u00ecnh nhu\u1ed9m v\u00e0 c\u00e1c v\u1ebft m\u00e0u l\u00e0 r\u1ea5t ph\u1ee9c t\u1ea1p.<\/p>\n\n\n\n<p>N\u1ebfu c\u1ea7n thi\u1ebft, vui l\u00f2ng th\u00eam m\u1ed9t ch\u1ea5t ph\u1ee5 gia c\u00f3 t\u00e1c d\u1ee5ng hi\u1ec7p \u0111\u1ed3ng.<\/p>\n<\/div>\n<\/div>","protected":false},"excerpt":{"rendered":"<p>Ch\u1ea5t s\u1eeda ch\u1eefa 22130 l\u00e0 m\u1ed9t ph\u1ee9c h\u1ee3p c\u1ee7a este th\u01a1m v\u00e0 ch\u1ea5t ho\u1ea1t \u0111\u1ed9ng b\u1ec1 m\u1eb7t. N\u00f3 c\u00f3 kh\u1ea3 n\u0103ng chuy\u1ec3n m\u00e0u xu\u1ea5t s\u1eafc cho thu\u1ed1c nhu\u1ed9m ph\u00e2n t\u00e1n. \u1ede nhi\u1ec7t \u0111\u1ed9 cao, n\u00f3 c\u00f3 th\u1ec3 th\u00fac \u0111\u1ea9y thu\u1ed1c nhu\u1ed9m tr\u00ean v\u1ea3i chuy\u1ec3n t\u1eeb n\u1ed3ng \u0111\u1ed9 cao sang n\u1ed3ng \u0111\u1ed9 th\u1ea5p, gi\u00fap s\u1ee3i v\u1ea3i \u0111\u01b0\u1ee3c nhu\u1ed9m \u0111\u1ec1u, t\u1eeb \u0111\u00f3 \u0111\u1ea1t \u0111\u01b0\u1ee3c m\u1ee5c \u0111\u00edch s\u1eeda ch\u1eefa c\u00e1c khuy\u1ebft \u0111i\u1ec3m nhu\u1ed9m v\u00e0 v\u1ebft m\u00e0u.S\u1ea3n ph\u1ea9m ph\u00f9 h\u1ee3p cho v\u1ea3i polyester \u0111\u01b0\u1ee3c nhu\u1ed9m b\u1eb1ng thu\u1ed1c nhu\u1ed9m ph\u00e2n t\u00e1n. Tu\u00e2n th\u1ee7 ti\u00eau chu\u1ea9n Oeko-Tex Standard 100. H\u00e3y li\u00ean h\u1ec7 v\u1edbi ch\u00fang t\u00f4i \u0111\u1ec3 nh\u1eadn m\u1eabu mi\u1ec5n ph\u00ed ho\u1eb7c t\u01b0 v\u1ea5n chuy\u00ean m\u00f4n v\u1ec1 c\u00f4ng th\u1ee9c!<\/p>\n<p><strong>S\u1ed1 model 22130<\/strong><\/p>\n<p>&nbsp;<\/p>","protected":false},"featured_media":2513,"comment_status":"closed","ping_status":"closed","template":"","meta":{"_acf_changed":false},"material":[27],"process":[20,39],"product_brand":[],"product_cat":[15],"product_tag":[48],"class_list":{"0":"post-2512","1":"product","2":"type-product","3":"status-publish","4":"has-post-thumbnail","6":"material-polyester-chemicals","7":"process-dyeing-auxiliaries","8":"process-dye-carrier","9":"product_cat-uncategorized","10":"product_tag-new-textile-chemicals","12":"first","13":"instock","14":"shipping-taxable","15":"product-type-simple"},"acf":[],"_links":{"self":[{"href":"https:\/\/www.bluelakechem.com\/vi\/wp-json\/wp\/v2\/product\/2512","targetHints":{"allow":["GET"]}}],"collection":[{"href":"https:\/\/www.bluelakechem.com\/vi\/wp-json\/wp\/v2\/product"}],"about":[{"href":"https:\/\/www.bluelakechem.com\/vi\/wp-json\/wp\/v2\/types\/product"}],"replies":[{"embeddable":true,"href":"https:\/\/www.bluelakechem.com\/vi\/wp-json\/wp\/v2\/comments?post=2512"}],"wp:featuredmedia":[{"embeddable":true,"href":"https:\/\/www.bluelakechem.com\/vi\/wp-json\/wp\/v2\/media\/2513"}],"wp:attachment":[{"href":"https:\/\/www.bluelakechem.com\/vi\/wp-json\/wp\/v2\/media?parent=2512"}],"wp:term":[{"taxonomy":"material","embeddable":true,"href":"https:\/\/www.bluelakechem.com\/vi\/wp-json\/wp\/v2\/material?post=2512"},{"taxonomy":"process","embeddable":true,"href":"https:\/\/www.bluelakechem.com\/vi\/wp-json\/wp\/v2\/process?post=2512"},{"taxonomy":"product_brand","embeddable":true,"href":"https:\/\/www.bluelakechem.com\/vi\/wp-json\/wp\/v2\/product_brand?post=2512"},{"taxonomy":"product_cat","embeddable":true,"href":"https:\/\/www.bluelakechem.com\/vi\/wp-json\/wp\/v2\/product_cat?post=2512"},{"taxonomy":"product_tag","embeddable":true,"href":"https:\/\/www.bluelakechem.com\/vi\/wp-json\/wp\/v2\/product_tag?post=2512"}],"curies":[{"name":"wp","href":"https:\/\/api.w.org\/{rel}","templated":true}]}}