{"id":2514,"date":"2025-07-02T09:59:09","date_gmt":"2025-07-02T09:59:09","guid":{"rendered":"https:\/\/www.bluelakechem.com\/?post_type=product&#038;p=2514"},"modified":"2025-07-02T09:59:10","modified_gmt":"2025-07-02T09:59:10","slug":"coolcore-fabric-finishing-agent","status":"publish","type":"product","link":"https:\/\/www.bluelakechem.com\/vi\/product\/coolcore-fabric-finishing-agent\/","title":{"rendered":"Ch\u1ea5t ho\u00e0n thi\u1ec7n v\u1ea3i Coolcore, Hi\u1ec7u su\u1ea5t l\u00e0m m\u00e1t l\u00e2u d\u00e0i"},"content":{"rendered":"<div class=\"wp-block-columns is-layout-flex wp-container-core-columns-is-layout-9d6595d7 wp-block-columns-is-layout-flex\">\n<div class=\"wp-block-column is-layout-flow wp-block-column-is-layout-flow\">\n<h2 class=\"wp-block-heading\">Coolcore Fabric Finishing Agent Features:<\/h2>\n\n\n\n<p>Hi\u1ec7u \u1ee9ng coolcore m\u1ea1nh m\u1ebd tuy\u1ec7t v\u1eddi.<\/p>\n\n\n\n<p>Imparts fabrics a soft handle and good water-absorbing capacity.<\/p>\n\n\n\n<p>\u0110\u1ed9 ng\u1ea3 v\u00e0ng c\u1ef1c th\u1ea5p. \u0110\u1ed9 \u0111\u1ed5i m\u00e0u c\u1ef1c th\u1ea5p.<\/p>\n\n\n\n<p>Good compatibility with other auxiliaries. Can be used together with silicone oil in the same bath.<\/p>\n\n\n\n<p>Suitable for the padding process in the setting machine.<\/p>\n\n\n\n<h2 class=\"wp-block-heading\">Coolcore Fabric Finishing Agent Properties:<\/h2>\n\n\n\n<figure class=\"wp-block-table\"><table class=\"has-fixed-layout\"><tbody><tr><td>V\u1ebb b\u1ec1 ngo\u00e0i:<\/td><td>Ch\u1ea5t l\u1ecfng trong su\u1ed1t kh\u00f4ng m\u00e0u \u0111\u1ebfn v\u00e0ng<\/td><\/tr><tr><td>T\u00ednh ion:<\/td><td>Kh\u00f4ng ion<\/td><\/tr><tr><td>Gi\u00e1 tr\u1ecb pH:<\/td><td>&#8212;&#8212;&#8211;<\/td><\/tr><tr><td>\u0110\u1ed9 h\u00f2a tan:<\/td><td>H\u00f2a tan trong n\u01b0\u1edbc<\/td><\/tr><\/tbody><\/table><\/figure>\n<\/div>\n\n\n\n<div class=\"wp-block-column is-layout-flow wp-block-column-is-layout-flow\">\n<figure class=\"wp-block-embed is-type-video is-provider-youtube wp-block-embed-youtube wp-embed-aspect-16-9 wp-has-aspect-ratio\"><div class=\"wp-block-embed__wrapper\">\n<iframe title=\"\u0110\u1ed1i v\u1edbi ga gi\u01b0\u1eddng, v\u1ecf ch\u0103n v\u00e0 qu\u1ea7n \u00e1o ch\u1ed1ng n\u1eafng, l\u00e0m th\u1ebf n\u00e0o \u0111\u1ec3 \u0111\u1ea1t \u0111\u01b0\u1ee3c c\u1ea3m gi\u00e1c m\u00e1t m\u1ebb v\u00e0 tho\u1ea3i m\u00e1i khi ch\u1ea1m v\u00e0o?\" width=\"500\" height=\"281\" src=\"https:\/\/www.youtube.com\/embed\/tNxIBqCohkI?feature=oembed\" frameborder=\"0\" allow=\"accelerometer; autoplay; clipboard-write; encrypted-media; gyroscope; picture-in-picture; web-share\" referrerpolicy=\"strict-origin-when-cross-origin\" allowfullscreen><\/iframe>\n<\/div><\/figure>\n\n\n\n<h2 class=\"wp-block-heading\">Coolcore Fabric Finishing Agent Instruction:<\/h2>\n\n\n\n<p>1.For the padding process, reference dosage: 30~60 g\/L<\/p>\n\n\n\n<p>Nh\u00fang v\u00e0 \u0111\u1ec7m \u2192 S\u1ea5y \u2192 C\u1ed1 \u0111\u1ecbnh (140~160\u2103)<\/p>\n\n\n\n<p>2. \u0110\u1ed1i v\u1edbi qu\u00e1 tr\u00ecnh nh\u00fang, li\u1ec1u l\u01b0\u1ee3ng tham kh\u1ea3o: 3.0~6.0% (owf)<\/p>\n\n\n\n<p>T\u1ef7 l\u1ec7 t\u1eafm: 1:5~15<\/p>\n\n\n\n<p>25~40\u2103 \u00d7 20~30 ph\u00fat \u2192 T\u00e1ch n\u01b0\u1edbc \u2192 S\u1ea5y kh\u00f4 \u2192 \u0110\u00f4ng c\u1ee9ng<\/p>\n\n\n\n<p>Ghi ch\u00fa:<\/p>\n\n\n\n<p>Coolcore effect is related to the dosage of Coolcore Finishing Agent YK-700B. Please determine the appropriate dosage according to the actual\u00a0requirements of\u00a0the coolcore effect.<\/p>\n<\/div>\n<\/div>\n\n\n\n<p><\/p>","protected":false},"excerpt":{"rendered":"<p>Coolcore Fabric Finishing Agent YK-700B is made from various kinds of natural coolcore essences. It can be applied in the coolcore finishing process for various kinds of fabrics of cotton, Rayon, polyester, nylon, and their blends, which can impart fabrics an excellent touch coolcore effect. Oeko-Tex Standard 100 compliant. Contact us for free samples or expert guidance on formulas!<\/p>\n<p><strong>Model No. YK-700B<\/strong><\/p>\n<p>&nbsp;<\/p>","protected":false},"featured_media":2519,"comment_status":"closed","ping_status":"closed","template":"","meta":{"_acf_changed":false},"material":[28],"process":[23,25],"product_brand":[],"product_cat":[15],"product_tag":[48],"class_list":{"0":"post-2514","1":"product","2":"type-product","3":"status-publish","4":"has-post-thumbnail","6":"material-nylon-agent","7":"process-textile-finishing-chemicals","8":"process-textile-finishing-agent","9":"product_cat-uncategorized","10":"product_tag-new-textile-chemicals","12":"first","13":"instock","14":"shipping-taxable","15":"product-type-simple"},"acf":[],"_links":{"self":[{"href":"https:\/\/www.bluelakechem.com\/vi\/wp-json\/wp\/v2\/product\/2514","targetHints":{"allow":["GET"]}}],"collection":[{"href":"https:\/\/www.bluelakechem.com\/vi\/wp-json\/wp\/v2\/product"}],"about":[{"href":"https:\/\/www.bluelakechem.com\/vi\/wp-json\/wp\/v2\/types\/product"}],"replies":[{"embeddable":true,"href":"https:\/\/www.bluelakechem.com\/vi\/wp-json\/wp\/v2\/comments?post=2514"}],"wp:featuredmedia":[{"embeddable":true,"href":"https:\/\/www.bluelakechem.com\/vi\/wp-json\/wp\/v2\/media\/2519"}],"wp:attachment":[{"href":"https:\/\/www.bluelakechem.com\/vi\/wp-json\/wp\/v2\/media?parent=2514"}],"wp:term":[{"taxonomy":"material","embeddable":true,"href":"https:\/\/www.bluelakechem.com\/vi\/wp-json\/wp\/v2\/material?post=2514"},{"taxonomy":"process","embeddable":true,"href":"https:\/\/www.bluelakechem.com\/vi\/wp-json\/wp\/v2\/process?post=2514"},{"taxonomy":"product_brand","embeddable":true,"href":"https:\/\/www.bluelakechem.com\/vi\/wp-json\/wp\/v2\/product_brand?post=2514"},{"taxonomy":"product_cat","embeddable":true,"href":"https:\/\/www.bluelakechem.com\/vi\/wp-json\/wp\/v2\/product_cat?post=2514"},{"taxonomy":"product_tag","embeddable":true,"href":"https:\/\/www.bluelakechem.com\/vi\/wp-json\/wp\/v2\/product_tag?post=2514"}],"curies":[{"name":"wp","href":"https:\/\/api.w.org\/{rel}","templated":true}]}}