{"id":2697,"date":"2025-07-23T09:37:20","date_gmt":"2025-07-23T09:37:20","guid":{"rendered":"https:\/\/www.bluelakechem.com\/?post_type=product&#038;p=2697"},"modified":"2025-09-16T07:09:19","modified_gmt":"2025-09-16T07:09:19","slug":"high-concentration-degreasing-agent","status":"publish","type":"product","link":"https:\/\/www.bluelakechem.com\/vi\/product\/high-concentration-degreasing-agent\/","title":{"rendered":"Ch\u1ea5t t\u1ea9y r\u1eeda c\u00f3 n\u1ed3ng \u0111\u1ed9 cao cho v\u1ea3i cotton, ph\u1ee5 gia ti\u1ec1n x\u1eed l\u00fd ch\u1ecbu ki\u1ec1m"},"content":{"rendered":"<div class=\"wp-block-columns is-layout-flex wp-container-core-columns-is-layout-9d6595d7 wp-block-columns-is-layout-flex\">\n<div class=\"wp-block-column is-layout-flow wp-block-column-is-layout-flow\">\n<h2 class=\"wp-block-heading\">T\u00ednh n\u0103ng c\u1ee7a ch\u1ea5t t\u1ea9y r\u1eeda c\u00f3 n\u1ed3ng \u0111\u1ed9 cao:<\/h2>\n\n\n\n<p><strong>Ch\u1ed1ng ki\u1ec1m<\/strong>Hi\u1ec7u su\u1ea5t \u1ed5n \u0111\u1ecbnh trong \u0111i\u1ec1u ki\u1ec7n ki\u1ec1m m\u1ea1nh (x\u00fat \u0103n da l\u00ean \u0111\u1ebfn 100 g\/L), l\u00fd t\u01b0\u1edfng cho c\u00e1c quy tr\u00ecnh ti\u1ec1n x\u1eed l\u00fd b\u00f4ng.<\/p>\n\n\n\n<p><strong>Th\u00e2n thi\u1ec7n v\u1edbi m\u00f4i tr\u01b0\u1eddng: <\/strong>Kh\u00f4ng ch\u1ee9a APEO, \u00edt t\u1ea1o b\u1ecdt, tu\u00e2n th\u1ee7 c\u00e1c ti\u00eau chu\u1ea9n b\u1ea3o v\u1ec7 m\u00f4i tr\u01b0\u1eddng.<\/p>\n\n\n\n<p><strong>\u0110a ch\u1ee9c n\u0103ng<\/strong>: Bao g\u1ed3m c\u00e1c ch\u1ee9c n\u0103ng t\u1ea9y d\u1ea7u m\u1ee1, l\u00e0m s\u1ea1ch v\u00e0 th\u1ea5m s\u00e2u, v.v.<\/p>\n\n\n\n<p><strong>Hi\u1ec7u qu\u1ea3 l\u00e0m s\u1ea1ch cao:<\/strong> Hi\u1ec7u qu\u1ea3 tuy\u1ec7t v\u1eddi trong vi\u1ec7c t\u1ea9y d\u1ea7u m\u1ee1 v\u00e0 lo\u1ea1i b\u1ecf d\u1ea7u tr\u00ean v\u1ea3i cotton v\u00e0 v\u1ea3i cotton pha m\u00e0 kh\u00f4ng g\u00e2y h\u01b0 h\u1ea1i cho s\u1ee3i v\u1ea3i.<\/p>\n\n\n\n<p><strong>Ch\u1ee9c n\u0103ng ch\u1ed1ng \u1ed1 v\u00e0ng tuy\u1ec7t v\u1eddi: <\/strong>Ng\u0103n ch\u1eb7n s\u1ef1 t\u00e1i l\u1eafng \u0111\u1ecdng c\u1ee7a t\u1ea1p ch\u1ea5t trong qu\u00e1 tr\u00ecnh x\u1eed l\u00fd, \u0111\u1ea3m b\u1ea3o \u0111\u1ed9 s\u00e1ng v\u00e0 s\u1ea1ch s\u1ebd c\u1ee7a v\u1ea3i.<\/p>\n\n\n\n<h2 class=\"wp-block-heading\">T\u00ednh ch\u1ea5t c\u1ee7a ch\u1ea5t t\u1ea9y r\u1eeda c\u00f3 n\u1ed3ng \u0111\u1ed9 cao:<\/h2>\n\n\n\n<figure class=\"wp-block-table\"><table class=\"has-fixed-layout\"><tbody><tr><td>V\u1ebb b\u1ec1 ngo\u00e0i:<\/td><td>Ch\u1ea5t l\u1ecfng trong su\u1ed1t, kh\u00f4ng m\u00e0u \u0111\u1ebfn m\u00e0u v\u00e0ng nh\u1ea1t.<\/td><\/tr><tr><td>T\u00ednh ion:<\/td><td>Kh\u00f4ng ion<\/td><\/tr><tr><td>Gi\u00e1 tr\u1ecb pH:<\/td><td>6,5\u00b11,0 (dung d\u1ecbch n\u01b0\u1edbc 1%)<\/td><\/tr><tr><td>\u0110\u1ed9 h\u00f2a tan:<\/td><td>H\u00f2a tan trong n\u01b0\u1edbc<\/td><\/tr><\/tbody><\/table><\/figure>\n<\/div>\n\n\n\n<div class=\"wp-block-column is-layout-flow wp-block-column-is-layout-flow\">\n<h2 class=\"wp-block-heading\">H\u01b0\u1edbng d\u1eabn s\u1eed d\u1ee5ng ch\u1ea5t t\u1ea9y r\u1eeda c\u00f3 n\u1ed3ng \u0111\u1ed9 cao:<\/h2>\n\n\n\n<p>1. <strong>Ph\u01b0\u01a1ng ph\u00e1p theo l\u00f4<\/strong> (M\u00e1y nhu\u1ed9m tr\u00e0n nhi\u1ec7t \u0111\u1ed9 cao v\u00e0 qu\u00e1 tr\u00ecnh t\u1ea9y d\u1ea7u m\u1ee1 v\u00e0 l\u00e0m s\u1ea1ch trong b\u1ec3 nhu\u1ed9m):<\/p>\n\n\n\n<p><strong>B\u1ed3n t\u1eafm<\/strong>:<\/p>\n\n\n\n<p>Li\u1ec1u l\u01b0\u1ee3ng tham kh\u1ea3o c\u1ee7a 11017: 0,5~1,5 g\/L, li\u1ec1u l\u01b0\u1ee3ng tham kh\u1ea3o c\u1ee7a natri cacbonat: 0,5~1,5 g\/L<\/p>\n\n\n\n<p><strong>T\u1ef7 l\u1ec7 t\u1eafm<\/strong>: 1:6~1:10<\/p>\n\n\n\n<p><strong>Quy tr\u00ecnh tham chi\u1ebfu<\/strong>85\u00b0C \u00d7 30\u201350 ph\u00fat<\/p>\n\n\n\n<p>2. <strong>Ph\u01b0\u01a1ng ph\u00e1p li\u00ean t\u1ee5c<\/strong> (M\u00e1y t\u1ea9y d\u1ea7u m\u1ee1 v\u00e0 gi\u1eb7t m\u1edf r\u1ed9ng v\u00e0 quy tr\u00ecnh t\u1ea9y d\u1ea7u m\u1ee1 v\u00e0 l\u00e0m s\u1ea1ch m\u1edf r\u1ed9ng):<\/p>\n\n\n\n<p><strong>B\u1ed3n t\u1eafm<\/strong>:<\/p>\n\n\n\n<p>Li\u1ec1u l\u01b0\u1ee3ng tham kh\u1ea3o c\u1ee7a 11017: 2,0~5,0 g\/L, li\u1ec1u l\u01b0\u1ee3ng tham kh\u1ea3o c\u1ee7a ch\u1ea5t ph\u00e2n t\u00e1n v\u00e0 che ph\u1ee7: 1,0~2,0 g\/L, li\u1ec1u l\u01b0\u1ee3ng tham kh\u1ea3o c\u1ee7a natri cacbonat: 3,0~6,0 g\/L<\/p>\n\n\n\n<p><strong>Ghi ch\u00fa<\/strong>Vui l\u00f2ng \u0111i\u1ec1u ch\u1ec9nh ch\u1ee9c n\u0103ng c\u1ee7a t\u1eebng \u0111\u01a1n v\u1ecb v\u00e0 \u0111i\u1ec1u ch\u1ec9nh n\u1ed3ng \u0111\u1ed9 c\u1ee7a dung d\u1ecbch theo thi\u1ebft b\u1ecb.<\/p>\n<\/div>\n<\/div>\n\n\n\n<div class=\"wp-block-columns is-layout-flex wp-container-core-columns-is-layout-9d6595d7 wp-block-columns-is-layout-flex\">\n<div class=\"wp-block-column is-layout-flow wp-block-column-is-layout-flow\">\n<figure class=\"wp-block-image size-full\"><img decoding=\"async\" width=\"1363\" height=\"1701\" src=\"https:\/\/www.bluelakechem.com\/wp-content\/uploads\/2025\/07\/High-Concentration-Degreasing-Agent-11017-9.webp\" alt=\"Ch\u1ea5t t\u1ea9y r\u1eeda c\u00f3 n\u1ed3ng \u0111\u1ed9 cao 11017\" class=\"wp-image-3179\" srcset=\"https:\/\/www.bluelakechem.com\/wp-content\/uploads\/2025\/07\/High-Concentration-Degreasing-Agent-11017-9.webp 1363w, https:\/\/www.bluelakechem.com\/wp-content\/uploads\/2025\/07\/High-Concentration-Degreasing-Agent-11017-9-240x300.webp 240w, https:\/\/www.bluelakechem.com\/wp-content\/uploads\/2025\/07\/High-Concentration-Degreasing-Agent-11017-9-768x958.webp 768w, https:\/\/www.bluelakechem.com\/wp-content\/uploads\/2025\/07\/High-Concentration-Degreasing-Agent-11017-9-10x12.webp 10w, https:\/\/www.bluelakechem.com\/wp-content\/uploads\/2025\/07\/High-Concentration-Degreasing-Agent-11017-9-1200x1498.webp 1200w, https:\/\/www.bluelakechem.com\/wp-content\/uploads\/2025\/07\/High-Concentration-Degreasing-Agent-11017-9-600x749.webp 600w\" sizes=\"(max-width: 1363px) 100vw, 1363px\" \/><\/figure>\n<\/div>\n\n\n\n<div class=\"wp-block-column is-layout-flow wp-block-column-is-layout-flow\">\n<figure class=\"wp-block-image size-full\"><img decoding=\"async\" width=\"1363\" height=\"1701\" src=\"https:\/\/www.bluelakechem.com\/wp-content\/uploads\/2025\/07\/High-Concentration-Degreasing-Agent-11017-8.webp\" alt=\"Ch\u1ea5t t\u1ea9y r\u1eeda c\u00f3 n\u1ed3ng \u0111\u1ed9 cao 11017\" class=\"wp-image-3180\" srcset=\"https:\/\/www.bluelakechem.com\/wp-content\/uploads\/2025\/07\/High-Concentration-Degreasing-Agent-11017-8.webp 1363w, https:\/\/www.bluelakechem.com\/wp-content\/uploads\/2025\/07\/High-Concentration-Degreasing-Agent-11017-8-240x300.webp 240w, https:\/\/www.bluelakechem.com\/wp-content\/uploads\/2025\/07\/High-Concentration-Degreasing-Agent-11017-8-768x958.webp 768w, https:\/\/www.bluelakechem.com\/wp-content\/uploads\/2025\/07\/High-Concentration-Degreasing-Agent-11017-8-10x12.webp 10w, https:\/\/www.bluelakechem.com\/wp-content\/uploads\/2025\/07\/High-Concentration-Degreasing-Agent-11017-8-1200x1498.webp 1200w, https:\/\/www.bluelakechem.com\/wp-content\/uploads\/2025\/07\/High-Concentration-Degreasing-Agent-11017-8-600x749.webp 600w\" sizes=\"(max-width: 1363px) 100vw, 1363px\" \/><\/figure>\n<\/div>\n\n\n\n<div class=\"wp-block-column is-layout-flow wp-block-column-is-layout-flow\">\n<figure class=\"wp-block-image size-full\"><img decoding=\"async\" width=\"1363\" height=\"1701\" src=\"https:\/\/www.bluelakechem.com\/wp-content\/uploads\/2025\/07\/High-Concentration-Degreasing-Agent-11017-7.webp\" alt=\"Ch\u1ea5t t\u1ea9y r\u1eeda c\u00f3 n\u1ed3ng \u0111\u1ed9 cao 11017\" class=\"wp-image-3181\" srcset=\"https:\/\/www.bluelakechem.com\/wp-content\/uploads\/2025\/07\/High-Concentration-Degreasing-Agent-11017-7.webp 1363w, https:\/\/www.bluelakechem.com\/wp-content\/uploads\/2025\/07\/High-Concentration-Degreasing-Agent-11017-7-240x300.webp 240w, https:\/\/www.bluelakechem.com\/wp-content\/uploads\/2025\/07\/High-Concentration-Degreasing-Agent-11017-7-768x958.webp 768w, https:\/\/www.bluelakechem.com\/wp-content\/uploads\/2025\/07\/High-Concentration-Degreasing-Agent-11017-7-10x12.webp 10w, https:\/\/www.bluelakechem.com\/wp-content\/uploads\/2025\/07\/High-Concentration-Degreasing-Agent-11017-7-1200x1498.webp 1200w, https:\/\/www.bluelakechem.com\/wp-content\/uploads\/2025\/07\/High-Concentration-Degreasing-Agent-11017-7-600x749.webp 600w\" sizes=\"(max-width: 1363px) 100vw, 1363px\" \/><\/figure>\n<\/div>\n<\/div>\n\n\n\n<p><\/p>","protected":false},"excerpt":{"rendered":"<p>Ch\u1ea5t t\u1ea9y d\u1ea7u m\u1ee1 ch\u1ecbu ki\u1ec1m n\u1ed3ng \u0111\u1ed9 cao 11017 ch\u1ee7 y\u1ebfu \u0111\u01b0\u1ee3c c\u1ea5u th\u00e0nh t\u1eeb c\u00e1c lo\u1ea1i ch\u1ea5t ho\u1ea1t \u0111\u1ed9ng b\u1ec1 m\u1eb7t kh\u00e1c nhau. S\u1ea3n ph\u1ea9m ph\u00f9 h\u1ee3p cho c\u00e1c quy tr\u00ecnh t\u1ea9y keo, t\u1ea9y d\u1ea7u m\u1ee1, l\u00e0m s\u1ea1ch v\u00e0 t\u1ea9y tr\u1eafng v\u1ea3i cotton, polyester, nylon v\u00e0 c\u00e1c lo\u1ea1i v\u1ea3i pha tr\u1ed9n kh\u00e1c. Ch\u1ecbu \u0111\u01b0\u1ee3c ki\u1ec1m m\u1ea1nh (x\u00fat l\u00ean \u0111\u1ebfn 100 g\/L) v\u00e0 tu\u00e2n th\u1ee7 ti\u00eau chu\u1ea9n Oeko-Tex Standard 100. Li\u00ean h\u1ec7 v\u1edbi ch\u00fang t\u00f4i \u0111\u1ec3 nh\u1eadn m\u1eabu mi\u1ec5n ph\u00ed ho\u1eb7c t\u01b0 v\u1ea5n chuy\u00ean m\u00f4n v\u1ec1 c\u00f4ng th\u1ee9c!<\/p>\n<p><strong>S\u1ed1 model 11017<\/strong><\/p>","protected":false},"featured_media":2702,"comment_status":"closed","ping_status":"closed","template":"","meta":{"_acf_changed":false},"material":[26,27,28],"process":[17,35],"product_brand":[],"product_cat":[15],"product_tag":[48],"class_list":{"0":"post-2697","1":"product","2":"type-product","3":"status-publish","4":"has-post-thumbnail","6":"material-cotton-agent","7":"material-polyester-chemicals","8":"material-nylon-agent","9":"process-pretreatment-auxiliaries","10":"process-degreasing-agent","11":"product_cat-uncategorized","12":"product_tag-new-textile-chemicals","14":"first","15":"instock","16":"shipping-taxable","17":"product-type-simple"},"acf":[],"_links":{"self":[{"href":"https:\/\/www.bluelakechem.com\/vi\/wp-json\/wp\/v2\/product\/2697","targetHints":{"allow":["GET"]}}],"collection":[{"href":"https:\/\/www.bluelakechem.com\/vi\/wp-json\/wp\/v2\/product"}],"about":[{"href":"https:\/\/www.bluelakechem.com\/vi\/wp-json\/wp\/v2\/types\/product"}],"replies":[{"embeddable":true,"href":"https:\/\/www.bluelakechem.com\/vi\/wp-json\/wp\/v2\/comments?post=2697"}],"wp:featuredmedia":[{"embeddable":true,"href":"https:\/\/www.bluelakechem.com\/vi\/wp-json\/wp\/v2\/media\/2702"}],"wp:attachment":[{"href":"https:\/\/www.bluelakechem.com\/vi\/wp-json\/wp\/v2\/media?parent=2697"}],"wp:term":[{"taxonomy":"material","embeddable":true,"href":"https:\/\/www.bluelakechem.com\/vi\/wp-json\/wp\/v2\/material?post=2697"},{"taxonomy":"process","embeddable":true,"href":"https:\/\/www.bluelakechem.com\/vi\/wp-json\/wp\/v2\/process?post=2697"},{"taxonomy":"product_brand","embeddable":true,"href":"https:\/\/www.bluelakechem.com\/vi\/wp-json\/wp\/v2\/product_brand?post=2697"},{"taxonomy":"product_cat","embeddable":true,"href":"https:\/\/www.bluelakechem.com\/vi\/wp-json\/wp\/v2\/product_cat?post=2697"},{"taxonomy":"product_tag","embeddable":true,"href":"https:\/\/www.bluelakechem.com\/vi\/wp-json\/wp\/v2\/product_tag?post=2697"}],"curies":[{"name":"wp","href":"https:\/\/api.w.org\/{rel}","templated":true}]}}