{"id":2710,"date":"2025-07-23T09:54:38","date_gmt":"2025-07-23T09:54:38","guid":{"rendered":"https:\/\/www.bluelakechem.com\/?post_type=product&#038;p=2710"},"modified":"2025-07-23T09:56:13","modified_gmt":"2025-07-23T09:56:13","slug":"bio-polishing-enzyme","status":"publish","type":"product","link":"https:\/\/www.bluelakechem.com\/vi\/product\/bio-polishing-enzyme\/","title":{"rendered":"Enzyme l\u00e0m s\u1ea1ch sinh h\u1ecdc trung t\u00ednh cho v\u1ea3i cellulose, quy tr\u00ecnh kh\u1eed oxy v\u00e0 nhu\u1ed9m trong m\u1ed9t l\u1ea7n ng\u00e2m."},"content":{"rendered":"<div class=\"wp-block-columns is-layout-flex wp-container-core-columns-is-layout-9d6595d7 wp-block-columns-is-layout-flex\">\n<div class=\"wp-block-column is-layout-flow wp-block-column-is-layout-flow\">\n<h2 class=\"wp-block-heading\">T\u00ednh n\u0103ng c\u1ee7a enzyme l\u00e0m b\u00f3ng sinh h\u1ecdc:<\/h2>\n\n\n\n<p>Ch\u1ed1ng ki\u1ec1m v\u00e0 linh ho\u1ea1t. \u1ed4n \u0111\u1ecbnh trong \u0111i\u1ec1u ki\u1ec7n ki\u1ec1m (pH 6\u20139); l\u00fd t\u01b0\u1edfng cho qu\u00e1 tr\u00ecnh s\u1ea3n xu\u1ea5t li\u00ean t\u1ee5c v\u00e0 theo m\u1ebb.<\/p>\n\n\n\n<p>H\u01b0 h\u1ecfng s\u1ee3i t\u1ed1i thi\u1ec3u. Qu\u00e1 tr\u00ecnh \u0111\u00e1nh b\u00f3ng m\u1ecbn m\u00e0ng v\u1edbi t\u00e1c \u0111\u1ed9ng r\u1ea5t nh\u1ecf \u0111\u1ebfn \u0111\u1ed9 b\u1ec1n c\u1ee7a v\u1ea3i, \u0111\u1ea3m b\u1ea3o t\u00ednh to\u00e0n v\u1eb9n v\u00e0 \u0111\u1ed9 m\u1ec1m m\u1ea1i c\u1ee7a v\u1ea3i.<\/p>\n\n\n\n<p>Hi\u1ec7u su\u1ea5t 3 trong 1. Th\u1ef1c hi\u1ec7n c\u00e1c c\u00f4ng \u0111o\u1ea1n kh\u1eed oxy, l\u00e0m b\u00f3ng v\u00e0 nhu\u1ed9m trong c\u00f9ng m\u1ed9t b\u1ec3, gi\u00fap \u0111\u01a1n gi\u1ea3n h\u00f3a quy tr\u00ecnh l\u00e0m vi\u1ec7c v\u00e0 gi\u1ea3m th\u1eddi gian x\u1eed l\u00fd.<\/p>\n\n\n\n<p>Ti\u1ebft ki\u1ec7m chi ph\u00ed v\u00e0 t\u00e0i nguy\u00ean. Gi\u1ea3m l\u01b0\u1ee3ng n\u01b0\u1edbc, n\u0103ng l\u01b0\u1ee3ng v\u00e0 th\u1eddi gian x\u1eed l\u00fd, gi\u00fap gi\u1ea3m t\u1ed5ng chi ph\u00ed s\u1ea3n xu\u1ea5t t\u1eeb 20\u201330%.<\/p>\n\n\n\n<h2 class=\"wp-block-heading\">T\u00ednh ch\u1ea5t c\u1ee7a enzyme l\u00e0m b\u00f3ng sinh h\u1ecdc:<\/h2>\n\n\n\n<figure class=\"wp-block-table\"><table class=\"has-fixed-layout\"><tbody><tr><td>V\u1ebb b\u1ec1 ngo\u00e0i:<\/td><td>Ch\u1ea5t l\u1ecfng m\u00e0u n\u00e2u trong su\u1ed1t<\/td><\/tr><tr><td>T\u00ednh ion:<\/td><td>Kh\u00f4ng ion<\/td><\/tr><tr><td>Gi\u00e1 tr\u1ecb pH:<\/td><td>6,0 \u00b1 1,0 (dung d\u1ecbch n\u01b0\u1edbc 1%)<\/td><\/tr><tr><td>\u0110\u1ed9 h\u00f2a tan:<\/td><td>H\u00f2a tan trong n\u01b0\u1edbc<\/td><\/tr><\/tbody><\/table><\/figure>\n<\/div>\n<\/div>\n\n\n\n<h2 class=\"wp-block-heading\">H\u01b0\u1edbng d\u1eabn s\u1eed d\u1ee5ng enzyme l\u00e0m s\u1ea1ch sinh h\u1ecdc:<\/h2>\n\n\n\n<p>Li\u1ec1u l\u01b0\u1ee3ng tham kh\u1ea3o: 0,3~0,4% (tr\u1ecdng l\u01b0\u1ee3ng kh\u00f4)<\/p>\n\n\n<div class=\"wp-block-image\">\n<figure class=\"aligncenter size-full\"><img decoding=\"async\" width=\"900\" height=\"200\" src=\"https:\/\/www.bluelakechem.com\/wp-content\/uploads\/2025\/07\/Neutral-Polishing-Enzyme-13178-45.webp\" alt=\"Enzyme \u0111\u00e1nh b\u00f3ng trung t\u00ednh\" class=\"wp-image-2711\" srcset=\"https:\/\/www.bluelakechem.com\/wp-content\/uploads\/2025\/07\/Neutral-Polishing-Enzyme-13178-45.webp 900w, https:\/\/www.bluelakechem.com\/wp-content\/uploads\/2025\/07\/Neutral-Polishing-Enzyme-13178-45-300x67.webp 300w, https:\/\/www.bluelakechem.com\/wp-content\/uploads\/2025\/07\/Neutral-Polishing-Enzyme-13178-45-768x171.webp 768w, https:\/\/www.bluelakechem.com\/wp-content\/uploads\/2025\/07\/Neutral-Polishing-Enzyme-13178-45-18x4.webp 18w, https:\/\/www.bluelakechem.com\/wp-content\/uploads\/2025\/07\/Neutral-Polishing-Enzyme-13178-45-600x133.webp 600w\" sizes=\"(max-width: 900px) 100vw, 900px\" \/><\/figure>\n<\/div>","protected":false},"excerpt":{"rendered":"<p>Enzyme l\u00e0m b\u00f3ng sinh h\u1ecdc trung t\u00ednh 13178-45 ch\u1ee7 y\u1ebfu \u0111\u01b0\u1ee3c c\u1ea5u th\u00e0nh t\u1eeb ph\u1ee9c h\u1ee3p zymoprotein. Trong \u0111i\u1ec1u ki\u1ec7n g\u1ea7n trung t\u00ednh, n\u00f3 c\u00f3 t\u00e1c d\u1ee5ng l\u00e0m b\u00f3ng xu\u1ea5t s\u1eafc tr\u00ean c\u00e1c lo\u1ea1i v\u1ea3i s\u1ee3i cellulose. N\u00f3 c\u00f3 th\u1ec3 \u0111\u01b0\u1ee3c th\u00eam v\u00e0o tr\u01b0\u1edbc qu\u00e1 tr\u00ecnh c\u1ed1 \u0111\u1ecbnh, gi\u00fap \u0111\u1ea1t \u0111\u01b0\u1ee3c c\u00e1c b\u01b0\u1edbc kh\u1eed oxy h\u00f3a, l\u00e0m b\u00f3ng v\u00e0 nhu\u1ed9m trong m\u1ed9t l\u1ea7n ng\u00e2m, \u0111\u1ed3ng th\u1eddi gi\u1ea3m chi ph\u00ed s\u1ea3n xu\u1ea5t. Tu\u00e2n th\u1ee7 Ti\u00eau chu\u1ea9n Oeko-Tex 100. Li\u00ean h\u1ec7 v\u1edbi ch\u00fang t\u00f4i \u0111\u1ec3 nh\u1eadn m\u1eabu mi\u1ec5n ph\u00ed ho\u1eb7c t\u01b0 v\u1ea5n chuy\u00ean m\u00f4n v\u1ec1 c\u00f4ng th\u1ee9c!<\/p>\n<p><strong>S\u1ed1 model 13178-45<\/strong><\/p>\n<p>&nbsp;<\/p>","protected":false},"featured_media":2712,"comment_status":"closed","ping_status":"closed","template":"","meta":{"_acf_changed":false},"material":[26],"process":[17,37],"product_brand":[],"product_cat":[15],"product_tag":[48],"class_list":{"0":"post-2710","1":"product","2":"type-product","3":"status-publish","4":"has-post-thumbnail","6":"material-cotton-agent","7":"process-pretreatment-auxiliaries","8":"process-bio-polishing-enzyme","9":"product_cat-uncategorized","10":"product_tag-new-textile-chemicals","12":"first","13":"instock","14":"shipping-taxable","15":"product-type-simple"},"acf":[],"_links":{"self":[{"href":"https:\/\/www.bluelakechem.com\/vi\/wp-json\/wp\/v2\/product\/2710","targetHints":{"allow":["GET"]}}],"collection":[{"href":"https:\/\/www.bluelakechem.com\/vi\/wp-json\/wp\/v2\/product"}],"about":[{"href":"https:\/\/www.bluelakechem.com\/vi\/wp-json\/wp\/v2\/types\/product"}],"replies":[{"embeddable":true,"href":"https:\/\/www.bluelakechem.com\/vi\/wp-json\/wp\/v2\/comments?post=2710"}],"wp:featuredmedia":[{"embeddable":true,"href":"https:\/\/www.bluelakechem.com\/vi\/wp-json\/wp\/v2\/media\/2712"}],"wp:attachment":[{"href":"https:\/\/www.bluelakechem.com\/vi\/wp-json\/wp\/v2\/media?parent=2710"}],"wp:term":[{"taxonomy":"material","embeddable":true,"href":"https:\/\/www.bluelakechem.com\/vi\/wp-json\/wp\/v2\/material?post=2710"},{"taxonomy":"process","embeddable":true,"href":"https:\/\/www.bluelakechem.com\/vi\/wp-json\/wp\/v2\/process?post=2710"},{"taxonomy":"product_brand","embeddable":true,"href":"https:\/\/www.bluelakechem.com\/vi\/wp-json\/wp\/v2\/product_brand?post=2710"},{"taxonomy":"product_cat","embeddable":true,"href":"https:\/\/www.bluelakechem.com\/vi\/wp-json\/wp\/v2\/product_cat?post=2710"},{"taxonomy":"product_tag","embeddable":true,"href":"https:\/\/www.bluelakechem.com\/vi\/wp-json\/wp\/v2\/product_tag?post=2710"}],"curies":[{"name":"wp","href":"https:\/\/api.w.org\/{rel}","templated":true}]}}