{"id":2782,"date":"2025-08-07T09:33:16","date_gmt":"2025-08-07T09:33:16","guid":{"rendered":"https:\/\/www.bluelakechem.com\/?post_type=product&#038;p=2782"},"modified":"2025-08-07T09:34:01","modified_gmt":"2025-08-07T09:34:01","slug":"anti-wrinkle-powder","status":"publish","type":"product","link":"https:\/\/www.bluelakechem.com\/vi\/product\/anti-wrinkle-powder\/","title":{"rendered":"B\u1ed9t ch\u1ed1ng nh\u0103n cho qu\u00e1 tr\u00ecnh x\u1eed l\u00fd \u01b0\u1edbt v\u1ea3i, ng\u0103n ng\u1eeba n\u1ebfp nh\u0103n v\u00e0 tr\u1ea7y x\u01b0\u1edbc v\u1ea3i."},"content":{"rendered":"<div class=\"wp-block-columns is-layout-flex wp-container-core-columns-is-layout-9d6595d7 wp-block-columns-is-layout-flex\">\n<div class=\"wp-block-column is-layout-flow wp-block-column-is-layout-flow\">\n<h2 class=\"wp-block-heading\">Anti Wrinkle Powder Features:<\/h2>\n\n\n\n<p>Reduces creases caused by fabric knotting in rope processing.<\/p>\n\n\n\n<p>Reduces dyeing defects caused by thick and compact knitted fabrics folding and tangling in the bath.<\/p>\n\n\n\n<p>Kh\u00f4ng \u1ea3nh h\u01b0\u1edfng \u0111\u1ebfn qu\u00e1 tr\u00ecnh x\u1eed l\u00fd v\u1ea3i.<\/p>\n\n\n\n<p>Can be used directly in the dyeing bath.<\/p>\n\n\n\n<h2 class=\"wp-block-heading\">Anti Wrinkle Powder Properties:<\/h2>\n\n\n\n<figure class=\"wp-block-table\"><table class=\"has-fixed-layout\"><tbody><tr><td>H\u00ecnh th\u1ee9c<\/td><td>B\u1ed9t tr\u1eafng<\/td><\/tr><tr><td>\u0110\u1ed9 ion<\/td><td>Kh\u00f4ng ion<\/td><\/tr><tr><td>pH value<\/td><td>6,0 \u00b1 1,0 (dung d\u1ecbch n\u01b0\u1edbc 1%)<\/td><\/tr><tr><td>\u0110\u1ed9 tan<\/td><td>H\u00f2a tan trong n\u01b0\u1edbc<\/td><\/tr><\/tbody><\/table><\/figure>\n<\/div>\n\n\n\n<div class=\"wp-block-column is-layout-flow wp-block-column-is-layout-flow\">\n<h2 class=\"wp-block-heading\">Anti Wrinkle Powder Instruction:<\/h2>\n\n\n\n<ol class=\"wp-block-list\">\n<li>It is a high-concentration product. Kindly suggest diluting it to 1:100 with\u00a0soft water and then use.<\/li>\n\n\n\n<li><strong>Reference dosage of diluted 24169:<\/strong> 1~3% (o.w.f) Process: Add diluted 24169 to the bath and run for 5~10 minutes \u2192<br>Normal process<\/li>\n\n\n\n<li><strong>Ghi ch\u00fa:<\/strong>\n<ul class=\"wp-block-list\">\n<li>Please make sure that it is totally dissolved in the auxiliary&nbsp;bath first. And then add it to the finishing processing bath.<\/li>\n\n\n\n<li>Please keep it dry. It is easy to form clumps if it touches water, resulting in an inability to melt.<\/li>\n\n\n\n<li>It should be added slowly instead of pouring it into the bath directly; otherwise, it is easy to form clumps, resulting in an inability to melt.<\/li>\n<\/ul>\n<\/li>\n<\/ol>\n<\/div>\n<\/div>","protected":false},"excerpt":{"rendered":"<p>B\u1ed9t ch\u1ed1ng nh\u0103n 24169 ch\u1ee7 y\u1ebfu \u0111\u01b0\u1ee3c c\u1ea5u t\u1ea1o t\u1eeb h\u1ee3p ch\u1ea5t ph\u00e2n t\u1eed cao. S\u1ea3n ph\u1ea9m c\u00f3 \u0111\u1ed9 tr\u01a1n t\u1ed1t trong n\u01b0\u1edbc, gi\u00fap gi\u1ea3m tr\u1ea7y x\u01b0\u1edbc gi\u1eefa c\u00e1c lo\u1ea1i v\u1ea3i v\u00e0 thi\u1ebft b\u1ecb, ng\u0103n ng\u1eeba nh\u0103n ho\u1eb7c tr\u1ea7y x\u01b0\u1edbc trong qu\u00e1 tr\u00ecnh x\u1eed l\u00fd \u01b0\u1edbt c\u00e1c lo\u1ea1i v\u1ea3i kh\u00e1c nhau. Tu\u00e2n th\u1ee7 ti\u00eau chu\u1ea9n Oeko-Tex Standard 100. H\u00e3y li\u00ean h\u1ec7 v\u1edbi ch\u00fang t\u00f4i \u0111\u1ec3 nh\u1eadn m\u1eabu mi\u1ec5n ph\u00ed ho\u1eb7c t\u01b0 v\u1ea5n chuy\u00ean m\u00f4n v\u1ec1 c\u00f4ng th\u1ee9c!<\/p>\n<p><strong>S\u1ed1 model 24169<\/strong><\/p>\n<p>&nbsp;<\/p>","protected":false},"featured_media":2783,"comment_status":"closed","ping_status":"closed","template":"","meta":{"_acf_changed":false},"material":[26,27,28,29,30,31,32,33,49,34],"process":[20,22],"product_brand":[],"product_cat":[15],"product_tag":[48],"class_list":{"0":"post-2782","1":"product","2":"type-product","3":"status-publish","4":"has-post-thumbnail","6":"material-cotton-agent","7":"material-polyester-chemicals","8":"material-nylon-agent","9":"material-acrylic-chemicals","10":"material-viscose-chemicals","11":"material-wool-auxiliary","12":"material-linen-chemicals","13":"material-silk-chemicals","14":"material-elastic","15":"material-fabric-chemicals","16":"process-dyeing-auxiliaries","17":"process-anti-creasing-agent","18":"product_cat-uncategorized","19":"product_tag-new-textile-chemicals","21":"first","22":"instock","23":"shipping-taxable","24":"product-type-simple"},"acf":[],"_links":{"self":[{"href":"https:\/\/www.bluelakechem.com\/vi\/wp-json\/wp\/v2\/product\/2782","targetHints":{"allow":["GET"]}}],"collection":[{"href":"https:\/\/www.bluelakechem.com\/vi\/wp-json\/wp\/v2\/product"}],"about":[{"href":"https:\/\/www.bluelakechem.com\/vi\/wp-json\/wp\/v2\/types\/product"}],"replies":[{"embeddable":true,"href":"https:\/\/www.bluelakechem.com\/vi\/wp-json\/wp\/v2\/comments?post=2782"}],"wp:featuredmedia":[{"embeddable":true,"href":"https:\/\/www.bluelakechem.com\/vi\/wp-json\/wp\/v2\/media\/2783"}],"wp:attachment":[{"href":"https:\/\/www.bluelakechem.com\/vi\/wp-json\/wp\/v2\/media?parent=2782"}],"wp:term":[{"taxonomy":"material","embeddable":true,"href":"https:\/\/www.bluelakechem.com\/vi\/wp-json\/wp\/v2\/material?post=2782"},{"taxonomy":"process","embeddable":true,"href":"https:\/\/www.bluelakechem.com\/vi\/wp-json\/wp\/v2\/process?post=2782"},{"taxonomy":"product_brand","embeddable":true,"href":"https:\/\/www.bluelakechem.com\/vi\/wp-json\/wp\/v2\/product_brand?post=2782"},{"taxonomy":"product_cat","embeddable":true,"href":"https:\/\/www.bluelakechem.com\/vi\/wp-json\/wp\/v2\/product_cat?post=2782"},{"taxonomy":"product_tag","embeddable":true,"href":"https:\/\/www.bluelakechem.com\/vi\/wp-json\/wp\/v2\/product_tag?post=2782"}],"curies":[{"name":"wp","href":"https:\/\/api.w.org\/{rel}","templated":true}]}}