{"id":2799,"date":"2025-08-08T02:04:34","date_gmt":"2025-08-08T02:04:34","guid":{"rendered":"https:\/\/www.bluelakechem.com\/?post_type=product&#038;p=2799"},"modified":"2025-08-08T02:12:10","modified_gmt":"2025-08-08T02:12:10","slug":"hydrophilic-silicone-finishing-agent","status":"publish","type":"product","link":"https:\/\/www.bluelakechem.com\/vi\/product\/hydrophilic-silicone-finishing-agent\/","title":{"rendered":"Ch\u1ea5t ho\u00e0n thi\u1ec7n silicone th\u00e2n n\u01b0\u1edbc c\u00f3 \u0111\u1ed9 \u1ed5n \u0111\u1ecbnh cao"},"content":{"rendered":"<div class=\"wp-block-columns is-layout-flex wp-container-core-columns-is-layout-9d6595d7 wp-block-columns-is-layout-flex\">\n<div class=\"wp-block-column is-layout-flow wp-block-column-is-layout-flow\">\n<h2 class=\"wp-block-heading\">Hydrophilic Silicone Finishing Agent Features<\/h2>\n\n\n\n<ul class=\"wp-block-list\">\n<li>Contains no APEO or prohibited chemical substances. Consistent with the European Union standard of Otex-100.<\/li>\n\n\n\n<li>Instant hydrophilicity.<\/li>\n\n\n\n<li>Imparts fabrics a soft, smooth, and natural handle.<\/li>\n\n\n\n<li>Excellent anti-static performance. Good anti-staining and dust-proof performance.<\/li>\n\n\n\n<li>Improves anti-pilling performance.<\/li>\n\n\n\n<li>Imparts fabrics good dimensional stability&nbsp;and good elasticity.<\/li>\n\n\n\n<li>Has a good affinity for various kinds of textiles.<\/li>\n\n\n\n<li>Stable in high temperatures, alkali, electrolytes,&nbsp;and anions. High shear resistance. It can be used together with resin in the same bath.<\/li>\n\n\n\n<li>Suitable for padding and the exhaust process.<\/li>\n\n\n\n<li>T\u01b0\u01a1ng th\u00edch t\u1ed1t.<\/li>\n\n\n\n<li>A very small dosage can achieve excellent effects.<\/li>\n<\/ul>\n\n\n\n<h2 class=\"wp-block-heading\">Hydrophilic Silicone Finishing Agent Properties<\/h2>\n\n\n\n<figure class=\"wp-block-table\"><table class=\"has-fixed-layout\"><tbody><tr><td>H\u00ecnh th\u1ee9c<\/td><td>Ch\u1ea5t l\u1ecfng trong su\u1ed1t<\/td><\/tr><tr><td>\u0110\u1ed9 ion<\/td><td>Kh\u00f4ng ion<\/td><\/tr><tr><td>pH value<\/td><td>6.0~7.0 (dung d\u1ecbch n\u01b0\u1edbc 1%)<\/td><\/tr><tr><td>\u0110\u1ed9 tan<\/td><td>H\u00f2a tan trong n\u01b0\u1edbc<\/td><\/tr><\/tbody><\/table><\/figure>\n<\/div>\n\n\n\n<div class=\"wp-block-column is-layout-flow wp-block-column-is-layout-flow\">\n<h2 class=\"wp-block-heading\">Hydrophilic Silicone Finishing Agent Instruction<\/h2>\n\n\n\n<h3 class=\"wp-block-heading\">1. Exhaust process:<\/h3>\n\n\n\n<p><strong>Li\u1ec1u l\u01b0\u1ee3ng tham kh\u1ea3o:<\/strong> 1.0~3.0% (o.w.f)<\/p>\n\n\n\n<p><strong>T\u1ef7 l\u1ec7 pha lo\u00e3ng: <\/strong>1:20<\/p>\n\n\n\n<p><strong>Qu\u00e1 tr\u00ecnh: <\/strong>40~50\u2103 \u00d7 10~20 min \u2192 Dewater \u2192 Dry (100~120\u2103)<\/p>\n\n\n\n<h3 class=\"wp-block-heading\">2. Padding process:<\/h3>\n\n\n\n<p><strong>Li\u1ec1u tham kh\u1ea3o<\/strong>:&nbsp;10~30&nbsp;g\/L<\/p>\n\n\n\n<p><strong>Stenter: <\/strong>Dipping and padding (Pickup: 70~90%) \u2192 160~170\u2103 \u00d7 60~90s<\/p>\n\n\n\n<p><strong>For use as an anti-static finishing agent, reference dosage:<\/strong> 10~20&nbsp;g\/L.<\/p>\n<\/div>\n<\/div>\n\n\n\n<p><\/p>","protected":false},"excerpt":{"rendered":"<p>Ch\u1ea5t l\u00e0m m\u1ec1m silicone 63081-33 l\u00e0 ch\u1ea5t ho\u00e0n thi\u1ec7n silicone c\u00f3 t\u00ednh h\u00fat \u1ea9m cao v\u00e0 \u0111\u1ed9 \u1ed5n \u0111\u1ecbnh t\u1ed1t, \u0111\u01b0\u1ee3c s\u1ea3n xu\u1ea5t b\u1eb1ng c\u00f4ng ngh\u1ec7 ti\u00ean ti\u1ebfn nh\u1ea5t. S\u1ea3n ph\u1ea9m n\u00e0y ch\u1ee7 y\u1ebfu \u0111\u01b0\u1ee3c s\u1eed d\u1ee5ng \u0111\u1ec3 ho\u00e0n thi\u1ec7n t\u00ednh h\u00fat \u1ea9m cho c\u00e1c lo\u1ea1i v\u1ea3i l\u00e0m t\u1eeb s\u1ee3i cellulose, s\u1ee3i t\u1ed5ng h\u1ee3p v\u00e0 c\u00e1c h\u1ed7n h\u1ee3p c\u1ee7a ch\u00fang, gi\u00fap v\u1ea3i tr\u1edf n\u00ean m\u1ec1m m\u1ea1i v\u00e0 m\u1ecbn m\u00e0ng. Tu\u00e2n th\u1ee7 ti\u00eau chu\u1ea9n Oeko-Tex Standard 100. H\u00e3y li\u00ean h\u1ec7 v\u1edbi ch\u00fang t\u00f4i \u0111\u1ec3 nh\u1eadn m\u1eabu mi\u1ec5n ph\u00ed ho\u1eb7c t\u01b0 v\u1ea5n chuy\u00ean m\u00f4n v\u1ec1 c\u00f4ng th\u1ee9c!<\/p>\n<p><strong>S\u1ed1 model 63081<\/strong><\/p>\n<p>&nbsp;<\/p>","protected":false},"featured_media":2800,"comment_status":"closed","ping_status":"closed","template":"","meta":{"_acf_changed":false},"material":[26],"process":[23,25],"product_brand":[],"product_cat":[15],"product_tag":[48],"class_list":{"0":"post-2799","1":"product","2":"type-product","3":"status-publish","4":"has-post-thumbnail","6":"material-cotton-agent","7":"process-textile-finishing-chemicals","8":"process-textile-finishing-agent","9":"product_cat-uncategorized","10":"product_tag-new-textile-chemicals","12":"first","13":"instock","14":"shipping-taxable","15":"product-type-simple"},"acf":[],"_links":{"self":[{"href":"https:\/\/www.bluelakechem.com\/vi\/wp-json\/wp\/v2\/product\/2799","targetHints":{"allow":["GET"]}}],"collection":[{"href":"https:\/\/www.bluelakechem.com\/vi\/wp-json\/wp\/v2\/product"}],"about":[{"href":"https:\/\/www.bluelakechem.com\/vi\/wp-json\/wp\/v2\/types\/product"}],"replies":[{"embeddable":true,"href":"https:\/\/www.bluelakechem.com\/vi\/wp-json\/wp\/v2\/comments?post=2799"}],"wp:featuredmedia":[{"embeddable":true,"href":"https:\/\/www.bluelakechem.com\/vi\/wp-json\/wp\/v2\/media\/2800"}],"wp:attachment":[{"href":"https:\/\/www.bluelakechem.com\/vi\/wp-json\/wp\/v2\/media?parent=2799"}],"wp:term":[{"taxonomy":"material","embeddable":true,"href":"https:\/\/www.bluelakechem.com\/vi\/wp-json\/wp\/v2\/material?post=2799"},{"taxonomy":"process","embeddable":true,"href":"https:\/\/www.bluelakechem.com\/vi\/wp-json\/wp\/v2\/process?post=2799"},{"taxonomy":"product_brand","embeddable":true,"href":"https:\/\/www.bluelakechem.com\/vi\/wp-json\/wp\/v2\/product_brand?post=2799"},{"taxonomy":"product_cat","embeddable":true,"href":"https:\/\/www.bluelakechem.com\/vi\/wp-json\/wp\/v2\/product_cat?post=2799"},{"taxonomy":"product_tag","embeddable":true,"href":"https:\/\/www.bluelakechem.com\/vi\/wp-json\/wp\/v2\/product_tag?post=2799"}],"curies":[{"name":"wp","href":"https:\/\/api.w.org\/{rel}","templated":true}]}}