{"id":2914,"date":"2025-08-13T07:25:52","date_gmt":"2025-08-13T07:25:52","guid":{"rendered":"https:\/\/www.bluelakechem.com\/?post_type=product&#038;p=2914"},"modified":"2025-08-13T07:33:58","modified_gmt":"2025-08-13T07:33:58","slug":"neutral-bio-polishing-enzyme","status":"publish","type":"product","link":"https:\/\/www.bluelakechem.com\/vi\/product\/neutral-bio-polishing-enzyme\/","title":{"rendered":"Enzyme l\u00e0m s\u1ea1ch sinh h\u1ecdc trung t\u00ednh cho v\u1ea3i cellulose, ch\u1ea5t h\u1ed7 tr\u1ee3 l\u00e0m s\u1ea1ch sinh h\u1ecdc v\u00e0 nhu\u1ed9m"},"content":{"rendered":"<div class=\"wp-block-columns is-layout-flex wp-container-core-columns-is-layout-9d6595d7 wp-block-columns-is-layout-flex\">\n<div class=\"wp-block-column is-layout-flow wp-block-column-is-layout-flow\">\n<h2 class=\"wp-block-heading\">T\u00ednh n\u0103ng c\u1ee7a enzyme l\u00e0m b\u00f3ng sinh h\u1ecdc trung t\u00ednh<\/h2>\n\n\n\n<p><strong>\u1ed4n \u0111\u1ecbnh trong m\u00f4i tr\u01b0\u1eddng ki\u1ec1m. <\/strong>C\u00f3 th\u1ec3 th\u1ef1c hi\u1ec7n qu\u00e1 tr\u00ecnh \u0111\u00e1nh b\u00f3ng ho\u00e0n thi\u1ec7n trong kho\u1ea3ng pH t\u1eeb 6 \u0111\u1ebfn 9. G\u00e2y h\u01b0 h\u1ea1i r\u1ea5t \u00edt cho \u0111\u1ed9 b\u1ec1n c\u1ee7a v\u1ea3i.<\/p>\n\n\n\n<p><strong>T\u01b0\u01a1ng th\u00edch t\u1ed1t.<\/strong> Th\u1ef1c hi\u1ec7n qu\u00e1 tr\u00ecnh t\u1ea9y tr\u1eafng b\u1eb1ng oxy v\u00e0 qu\u00e1 tr\u00ecnh r\u1eeda trong m\u1ed9t b\u1ec3 duy nh\u1ea5t, \u0111\u1ed3ng th\u1eddi th\u1ef1c hi\u1ec7n qu\u00e1 tr\u00ecnh \u0111\u00e1nh b\u00f3ng sinh h\u1ecdc.<\/p>\n\n\n\n<p>\u0110\u1ea1t \u0111\u01b0\u1ee3c <strong>Quy tr\u00ecnh \u0111\u00e1nh b\u00f3ng sinh h\u1ecdc v\u00e0 quy tr\u00ecnh nhu\u1ed9m ph\u1ea3n \u1ee9ng<\/strong> trong m\u1ed9t l\u1ea7n t\u1eafm.<\/p>\n\n\n\n<p><strong>Ti\u1ebft ki\u1ec7m n\u01b0\u1edbc, th\u1eddi gian v\u00e0 n\u0103ng l\u01b0\u1ee3ng.<\/strong>.Ti\u1ebft ki\u1ec7m h\u01a1n 20~30% chi ph\u00ed t\u1ed5ng th\u1ec3.<\/p>\n<\/div>\n\n\n\n<div class=\"wp-block-column is-layout-flow wp-block-column-is-layout-flow\">\n<h2 class=\"wp-block-heading\">H\u01b0\u1edbng d\u1eabn s\u1eed d\u1ee5ng enzyme l\u00e0m s\u1ea1ch sinh h\u1ecdc trung t\u00ednh<\/h2>\n\n\n\n<p>Li\u1ec1u tham kh\u1ea3o: 0,2~0,4% (tr\u1ecdng l\u01b0\u1ee3ng kh\u00f4)<\/p>\n\n\n\n<figure class=\"wp-block-image size-full\"><img decoding=\"async\" width=\"874\" height=\"227\" src=\"https:\/\/www.bluelakechem.com\/wp-content\/uploads\/2025\/08\/Neutral-Polishing-Enzyme-15510.webp\" alt=\"Enzyme \u0111\u00e1nh b\u00f3ng trung t\u00ednh\" class=\"wp-image-2915\" srcset=\"https:\/\/www.bluelakechem.com\/wp-content\/uploads\/2025\/08\/Neutral-Polishing-Enzyme-15510.webp 874w, https:\/\/www.bluelakechem.com\/wp-content\/uploads\/2025\/08\/Neutral-Polishing-Enzyme-15510-300x78.webp 300w, https:\/\/www.bluelakechem.com\/wp-content\/uploads\/2025\/08\/Neutral-Polishing-Enzyme-15510-768x199.webp 768w, https:\/\/www.bluelakechem.com\/wp-content\/uploads\/2025\/08\/Neutral-Polishing-Enzyme-15510-18x5.webp 18w, https:\/\/www.bluelakechem.com\/wp-content\/uploads\/2025\/08\/Neutral-Polishing-Enzyme-15510-600x156.webp 600w\" sizes=\"(max-width: 874px) 100vw, 874px\" \/><\/figure>\n\n\n\n<h2 class=\"wp-block-heading\">T\u00ednh ch\u1ea5t c\u1ee7a enzyme l\u00e0m s\u1ea1ch sinh h\u1ecdc trung t\u00ednh<\/h2>\n\n\n\n<figure class=\"wp-block-table\"><table class=\"has-fixed-layout\"><tbody><tr><td><strong>V\u1ebb b\u1ec1 ngo\u00e0i:<\/strong><\/td><td>B\u1ed9t n\u00e2u<\/td><\/tr><tr><td><strong>T\u00ednh ion:<\/strong><\/td><td>Kh\u00f4ng ion<\/td><\/tr><tr><td><strong>Gi\u00e1 tr\u1ecb pH:<\/strong><\/td><td>6,0 \u00b1 1,0 (dung d\u1ecbch n\u01b0\u1edbc 1%)<\/td><\/tr><tr><td><strong>\u0110\u1ed9 h\u00f2a tan:<\/strong><\/td><td>H\u00f2a tan trong n\u01b0\u1edbc<\/td><\/tr><\/tbody><\/table><\/figure>\n<\/div>\n<\/div>","protected":false},"excerpt":{"rendered":"<p>Enzyme l\u00e0m b\u00f3ng sinh h\u1ecdc trung t\u00ednh 15510 ch\u1ee7 y\u1ebfu \u0111\u01b0\u1ee3c c\u1ea5u t\u1ea1o t\u1eeb ph\u1ee9c h\u1ee3p zymoprotein. Trong \u0111i\u1ec1u ki\u1ec7n g\u1ea7n trung t\u00ednh, n\u00f3 c\u00f3 t\u00e1c d\u1ee5ng l\u00e0m b\u00f3ng xu\u1ea5t s\u1eafc tr\u00ean c\u00e1c lo\u1ea1i v\u1ea3i l\u00e0m t\u1eeb s\u1ee3i cellulose. N\u00f3 c\u00f3 th\u1ec3 \u0111\u01b0\u1ee3c th\u00eam v\u00e0o tr\u01b0\u1edbc qu\u00e1 tr\u00ecnh c\u1ed1 \u0111\u1ecbnh, gi\u00fap \u0111\u1ea1t \u0111\u01b0\u1ee3c qu\u00e1 tr\u00ecnh kh\u1eed oxy, l\u00e0m b\u00f3ng v\u00e0 nhu\u1ed9m trong m\u1ed9t l\u1ea7n ng\u00e2m, \u0111\u1ed3ng th\u1eddi gi\u1ea3m chi ph\u00ed s\u1ea3n xu\u1ea5t. Tu\u00e2n th\u1ee7 Ti\u00eau chu\u1ea9n Oeko-Tex 100. H\u00e3y li\u00ean h\u1ec7 v\u1edbi ch\u00fang t\u00f4i \u0111\u1ec3 nh\u1eadn m\u1eabu mi\u1ec5n ph\u00ed ho\u1eb7c t\u01b0 v\u1ea5n chuy\u00ean m\u00f4n v\u1ec1 c\u00f4ng th\u1ee9c!<\/p>\n<p><strong>S\u1ed1 model 15510<\/strong><\/p>","protected":false},"featured_media":2916,"comment_status":"closed","ping_status":"closed","template":"","meta":{"_acf_changed":false},"material":[26],"process":[17,37],"product_brand":[],"product_cat":[15],"product_tag":[48],"class_list":{"0":"post-2914","1":"product","2":"type-product","3":"status-publish","4":"has-post-thumbnail","6":"material-cotton-agent","7":"process-pretreatment-auxiliaries","8":"process-bio-polishing-enzyme","9":"product_cat-uncategorized","10":"product_tag-new-textile-chemicals","12":"first","13":"instock","14":"shipping-taxable","15":"product-type-simple"},"acf":[],"_links":{"self":[{"href":"https:\/\/www.bluelakechem.com\/vi\/wp-json\/wp\/v2\/product\/2914","targetHints":{"allow":["GET"]}}],"collection":[{"href":"https:\/\/www.bluelakechem.com\/vi\/wp-json\/wp\/v2\/product"}],"about":[{"href":"https:\/\/www.bluelakechem.com\/vi\/wp-json\/wp\/v2\/types\/product"}],"replies":[{"embeddable":true,"href":"https:\/\/www.bluelakechem.com\/vi\/wp-json\/wp\/v2\/comments?post=2914"}],"wp:featuredmedia":[{"embeddable":true,"href":"https:\/\/www.bluelakechem.com\/vi\/wp-json\/wp\/v2\/media\/2916"}],"wp:attachment":[{"href":"https:\/\/www.bluelakechem.com\/vi\/wp-json\/wp\/v2\/media?parent=2914"}],"wp:term":[{"taxonomy":"material","embeddable":true,"href":"https:\/\/www.bluelakechem.com\/vi\/wp-json\/wp\/v2\/material?post=2914"},{"taxonomy":"process","embeddable":true,"href":"https:\/\/www.bluelakechem.com\/vi\/wp-json\/wp\/v2\/process?post=2914"},{"taxonomy":"product_brand","embeddable":true,"href":"https:\/\/www.bluelakechem.com\/vi\/wp-json\/wp\/v2\/product_brand?post=2914"},{"taxonomy":"product_cat","embeddable":true,"href":"https:\/\/www.bluelakechem.com\/vi\/wp-json\/wp\/v2\/product_cat?post=2914"},{"taxonomy":"product_tag","embeddable":true,"href":"https:\/\/www.bluelakechem.com\/vi\/wp-json\/wp\/v2\/product_tag?post=2914"}],"curies":[{"name":"wp","href":"https:\/\/api.w.org\/{rel}","templated":true}]}}