{"id":3121,"date":"2025-09-11T02:44:09","date_gmt":"2025-09-11T02:44:09","guid":{"rendered":"https:\/\/www.bluelakechem.com\/?post_type=product&#038;p=3121"},"modified":"2025-09-11T03:09:54","modified_gmt":"2025-09-11T03:09:54","slug":"emulsifying-scouring-agent","status":"publish","type":"product","link":"https:\/\/www.bluelakechem.com\/vi\/product\/emulsifying-scouring-agent\/","title":{"rendered":"Ch\u1ea5t t\u1ea9y r\u1eeda t\u1ea1o nh\u0169 t\u01b0\u01a1ng, Ch\u1ea5t t\u1ea9y d\u1ea7u m\u1ee1, H\u00f3a ch\u1ea5t ti\u1ec1n x\u1eed l\u00fd v\u1ea3i th\u00e2n thi\u1ec7n v\u1edbi m\u00f4i tr\u01b0\u1eddng"},"content":{"rendered":"<div class=\"wp-block-columns is-layout-flex wp-container-core-columns-is-layout-9d6595d7 wp-block-columns-is-layout-flex\">\n<div class=\"wp-block-column is-layout-flow wp-block-column-is-layout-flow\">\n<h2 class=\"wp-block-heading\">T\u00ednh n\u0103ng c\u1ee7a ch\u1ea5t t\u1ea9y r\u1eeda t\u1ea1o nh\u0169 t\u01b0\u01a1ng<\/h2>\n\n\n\n<p><strong>Th\u00e2n thi\u1ec7n v\u1edbi m\u00f4i tr\u01b0\u1eddng &amp; Kh\u00f4ng ch\u1ee9a APEO: <\/strong>Gi\u1ea3i ph\u00e1p x\u1eed l\u00fd v\u1ea3i b\u1ec1n v\u1eefng tu\u00e2n th\u1ee7 Ti\u00eau chu\u1ea9n Oeko-Tex 100.<\/p>\n\n\n\n<p><strong>\u0110a ch\u1ee9c n\u0103ng: <\/strong>K\u1ebft h\u1ee3p c\u00e1c t\u00e1c d\u1ee5ng t\u1ea1o nh\u0169 t\u01b0\u01a1ng, t\u1ea9y d\u1ea7u m\u1ee1, ph\u00e2n t\u00e1n, l\u00e0m s\u1ea1ch v\u00e0 ch\u1ed1ng \u1ed1 v\u00e0ng.<\/p>\n\n\n\n<p><strong>S\u1ee9c m\u1ea1nh l\u00e0m s\u1ea1ch v\u01b0\u1ee3t tr\u1ed9i: <\/strong>Lo\u1ea1i b\u1ecf s\u00e1p, d\u1ea7u, pectin v\u00e0 c\u00e1c t\u1ea1p ch\u1ea5t kh\u00e1c m\u1ed9t c\u00e1ch hi\u1ec7u qu\u1ea3.<\/p>\n\n\n\n<p><strong>C\u00f4ng th\u1ee9c an to\u00e0n cho s\u1ee3i: <\/strong>Nh\u1eb9 nh\u00e0ng v\u1edbi s\u1ee3i t\u1ef1 nhi\u00ean v\u00e0 s\u1ee3i t\u1ed5ng h\u1ee3p, kh\u00f4ng g\u00e2y h\u01b0 h\u1ea1i cho s\u1ee3i.<\/p>\n\n\n\n<p><strong>\u1ee8ng d\u1ee5ng \u0111a n\u0103ng:<\/strong> Ho\u00e0n h\u1ea3o cho qu\u00e1 tr\u00ecnh ti\u1ec1n x\u1eed l\u00fd c\u1ee7a c\u00e1c lo\u1ea1i v\u1ea3i cotton, polyester, viscose, Tencel, Modal v\u00e0 c\u00e1c lo\u1ea1i v\u1ea3i pha tr\u1ed9n.<\/p>\n\n\n\n<p>Hi\u1ec7u su\u1ea5t \u1ed5n \u0111\u1ecbnh v\u00e0 \u0111\u00e1ng tin c\u1eady: Ho\u1ea1t \u0111\u1ed9ng hi\u1ec7u qu\u1ea3 trong nhi\u1ec1u \u0111i\u1ec1u ki\u1ec7n x\u1eed l\u00fd kh\u00e1c nhau v\u1edbi k\u1ebft qu\u1ea3 nh\u1ea5t qu\u00e1n.<\/p>\n\n\n\n<h2 class=\"wp-block-heading\">T\u00ednh ch\u1ea5t c\u1ee7a ch\u1ea5t t\u1ea9y r\u1eeda t\u1ea1o nh\u0169 t\u01b0\u01a1ng<\/h2>\n\n\n\n<figure class=\"wp-block-table\"><table class=\"has-fixed-layout\"><tbody><tr><td><strong>V\u1ebb b\u1ec1 ngo\u00e0i:<\/strong><\/td><td>Ch\u1ea5t l\u1ecfng trong su\u1ed1t, kh\u00f4ng m\u00e0u \u0111\u1ebfn m\u00e0u v\u00e0ng nh\u1ea1t.<\/td><\/tr><tr><td><strong>T\u00ednh ion:<\/strong><\/td><td>Kh\u00f4ng ion<\/td><\/tr><tr><td><strong>Gi\u00e1 tr\u1ecb pH:<\/strong><\/td><td>7,0 \u00b1 1,0 (dung d\u1ecbch n\u01b0\u1edbc 1%)<\/td><\/tr><tr><td><strong>\u0110\u1ed9 h\u00f2a tan:<\/strong><\/td><td>H\u00f2a tan trong n\u01b0\u1edbc<\/td><\/tr><\/tbody><\/table><\/figure>\n<\/div>\n\n\n\n<div class=\"wp-block-column is-layout-flow wp-block-column-is-layout-flow\">\n<h2 class=\"wp-block-heading\">H\u01b0\u1edbng d\u1eabn s\u1eed d\u1ee5ng ch\u1ea5t t\u1ea9y r\u1eeda t\u1ea1o nh\u0169 t\u01b0\u01a1ng<\/h2>\n\n\n\n<p>\u0110\u00e2y l\u00e0 s\u1ea3n ph\u1ea9m c\u00f3 n\u1ed3ng \u0111\u1ed9 cao. Xin vui l\u00f2ng pha lo\u00e3ng s\u1ea3n ph\u1ea9m theo t\u1ef7 l\u1ec7 1:3 \u0111\u1ebfn 1:5 v\u1edbi n\u01b0\u1edbc m\u1ec1m.<\/p>\n\n\n\n<p><strong>T\u1ea9y d\u1ea7u m\u1ee1 cho v\u1ea3i s\u1ee3i h\u00f3a h\u1ecdc:<\/strong><\/p>\n\n\n\n<figure class=\"wp-block-table\"><table class=\"has-fixed-layout\"><tbody><tr><td><strong>Pha lo\u00e3ng 11079:<\/strong><\/td><td>1~2 gam\/l\u00edt<\/td><\/tr><tr><td><strong>Natri cacbonat:<\/strong><\/td><td>0~1 gam\/l\u00edt<\/td><\/tr><tr><td colspan=\"2\">95~98\u2103 \u00d7 30 ph\u00fat \u2192 R\u1eeda b\u1eb1ng n\u01b0\u1edbc \u2192 Trung h\u00f2a<\/td><\/tr><\/tbody><\/table><\/figure>\n\n\n\n<p><strong>T\u00ecm ki\u1ebfm v\u1ea3i b\u00f4ng:<\/strong><\/p>\n\n\n\n<figure class=\"wp-block-table\"><table class=\"has-fixed-layout\"><tbody><tr><td><strong>Pha lo\u00e3ng 11079:<\/strong><\/td><td>1~1,5 g\/L<\/td><\/tr><tr><td><strong>X\u00fat:<\/strong><\/td><td>0,5~2 g\/L<\/td><\/tr><tr><td><strong>Ch\u1ea5t h\u1ea5p ph\u1ee5:<\/strong><\/td><td>0~1 gam\/l\u00edt<\/td><\/tr><tr><td><strong>27,51% hydrogen peroxide:<\/strong><\/td><td>3\u20136 g\/L<\/td><\/tr><tr><td colspan=\"2\">95~98\u2103 \u00d7 60 ph\u00fat \u2192 R\u1eeda b\u1eb1ng n\u01b0\u1edbc<\/td><\/tr><\/tbody><\/table><\/figure>\n<\/div>\n<\/div>","protected":false},"excerpt":{"rendered":"<p>Ch\u1ea5t t\u1ea9y r\u1eeda t\u1ea1o nh\u0169 t\u01b0\u01a1ng 11079 ch\u1ee7 y\u1ebfu \u0111\u01b0\u1ee3c c\u1ea5u t\u1ea1o t\u1eeb ph\u1ee9c h\u1ee3p ete c\u1ed3n \u0111\u1eb7c bi\u1ec7t. S\u1ea3n ph\u1ea9m ph\u00f9 h\u1ee3p cho qu\u00e1 tr\u00ecnh ti\u1ec1n x\u1eed l\u00fd s\u1ee3i h\u00f3a h\u1ecdc v\u00e0 c\u00e1c h\u1ed7n h\u1ee3p c\u1ee7a ch\u00fang. N\u00f3 c\u0169ng ph\u00f9 h\u1ee3p cho qu\u00e1 tr\u00ecnh ti\u1ec1n x\u1eed l\u00fd b\u00f4ng, s\u1ee3i viscose, Modal, Tencel v\u00e0 c\u00e1c h\u1ed7n h\u1ee3p c\u1ee7a ch\u00fang. S\u1ea3n ph\u1ea9m c\u00f3 hi\u1ec7u qu\u1ea3 x\u1eed l\u00fd xu\u1ea5t s\u1eafc \u0111\u1ed1i v\u1edbi c\u00e1c lo\u1ea1i t\u1ea1p ch\u1ea5t kh\u00e1c nhau nh\u01b0 b\u1ee5i b\u1ea9n d\u1ea7u m\u1ee1, pectin v\u00e0 s\u00e1p b\u00f4ng, v.v. Tu\u00e2n th\u1ee7 Ti\u00eau chu\u1ea9n Oeko-Tex 100. Li\u00ean h\u1ec7 v\u1edbi ch\u00fang t\u00f4i \u0111\u1ec3 nh\u1eadn m\u1eabu mi\u1ec5n ph\u00ed ho\u1eb7c t\u01b0 v\u1ea5n chuy\u00ean m\u00f4n v\u1ec1 c\u00f4ng th\u1ee9c!<\/p>\n<p><strong>S\u1ed1 model 11079<\/strong><\/p>","protected":false},"featured_media":3122,"comment_status":"closed","ping_status":"closed","template":"","meta":{"_acf_changed":false},"material":[26,30,34],"process":[17,19,35],"product_brand":[],"product_cat":[15],"product_tag":[48],"class_list":{"0":"post-3121","1":"product","2":"type-product","3":"status-publish","4":"has-post-thumbnail","6":"material-cotton-agent","7":"material-viscose-chemicals","8":"material-fabric-chemicals","9":"process-pretreatment-auxiliaries","10":"process-scouring-agent","11":"process-degreasing-agent","12":"product_cat-uncategorized","13":"product_tag-new-textile-chemicals","15":"first","16":"instock","17":"shipping-taxable","18":"product-type-simple"},"acf":[],"_links":{"self":[{"href":"https:\/\/www.bluelakechem.com\/vi\/wp-json\/wp\/v2\/product\/3121","targetHints":{"allow":["GET"]}}],"collection":[{"href":"https:\/\/www.bluelakechem.com\/vi\/wp-json\/wp\/v2\/product"}],"about":[{"href":"https:\/\/www.bluelakechem.com\/vi\/wp-json\/wp\/v2\/types\/product"}],"replies":[{"embeddable":true,"href":"https:\/\/www.bluelakechem.com\/vi\/wp-json\/wp\/v2\/comments?post=3121"}],"wp:featuredmedia":[{"embeddable":true,"href":"https:\/\/www.bluelakechem.com\/vi\/wp-json\/wp\/v2\/media\/3122"}],"wp:attachment":[{"href":"https:\/\/www.bluelakechem.com\/vi\/wp-json\/wp\/v2\/media?parent=3121"}],"wp:term":[{"taxonomy":"material","embeddable":true,"href":"https:\/\/www.bluelakechem.com\/vi\/wp-json\/wp\/v2\/material?post=3121"},{"taxonomy":"process","embeddable":true,"href":"https:\/\/www.bluelakechem.com\/vi\/wp-json\/wp\/v2\/process?post=3121"},{"taxonomy":"product_brand","embeddable":true,"href":"https:\/\/www.bluelakechem.com\/vi\/wp-json\/wp\/v2\/product_brand?post=3121"},{"taxonomy":"product_cat","embeddable":true,"href":"https:\/\/www.bluelakechem.com\/vi\/wp-json\/wp\/v2\/product_cat?post=3121"},{"taxonomy":"product_tag","embeddable":true,"href":"https:\/\/www.bluelakechem.com\/vi\/wp-json\/wp\/v2\/product_tag?post=3121"}],"curies":[{"name":"wp","href":"https:\/\/api.w.org\/{rel}","templated":true}]}}