{"id":3385,"date":"2025-10-20T01:47:08","date_gmt":"2025-10-20T01:47:08","guid":{"rendered":"https:\/\/www.bluelakechem.com\/?post_type=product&#038;p=3385"},"modified":"2025-10-20T01:47:13","modified_gmt":"2025-10-20T01:47:13","slug":"c6-waterproof-agent","status":"publish","type":"product","link":"https:\/\/www.bluelakechem.com\/vi\/product\/c6-waterproof-agent\/","title":{"rendered":"Ch\u1ea5t ch\u1ed1ng th\u1ea5m C6 cho v\u1ea3i c\u00f3 kh\u1ea3 n\u0103ng ch\u1ed1ng n\u01b0\u1edbc, d\u1ea7u v\u00e0 v\u1ebft b\u1ea9n"},"content":{"rendered":"<div class=\"wp-block-columns is-layout-flex wp-container-core-columns-is-layout-9d6595d7 wp-block-columns-is-layout-flex\">\n<div class=\"wp-block-column is-layout-flow wp-block-column-is-layout-flow\">\n<div class=\"wp-block-columns is-layout-flex wp-container-core-columns-is-layout-9d6595d7 wp-block-columns-is-layout-flex\">\n<div class=\"wp-block-column is-layout-flow wp-block-column-is-layout-flow\">\n<h2 class=\"wp-block-heading\">T\u00ednh n\u0103ng c\u1ee7a ch\u1ea5t ch\u1ed1ng th\u1ea5m C6:<\/h2>\n\n\n\n<p><strong>\u0110\u1ed9 b\u1ec1n r\u1eeda tuy\u1ec7t v\u1eddi:<\/strong> Kh\u1ea3 n\u0103ng ch\u1ed1ng l\u1ea1i vi\u1ec7c gi\u1eb7t gi\u0169 t\u1ea1i nh\u00e0 v\u00e0 gi\u1eb7t kh\u00f4 xu\u1ea5t s\u1eafc. Duy tr\u00ec kh\u1ea3 n\u0103ng ch\u1ed1ng th\u1ea5m n\u01b0\u1edbc, ch\u1ed1ng d\u1ea7u m\u1ee1 v\u00e0 ch\u1ed1ng b\u00e1m b\u1ea9n sau nhi\u1ec1u l\u1ea7n gi\u1eb7t v\u00e0 s\u1ea5y kh\u00f4.<\/p>\n\n\n\n<p><strong>Hi\u1ec7u su\u1ea5t b\u1ea3o v\u1ec7 ba l\u1edbp<\/strong><\/p>\n\n\n\n<ul class=\"wp-block-list\">\n<li><strong>Kh\u1ea3 n\u0103ng ch\u1ed1ng th\u1ea5m n\u01b0\u1edbc: <\/strong>Ng\u0103n ng\u1eeba th\u1ea5m n\u01b0\u1edbc v\u00e0 c\u1ea3i thi\u1ec7n hi\u1ec7u su\u1ea5t s\u1eed d\u1ee5ng ngo\u00e0i tr\u1eddi.<\/li>\n\n\n\n<li><strong>Kh\u1ea3 n\u0103ng ch\u1ed1ng th\u1ea5m d\u1ea7u: <\/strong>Ch\u1ed1ng l\u1ea1i v\u1ebft b\u1ea9n d\u1ea7u t\u1eeb vi\u1ec7c s\u1eed d\u1ee5ng h\u00e0ng ng\u00e0y.<br>Kh\u1ea3 n\u0103ng ch\u1ed1ng b\u00e1m b\u1ea9n: Gi\u1ea3m s\u1ef1 b\u00e1m d\u00ednh c\u1ee7a b\u1ee5i b\u1ea9n v\u00e0 gi\u00fap vi\u1ec7c v\u1ec7 sinh tr\u1edf n\u00ean d\u1ec5 d\u00e0ng h\u01a1n.<\/li>\n\n\n\n<li><strong>\u1ee8ng d\u1ee5ng \u1ed5n \u0111\u1ecbnh v\u00e0 \u0111\u00e1ng tin c\u1eady:<\/strong> Ph\u00f9 h\u1ee3p v\u1edbi v\u1ea3i cotton, polyester, nylon v\u00e0 v\u1ea3i pha tr\u1ed9n. Cung c\u1ea5p l\u1edbp ho\u00e0n thi\u1ec7n \u0111\u1ed3ng \u0111\u1ec1u m\u00e0 kh\u00f4ng \u1ea3nh h\u01b0\u1edfng \u0111\u1ebfn \u0111\u1ed9 m\u1ec1m m\u1ea1i hay t\u00f4ng m\u00e0u c\u1ee7a v\u1ea3i.<\/li>\n<\/ul>\n\n\n\n<p><strong>Th\u00e2n thi\u1ec7n v\u1edbi m\u00f4i tr\u01b0\u1eddng v\u00e0 an to\u00e0n: <\/strong>C\u00f4ng ngh\u1ec7 fluorocarbon C6, tu\u00e2n th\u1ee7 Ti\u00eau chu\u1ea9n Oeko-Tex 100. Kh\u00f4ng ch\u1ee9a PFOA v\u00e0 PFOS, th\u00e2n thi\u1ec7n v\u1edbi m\u00f4i tr\u01b0\u1eddng v\u00e0 b\u1ec1n v\u1eefng.<\/p>\n\n\n\n<p><strong>Gi\u1edbi h\u1ea1n c\u1ee7a \u1ee9ng d\u1ee5ng: <\/strong>Kh\u00f4ng ph\u00f9 h\u1ee3p \u0111\u1ec3 t\u1ea9y tr\u1eafng v\u1ea3i b\u1eb1ng \u00e1nh s\u00e1ng hu\u1ef3nh quang.<\/p>\n\n\n\n<h2 class=\"wp-block-heading\">Ch\u1ea5t ch\u1ed1ng th\u1ea5m C6 46590-50 T\u00ednh ch\u1ea5t<\/h2>\n\n\n\n<figure class=\"wp-block-table\"><table class=\"has-fixed-layout\"><tbody><tr><td><strong>V\u1ebb b\u1ec1 ngo\u00e0i:<\/strong><\/td><td>Nh\u0169 t\u01b0\u01a1ng m\u00e0u tr\u1eafng s\u1eefa<\/td><\/tr><tr><td><strong>T\u00ednh ion:<\/strong><\/td><td>Cation<\/td><\/tr><tr><td><strong>Gi\u00e1 tr\u1ecb pH:<\/strong><\/td><td>4,5 \u00b1 1,0 (dung d\u1ecbch n\u01b0\u1edbc 1%)<\/td><\/tr><tr><td><strong>\u0110\u1ed9 h\u00f2a tan:<\/strong><\/td><td>H\u00f2a tan trong n\u01b0\u1edbc<\/td><\/tr><\/tbody><\/table><\/figure>\n\n\n\n<h2 class=\"wp-block-heading\">H\u01b0\u1edbng d\u1eabn s\u1eed d\u1ee5ng ch\u1ea5t ch\u1ed1ng th\u1ea5m C6<\/h2>\n\n\n\n<p>\u0110\u1ed1i v\u1edbi quy tr\u00ecnh ho\u00e0n thi\u1ec7n ch\u1ed1ng th\u1ea5m chung, li\u1ec1u l\u01b0\u1ee3ng tham kh\u1ea3o: 10~20 g\/L.<\/p>\n\n\n\n<p>\u0110\u1ed1i v\u1edbi qu\u00e1 tr\u00ecnh ho\u00e0n thi\u1ec7n ch\u1ed1ng th\u1ea5m n\u01b0\u1edbc, ch\u1ed1ng th\u1ea5m d\u1ea7u v\u00e0 ch\u1ed1ng b\u00e1m b\u1ea9n, li\u1ec1u l\u01b0\u1ee3ng tham kh\u1ea3o: 30~50 g\/L<\/p>\n\n\n\n<p>Quy tr\u00ecnh tham kh\u1ea3o: Ng\u00e2m v\u00e0 ph\u1ee7 hai l\u1ea7n (L\u1ea5y m\u1eabu: 60~80%) \u2192 S\u1ea5y kh\u00f4 v\u00e0 c\u0103ng v\u1ea3i (170~180\u2103\u00d730~60s)<\/p>\n<\/div>\n\n\n\n<div class=\"wp-block-column is-layout-flow wp-block-column-is-layout-flow\">\n<figure class=\"wp-block-embed is-type-video is-provider-youtube wp-block-embed-youtube wp-embed-aspect-9-16 wp-has-aspect-ratio\"><div class=\"wp-block-embed__wrapper\">\n<iframe title=\"#textilechemicals | L\u00e0m th\u1ebf n\u00e0o \u0111\u1ec3 qu\u1ea7n \u00e1o v\u1eabn kh\u00f4 r\u00e1o ngay c\u1ea3 sau khi b\u1ecb t\u1ea1t n\u01b0\u1edbc?\" width=\"422\" height=\"750\" src=\"https:\/\/www.youtube.com\/embed\/FgoaU2vzyt8?feature=oembed\" frameborder=\"0\" allow=\"accelerometer; autoplay; clipboard-write; encrypted-media; gyroscope; picture-in-picture; web-share\" referrerpolicy=\"strict-origin-when-cross-origin\" allowfullscreen><\/iframe>\n<\/div><\/figure>\n\n\n\n<p><\/p>\n<\/div>\n<\/div>\n<\/div>\n<\/div>\n\n\n\n<p><\/p>","protected":false},"excerpt":{"rendered":"<p>Ch\u1ea5t ch\u1ed1ng th\u1ea5m C6 46590-50 l\u00e0 m\u1ed9t h\u1ee3p ch\u1ea5t organofluorine. Sau khi t\u1ea1o th\u00e0nh m\u1ed9t l\u1edbp m\u00e0ng li\u00ean k\u1ebft ch\u00e9o d\u00e0y \u0111\u1eb7c tr\u00ean b\u1ec1 m\u1eb7t s\u1ee3i, n\u00f3 c\u00f3 th\u1ec3 l\u00e0m gi\u1ea3m s\u1ee9c c\u0103ng b\u1ec1 m\u1eb7t c\u1ee7a v\u1ea3i, t\u1eeb \u0111\u00f3 mang l\u1ea1i c\u00e1c t\u00ednh n\u0103ng ch\u1ed1ng th\u1ea5m n\u01b0\u1edbc, ch\u1ed1ng d\u1ea7u v\u00e0 ch\u1ed1ng b\u00e1m b\u1ea9n cho c\u00e1c lo\u1ea1i v\u1ea3i kh\u00e1c nhau. Tu\u00e2n th\u1ee7 Ti\u00eau chu\u1ea9n Oeko-Tex 100. H\u00e3y li\u00ean h\u1ec7 v\u1edbi ch\u00fang t\u00f4i \u0111\u1ec3 nh\u1eadn m\u1eabu mi\u1ec5n ph\u00ed ho\u1eb7c t\u01b0 v\u1ea5n chuy\u00ean m\u00f4n v\u1ec1 c\u00f4ng th\u1ee9c!<\/p>\n<p><strong>S\u1ed1 model 46590-50<\/strong><\/p>","protected":false},"featured_media":3388,"comment_status":"closed","ping_status":"closed","template":"","meta":{"_acf_changed":false},"material":[26,27,28,29,30,31,32,33,49,34],"process":[23,25],"product_brand":[],"product_cat":[15],"product_tag":[48],"class_list":{"0":"post-3385","1":"product","2":"type-product","3":"status-publish","4":"has-post-thumbnail","6":"material-cotton-agent","7":"material-polyester-chemicals","8":"material-nylon-agent","9":"material-acrylic-chemicals","10":"material-viscose-chemicals","11":"material-wool-auxiliary","12":"material-linen-chemicals","13":"material-silk-chemicals","14":"material-elastic","15":"material-fabric-chemicals","16":"process-textile-finishing-chemicals","17":"process-textile-finishing-agent","18":"product_cat-uncategorized","19":"product_tag-new-textile-chemicals","21":"first","22":"instock","23":"shipping-taxable","24":"product-type-simple"},"acf":[],"_links":{"self":[{"href":"https:\/\/www.bluelakechem.com\/vi\/wp-json\/wp\/v2\/product\/3385","targetHints":{"allow":["GET"]}}],"collection":[{"href":"https:\/\/www.bluelakechem.com\/vi\/wp-json\/wp\/v2\/product"}],"about":[{"href":"https:\/\/www.bluelakechem.com\/vi\/wp-json\/wp\/v2\/types\/product"}],"replies":[{"embeddable":true,"href":"https:\/\/www.bluelakechem.com\/vi\/wp-json\/wp\/v2\/comments?post=3385"}],"wp:featuredmedia":[{"embeddable":true,"href":"https:\/\/www.bluelakechem.com\/vi\/wp-json\/wp\/v2\/media\/3388"}],"wp:attachment":[{"href":"https:\/\/www.bluelakechem.com\/vi\/wp-json\/wp\/v2\/media?parent=3385"}],"wp:term":[{"taxonomy":"material","embeddable":true,"href":"https:\/\/www.bluelakechem.com\/vi\/wp-json\/wp\/v2\/material?post=3385"},{"taxonomy":"process","embeddable":true,"href":"https:\/\/www.bluelakechem.com\/vi\/wp-json\/wp\/v2\/process?post=3385"},{"taxonomy":"product_brand","embeddable":true,"href":"https:\/\/www.bluelakechem.com\/vi\/wp-json\/wp\/v2\/product_brand?post=3385"},{"taxonomy":"product_cat","embeddable":true,"href":"https:\/\/www.bluelakechem.com\/vi\/wp-json\/wp\/v2\/product_cat?post=3385"},{"taxonomy":"product_tag","embeddable":true,"href":"https:\/\/www.bluelakechem.com\/vi\/wp-json\/wp\/v2\/product_tag?post=3385"}],"curies":[{"name":"wp","href":"https:\/\/api.w.org\/{rel}","templated":true}]}}