{"id":3539,"date":"2026-01-19T05:36:33","date_gmt":"2026-01-19T05:36:33","guid":{"rendered":"https:\/\/www.bluelakechem.com\/?post_type=product&#038;p=3539"},"modified":"2026-01-19T05:38:29","modified_gmt":"2026-01-19T05:38:29","slug":"hydrophilic-silicone-finishing-agent-bestowing-softness-smoothness-fluffiness-and-bulkiness-on-fabrics","status":"publish","type":"product","link":"https:\/\/www.bluelakechem.com\/vi\/product\/hydrophilic-silicone-finishing-agent-bestowing-softness-smoothness-fluffiness-and-bulkiness-on-fabrics\/","title":{"rendered":"Ch\u1ea5t ho\u00e0n thi\u1ec7n silicone th\u00e2n n\u01b0\u1edbc mang l\u1ea1i \u0111\u1ed9 m\u1ec1m m\u1ea1i, m\u1ecbn m\u00e0ng, b\u00f4ng x\u1ed1p v\u00e0 \u0111\u1ed9 ph\u1ed3ng cho v\u1ea3i."},"content":{"rendered":"<div class=\"wp-block-image\">\n<figure class=\"aligncenter size-full is-resized\"><img decoding=\"async\" width=\"1080\" height=\"1920\" src=\"https:\/\/www.bluelakechem.com\/wp-content\/uploads\/2025\/12\/Silicone-Softener-76702_1.webp\" alt=\"Ch\u1ea5t l\u00e0m m\u1ec1m silicon\" class=\"wp-image-3540\" style=\"aspect-ratio:0.5625019618511504;width:433px;height:auto\" srcset=\"https:\/\/www.bluelakechem.com\/wp-content\/uploads\/2025\/12\/Silicone-Softener-76702_1.webp 1080w, https:\/\/www.bluelakechem.com\/wp-content\/uploads\/2025\/12\/Silicone-Softener-76702_1-169x300.webp 169w, https:\/\/www.bluelakechem.com\/wp-content\/uploads\/2025\/12\/Silicone-Softener-76702_1-768x1365.webp 768w, https:\/\/www.bluelakechem.com\/wp-content\/uploads\/2025\/12\/Silicone-Softener-76702_1-7x12.webp 7w, https:\/\/www.bluelakechem.com\/wp-content\/uploads\/2025\/12\/Silicone-Softener-76702_1-600x1067.webp 600w\" sizes=\"(max-width: 1080px) 100vw, 1080px\" \/><\/figure>\n<\/div>\n\n\n<h2 class=\"wp-block-heading\">D\u1ea7u silicone th\u00e2n n\u01b0\u1edbc T\u00ednh n\u0103ng:<\/h2>\n\n\n\n<ol class=\"wp-block-list\">\n<li>Kh\u00f4ng ch\u1ee9a APEO ho\u1eb7c c\u00e1c ch\u1ea5t h\u00f3a h\u1ecdc b\u1ecb c\u1ea5m. Ph\u00f9 h\u1ee3p v\u1edbi c\u00e1c y\u00eau c\u1ea7u v\u1ec1 b\u1ea3o v\u1ec7 m\u00f4i tr\u01b0\u1eddng. Ph\u00f9 h\u1ee3p v\u1edbi ti\u00eau chu\u1ea9n Otex-100 c\u1ee7a Li\u00ean minh Ch\u00e2u \u00c2u.<\/li>\n\n\n\n<li>\u0110\u1ed9 \u01b0a n\u01b0\u1edbc ban \u0111\u1ea7u xu\u1ea5t s\u1eafc tr\u00ean s\u1ee3i cellulose, s\u1ee3i t\u00e1i sinh v\u00e0 s\u1ee3i t\u1ed5ng h\u1ee3p.<\/li>\n\n\n\n<li>L\u00e0m cho v\u1ea3i m\u1ec1m m\u1ea1i, m\u1ecbn m\u00e0ng v\u00e0 m\u1ec1m x\u1ed1p.<\/li>\n\n\n\n<li>\u00cdt b\u1ecb \u1ed1 v\u00e0ng v\u00e0 \u00edt thay \u0111\u1ed5i m\u00e0u s\u1eafc. H\u1ea7u nh\u01b0 kh\u00f4ng \u1ea3nh h\u01b0\u1edfng \u0111\u1ebfn \u0111\u1ed9 b\u1ec1n m\u00e0u.<\/li>\n\n\n\n<li>T\u00ednh t\u1ef1 nh\u0169 h\u00f3a, gi\u00fap \u0111\u1ea3m b\u1ea3o s\u1ef1 \u1ed5n \u0111\u1ecbnh c\u1ee7a b\u1ed3n t\u1eafm.<\/li>\n\n\n\n<li>\u0110\u1ed9 \u1ed5n \u0111\u1ecbnh cao. \u1ed4n \u0111\u1ecbnh trong m\u00f4i tr\u01b0\u1eddng ki\u1ec1m, mu\u1ed1i v\u00e0 anion. Duy tr\u00ec \u0111\u1ed9 \u1ed5n \u0111\u1ecbnh xu\u1ea5t s\u1eafc d\u01b0\u1edbi c\u00e1c gi\u00e1 tr\u1ecb pH v\u00e0 nhi\u1ec7t \u0111\u1ed9 kh\u00e1c nhau.<\/li>\n\n\n\n<li>C\u00f3 \u0111\u1ed9 t\u01b0\u01a1ng th\u00edch t\u1ed1t v\u1edbi nhi\u1ec1u lo\u1ea1i v\u1ea3i d\u1ec7t.<\/li>\n\n\n\n<li>Ph\u00f9 h\u1ee3p cho c\u1ea3 qu\u00e1 tr\u00ecnh \u0111\u1ec7m v\u00e0 x\u1ea3.<\/li>\n<\/ol>\n\n\n\n<h2 class=\"wp-block-heading\">\u1ee8ng d\u1ee5ng c\u1ee7a d\u1ea7u silicone th\u00e2n n\u01b0\u1edbc:<\/h2>\n\n\n\n<p>N\u00f3 c\u00f3 th\u1ec3 \u0111\u01b0\u1ee3c \u00e1p d\u1ee5ng trong qu\u00e1 tr\u00ecnh ho\u00e0n thi\u1ec7n \u1ea9m \u01b0\u1edbt v\u00e0 m\u1ec1m m\u1ea1i cho c\u00e1c lo\u1ea1i v\u1ea3i l\u00e0m t\u1eeb b\u00f4ng, s\u1ee3i nh\u00e2n t\u1ea1o, s\u1ee3i viscose, s\u1ee3i t\u1ed5ng h\u1ee3p (polyester v\u00e0 nylon) v\u00e0 c\u00e1c h\u1ed7n h\u1ee3p c\u1ee7a ch\u00fang, v.v., gi\u00fap v\u1ea3i tr\u1edf n\u00ean m\u1ec1m m\u1ea1i, m\u1ecbn m\u00e0ng, b\u00f4ng x\u1ed1p v\u00e0 d\u00e0y d\u1eb7n.<\/p>\n\n\n\n<h2 class=\"wp-block-heading\">T\u00ednh ch\u1ea5t c\u1ee7a d\u1ea7u silicone th\u00e2n n\u01b0\u1edbc:<\/h2>\n\n\n\n<figure class=\"wp-block-table\"><table class=\"has-fixed-layout\"><tbody><tr><td>V\u1ebb b\u1ec1 ngo\u00e0i:<\/td><td>Ch\u1ea5t l\u1ecfng trong su\u1ed1t<\/td><\/tr><tr><td>T\u00ednh ion:<\/td><td>Kh\u00f4ng ion<\/td><\/tr><tr><td>Gi\u00e1 tr\u1ecb pH:<\/td><td>5.0~7.0 (dung d\u1ecbch n\u01b0\u1edbc 1%)<\/td><\/tr><tr><td>\u0110\u1ed9 h\u00f2a tan:<\/td><td>H\u00f2a tan trong n\u01b0\u1edbc<\/td><\/tr><\/tbody><\/table><\/figure>\n\n\n\n<h2 class=\"wp-block-heading\">H\u01b0\u1edbng d\u1eabn s\u1eed d\u1ee5ng d\u1ea7u silicone th\u00e2n n\u01b0\u1edbc\uff1a<\/h2>\n\n\n\n<p>1. \u0110\u00e2y l\u00e0 s\u1ea3n ph\u1ea9m c\u00f3 n\u1ed3ng \u0111\u1ed9 cao. Xin vui l\u00f2ng pha lo\u00e3ng s\u1ea3n ph\u1ea9m theo t\u1ef7 l\u1ec7 1:3 v\u1edbi n\u01b0\u1edbc c\u1ea5t v\u00e0 sau \u0111\u00f3 s\u1eed d\u1ee5ng.<\/p>\n\n\n\n<ol class=\"wp-block-list\">\n<li><\/li>\n<\/ol>\n\n\n\n<p>2. Quy tr\u00ecnh \u0111\u1ec7m:<\/p>\n\n\n\n<p>\u0110\u1ed1i v\u1edbi v\u1ea3i nh\u1eb9 v\u00e0 m\u1ecfng, li\u1ec1u l\u01b0\u1ee3ng tham kh\u1ea3o c\u1ee7a dung d\u1ecbch pha lo\u00e3ng 76702: 10~20 g\/L<\/p>\n\n\n\n<p>\u0110\u1ed1i v\u1edbi v\u1ea3i d\u00e0y v\u00e0 n\u1eb7ng, li\u1ec1u l\u01b0\u1ee3ng tham kh\u1ea3o c\u1ee7a dung d\u1ecbch pha lo\u00e3ng 76702: 20~30 g\/L<\/p>\n\n\n\n<p>Ph\u1ea1m vi pH t\u1ed1i \u01b0u c\u1ee7a dung d\u1ecbch l\u00e0m vi\u1ec7c: 6.0~7.0<\/p>\n\n\n\n<p>\u0110\u1ec7m v\u00e0 nh\u00fang (L\u1ea5y m\u1eabu: 70~90%) \u2192 140~160\u2103 \u00d7 60~90 gi\u00e2y<\/p>\n\n\n\n<p>3. Quy tr\u00ecnh x\u1ea3:<\/p>\n\n\n\n<p>Li\u1ec1u l\u01b0\u1ee3ng tham kh\u1ea3o c\u1ee7a dung d\u1ecbch pha lo\u00e3ng 76702: 1,0~3,01 TP3T (tr\u1ecdng l\u01b0\u1ee3ng theo th\u1ec3 t\u00edch)<\/p>\n\n\n\n<p>T\u1ef7 l\u1ec7 pha lo\u00e3ng: 1:10<\/p>\n\n\n\n<p>Quy tr\u00ecnh: 40~50\u2103 \u00d7 10~20 ph\u00fat \u2192 L\u1ecdc n\u01b0\u1edbc \u2192 S\u1ea5y kh\u00f4 (80~120\u2103)<\/p>","protected":false},"excerpt":{"rendered":"<p>Ch\u1ea5t l\u00e0m m\u1ec1m silicone 76702 l\u00e0 ch\u1ea5t ho\u00e0n thi\u1ec7n silicone hydrophilic tuy\u1ebfn t\u00ednh \u0111\u01b0\u1ee3c c\u1ea3i ti\u1ebfn m\u1edbi nh\u1ea5t. S\u1ea3n ph\u1ea9m c\u00f3 th\u1ec3 \u0111\u01b0\u1ee3c s\u1eed d\u1ee5ng trong qu\u00e1 tr\u00ecnh ho\u00e0n thi\u1ec7n hydrophilic v\u00e0 l\u00e0m m\u1ec1m cho c\u00e1c lo\u1ea1i v\u1ea3i nh\u01b0 cotton, s\u1ee3i nh\u00e2n t\u1ea1o, s\u1ee3i viscose, s\u1ee3i t\u1ed5ng h\u1ee3p (polyester v\u00e0 nylon) v\u00e0 c\u00e1c h\u1ed7n h\u1ee3p c\u1ee7a ch\u00fang, v.v., gi\u00fap v\u1ea3i tr\u1edf n\u00ean m\u1ec1m m\u1ea1i, m\u1ecbn m\u00e0ng, b\u00f4ng x\u1ed1p v\u00e0 d\u00e0y d\u1eb7n. Tu\u00e2n th\u1ee7 ti\u00eau chu\u1ea9n Oeko-Tex Standard 100. Li\u00ean h\u1ec7 v\u1edbi ch\u00fang t\u00f4i \u0111\u1ec3 nh\u1eadn m\u1eabu mi\u1ec5n ph\u00ed ho\u1eb7c t\u01b0 v\u1ea5n chuy\u00ean m\u00f4n v\u1ec1 c\u00f4ng th\u1ee9c!<\/p>\n<p><strong>S\u1ed1 model 76702<\/strong><\/p>","protected":false},"featured_media":3541,"comment_status":"closed","ping_status":"closed","template":"","meta":{"_acf_changed":false},"material":[26,27,28,30,34],"process":[23,42,24],"product_brand":[],"product_cat":[15],"product_tag":[48],"class_list":{"0":"post-3539","1":"product","2":"type-product","3":"status-publish","4":"has-post-thumbnail","6":"material-cotton-agent","7":"material-polyester-chemicals","8":"material-nylon-agent","9":"material-viscose-chemicals","10":"material-fabric-chemicals","11":"process-textile-finishing-chemicals","12":"process-softener","13":"process-silicone-oil","14":"product_cat-uncategorized","15":"product_tag-new-textile-chemicals","17":"first","18":"instock","19":"shipping-taxable","20":"product-type-simple"},"acf":[],"_links":{"self":[{"href":"https:\/\/www.bluelakechem.com\/vi\/wp-json\/wp\/v2\/product\/3539","targetHints":{"allow":["GET"]}}],"collection":[{"href":"https:\/\/www.bluelakechem.com\/vi\/wp-json\/wp\/v2\/product"}],"about":[{"href":"https:\/\/www.bluelakechem.com\/vi\/wp-json\/wp\/v2\/types\/product"}],"replies":[{"embeddable":true,"href":"https:\/\/www.bluelakechem.com\/vi\/wp-json\/wp\/v2\/comments?post=3539"}],"wp:featuredmedia":[{"embeddable":true,"href":"https:\/\/www.bluelakechem.com\/vi\/wp-json\/wp\/v2\/media\/3541"}],"wp:attachment":[{"href":"https:\/\/www.bluelakechem.com\/vi\/wp-json\/wp\/v2\/media?parent=3539"}],"wp:term":[{"taxonomy":"material","embeddable":true,"href":"https:\/\/www.bluelakechem.com\/vi\/wp-json\/wp\/v2\/material?post=3539"},{"taxonomy":"process","embeddable":true,"href":"https:\/\/www.bluelakechem.com\/vi\/wp-json\/wp\/v2\/process?post=3539"},{"taxonomy":"product_brand","embeddable":true,"href":"https:\/\/www.bluelakechem.com\/vi\/wp-json\/wp\/v2\/product_brand?post=3539"},{"taxonomy":"product_cat","embeddable":true,"href":"https:\/\/www.bluelakechem.com\/vi\/wp-json\/wp\/v2\/product_cat?post=3539"},{"taxonomy":"product_tag","embeddable":true,"href":"https:\/\/www.bluelakechem.com\/vi\/wp-json\/wp\/v2\/product_tag?post=3539"}],"curies":[{"name":"wp","href":"https:\/\/api.w.org\/{rel}","templated":true}]}}