{"id":3542,"date":"2026-01-19T05:31:09","date_gmt":"2026-01-19T05:31:09","guid":{"rendered":"https:\/\/www.bluelakechem.com\/?post_type=product&#038;p=3542"},"modified":"2026-01-19T05:31:14","modified_gmt":"2026-01-19T05:31:14","slug":"hydrophobic-silicone-softeners-block-silicone-emulsion-for-cotton-viscose-which-makes-fabrics-soft-and-smooth","status":"publish","type":"product","link":"https:\/\/www.bluelakechem.com\/vi\/product\/hydrophobic-silicone-softeners-block-silicone-emulsion-for-cotton-viscose-which-makes-fabrics-soft-and-smooth\/","title":{"rendered":"Ch\u1ea5t l\u00e0m m\u1ec1m silicone k\u1ef5 n\u01b0\u1edbc Ch\u1ea5t nh\u0169 t\u01b0\u01a1ng silicone cho v\u1ea3i cotton viscose, gi\u00fap v\u1ea3i m\u1ec1m m\u1ea1i v\u00e0 m\u1ecbn m\u00e0ng."},"content":{"rendered":"<h2 class=\"wp-block-heading\">T\u00ednh n\u0103ng c\u1ee7a ch\u1ea5t l\u00e0m m\u1ec1m silicone:<\/h2>\n\n\n\n<ol class=\"wp-block-list\">\n<li>Kh\u00f4ng ch\u1ee9a APEO ho\u1eb7c c\u00e1c ch\u1ea5t h\u00f3a h\u1ecdc b\u1ecb c\u1ea5m. Ph\u00f9 h\u1ee3p v\u1edbi c\u00e1c y\u00eau c\u1ea7u v\u1ec1 b\u1ea3o v\u1ec7 m\u00f4i tr\u01b0\u1eddng. Ph\u00f9 h\u1ee3p v\u1edbi ti\u00eau chu\u1ea9n Otex-100 c\u1ee7a Li\u00ean minh Ch\u00e2u \u00c2u.<\/li>\n\n\n\n<li>\u0110\u1ed9 \u01b0a n\u01b0\u1edbc t\u1ed1t tr\u00ean v\u1ea3i cotton v\u00e0 c\u00e1c lo\u1ea1i v\u1ea3i cotton pha. Kh\u00f4ng \u1ea3nh h\u01b0\u1edfng \u0111\u1ebfn \u0111\u1ed9 \u01b0a n\u01b0\u1edbc tr\u00ean s\u1ee3i h\u00f3a h\u1ecdc.<\/li>\n\n\n\n<li>L\u00e0m cho v\u1ea3i m\u1ec1m m\u1ea1i, m\u1ecbn m\u00e0ng, tinh t\u1ebf v\u00e0 c\u00f3 c\u1ea3m gi\u00e1c m\u01b0\u1ee3t m\u00e0 nh\u01b0 l\u1ee5a.<\/li>\n\n\n\n<li>\u00cdt ng\u1ea3 v\u00e0ng v\u00e0 \u00edt \u0111\u1ed5i m\u00e0u.<\/li>\n\n\n\n<li>T\u00ednh n\u0103ng t\u1ef1 nh\u0169 h\u00f3a, gi\u00fap \u0111\u1ea3m b\u1ea3o \u0111\u1ed9 \u1ed5n \u0111\u1ecbnh c\u1ee7a dung d\u1ecbch. C\u00f3 th\u1ec3 s\u1eed d\u1ee5ng c\u00f9ng v\u1edbi c\u00e1c ch\u1ea5t ph\u1ee5 gia \u0111\u1eb7c bi\u1ec7t (nh\u01b0 ch\u1ea5t t\u1ea9y tr\u1eafng v\u00e0 s\u01a1n) trong c\u00f9ng m\u1ed9t dung d\u1ecbch.<\/li>\n\n\n\n<li>\u0110\u1ed9 \u1ed5n \u0111\u1ecbnh cao. Duy tr\u00ec \u0111\u1ed9 \u1ed5n \u0111\u1ecbnh xu\u1ea5t s\u1eafc trong c\u00e1c \u0111i\u1ec1u ki\u1ec7n pH v\u00e0 nhi\u1ec7t \u0111\u1ed9 kh\u00e1c nhau.<\/li>\n\n\n\n<li>C\u00f3 \u0111\u1ed9 t\u01b0\u01a1ng th\u00edch t\u1ed1t v\u1edbi nhi\u1ec1u lo\u1ea1i v\u1ea3i d\u1ec7t.<\/li>\n\n\n\n<li>Ph\u00f9 h\u1ee3p cho c\u1ea3 qu\u00e1 tr\u00ecnh \u0111\u1ec7m v\u00e0 x\u1ea3.<\/li>\n\n\n\n<li>N\u1ebfu v\u1ea3i th\u00e0nh ph\u1ea9m c\u1ea7n nhu\u1ed9m l\u1ea1i, d\u1ec5 d\u00e0ng lo\u1ea1i b\u1ecf silicone. D\u1ec5 d\u00e0ng s\u1eeda ch\u1eefa m\u00e0u s\u1eafc. D\u1ec5 d\u00e0ng nhu\u1ed9m l\u1ea1i.<\/li>\n<\/ol>\n\n\n\n<h2 class=\"wp-block-heading\">\u1ee8ng d\u1ee5ng c\u1ee7a ch\u1ea5t l\u00e0m m\u1ec1m silicone:<\/h2>\n\n\n\n<p>N\u00f3 c\u00f3 th\u1ec3 \u0111\u01b0\u1ee3c \u00e1p d\u1ee5ng trong qu\u00e1 tr\u00ecnh ho\u00e0n thi\u1ec7n hydrophilic v\u00e0 m\u1ec1m m\u1ea1i cho c\u00e1c lo\u1ea1i v\u1ea3i nh\u01b0 cotton, v\u1ea3i cotton pha, s\u1ee3i t\u1ed5ng h\u1ee3p, s\u1ee3i viscose v\u00e0 v\u1ea3i cotton\/polyester, v.v., gi\u00fap v\u1ea3i tr\u1edf n\u00ean m\u1ec1m m\u1ea1i v\u00e0 m\u1ecbn m\u00e0ng.<\/p>\n\n\n\n<p>S\u1ea3n ph\u1ea9m n\u00e0y \u0111\u1eb7c bi\u1ec7t ph\u00f9 h\u1ee3p cho qu\u00e1 tr\u00ecnh ho\u00e0n thi\u1ec7n si\u00eau m\u1ec1m m\u1ea1i v\u00e0 m\u1ecbn m\u00e0ng cho c\u00e1c lo\u1ea1i v\u1ea3i l\u00e0m t\u1eeb s\u1ee3i t\u1ef1 nhi\u00ean, gi\u00fap v\u1ea3i tr\u1edf n\u00ean m\u1ec1m m\u1ea1i, m\u1ecbn m\u00e0ng, tinh t\u1ebf v\u00e0 c\u00f3 \u0111\u1ed9 b\u00f3ng nh\u01b0 l\u1ee5a.<\/p>\n\n\n\n<h2 class=\"wp-block-heading\">T\u00ednh ch\u1ea5t c\u1ee7a ch\u1ea5t l\u00e0m m\u1ec1m silicone:<\/h2>\n\n\n\n<figure class=\"wp-block-table\"><table class=\"has-fixed-layout\"><tbody><tr><td>V\u1ebb b\u1ec1 ngo\u00e0i:<\/td><td>Ch\u1ea5t l\u1ecfng trong su\u1ed1t m\u00e0u v\u00e0ng nh\u1ea1t<\/td><\/tr><tr><td>T\u00ednh ion:<\/td><td>Cation y\u1ebfu<\/td><\/tr><tr><td>Gi\u00e1 tr\u1ecb pH:<\/td><td>5.0~7.0 (dung d\u1ecbch n\u01b0\u1edbc 1%)<\/td><\/tr><tr><td>\u0110\u1ed9 h\u00f2a tan:<\/td><td>H\u00f2a tan trong n\u01b0\u1edbc<\/td><\/tr><\/tbody><\/table><\/figure>\n\n\n\n<h2 class=\"wp-block-heading\">H\u01b0\u1edbng d\u1eabn s\u1eed d\u1ee5ng ch\u1ea5t l\u00e0m m\u1ec1m silicone:<\/h2>\n\n\n\n<p>1. Quy tr\u00ecnh \u0111\u1ec7m:<\/p>\n\n\n\n<ol class=\"wp-block-list\">\n<li><\/li>\n<\/ol>\n\n\n\n<p>\u0110\u1ed1i v\u1edbi v\u1ea3i nh\u1eb9 v\u00e0 m\u1ecfng, li\u1ec1u l\u01b0\u1ee3ng tham kh\u1ea3o: 10~20 g\/L<\/p>\n\n\n\n<p>\u0110\u1ed1i v\u1edbi v\u1ea3i d\u00e0y v\u00e0 n\u1eb7ng, li\u1ec1u l\u01b0\u1ee3ng tham kh\u1ea3o: 20~30 g\/L<\/p>\n\n\n\n<p>Ph\u1ea1m vi pH t\u1ed1i \u01b0u c\u1ee7a dung d\u1ecbch l\u00e0m vi\u1ec7c: 6.0~7.0<\/p>\n\n\n\n<p>L\u00e0m \u0111\u1ea7y v\u00e0 nh\u00fang (Thu th\u1eadp: 70~90%) \u2192 160~170\u2103 \u00d7 60~90 gi\u00e2y<\/p>\n\n\n\n<p>2. Quy tr\u00ecnh x\u1ea3:<\/p>\n\n\n\n<p>Li\u1ec1u l\u01b0\u1ee3ng tham kh\u1ea3o: 1,0~2,0% (tr\u1ecdng l\u01b0\u1ee3ng kh\u00f4)<\/p>\n\n\n\n<p>T\u1ef7 l\u1ec7 t\u1eafm: 1:20<\/p>\n\n\n\n<p>Quy tr\u00ecnh: 40~50\u2103\u00d710~20 ph\u00fat \u2192 T\u00e1ch n\u01b0\u1edbc \u2192 S\u1ea5y (100~120\u2103)<\/p>\n\n\n\n<p><\/p>","protected":false},"excerpt":{"rendered":"<p>Ch\u1ea5t l\u00e0m m\u1ec1m silicone 76998 l\u00e0 lo\u1ea1i microemulsion silicone hydrophilic \u0111\u01b0\u1ee3c c\u1ea3i ti\u1ebfn m\u1edbi nh\u1ea5t. S\u1ea3n ph\u1ea9m n\u00e0y c\u00f3 th\u1ec3 \u0111\u01b0\u1ee3c s\u1eed d\u1ee5ng trong qu\u00e1 tr\u00ecnh ho\u00e0n thi\u1ec7n hydrophilic v\u00e0 l\u00e0m m\u1ec1m cho c\u00e1c lo\u1ea1i v\u1ea3i nh\u01b0 cotton, v\u1ea3i cotton pha, s\u1ee3i t\u1ed5ng h\u1ee3p, s\u1ee3i viscose v\u00e0 v\u1ea3i cotton\/polyester, v.v., gi\u00fap v\u1ea3i tr\u1edf n\u00ean m\u1ec1m m\u1ea1i v\u00e0 m\u1ecbn m\u00e0ng.N\u00f3 \u0111\u1eb7c bi\u1ec7t ph\u00f9 h\u1ee3p cho qu\u00e1 tr\u00ecnh ho\u00e0n thi\u1ec7n si\u00eau m\u1ec1m m\u1ea1i v\u00e0 m\u1ecbn m\u00e0ng cho v\u1ea3i s\u1ee3i t\u1ef1 nhi\u00ean, gi\u00fap v\u1ea3i tr\u1edf n\u00ean m\u1ec1m m\u1ea1i, m\u1ecbn m\u00e0ng, tinh t\u1ebf v\u00e0 c\u00f3 c\u1ea3m gi\u00e1c nh\u01b0 l\u1ee5a. Tu\u00e2n th\u1ee7 Ti\u00eau chu\u1ea9n Oeko-Tex 100. M\u1eabu mi\u1ec5n ph\u00ed v\u00e0 h\u1ed7 tr\u1ee3 c\u00f4ng th\u1ee9c c\u00f3 s\u1eb5n. H\u00e3y li\u00ean h\u1ec7 v\u1edbi ch\u00fang t\u00f4i ngay h\u00f4m nay!<\/p>\n<p><strong>S\u1ed1 hi\u1ec7u m\u1eabu<\/strong>76998<\/p>\n<p>&nbsp;<\/p>","protected":false},"featured_media":3543,"comment_status":"closed","ping_status":"closed","template":"","meta":{"_acf_changed":false},"material":[26,27,30],"process":[23,42,24],"product_brand":[],"product_cat":[15],"product_tag":[],"class_list":{"0":"post-3542","1":"product","2":"type-product","3":"status-publish","4":"has-post-thumbnail","6":"material-cotton-agent","7":"material-polyester-chemicals","8":"material-viscose-chemicals","9":"process-textile-finishing-chemicals","10":"process-softener","11":"process-silicone-oil","12":"product_cat-uncategorized","14":"first","15":"instock","16":"shipping-taxable","17":"product-type-simple"},"acf":[],"_links":{"self":[{"href":"https:\/\/www.bluelakechem.com\/vi\/wp-json\/wp\/v2\/product\/3542","targetHints":{"allow":["GET"]}}],"collection":[{"href":"https:\/\/www.bluelakechem.com\/vi\/wp-json\/wp\/v2\/product"}],"about":[{"href":"https:\/\/www.bluelakechem.com\/vi\/wp-json\/wp\/v2\/types\/product"}],"replies":[{"embeddable":true,"href":"https:\/\/www.bluelakechem.com\/vi\/wp-json\/wp\/v2\/comments?post=3542"}],"wp:featuredmedia":[{"embeddable":true,"href":"https:\/\/www.bluelakechem.com\/vi\/wp-json\/wp\/v2\/media\/3543"}],"wp:attachment":[{"href":"https:\/\/www.bluelakechem.com\/vi\/wp-json\/wp\/v2\/media?parent=3542"}],"wp:term":[{"taxonomy":"material","embeddable":true,"href":"https:\/\/www.bluelakechem.com\/vi\/wp-json\/wp\/v2\/material?post=3542"},{"taxonomy":"process","embeddable":true,"href":"https:\/\/www.bluelakechem.com\/vi\/wp-json\/wp\/v2\/process?post=3542"},{"taxonomy":"product_brand","embeddable":true,"href":"https:\/\/www.bluelakechem.com\/vi\/wp-json\/wp\/v2\/product_brand?post=3542"},{"taxonomy":"product_cat","embeddable":true,"href":"https:\/\/www.bluelakechem.com\/vi\/wp-json\/wp\/v2\/product_cat?post=3542"},{"taxonomy":"product_tag","embeddable":true,"href":"https:\/\/www.bluelakechem.com\/vi\/wp-json\/wp\/v2\/product_tag?post=3542"}],"curies":[{"name":"wp","href":"https:\/\/api.w.org\/{rel}","templated":true}]}}