{"id":3642,"date":"2026-01-19T06:23:03","date_gmt":"2026-01-19T06:23:03","guid":{"rendered":"https:\/\/www.bluelakechem.com\/?post_type=product&#038;p=3642"},"modified":"2026-01-19T06:23:10","modified_gmt":"2026-01-19T06:23:10","slug":"silicone-oil-concentrateimparts-a-superior-soft-bulky-and-smooth-hand-feel-to-fabrics-while-enhancing-fiber-elasticity-and-shape-recovery","status":"publish","type":"product","link":"https:\/\/www.bluelakechem.com\/vi\/product\/silicone-oil-concentrateimparts-a-superior-soft-bulky-and-smooth-hand-feel-to-fabrics-while-enhancing-fiber-elasticity-and-shape-recovery\/","title":{"rendered":"D\u1ea7u silicone c\u00f4 \u0111\u1eb7c, mang l\u1ea1i c\u1ea3m gi\u00e1c m\u1ec1m m\u1ea1i, d\u00e0y d\u1eb7n v\u00e0 m\u1ecbn m\u00e0ng cho v\u1ea3i, \u0111\u1ed3ng th\u1eddi t\u0103ng c\u01b0\u1eddng \u0111\u1ed9 \u0111\u00e0n h\u1ed3i c\u1ee7a s\u1ee3i v\u00e0 kh\u1ea3 n\u0103ng ph\u1ee5c h\u1ed3i h\u00ecnh d\u1ea1ng."},"content":{"rendered":"<div class=\"wp-block-columns is-layout-flex wp-container-core-columns-is-layout-9d6595d7 wp-block-columns-is-layout-flex\">\n<div class=\"wp-block-column is-layout-flow wp-block-column-is-layout-flow\">\n<figure class=\"wp-block-image size-full\"><img decoding=\"async\" width=\"1024\" height=\"1024\" src=\"https:\/\/www.bluelakechem.com\/wp-content\/uploads\/2026\/01\/Silicone-Oil-Concentrate-72045.webp\" alt=\"Dung d\u1ecbch c\u00f4 \u0111\u1eb7c d\u1ea7u silicone\" class=\"wp-image-3643\" srcset=\"https:\/\/www.bluelakechem.com\/wp-content\/uploads\/2026\/01\/Silicone-Oil-Concentrate-72045.webp 1024w, https:\/\/www.bluelakechem.com\/wp-content\/uploads\/2026\/01\/Silicone-Oil-Concentrate-72045-300x300.webp 300w, https:\/\/www.bluelakechem.com\/wp-content\/uploads\/2026\/01\/Silicone-Oil-Concentrate-72045-150x150.webp 150w, https:\/\/www.bluelakechem.com\/wp-content\/uploads\/2026\/01\/Silicone-Oil-Concentrate-72045-768x768.webp 768w, https:\/\/www.bluelakechem.com\/wp-content\/uploads\/2026\/01\/Silicone-Oil-Concentrate-72045-12x12.webp 12w, https:\/\/www.bluelakechem.com\/wp-content\/uploads\/2026\/01\/Silicone-Oil-Concentrate-72045-600x600.webp 600w, https:\/\/www.bluelakechem.com\/wp-content\/uploads\/2026\/01\/Silicone-Oil-Concentrate-72045-100x100.webp 100w\" sizes=\"(max-width: 1024px) 100vw, 1024px\" \/><\/figure>\n<\/div>\n\n\n\n<div class=\"wp-block-column is-layout-flow wp-block-column-is-layout-flow\">\n<figure class=\"wp-block-image size-full\"><img decoding=\"async\" width=\"1024\" height=\"1024\" src=\"https:\/\/www.bluelakechem.com\/wp-content\/uploads\/2026\/01\/Silicone-Oil-Concentrate-72045-1.webp\" alt=\"Dung d\u1ecbch c\u00f4 \u0111\u1eb7c d\u1ea7u silicone\" class=\"wp-image-3644\" srcset=\"https:\/\/www.bluelakechem.com\/wp-content\/uploads\/2026\/01\/Silicone-Oil-Concentrate-72045-1.webp 1024w, https:\/\/www.bluelakechem.com\/wp-content\/uploads\/2026\/01\/Silicone-Oil-Concentrate-72045-1-300x300.webp 300w, https:\/\/www.bluelakechem.com\/wp-content\/uploads\/2026\/01\/Silicone-Oil-Concentrate-72045-1-150x150.webp 150w, https:\/\/www.bluelakechem.com\/wp-content\/uploads\/2026\/01\/Silicone-Oil-Concentrate-72045-1-768x768.webp 768w, https:\/\/www.bluelakechem.com\/wp-content\/uploads\/2026\/01\/Silicone-Oil-Concentrate-72045-1-12x12.webp 12w, https:\/\/www.bluelakechem.com\/wp-content\/uploads\/2026\/01\/Silicone-Oil-Concentrate-72045-1-600x600.webp 600w, https:\/\/www.bluelakechem.com\/wp-content\/uploads\/2026\/01\/Silicone-Oil-Concentrate-72045-1-100x100.webp 100w\" sizes=\"(max-width: 1024px) 100vw, 1024px\" \/><\/figure>\n<\/div>\n<\/div>\n\n\n\n<div class=\"wp-block-columns is-layout-flex wp-container-core-columns-is-layout-9d6595d7 wp-block-columns-is-layout-flex\">\n<div class=\"wp-block-column is-layout-flow wp-block-column-is-layout-flow\">\n<figure class=\"wp-block-image size-full\"><img decoding=\"async\" width=\"1024\" height=\"1024\" src=\"https:\/\/www.bluelakechem.com\/wp-content\/uploads\/2026\/01\/Silicone-Oil-Concentrate-72045-2.webp\" alt=\"Dung d\u1ecbch c\u00f4 \u0111\u1eb7c d\u1ea7u silicone\" class=\"wp-image-3645\" srcset=\"https:\/\/www.bluelakechem.com\/wp-content\/uploads\/2026\/01\/Silicone-Oil-Concentrate-72045-2.webp 1024w, https:\/\/www.bluelakechem.com\/wp-content\/uploads\/2026\/01\/Silicone-Oil-Concentrate-72045-2-300x300.webp 300w, https:\/\/www.bluelakechem.com\/wp-content\/uploads\/2026\/01\/Silicone-Oil-Concentrate-72045-2-150x150.webp 150w, https:\/\/www.bluelakechem.com\/wp-content\/uploads\/2026\/01\/Silicone-Oil-Concentrate-72045-2-768x768.webp 768w, https:\/\/www.bluelakechem.com\/wp-content\/uploads\/2026\/01\/Silicone-Oil-Concentrate-72045-2-12x12.webp 12w, https:\/\/www.bluelakechem.com\/wp-content\/uploads\/2026\/01\/Silicone-Oil-Concentrate-72045-2-600x600.webp 600w, https:\/\/www.bluelakechem.com\/wp-content\/uploads\/2026\/01\/Silicone-Oil-Concentrate-72045-2-100x100.webp 100w\" sizes=\"(max-width: 1024px) 100vw, 1024px\" \/><\/figure>\n<\/div>\n\n\n\n<div class=\"wp-block-column is-layout-flow wp-block-column-is-layout-flow\">\n<figure class=\"wp-block-image size-full\"><img decoding=\"async\" width=\"1024\" height=\"1024\" src=\"https:\/\/www.bluelakechem.com\/wp-content\/uploads\/2026\/01\/Silicone-Oil-Concentrate-72045-3.webp\" alt=\"Dung d\u1ecbch c\u00f4 \u0111\u1eb7c d\u1ea7u silicone\" class=\"wp-image-3646\" srcset=\"https:\/\/www.bluelakechem.com\/wp-content\/uploads\/2026\/01\/Silicone-Oil-Concentrate-72045-3.webp 1024w, https:\/\/www.bluelakechem.com\/wp-content\/uploads\/2026\/01\/Silicone-Oil-Concentrate-72045-3-300x300.webp 300w, https:\/\/www.bluelakechem.com\/wp-content\/uploads\/2026\/01\/Silicone-Oil-Concentrate-72045-3-150x150.webp 150w, https:\/\/www.bluelakechem.com\/wp-content\/uploads\/2026\/01\/Silicone-Oil-Concentrate-72045-3-768x768.webp 768w, https:\/\/www.bluelakechem.com\/wp-content\/uploads\/2026\/01\/Silicone-Oil-Concentrate-72045-3-12x12.webp 12w, https:\/\/www.bluelakechem.com\/wp-content\/uploads\/2026\/01\/Silicone-Oil-Concentrate-72045-3-600x600.webp 600w, https:\/\/www.bluelakechem.com\/wp-content\/uploads\/2026\/01\/Silicone-Oil-Concentrate-72045-3-100x100.webp 100w\" sizes=\"(max-width: 1024px) 100vw, 1024px\" \/><\/figure>\n<\/div>\n<\/div>\n\n\n\n<div class=\"wp-block-columns is-layout-flex wp-container-core-columns-is-layout-9d6595d7 wp-block-columns-is-layout-flex\">\n<div class=\"wp-block-column is-layout-flow wp-block-column-is-layout-flow\">\n<h2 class=\"wp-block-heading\">\u0110\u1eb7c \u0111i\u1ec3m c\u1ee7a dung d\u1ecbch c\u00f4 \u0111\u1eb7c d\u1ea7u silicone<\/h2>\n\n\n\n<p><strong>M\u1ec1m m\u01b0\u1ee3t nh\u01b0 l\u1ee5a &amp; T\u01b0\u01a1ng th\u00edch r\u1ed9ng r\u00e3i<\/strong><\/p>\n\n\n\n<p>Cung c\u1ea5p c\u1ea3m gi\u00e1c m\u1ec1m m\u1ea1i, d\u00e0y d\u1eb7n v\u00e0 m\u1ecbn m\u00e0ng v\u01b0\u1ee3t tr\u1ed9i cho v\u1ea3i, \u0111\u1ed3ng th\u1eddi t\u0103ng c\u01b0\u1eddng \u0111\u1ed9 \u0111\u00e0n h\u1ed3i c\u1ee7a s\u1ee3i v\u00e0 kh\u1ea3 n\u0103ng ph\u1ee5c h\u1ed3i h\u00ecnh d\u1ea1ng. Ph\u00f9 h\u1ee3p v\u1edbi nhi\u1ec1u lo\u1ea1i s\u1ee3i bao g\u1ed3m cotton, polyester v\u00e0 nylon \u0111\u1ec3 \u0111\u00e1p \u1ee9ng c\u00e1c y\u00eau c\u1ea7u \u0111a d\u1ea1ng c\u1ee7a kh\u00e1ch h\u00e0ng.<\/p>\n\n\n\n<p><strong>C\u00f4ng th\u1ee9c c\u00f3 n\u1ed3ng \u0111\u1ed9 cao &amp; H\u1ec7 th\u1ed1ng logistics t\u1ed1i \u01b0u\u00a0<\/strong><\/p>\n\n\n\n<p>V\u1edbi h\u00e0m l\u01b0\u1ee3ng r\u1eafn 85%, 1 t\u1ea5n dung d\u1ecbch silicone c\u00f4 \u0111\u1eb7c c\u00f3 th\u1ec3 \u0111\u01b0\u1ee3c pha lo\u00e3ng th\u00e0nh kho\u1ea3ng 5 t\u1ea5n dung d\u1ecbch ho\u00e0n ch\u1ec9nh (v\u1edbi n\u1ed3ng \u0111\u1ed9 18%), gi\u00fap gi\u1ea3m \u0111\u00e1ng k\u1ec3 chi ph\u00ed v\u1eadn chuy\u1ec3n \u0111\u01b0\u1eddng d\u00e0i v\u00e0 chi ph\u00ed l\u01b0u kho.<\/p>\n\n\n\n<p><strong>H\u01b0\u1edbng d\u1eabn k\u1ef9 thu\u1eadt &amp; \u1ed4n \u0111\u1ecbnh qu\u00e1 tr\u00ecnh <\/strong><\/p>\n\n\n\n<p>T\u01b0\u01a1ng th\u00edch v\u1edbi thi\u1ebft b\u1ecb t\u1ea1o nh\u0169 t\u01b0\u01a1ng c\u00f3 \u0111\u1ed9 c\u1eaft cao \u0111\u1ec3 t\u1ea1o ra nh\u0169 t\u01b0\u01a1ng vi m\u00f4 ho\u1eb7c nh\u0169 t\u01b0\u01a1ng v\u0129 m\u00f4 \u1ed5n \u0111\u1ecbnh v\u00e0 trong su\u1ed1t. S\u1ea3n ph\u1ea9m \u0111\u01b0\u1ee3c thi\u1ebft k\u1ebf \u0111\u1ec3 s\u1ea3n xu\u1ea5t nh\u0169 t\u01b0\u01a1ng silicone d\u1ea1ng kh\u1ed1i c\u00f3 \u0111\u1ed9 \u1ed5n \u0111\u1ecbnh cao, \u0111\u1ed3ng th\u1eddi gi\u1ea3i quy\u1ebft c\u00e1c v\u1ea5n \u0111\u1ec1 ph\u1ed5 bi\u1ebfn trong ng\u00e0nh nh\u01b0 hi\u1ec7n t\u01b0\u1ee3ng d\u1ea7u n\u1ed5i v\u00e0 kh\u1ea3 n\u0103ng ph\u00e2n t\u00e1n k\u00e9m.<\/p>\n\n\n\n<p><strong>Th\u00e2n thi\u1ec7n v\u1edbi m\u00f4i tr\u01b0\u1eddng &amp; Tu\u00e2n th\u1ee7 quy \u0111\u1ecbnh xu\u1ea5t kh\u1ea9u <\/strong><\/p>\n\n\n\n<p>Kh\u00f4ng ch\u1ee9a c\u00e1c ch\u1ea5t h\u00f3a h\u1ecdc nguy hi\u1ec3m (SVHC) v\u00e0 ch\u1ea5t b\u1ecb c\u1ea5m | Tu\u00e2n th\u1ee7 ti\u00eau chu\u1ea9n OEKO-TEX\u00ae 100 v\u00e0 ZDHC. H\u1ed7 tr\u1ee3 t\u0103ng tr\u01b0\u1edfng xu\u1ea5t kh\u1ea9u cao c\u1ea5p.<\/p>\n\n\n\n<h2 class=\"wp-block-heading\">H\u01b0\u1edbng d\u1eabn s\u1eed d\u1ee5ng dung d\u1ecbch c\u00f4 \u0111\u1eb7c d\u1ea7u silicone<\/h2>\n\n\n\n<ol class=\"wp-block-list\">\n<li>N\u00f3 ph\u00f9 h\u1ee3p cho qu\u00e1 tr\u00ecnh \u0111\u1ec7m v\u00e0 x\u1ea3.<\/li>\n\n\n\n<li>\u0110\u00e2y l\u00e0 d\u1ea7u silicone d\u1ea1ng kh\u1ed1i t\u1ef1 nh\u0169 h\u00f3a c\u00f3 h\u00e0m l\u01b0\u1ee3ng cao. N\u00f3 kh\u00f4ng th\u1ec3 \u0111\u01b0\u1ee3c s\u1eed d\u1ee5ng tr\u1ef1c ti\u1ebfp tr\u00ean v\u1ea3i. Do \u0111\u00f3, n\u00f3 ph\u1ea3i \u0111\u01b0\u1ee3c nh\u0169 h\u00f3a v\u00e0 pha lo\u00e3ng tr\u01b0\u1edbc khi \u00e1p d\u1ee5ng l\u00ean c\u00e1c s\u1ea3n ph\u1ea9m d\u1ec7t may. Qu\u00e1 tr\u00ecnh nh\u0169 h\u00f3a v\u00e0 pha lo\u00e3ng n\u00e0y c\u00f3 th\u1ec3 th\u1ef1c hi\u1ec7n d\u1ec5 d\u00e0ng b\u1eb1ng thi\u1ebft b\u1ecb v\u00e0 quy tr\u00ecnh th\u00f4ng th\u01b0\u1eddng.<\/li>\n\n\n\n<li>Vui l\u00f2ng chu\u1ea9n b\u1ecb t\u1ea5t c\u1ea3 c\u00e1c h\u00f3a ch\u1ea5t tr\u01b0\u1edbc khi pha ch\u1ebf dung d\u1ecbch l\u00e0m vi\u1ec7c.<\/li>\n\n\n\n<li>N\u00ean s\u1eed d\u1ee5ng n\u01b0\u1edbc m\u1ec1m (n\u01b0\u1edbc kh\u1eed ion) \u0111\u1ec3 pha lo\u00e3ng. N\u1ebfu kh\u00f4ng c\u00f3 n\u01b0\u1edbc m\u1ec1m (n\u01b0\u1edbc kh\u1eed ion), vui l\u00f2ng th\u1ef1c hi\u1ec7n th\u1eed nghi\u1ec7m \u1ed5n \u0111\u1ecbnh tr\u01b0\u1edbc khi pha dung d\u1ecbch l\u00e0m vi\u1ec7c.<\/li>\n\n\n\n<li>Ph\u01b0\u01a1ng ph\u00e1p nh\u0169 h\u00f3a:\n<ul class=\"wp-block-list\">\n<li>C\u00f4ng th\u1ee9c (kho\u1ea3ng 20% microemulsion):\n<ul class=\"wp-block-list\">\n<li>D\u1ea7u silicone 72045: 100<\/li>\n\n\n\n<li>Diethylene glycol monobutyl ether: 20<\/li>\n\n\n\n<li>Ch\u1ea5t nh\u0169 h\u00f3a: 10 (Ch\u1ea5t ho\u1ea1t \u0111\u1ed9ng b\u1ec1 m\u1eb7t kh\u00f4ng ion BASF To-5 th\u01b0\u1eddng \u0111\u01b0\u1ee3c s\u1eed d\u1ee5ng.)<\/li>\n\n\n\n<li>Axit axetic + N\u01b0\u1edbc 1:2 + 50 (H\u00f2a tan axit axetic trong n\u01b0\u1edbc.)<\/li>\n\n\n\n<li>N\u01b0\u1edbc 2: 318<\/li>\n\n\n\n<li>(Th\u00eam ch\u1ea5t b\u1ea3o qu\u1ea3n n\u1ebfu c\u1ea7n thi\u1ebft)<\/li>\n\n\n\n<li>T\u1ed5ng c\u1ed9ng: 500 b\u1ed9 ph\u1eadn<\/li>\n<\/ul>\n<\/li>\n\n\n\n<li>Qu\u00e1 tr\u00ecnh nh\u0169 h\u00f3a:\n<ul class=\"wp-block-list\">\n<li>Khu\u1ea5y \u0111\u1ec1u d\u1ea7u silicone 72045 v\u00e0 sau \u0111\u00f3 s\u1eed d\u1ee5ng.<\/li>\n\n\n\n<li>Cho d\u1ea7u silicone 72045 v\u00e0 ch\u1ea5t nh\u0169 h\u00f3a v\u00e0o n\u1ed3i ph\u1ea3n \u1ee9ng v\u00e0 khu\u1ea5y \u0111\u1ec1u trong 10 ph\u00fat cho \u0111\u1ebfn khi h\u1ed7n h\u1ee3p \u0111\u1ed3ng nh\u1ea5t.<\/li>\n\n\n\n<li>Th\u00eam t\u1eeb t\u1eeb axit axetic + N\u01b0\u1edbc 1 v\u00e0 khu\u1ea5y \u0111\u1ec1u trong 10 ph\u00fat.<\/li>\n\n\n\n<li>Th\u00eam kho\u1ea3ng 1\/10 n\u01b0\u1edbc 2 v\u00e0 khu\u1ea5y \u0111\u1ec1u trong 10 ph\u00fat. (N\u1ebfu h\u1ed7n h\u1ee3p tr\u1edf n\u00ean \u0111\u1eb7c nh\u01b0 gel, h\u00e3y th\u00eam m\u1ed9t l\u01b0\u1ee3ng nh\u1ecf n\u01b0\u1edbc \u0111\u1ec3 \u0111\u1ea3m b\u1ea3o h\u1ed7n h\u1ee3p \u0111\u01b0\u1ee3c tr\u1ed9n \u0111\u1ec1u.)<\/li>\n\n\n\n<li>Th\u00eam kho\u1ea3ng 1\/10 n\u01b0\u1edbc 2 v\u00e0 khu\u1ea5y \u0111\u1ec1u trong 5 ph\u00fat.<\/li>\n\n\n\n<li>Th\u00eam kho\u1ea3ng 1\/5 n\u01b0\u1edbc 2 v\u00e0 khu\u1ea5y \u0111\u1ec1u trong 5 ph\u00fat.<\/li>\n\n\n\n<li>Th\u00eam kho\u1ea3ng 1\/5 n\u01b0\u1edbc 2 v\u00e0 khu\u1ea5y \u0111\u1ec1u trong 5 ph\u00fat.<\/li>\n\n\n\n<li>Th\u00eam ph\u1ea7n n\u01b0\u1edbc c\u00f2n l\u1ea1i (N\u01b0\u1edbc 2) v\u00e0 khu\u1ea5y \u0111\u1ec1u trong 5 ph\u00fat.<\/li>\n\n\n\n<li>\u0110\u1eb7t n\u00f3 \u0111\u1ec3 kh\u1eed b\u1ecdt v\u00e0 l\u1ecdc. \u0110i\u1ec1u ch\u1ec9nh gi\u00e1 tr\u1ecb pH t\u1eeb 4 \u0111\u1ebfn 6 b\u1eb1ng l\u01b0\u1ee3ng axit axetic th\u00edch h\u1ee3p. Nh\u0169 t\u01b0\u01a1ng vi m\u00f4 trong su\u1ed1t \u0111\u01b0\u1ee3c thu \u0111\u01b0\u1ee3c.<\/li>\n<\/ul>\n<\/li>\n<\/ul>\n<\/li>\n\n\n\n<li>Quy tr\u00ecnh l\u00e0m m\u1ec1m:\n<ul class=\"wp-block-list\">\n<li>Quy tr\u00ecnh \u0111\u1ec7m:\n<ul class=\"wp-block-list\">\n<li>\u0110\u1ed1i v\u1edbi v\u1ea3i nh\u1eb9 v\u00e0 m\u1ecfng, li\u1ec1u l\u01b0\u1ee3ng tham kh\u1ea3o: 10~20 g\/L<\/li>\n\n\n\n<li>\u0110\u1ed1i v\u1edbi v\u1ea3i d\u00e0y v\u00e0 n\u1eb7ng, li\u1ec1u l\u01b0\u1ee3ng tham kh\u1ea3o: 20~30 g\/L<\/li>\n\n\n\n<li>Ph\u1ea1m vi pH t\u1ed1i \u01b0u c\u1ee7a dung d\u1ecbch l\u00e0m vi\u1ec7c: 6.0~7.0<\/li>\n\n\n\n<li>L\u00e0m \u0111\u1ea7y v\u00e0 nh\u00fang (Thu th\u1eadp: 70~90%) \u2192 160~170\u2103 \u00d7 60~90 gi\u00e2y<\/li>\n<\/ul>\n<\/li>\n\n\n\n<li>Quy tr\u00ecnh x\u1ea3 kh\u00ed:\n<ul class=\"wp-block-list\">\n<li>Li\u1ec1u tham kh\u1ea3o: 0,5~1,0% (tr\u1ecdng l\u01b0\u1ee3ng kh\u00f4)<\/li>\n\n\n\n<li>T\u1ef7 l\u1ec7 t\u1eafm: 1:20<\/li>\n\n\n\n<li>Quy tr\u00ecnh: 40~50\u2103 \u00d7 10~20 ph\u00fat \u2192 L\u1ecdc n\u01b0\u1edbc \u2192 S\u1ea5y kh\u00f4 (100~120\u2103)<\/li>\n<\/ul>\n<\/li>\n<\/ul>\n<\/li>\n<\/ol>\n\n\n\n<h2 class=\"wp-block-heading\">T\u00ednh ch\u1ea5t c\u1ee7a dung d\u1ecbch c\u00f4 \u0111\u1eb7c d\u1ea7u silicone<\/h2>\n\n\n\n<figure class=\"wp-block-table\"><table class=\"has-fixed-layout\"><tbody><tr><td>V\u1ebb b\u1ec1 ngo\u00e0i:<\/td><td>Ch\u1ea5t l\u1ecfng trong su\u1ed1t<\/td><\/tr><tr><td>T\u00ednh ion:<\/td><td>Cation y\u1ebfu<\/td><\/tr><tr><td>Gi\u00e1 tr\u1ecb pH:<\/td><td>6.0~7.0 (dung d\u1ecbch n\u01b0\u1edbc 1%)<\/td><\/tr><tr><td>N\u1ed9i dung:<\/td><td>85~90%<\/td><\/tr><tr><td>\u0110\u1ed9 nh\u1edbt:<\/td><td>3000~6000 mPa\u00b7s (25\u00b0C)<\/td><\/tr><\/tbody><\/table><\/figure>\n<\/div>\n<\/div>","protected":false},"excerpt":{"rendered":"<p><strong><b>Dung d\u1ecbch c\u00f4 \u0111\u1eb7c d\u1ea7u silicone 72045\u00a0<\/b><\/strong>L\u00e0 m\u1ed9t ch\u1ea5t l\u00e0m m\u1ec1m v\u1ea3i s\u00e1ng t\u1ea1o, c\u00f3 th\u1ec3 mang l\u1ea1i cho h\u1ea7u h\u1ebft c\u00e1c lo\u1ea1i v\u1ea3i c\u1ea3m gi\u00e1c m\u1ec1m m\u1ea1i, m\u1ecbn m\u00e0ng v\u00e0 tinh t\u1ebf. \u0110\u00e2y l\u00e0 m\u1ed9t polyme \u0111a th\u00e0nh ph\u1ea7n c\u1ee7a polysiloxane, polyether v\u00e0 polyamine, c\u00f3 kh\u1ea3 n\u0103ng th\u1ea5m s\u00e2u \u0111\u1ec1u v\u00e0o ph\u1ea7n b\u00ean trong c\u1ee7a s\u1ee3i v\u1ea3i v\u00e0 t\u00e1c \u0111\u1ed9ng l\u00ean t\u1eebng s\u1ee3i \u0111\u1ec3 c\u1ea3i thi\u1ec7n hi\u1ec7u su\u1ea5t c\u1ee7a to\u00e0n b\u1ed9 v\u1ea3i.S\u1ea3n ph\u1ea9m c\u00f3 c\u1ea5u tr\u00fac copolymer kh\u1ed1i tuy\u1ebfn t\u00ednh, c\u00f3 kh\u1ea3 n\u0103ng ph\u00e2n t\u00e1n, khu\u1ebfch t\u00e1n v\u00e0 th\u1ea5m s\u00e2u t\u1ed1t tr\u00ean s\u1ee3i v\u1ea3i. \u0110\u1eb7c bi\u1ec7t ph\u00f9 h\u1ee3p cho qu\u00e1 tr\u00ecnh ho\u00e0n thi\u1ec7n si\u00eau m\u1ec1m m\u1ea1i v\u00e0 b\u00f4ng x\u1ed1p cho c\u00e1c lo\u1ea1i v\u1ea3i nh\u01b0 cotton, s\u1ee3i viscose, polyester, polyester\/cotton v\u00e0 nylon. Tu\u00e2n th\u1ee7 ti\u00eau chu\u1ea9n Oeko-Tex Standard 100. H\u00e3y li\u00ean h\u1ec7 v\u1edbi ch\u00fang t\u00f4i \u0111\u1ec3 nh\u1eadn m\u1eabu mi\u1ec5n ph\u00ed ho\u1eb7c t\u01b0 v\u1ea5n chuy\u00ean m\u00f4n v\u1ec1 c\u00f4ng th\u1ee9c!<\/p>\n<p><strong>S\u1ed1 model 72045<\/strong><\/p>","protected":false},"featured_media":3648,"comment_status":"closed","ping_status":"closed","template":"","meta":{"_acf_changed":false},"material":[26,27,28,30],"process":[23,24],"product_brand":[],"product_cat":[15],"product_tag":[48],"class_list":{"0":"post-3642","1":"product","2":"type-product","3":"status-publish","4":"has-post-thumbnail","6":"material-cotton-agent","7":"material-polyester-chemicals","8":"material-nylon-agent","9":"material-viscose-chemicals","10":"process-textile-finishing-chemicals","11":"process-silicone-oil","12":"product_cat-uncategorized","13":"product_tag-new-textile-chemicals","15":"first","16":"instock","17":"shipping-taxable","18":"product-type-simple"},"acf":[],"_links":{"self":[{"href":"https:\/\/www.bluelakechem.com\/vi\/wp-json\/wp\/v2\/product\/3642","targetHints":{"allow":["GET"]}}],"collection":[{"href":"https:\/\/www.bluelakechem.com\/vi\/wp-json\/wp\/v2\/product"}],"about":[{"href":"https:\/\/www.bluelakechem.com\/vi\/wp-json\/wp\/v2\/types\/product"}],"replies":[{"embeddable":true,"href":"https:\/\/www.bluelakechem.com\/vi\/wp-json\/wp\/v2\/comments?post=3642"}],"wp:featuredmedia":[{"embeddable":true,"href":"https:\/\/www.bluelakechem.com\/vi\/wp-json\/wp\/v2\/media\/3648"}],"wp:attachment":[{"href":"https:\/\/www.bluelakechem.com\/vi\/wp-json\/wp\/v2\/media?parent=3642"}],"wp:term":[{"taxonomy":"material","embeddable":true,"href":"https:\/\/www.bluelakechem.com\/vi\/wp-json\/wp\/v2\/material?post=3642"},{"taxonomy":"process","embeddable":true,"href":"https:\/\/www.bluelakechem.com\/vi\/wp-json\/wp\/v2\/process?post=3642"},{"taxonomy":"product_brand","embeddable":true,"href":"https:\/\/www.bluelakechem.com\/vi\/wp-json\/wp\/v2\/product_brand?post=3642"},{"taxonomy":"product_cat","embeddable":true,"href":"https:\/\/www.bluelakechem.com\/vi\/wp-json\/wp\/v2\/product_cat?post=3642"},{"taxonomy":"product_tag","embeddable":true,"href":"https:\/\/www.bluelakechem.com\/vi\/wp-json\/wp\/v2\/product_tag?post=3642"}],"curies":[{"name":"wp","href":"https:\/\/api.w.org\/{rel}","templated":true}]}}