{"id":3749,"date":"2026-04-17T02:14:49","date_gmt":"2026-04-17T02:14:49","guid":{"rendered":"https:\/\/www.bluelakechem.com\/?post_type=product&#038;p=3749"},"modified":"2026-04-17T02:28:46","modified_gmt":"2026-04-17T02:28:46","slug":"cotton-hydro-silicone-58-concentratesilicone-softenermakes-the-fabric-hydrophilic-soft-and-fluffy","status":"publish","type":"product","link":"https:\/\/www.bluelakechem.com\/vi\/product\/cotton-hydro-silicone-58-concentratesilicone-softenermakes-the-fabric-hydrophilic-soft-and-fluffy\/","title":{"rendered":"Cotton Hydro-Silicone (58% Concentrate)Silicone Softener,makes the fabric hydrophilic, soft and fluffy"},"content":{"rendered":"<div class=\"wp-block-columns is-layout-flex wp-container-core-columns-is-layout-9d6595d7 wp-block-columns-is-layout-flex\">\n<div class=\"wp-block-column is-layout-flow wp-block-column-is-layout-flow\"><\/div>\n\n\n\n<div class=\"wp-block-column is-layout-flow wp-block-column-is-layout-flow\">\n<figure class=\"wp-block-embed is-type-video is-provider-youtube wp-block-embed-youtube wp-embed-aspect-9-16 wp-has-aspect-ratio\"><div class=\"wp-block-embed__wrapper\">\n<iframe title=\"#textilechemicals Here is the secret formula to save 70% on your sea freight!\" width=\"422\" height=\"750\" src=\"https:\/\/www.youtube.com\/embed\/h8oLgjE0Kl4?feature=oembed\" frameborder=\"0\" allow=\"accelerometer; autoplay; clipboard-write; encrypted-media; gyroscope; picture-in-picture; web-share\" referrerpolicy=\"strict-origin-when-cross-origin\" allowfullscreen><\/iframe>\n<\/div><\/figure>\n<\/div>\n\n\n\n<div class=\"wp-block-column is-layout-flow wp-block-column-is-layout-flow\"><\/div>\n<\/div>\n\n\n\n<div class=\"wp-block-columns is-layout-flex wp-container-core-columns-is-layout-9d6595d7 wp-block-columns-is-layout-flex\">\n<div class=\"wp-block-column is-layout-flow wp-block-column-is-layout-flow\">\n<h2 class=\"wp-block-heading\">Cotton Hydro-Silicone (58% Concentrate) Features<\/h2>\n\n\n\n<ul class=\"wp-block-list\">\n<li><strong>High Solid Conten<\/strong>t (58%): High-active component blocked silicone oil, optimizing transportation and storage costs.<\/li>\n\n\n\n<li><strong>Easy Emulsification<\/strong>: Excellent self-emulsifying performance; forms stable micro-emulsions with conventional mechanical stirring.<\/li>\n\n\n\n<li><strong>Hydrophilic &amp; SoftHand Feel<\/strong>: Rapid moisture-wicking combined with a silky and elastic handle. Suitable for a wide range of fibers, suitable for\u00a0cotton\u00a0towels and terry fabrics.<\/li>\n\n\n\n<li><strong>Superior Compatibility<\/strong>: \u00a0Specially engineered for high temperature, strong alkali, and high shear conditions. Compatible with dyes, optical brighteners, and thickeners,binder\u00a0minimizing the risk of silicone spotting.\u00a0Stable performance across diverse equipment and complex processing liquors.<\/li>\n\n\n\n<li><strong>Eco-friendly &amp; Compliant<\/strong><\/li>\n\n\n\n<li>Kh\u00f4ng ch\u1ee9a c\u00e1c ch\u1ea5t h\u00f3a h\u1ecdc nguy hi\u1ec3m (SVHC) v\u00e0 ch\u1ea5t b\u1ecb c\u1ea5m | Tu\u00e2n th\u1ee7 ti\u00eau chu\u1ea9n OEKO-TEX\u00ae 100 v\u00e0 ZDHC. H\u1ed7 tr\u1ee3 t\u0103ng tr\u01b0\u1edfng xu\u1ea5t kh\u1ea9u cao c\u1ea5p.<\/li>\n<\/ul>\n\n\n\n<h2 class=\"wp-block-heading\">Cotton Hydro-Silicone (58% Concentrate) Instruction<\/h2>\n\n\n\n<ol class=\"wp-block-list\">\n<li>N\u00f3 ph\u00f9 h\u1ee3p cho qu\u00e1 tr\u00ecnh \u0111\u1ec7m v\u00e0 x\u1ea3.<\/li>\n\n\n\n<li>It is high content block silicone oil. It cannot be directly used on fabrics. So it has to be emulsified and diluted before applying on textiles. It is easy to emulsify and dilute with normal equipment and process.<\/li>\n\n\n\n<li>Vui l\u00f2ng chu\u1ea9n b\u1ecb t\u1ea5t c\u1ea3 c\u00e1c h\u00f3a ch\u1ea5t tr\u01b0\u1edbc khi pha ch\u1ebf dung d\u1ecbch l\u00e0m vi\u1ec7c.<\/li>\n\n\n\n<li>N\u00ean s\u1eed d\u1ee5ng n\u01b0\u1edbc m\u1ec1m (n\u01b0\u1edbc kh\u1eed ion) \u0111\u1ec3 pha lo\u00e3ng. N\u1ebfu kh\u00f4ng c\u00f3 n\u01b0\u1edbc m\u1ec1m (n\u01b0\u1edbc kh\u1eed ion), vui l\u00f2ng th\u1ef1c hi\u1ec7n th\u1eed nghi\u1ec7m \u1ed5n \u0111\u1ecbnh tr\u01b0\u1edbc khi pha dung d\u1ecbch l\u00e0m vi\u1ec7c.<\/li>\n\n\n\n<li>Ph\u01b0\u01a1ng ph\u00e1p nh\u0169 h\u00f3a:\n<ul class=\"wp-block-list\">\n<li>(1)Formulation (about 20% microemulsion):\n<ul class=\"wp-block-list\">\n<li>Silicone Softener\u00a072128: 100<\/li>\n\n\n\n<li>Acetic acid + Water 1: 1 + 50 (Dissolve the acetic acid in the water.)<\/li>\n\n\n\n<li>Water 2: 250<\/li>\n\n\n\n<li>(Th\u00eam ch\u1ea5t b\u1ea3o qu\u1ea3n n\u1ebfu c\u1ea7n thi\u1ebft)<\/li>\n\n\n\n<li>Total: 301 parts<\/li>\n<\/ul>\n<\/li>\n\n\n\n<li>(2)Emulsifying Process:\n<ul class=\"wp-block-list\">\n<li>Stir Silicone Softener\u00a072128 evenly and then use.<\/li>\n\n\n\n<li>Slowly add Acetic acid + Water 1 and stir it fully and evenly for 20 minutes.<\/li>\n\n\n\n<li>Add about 2\/10 Water 2 and stir it fully for 10 minutes.<\/li>\n\n\n\n<li>Add about 2\/10 Water 2 and stir it fully for 5 minutes.<\/li>\n\n\n\n<li>Th\u00eam ph\u1ea7n n\u01b0\u1edbc c\u00f2n l\u1ea1i (N\u01b0\u1edbc 2) v\u00e0 khu\u1ea5y \u0111\u1ec1u trong 5 ph\u00fat.<\/li>\n\n\n\n<li>Place it for defoam and filter. Adjust the pH value to 4~6. The transparent microemulsion is obtained.<\/li>\n<\/ul>\n<\/li>\n<\/ul>\n<\/li>\n\n\n\n<li>Quy tr\u00ecnh l\u00e0m m\u1ec1m:\n<ul class=\"wp-block-list\">\n<li>Quy tr\u00ecnh \u0111\u1ec7m:\n<ul class=\"wp-block-list\">\n<li>\u0110\u1ed1i v\u1edbi v\u1ea3i nh\u1eb9 v\u00e0 m\u1ecfng, li\u1ec1u l\u01b0\u1ee3ng tham kh\u1ea3o: 10~20 g\/L<\/li>\n\n\n\n<li>\u0110\u1ed1i v\u1edbi v\u1ea3i d\u00e0y v\u00e0 n\u1eb7ng, li\u1ec1u l\u01b0\u1ee3ng tham kh\u1ea3o: 20~30 g\/L<\/li>\n\n\n\n<li>Ph\u1ea1m vi pH t\u1ed1i \u01b0u c\u1ee7a dung d\u1ecbch l\u00e0m vi\u1ec7c: 6.0~7.0<\/li>\n\n\n\n<li>L\u00e0m \u0111\u1ea7y v\u00e0 nh\u00fang (Thu th\u1eadp: 70~90%) \u2192 160~170\u2103 \u00d7 60~90 gi\u00e2y<\/li>\n<\/ul>\n<\/li>\n\n\n\n<li>Quy tr\u00ecnh x\u1ea3 kh\u00ed:\n<ul class=\"wp-block-list\">\n<li>Li\u1ec1u l\u01b0\u1ee3ng tham kh\u1ea3o: 1.0~3.0% (owf)<\/li>\n\n\n\n<li>T\u1ef7 l\u1ec7 t\u1eafm: 1:20<\/li>\n\n\n\n<li>Quy tr\u00ecnh: 40~50\u2103 \u00d7 10~20 ph\u00fat \u2192 L\u1ecdc n\u01b0\u1edbc \u2192 S\u1ea5y kh\u00f4 (100~120\u2103)<\/li>\n<\/ul>\n<\/li>\n<\/ul>\n<\/li>\n<\/ol>\n\n\n\n<h2 class=\"wp-block-heading\">Cotton Hydro-Silicone (58% Concentrate) Properties<\/h2>\n\n\n\n<figure class=\"wp-block-table\"><table class=\"has-fixed-layout\"><tbody><tr><td>V\u1ebb b\u1ec1 ngo\u00e0i:<\/td><td>Ch\u1ea5t l\u1ecfng trong su\u1ed1t m\u00e0u v\u00e0ng nh\u1ea1t<\/td><\/tr><tr><td>T\u00ednh ion:<\/td><td>Cation y\u1ebfu<\/td><\/tr><tr><td>Gi\u00e1 tr\u1ecb pH:<\/td><td>6.0~8.0&nbsp;(1% aqueous solution)<\/td><\/tr><tr><td>N\u1ed9i dung:<\/td><td>58~60%<\/td><\/tr><tr><td>\u0110\u1ed9 nh\u1edbt:<\/td><td>400~1000mPa.s (25\u2103)<\/td><\/tr><\/tbody><\/table><\/figure>\n<\/div>\n<\/div>\n\n\n\n<p><\/p>","protected":false},"excerpt":{"rendered":"<p><strong>Cotton Hydro-Silicone (58% Concentrate)72128<\/strong> is an innovative textile softener, which can provide most fabrics with soft and fluffy handle.It is a multipolymer of polysiloxane, polyether and polyamine, which can evenly penetrate into the inner part\u00a0of fibers and act on each fiber\u00a0to\u00a0improve\u00a0the performance of the whole fabric.It has linear block copolymer structure, which has good dispersing, diffusing and penetrating performance on fibers.It is especially suitable for cotton terry and towel, which makes the fabric hydrophilic, soft and fluffy.Oeko-Tex Standard 100 compliant. Contact us for free samples or expert guidance on formulas!<\/p>\n<p><strong>S\u1ed1 hi\u1ec7u m\u1eabu<\/strong><strong>72128<\/strong><\/p>","protected":false},"featured_media":3750,"comment_status":"closed","ping_status":"closed","template":"","meta":{"_acf_changed":false},"material":[26],"process":[23,42,24],"product_brand":[],"product_cat":[15],"product_tag":[48],"class_list":{"0":"post-3749","1":"product","2":"type-product","3":"status-publish","4":"has-post-thumbnail","6":"material-cotton-agent","7":"process-textile-finishing-chemicals","8":"process-softener","9":"process-silicone-oil","10":"product_cat-uncategorized","11":"product_tag-new-textile-chemicals","13":"first","14":"instock","15":"shipping-taxable","16":"product-type-simple"},"acf":[],"_links":{"self":[{"href":"https:\/\/www.bluelakechem.com\/vi\/wp-json\/wp\/v2\/product\/3749","targetHints":{"allow":["GET"]}}],"collection":[{"href":"https:\/\/www.bluelakechem.com\/vi\/wp-json\/wp\/v2\/product"}],"about":[{"href":"https:\/\/www.bluelakechem.com\/vi\/wp-json\/wp\/v2\/types\/product"}],"replies":[{"embeddable":true,"href":"https:\/\/www.bluelakechem.com\/vi\/wp-json\/wp\/v2\/comments?post=3749"}],"wp:featuredmedia":[{"embeddable":true,"href":"https:\/\/www.bluelakechem.com\/vi\/wp-json\/wp\/v2\/media\/3750"}],"wp:attachment":[{"href":"https:\/\/www.bluelakechem.com\/vi\/wp-json\/wp\/v2\/media?parent=3749"}],"wp:term":[{"taxonomy":"material","embeddable":true,"href":"https:\/\/www.bluelakechem.com\/vi\/wp-json\/wp\/v2\/material?post=3749"},{"taxonomy":"process","embeddable":true,"href":"https:\/\/www.bluelakechem.com\/vi\/wp-json\/wp\/v2\/process?post=3749"},{"taxonomy":"product_brand","embeddable":true,"href":"https:\/\/www.bluelakechem.com\/vi\/wp-json\/wp\/v2\/product_brand?post=3749"},{"taxonomy":"product_cat","embeddable":true,"href":"https:\/\/www.bluelakechem.com\/vi\/wp-json\/wp\/v2\/product_cat?post=3749"},{"taxonomy":"product_tag","embeddable":true,"href":"https:\/\/www.bluelakechem.com\/vi\/wp-json\/wp\/v2\/product_tag?post=3749"}],"curies":[{"name":"wp","href":"https:\/\/api.w.org\/{rel}","templated":true}]}}