{"id":403,"date":"2024-11-27T12:33:48","date_gmt":"2024-11-27T12:33:48","guid":{"rendered":"https:\/\/www.bluelakechem.com\/?post_type=product&#038;p=403"},"modified":"2025-11-04T09:17:11","modified_gmt":"2025-11-04T09:17:11","slug":"wetting-agent-in-textile","status":"publish","type":"product","link":"https:\/\/www.bluelakechem.com\/vi\/product\/wetting-agent-in-textile\/","title":{"rendered":"Ch\u1ea5t ho\u1ea1t \u0111\u1ed9ng b\u1ec1 m\u1eb7t kh\u00f4ng ion \u00edt t\u1ea1o b\u1ecdt trong ng\u00e0nh d\u1ec7t may cho v\u1ea3i cotton polyester"},"content":{"rendered":"<div class=\"wp-block-columns is-layout-flex wp-container-core-columns-is-layout-9d6595d7 wp-block-columns-is-layout-flex\">\n<div class=\"wp-block-column is-layout-flow wp-block-column-is-layout-flow\" style=\"flex-basis:50%\">\n<h2 class=\"wp-block-heading\">\u0110\u1eb7c \u0111i\u1ec3m c\u1ee7a ch\u1ea5t l\u00e0m \u01b0\u1edbt trong ng\u00e0nh d\u1ec7t may:<\/h2>\n\n\n\n<p><strong>N\u1ed3ng \u0111\u1ed9 cao, \u00edt b\u1ecdt:<\/strong> Ch\u1ec9 c\u1ea7n m\u1ed9t li\u1ec1u l\u01b0\u1ee3ng r\u1ea5t nh\u1ecf \u0111\u1ec3 th\u1ea9m th\u1ea5u hi\u1ec7u qu\u1ea3 v\u00e0o nhi\u1ec1u quy tr\u00ecnh d\u1ec7t kh\u00e1c nhau, \u0111\u1ea3m b\u1ea3o hi\u1ec7u su\u1ea5t t\u1ed1i \u01b0u v\u1edbi l\u01b0\u1ee3ng b\u1ecdt t\u1ea1o ra th\u1ea5p.<\/p>\n\n\n\n<p><strong>Th\u1ea9m th\u1ea5u nhanh v\u00e0 kh\u1ea3 n\u0103ng th\u1ea5m \u01b0\u1edbt m\u1ea1nh: <\/strong>Th\u1ea5m nhanh v\u00e0o gi\u1eefa c\u00e1c s\u1ee3i \u0111\u1ec3 mang l\u1ea1i hi\u1ec7u qu\u1ea3 \u0111i\u1ec1u tr\u1ecb s\u00e2u v\u00e0 \u0111\u1ec1u \u0111\u1eb7n.<\/p>\n\n\n\n<p><strong>\u0110\u1ed9 \u0111\u1ed3ng \u0111\u1ec1u c\u1ee7a qu\u00e1 tr\u00ecnh nhu\u1ed9m \u0111\u01b0\u1ee3c c\u1ea3i thi\u1ec7n: <\/strong>Ph\u00f9 h\u1ee3p cho c\u00e1c quy tr\u00ecnh in \u1ea5n v\u00e0 nhu\u1ed9m, gi\u00fap gi\u1ea3m thi\u1ec3u s\u1ef1 ch\u00eanh l\u1ec7ch m\u00e0u s\u1eafc, v\u1ec7t ho\u1eb7c \u0111\u1ed1m, \u0111\u1ed3ng th\u1eddi cung c\u1ea5p kh\u1ea3 n\u0103ng th\u1ea5m s\u00e2u v\u00e0 \u0111\u1ed9 \u0111\u1ed3ng \u0111\u1ec1u m\u00e0u s\u1eafc tuy\u1ec7t v\u1eddi.<\/p>\n\n\n\n<p><strong>\u1ee8ng d\u1ee5ng \u0111a n\u0103ng:<\/strong> Ph\u00f9 h\u1ee3p cho c\u00e1c quy tr\u00ecnh ti\u1ec1n x\u1eed l\u00fd, nhu\u1ed9m v\u00e0 ho\u00e0n thi\u1ec7n v\u1ea3i y\u00eau c\u1ea7u \u0111\u1ed9 \u1ea9m \u0111\u1ed3ng \u0111\u1ec1u v\u00e0 k\u1ebft qu\u1ea3 \u1ed5n \u0111\u1ecbnh.<\/p>\n\n\n\n<p><strong>T\u01b0\u01a1ng th\u00edch tuy\u1ec7t v\u1eddi:<\/strong> T\u01b0\u01a1ng th\u00edch ho\u00e0n h\u1ea3o v\u1edbi c\u00e1c ch\u1ea5t t\u1ea9y r\u1eeda, ch\u1ea5t t\u1ea1o x\u00e0 ph\u00f2ng v\u00e0 ch\u1ea5t l\u00e0m m\u1ec1m trong c\u00f9ng m\u1ed9t b\u1ec3 nhu\u1ed9m.<\/p>\n\n\n\n<p><strong>Th\u00e2n thi\u1ec7n v\u1edbi m\u00f4i tr\u01b0\u1eddng v\u00e0 c\u00f3 th\u1ec3 ph\u00e2n h\u1ee7y sinh h\u1ecdc: <\/strong>\u0110\u00e1p \u1ee9ng c\u00e1c ti\u00eau chu\u1ea9n OEKO-TEX\u00ae, ZDHC v\u00e0 REACH.<\/p>\n\n\n\n<h2 class=\"wp-block-heading\">Th\u00f4ng s\u1ed1 k\u1ef9 thu\u1eadt<\/h2>\n\n\n\n<figure class=\"wp-block-table\"><table class=\"has-fixed-layout\"><thead><tr><th>T\u00e0i s\u1ea3n<\/th><th>Th\u00f4ng s\u1ed1 k\u1ef9 thu\u1eadt<\/th><\/tr><\/thead><tbody><tr><td>H\u00ecnh th\u1ee9c<\/td><td>Ch\u1ea5t l\u1ecfng kh\u00f4ng m\u00e0u, trong su\u1ed1t<\/td><\/tr><tr><td>\u0110\u1ed9 ion<\/td><td>Kh\u00f4ng ion<\/td><\/tr><tr><td>pH (dung d\u1ecbch n\u01b0\u1edbc 1%)<\/td><td>~7.0<\/td><\/tr><tr><td>\u0110\u1ed9 tan<\/td><td>D\u1ec5 d\u00e0ng h\u00f2a tan trong n\u01b0\u1edbc<\/td><\/tr><\/tbody><\/table><\/figure>\n\n\n\n<h2 class=\"wp-block-heading\">Li\u1ec1u l\u01b0\u1ee3ng khuy\u1ebfn ngh\u1ecb<\/h2>\n\n\n\n<ul class=\"wp-block-list\">\n<li><strong>Nhu\u1ed9m ng\u00e2m:<\/strong> 1\u20133 g\/L (sau khi pha lo\u00e3ng)<\/li>\n\n\n\n<li><strong>Nhu\u1ed9m v\u1ea3i b\u1eb1ng ph\u01b0\u01a1ng ph\u00e1p pad dyeing:<\/strong> 1\u20133 g\/L (sau khi pha lo\u00e3ng)<\/li>\n\n\n\n<li>T\u1ef7 l\u1ec7 pha lo\u00e3ng tr\u01b0\u1edbc khi s\u1eed d\u1ee5ng: 1:3 \u0111\u1ebfn 1:5<\/li>\n<\/ul>\n\n\n\n<p>Ph\u00f9 h\u1ee3p cho c\u00e1c quy tr\u00ecnh nhu\u1ed9m v\u00e0 ho\u00e0n thi\u1ec7n li\u00ean t\u1ee5c ho\u1eb7c gi\u00e1n \u0111o\u1ea1n, \u0111\u1ea3m b\u1ea3o kh\u1ea3 n\u0103ng th\u1ea5m \u01b0\u1edbt nhanh (trong v\u00f2ng 1 gi\u00e2y) v\u00e0 hi\u1ec7u su\u1ea5t \u1ed5n \u0111\u1ecbnh.<\/p>\n<\/div>\n\n\n\n<div class=\"wp-block-column is-layout-flow wp-block-column-is-layout-flow\" style=\"flex-basis:50%\">\n<figure class=\"wp-block-embed is-type-video is-provider-youtube wp-block-embed-youtube wp-embed-aspect-9-16 wp-has-aspect-ratio\"><div class=\"wp-block-embed__wrapper\">\n<iframe title=\"#textilechemicals \u0110\u1ea1t \u0111\u01b0\u1ee3c \u0111\u1ed9 th\u1ea5m 1S: L\u1ef1a ch\u1ecdn hi\u1ec7u qu\u1ea3 m\u1edbi cho c\u00e1c nh\u00e0 m\u00e1y nhu\u1ed9m\" width=\"422\" height=\"750\" src=\"https:\/\/www.youtube.com\/embed\/rCR1idaUyKA?feature=oembed\" frameborder=\"0\" allow=\"accelerometer; autoplay; clipboard-write; encrypted-media; gyroscope; picture-in-picture; web-share\" referrerpolicy=\"strict-origin-when-cross-origin\" allowfullscreen><\/iframe>\n<\/div><\/figure>\n<\/div>\n<\/div>\n\n\n\n<div class=\"wp-block-columns is-layout-flex wp-container-core-columns-is-layout-9d6595d7 wp-block-columns-is-layout-flex\">\n<div class=\"wp-block-column is-vertically-aligned-center is-layout-flow wp-block-column-is-layout-flow\"><\/div>\n<\/div>","protected":false},"excerpt":{"rendered":"<p>Ch\u1ea5t l\u00e0m \u01b0\u1edbt n\u1ed3ng \u0111\u1ed9 cao v\u00e0 \u00edt b\u1ecdt, li\u1ec1u l\u01b0\u1ee3ng nh\u1ecf c\u00f3 th\u1ec3 c\u00f3 t\u00e1c d\u1ee5ng l\u00e0m \u01b0\u1edbt t\u1ed1t trong t\u1eebng quy tr\u00ecnh d\u1ec7t m\u00e0 kh\u00f4ng t\u1ea1o b\u1ecdt, th\u1eadm ch\u00ed gi\u00fap \u1ee9c ch\u1ebf s\u1ef1 t\u1ea1o b\u1ecdt c\u1ee7a c\u00e1c h\u00f3a ch\u1ea5t kh\u00e1c v\u00e0 c\u00f3 th\u1ec3 \u0111\u01b0\u1ee3c s\u1eed d\u1ee5ng l\u00e0m ch\u1ea5t l\u00e0m \u01b0\u1edbt hi\u1ec7u qu\u1ea3 cao trong quy tr\u00ecnh in v\u00e0 nhu\u1ed9m.<br \/><b>S\u1ed1 hi\u1ec7u m\u1eabu <\/b>11026<\/p>","protected":false},"featured_media":1439,"comment_status":"closed","ping_status":"closed","template":"","meta":{"_acf_changed":false},"material":[26,27,28,29,30,31,32,33,34],"process":[17,18],"product_brand":[],"product_cat":[15],"product_tag":[],"class_list":{"0":"post-403","1":"product","2":"type-product","3":"status-publish","4":"has-post-thumbnail","6":"material-cotton-agent","7":"material-polyester-chemicals","8":"material-nylon-agent","9":"material-acrylic-chemicals","10":"material-viscose-chemicals","11":"material-wool-auxiliary","12":"material-linen-chemicals","13":"material-silk-chemicals","14":"material-fabric-chemicals","15":"process-pretreatment-auxiliaries","16":"process-textile-wetting-agent","17":"product_cat-uncategorized","19":"first","20":"instock","21":"shipping-taxable","22":"product-type-simple"},"acf":[],"_links":{"self":[{"href":"https:\/\/www.bluelakechem.com\/vi\/wp-json\/wp\/v2\/product\/403","targetHints":{"allow":["GET"]}}],"collection":[{"href":"https:\/\/www.bluelakechem.com\/vi\/wp-json\/wp\/v2\/product"}],"about":[{"href":"https:\/\/www.bluelakechem.com\/vi\/wp-json\/wp\/v2\/types\/product"}],"replies":[{"embeddable":true,"href":"https:\/\/www.bluelakechem.com\/vi\/wp-json\/wp\/v2\/comments?post=403"}],"wp:featuredmedia":[{"embeddable":true,"href":"https:\/\/www.bluelakechem.com\/vi\/wp-json\/wp\/v2\/media\/1439"}],"wp:attachment":[{"href":"https:\/\/www.bluelakechem.com\/vi\/wp-json\/wp\/v2\/media?parent=403"}],"wp:term":[{"taxonomy":"material","embeddable":true,"href":"https:\/\/www.bluelakechem.com\/vi\/wp-json\/wp\/v2\/material?post=403"},{"taxonomy":"process","embeddable":true,"href":"https:\/\/www.bluelakechem.com\/vi\/wp-json\/wp\/v2\/process?post=403"},{"taxonomy":"product_brand","embeddable":true,"href":"https:\/\/www.bluelakechem.com\/vi\/wp-json\/wp\/v2\/product_brand?post=403"},{"taxonomy":"product_cat","embeddable":true,"href":"https:\/\/www.bluelakechem.com\/vi\/wp-json\/wp\/v2\/product_cat?post=403"},{"taxonomy":"product_tag","embeddable":true,"href":"https:\/\/www.bluelakechem.com\/vi\/wp-json\/wp\/v2\/product_tag?post=403"}],"curies":[{"name":"wp","href":"https:\/\/api.w.org\/{rel}","templated":true}]}}