{"id":517,"date":"2024-11-28T07:01:45","date_gmt":"2024-11-28T07:01:45","guid":{"rendered":"https:\/\/www.bluelakechem.com\/?post_type=product&#038;p=517"},"modified":"2025-01-17T11:08:25","modified_gmt":"2025-01-17T11:08:25","slug":"sequestering-agent","status":"publish","type":"product","link":"https:\/\/www.bluelakechem.com\/vi\/product\/sequestering-agent\/","title":{"rendered":"Ch\u1ea5t c\u00f4 l\u1eadp h\u00f3a ch\u1ea5t d\u1ec7t may cho ch\u1ea5t ph\u1ee5 gia nhu\u1ed9m v\u1ea3i"},"content":{"rendered":"<div class=\"wp-block-columns is-layout-flex wp-container-core-columns-is-layout-9d6595d7 wp-block-columns-is-layout-flex\">\n<div class=\"wp-block-column is-layout-flow wp-block-column-is-layout-flow\" style=\"flex-basis:50%\">\n<h2 class=\"wp-block-heading\">T\u00ednh n\u0103ng c\u1ee7a t\u00e1c nh\u00e2n c\u00f4 l\u1eadp:<\/h2>\n\n\n\n<p><strong>Chelation hi\u1ec7u qu\u1ea3 cao<\/strong>: C\u00f3 hi\u1ec7u qu\u1ea3 c\u00f4 l\u1eadp nhi\u1ec1u lo\u1ea1i ion kim lo\u1ea1i ph\u1ed5 bi\u1ebfn, ng\u0103n ng\u1eeba s\u1ef1 can thi\u1ec7p c\u1ee7a t\u1ea1p ch\u1ea5t kim lo\u1ea1i trong qu\u00e1 tr\u00ecnh x\u1eed l\u00fd d\u1ec7t may.<\/p>\n\n\n\n<p><strong>C\u1ea3i thi\u1ec7n t\u00e1c \u0111\u1ed9ng ch\u1ea5t l\u01b0\u1ee3ng n\u01b0\u1edbc<\/strong>:Gi\u1ea3m t\u00e1c \u0111\u1ed9ng ti\u00eau c\u1ef1c c\u1ee7a ch\u1ea5t l\u01b0\u1ee3ng n\u01b0\u1edbc \u0111\u1ebfn c\u00e1c quy tr\u00ecnh nh\u01b0 gi\u1eb7t, t\u1ea9y, nhu\u1ed9m, in, x\u00e0 ph\u00f2ng h\u00f3a v\u00e0 ho\u00e0n thi\u1ec7n, \u0111\u1ea3m b\u1ea3o k\u1ebft qu\u1ea3 \u0111\u1ed3ng \u0111\u1ec1u h\u01a1n.<\/p>\n\n\n\n<p><strong>Hi\u1ec7u \u1ee9ng ph\u00e2n t\u00e1n tr\u00ean thu\u1ed1c nhu\u1ed9m<\/strong>: Gi\u00fap ph\u00e2n t\u00e1n thu\u1ed1c nhu\u1ed9m \u0111\u1ec1u h\u01a1n, c\u1ea3i thi\u1ec7n kh\u1ea3 n\u0103ng h\u1ea5p th\u1ee5 thu\u1ed1c nhu\u1ed9m v\u00e0 \u0111\u1ed9 \u0111\u1ed3ng \u0111\u1ec1u m\u00e0u s\u1eafc t\u1ed5ng th\u1ec3 tr\u00ean v\u1ea3i.<\/p>\n\n\n\n<p><strong>T\u0103ng c\u01b0\u1eddng t\u00ednh \u1ed5n \u0111\u1ecbnh x\u1eed l\u00fd<\/strong>: \u1ed4n \u0111\u1ecbnh c\u00e1c quy tr\u00ecnh b\u1eb1ng c\u00e1ch gi\u1ea3m c\u00e1c v\u1ea5n \u0111\u1ec1 do kim lo\u1ea1i g\u00e2y ra, cho ph\u00e9p x\u1eed l\u00fd d\u1ec7t may d\u1ec5 ki\u1ec3m so\u00e1t v\u00e0 c\u00f3 th\u1ec3 d\u1ef1 \u0111o\u00e1n \u0111\u01b0\u1ee3c h\u01a1n.<\/p>\n<\/div>\n\n\n\n<div class=\"wp-block-column is-layout-flow wp-block-column-is-layout-flow\" style=\"flex-basis:50%\">\n<figure class=\"wp-block-embed is-type-video is-provider-youtube wp-block-embed-youtube wp-embed-aspect-16-9 wp-has-aspect-ratio\"><div class=\"wp-block-embed__wrapper\">\n<iframe title=\"H\u00f3a ch\u1ea5t d\u1ec7t may | Ch\u1ea5t c\u00f4 l\u1eadp &amp; ph\u00e2n t\u00e1n11032 | L\u00e0m m\u1ec1m n\u01b0\u1edbc t\u1ed1t h\u01a1n\" width=\"500\" height=\"281\" src=\"https:\/\/www.youtube.com\/embed\/QJTGL-3-IQ8?feature=oembed\" frameborder=\"0\" allow=\"accelerometer; autoplay; clipboard-write; encrypted-media; gyroscope; picture-in-picture; web-share\" referrerpolicy=\"strict-origin-when-cross-origin\" allowfullscreen><\/iframe>\n<\/div><\/figure>\n<\/div>\n<\/div>\n\n\n\n<div class=\"wp-block-columns is-layout-flex wp-container-core-columns-is-layout-9d6595d7 wp-block-columns-is-layout-flex\">\n<div class=\"wp-block-column is-layout-flow wp-block-column-is-layout-flow\">\n<figure class=\"wp-block-image size-full is-style-default\"><img decoding=\"async\" width=\"800\" height=\"600\" src=\"https:\/\/www.bluelakechem.com\/wp-content\/uploads\/2024\/11\/sequestering-agent-1.webp\" alt=\"ch\u1ea5t c\u00f4 l\u1eadp\" class=\"wp-image-522\" srcset=\"https:\/\/www.bluelakechem.com\/wp-content\/uploads\/2024\/11\/sequestering-agent-1.webp 800w, https:\/\/www.bluelakechem.com\/wp-content\/uploads\/2024\/11\/sequestering-agent-1-300x225.webp 300w, https:\/\/www.bluelakechem.com\/wp-content\/uploads\/2024\/11\/sequestering-agent-1-768x576.webp 768w, https:\/\/www.bluelakechem.com\/wp-content\/uploads\/2024\/11\/sequestering-agent-1-600x450.webp 600w\" sizes=\"(max-width: 800px) 100vw, 800px\" \/><\/figure>\n<\/div>\n\n\n\n<div class=\"wp-block-column is-vertically-aligned-center is-layout-flow wp-block-column-is-layout-flow\">\n<h3 class=\"wp-block-heading\">\u1ee8ng d\u1ee5ng c\u1ee7a t\u00e1c nh\u00e2n c\u00f4 l\u1eadp:<\/h3>\n\n\n\n<p><strong>Nhu\u1ed9m &amp; In<\/strong>: C\u1ea7n thi\u1ebft cho qu\u00e1 tr\u00ecnh nhu\u1ed9m v\u00e0 in v\u1ea3i, c\u1ea3i thi\u1ec7n kh\u1ea3 n\u0103ng h\u1ea5p th\u1ee5 thu\u1ed1c nhu\u1ed9m, \u0111\u1ed9 \u0111\u1ed3ng \u0111\u1ec1u m\u00e0u s\u1eafc v\u00e0 ng\u0103n ng\u1eeba s\u1ef1 thay \u0111\u1ed5i m\u00e0u s\u1eafc do nhi\u1ec5m kim lo\u1ea1i trong n\u01b0\u1edbc.<\/p>\n\n\n\n<p><strong>T\u1ea9y r\u1eeda &amp; T\u1ea9y tr\u1eafng<\/strong>:H\u1ed7 tr\u1ee3 qu\u00e1 tr\u00ecnh t\u1ea9y r\u1eeda v\u00e0 t\u1ea9y tr\u1eafng b\u1eb1ng c\u00e1ch trung h\u00f2a c\u00e1c ion kim lo\u1ea1i c\u00f3 th\u1ec3 l\u00e0m m\u1ea5t t\u00ednh \u0111\u1ed3ng nh\u1ea5t c\u1ee7a hi\u1ec7u qu\u1ea3 l\u00e0m s\u1ea1ch v\u00e0 t\u1ea9y tr\u1eafng.<\/p>\n\n\n\n<p><strong>Ho\u00e0n thi\u1ec7n<\/strong>:\u0110\u01b0\u1ee3c s\u1eed d\u1ee5ng trong qu\u00e1 tr\u00ecnh ho\u00e0n thi\u1ec7n \u0111\u1ec3 ng\u0103n ng\u1eeba s\u1ef1 h\u00ecnh th\u00e0nh c\u00e1c ph\u1ee9c h\u1ee3p kim lo\u1ea1i kh\u00f4ng mong mu\u1ed1n, n\u00e2ng cao ch\u1ea5t l\u01b0\u1ee3ng cu\u1ed1i c\u00f9ng c\u1ee7a v\u1ea3i.<\/p>\n<\/div>\n<\/div>\n\n\n\n<p><\/p>","protected":false},"excerpt":{"rendered":"<p>Ch\u1ea5t c\u00f4 l\u1eadp ion kim lo\u1ea1i hi\u1ec7u qu\u1ea3 cao, c\u00f3 th\u1ec3 c\u00f4 l\u1eadp hi\u1ec7u qu\u1ea3 t\u1ea5t c\u1ea3 c\u00e1c lo\u1ea1i ion kim lo\u1ea1i th\u00f4ng th\u01b0\u1eddng, gi\u1ea3m \u1ea3nh h\u01b0\u1edfng c\u1ee7a ch\u1ea5t l\u01b0\u1ee3ng n\u01b0\u1edbc \u0111\u1ebfn qu\u00e1 tr\u00ecnh gi\u1eb7t, t\u1ea9y, nhu\u1ed9m, in, x\u00e0 ph\u00f2ng h\u00f3a v\u00e0 ho\u00e0n thi\u1ec7n, v.v., \u0111\u1ed3ng th\u1eddi c\u00f3 t\u00e1c d\u1ee5ng ph\u00e2n t\u00e1n thu\u1ed1c nhu\u1ed9m.<\/p>\n<p><strong>S\u1ed1 hi\u1ec7u m\u1eabu <\/strong>11032<\/p>","protected":false},"featured_media":1426,"comment_status":"closed","ping_status":"closed","template":"","meta":{"_acf_changed":false},"material":[26,27,28,29,30,31,32,33,34],"process":[20,21],"product_brand":[],"product_cat":[15],"product_tag":[],"class_list":{"0":"post-517","1":"product","2":"type-product","3":"status-publish","4":"has-post-thumbnail","6":"material-cotton-agent","7":"material-polyester-chemicals","8":"material-nylon-agent","9":"material-acrylic-chemicals","10":"material-viscose-chemicals","11":"material-wool-auxiliary","12":"material-linen-chemicals","13":"material-silk-chemicals","14":"material-fabric-chemicals","15":"process-dyeing-auxiliaries","16":"process-sequestering-agent","17":"product_cat-uncategorized","19":"first","20":"instock","21":"shipping-taxable","22":"product-type-simple"},"acf":[],"_links":{"self":[{"href":"https:\/\/www.bluelakechem.com\/vi\/wp-json\/wp\/v2\/product\/517","targetHints":{"allow":["GET"]}}],"collection":[{"href":"https:\/\/www.bluelakechem.com\/vi\/wp-json\/wp\/v2\/product"}],"about":[{"href":"https:\/\/www.bluelakechem.com\/vi\/wp-json\/wp\/v2\/types\/product"}],"replies":[{"embeddable":true,"href":"https:\/\/www.bluelakechem.com\/vi\/wp-json\/wp\/v2\/comments?post=517"}],"wp:featuredmedia":[{"embeddable":true,"href":"https:\/\/www.bluelakechem.com\/vi\/wp-json\/wp\/v2\/media\/1426"}],"wp:attachment":[{"href":"https:\/\/www.bluelakechem.com\/vi\/wp-json\/wp\/v2\/media?parent=517"}],"wp:term":[{"taxonomy":"material","embeddable":true,"href":"https:\/\/www.bluelakechem.com\/vi\/wp-json\/wp\/v2\/material?post=517"},{"taxonomy":"process","embeddable":true,"href":"https:\/\/www.bluelakechem.com\/vi\/wp-json\/wp\/v2\/process?post=517"},{"taxonomy":"product_brand","embeddable":true,"href":"https:\/\/www.bluelakechem.com\/vi\/wp-json\/wp\/v2\/product_brand?post=517"},{"taxonomy":"product_cat","embeddable":true,"href":"https:\/\/www.bluelakechem.com\/vi\/wp-json\/wp\/v2\/product_cat?post=517"},{"taxonomy":"product_tag","embeddable":true,"href":"https:\/\/www.bluelakechem.com\/vi\/wp-json\/wp\/v2\/product_tag?post=517"}],"curies":[{"name":"wp","href":"https:\/\/api.w.org\/{rel}","templated":true}]}}