{"id":525,"date":"2024-11-28T07:56:55","date_gmt":"2024-11-28T07:56:55","guid":{"rendered":"https:\/\/www.bluelakechem.com\/?post_type=product&#038;p=525"},"modified":"2025-01-17T11:16:50","modified_gmt":"2025-01-17T11:16:50","slug":"leveling-agent","status":"publish","type":"product","link":"https:\/\/www.bluelakechem.com\/vi\/product\/leveling-agent\/","title":{"rendered":"Ch\u1ea5t tr\u1ee3 nhu\u1ed9m l\u00e0m ph\u1eb3ng v\u1ea3i cotton"},"content":{"rendered":"<div class=\"wp-block-columns is-layout-flex wp-container-core-columns-is-layout-9d6595d7 wp-block-columns-is-layout-flex\">\n<div class=\"wp-block-column is-layout-flow wp-block-column-is-layout-flow\" style=\"flex-basis:50%\">\n<h2 class=\"wp-block-heading\">T\u00ednh n\u0103ng c\u1ee7a ch\u1ea5t l\u00e0m ph\u1eb3ng:<\/h2>\n\n\n\n<p><strong>C\u00e2n b\u1eb1ng hi\u1ec7u su\u1ea5t cao<\/strong>\u0110\u01b0\u1ee3c thi\u1ebft k\u1ebf ri\u00eang cho v\u1ea3i cotton, ch\u1ea5t l\u00e0m ph\u1eb3ng n\u00e0y c\u1ea3i thi\u1ec7n s\u1ef1 ph\u00e2n t\u00e1n c\u1ee7a thu\u1ed1c nhu\u1ed9m, \u0111\u1ea3m b\u1ea3o s\u1ef1 ph\u00e2n b\u1ed1 \u0111\u1ec1u tr\u00ean to\u00e0n b\u1ed9 b\u1ec1 m\u1eb7t v\u1ea3i.<\/p>\n\n\n\n<p><strong>T\u00e1ch c\u00e1c ion kim lo\u1ea1i<\/strong>Hi\u1ec7u qu\u1ea3 trung h\u00f2a c\u00e1c ion kim lo\u1ea1i trong b\u1ec3 nhu\u1ed9m, ng\u0103n ch\u1eb7n c\u00e1c ph\u1ea3n \u1ee9ng kh\u00f4ng mong mu\u1ed1n v\u00e0 \u0111\u1ea3m b\u1ea3o k\u1ebft qu\u1ea3 nhu\u1ed9m \u0111\u1ed3ng \u0111\u1ec1u.<\/p>\n\n\n\n<p><strong>\u1ed4n \u0111\u1ecbnh c\u1ee7a b\u1ec3 nhu\u1ed9m<\/strong>: Duy tr\u00ec s\u1ef1 \u1ed5n \u0111\u1ecbnh c\u1ee7a b\u1ec3 nhu\u1ed9m, cho ph\u00e9p th\u1eddi gian x\u1eed l\u00fd d\u00e0i h\u01a1n v\u00e0 qu\u00e1 tr\u00ecnh nhu\u1ed9m \u0111\u1ec1u h\u01a1n.<\/p>\n\n\n\n<p><strong>Qu\u00e1 tr\u00ecnh nhu\u1ed9m th\u00e0nh c\u00f4ng c\u00e1c lo\u1ea1i thu\u1ed1c nhu\u1ed9m tr\u1ef1c ti\u1ebfp v\u00e0 ph\u1ea3n \u1ee9ng<\/strong>H\u1ed7 tr\u1ee3 c\u1ea3 thu\u1ed1c nhu\u1ed9m tr\u1ef1c ti\u1ebfp v\u00e0 thu\u1ed1c nhu\u1ed9m ph\u1ea3n \u1ee9ng, \u0111\u1ea3m b\u1ea3o k\u1ebft qu\u1ea3 nhu\u1ed9m th\u00e0nh c\u00f4ng v\u00e0 nh\u1ea5t qu\u00e1n trong qu\u00e1 tr\u00ecnh nhu\u1ed9m.<\/p>\n\n\n\n<h3 class=\"wp-block-heading\">\u1ee8ng d\u1ee5ng ch\u1ea5t \u0111i\u1ec1u ch\u1ec9nh \u0111\u1ed9 ph\u1eb3ng:<\/h3>\n\n\n\n<p><strong>Nhu\u1ed9m v\u1ea3i cotton<\/strong>: L\u00fd t\u01b0\u1edfng cho vi\u1ec7c nhu\u1ed9m v\u1ea3i cotton, gi\u00fap t\u0103ng c\u01b0\u1eddng \u0111\u1ed9 \u0111\u1ed3ng \u0111\u1ec1u c\u1ee7a m\u00e0u s\u1eafc v\u00e0 ng\u0103n ng\u1eeba v\u1ec7t m\u00e0u ho\u1eb7c ph\u00e2n b\u1ed1 m\u00e0u kh\u00f4ng \u0111\u1ec1u.<\/p>\n\n\n\n<p><strong>M\u00e0u tr\u1ef1c ti\u1ebfp v\u00e0 m\u00e0u ph\u1ea3n \u1ee9ng<\/strong>Ph\u00f9 h\u1ee3p \u0111\u1ec3 s\u1eed d\u1ee5ng v\u1edbi nhi\u1ec1u lo\u1ea1i thu\u1ed1c nhu\u1ed9m kh\u00e1c nhau, bao g\u1ed3m thu\u1ed1c nhu\u1ed9m tr\u1ef1c ti\u1ebfp v\u00e0 thu\u1ed1c nhu\u1ed9m ph\u1ea3n \u1ee9ng, \u0111\u1ea3m b\u1ea3o k\u1ebft qu\u1ea3 ch\u1ea5t l\u01b0\u1ee3ng cao.<\/p>\n\n\n\n<p><strong>Ki\u1ec3m so\u00e1t qu\u00e1 tr\u00ecnh nhu\u1ed9m<\/strong>: \u1ed4n \u0111\u1ecbnh b\u1ec3 nhu\u1ed9m, \u0111\u1ea3m b\u1ea3o qu\u00e1 tr\u00ecnh nhu\u1ed9m di\u1ec5n ra tr\u01a1n tru v\u00e0 kh\u00f4ng b\u1ecb gi\u00e1n \u0111o\u1ea1n, cho ra m\u00e0u s\u1eafc \u0111\u1ec1u v\u00e0 r\u1ef1c r\u1ee1.<\/p>\n<\/div>\n\n\n\n<div class=\"wp-block-column is-layout-flow wp-block-column-is-layout-flow\" style=\"flex-basis:50%\">\n<figure class=\"wp-block-image size-full\"><img decoding=\"async\" width=\"612\" height=\"408\" src=\"https:\/\/www.bluelakechem.com\/wp-content\/uploads\/2024\/11\/leveling-agent-2.webp\" alt=\"ch\u1ea5t l\u00e0m ph\u1eb3ng \" class=\"wp-image-527\" srcset=\"https:\/\/www.bluelakechem.com\/wp-content\/uploads\/2024\/11\/leveling-agent-2.webp 612w, https:\/\/www.bluelakechem.com\/wp-content\/uploads\/2024\/11\/leveling-agent-2-300x200.webp 300w, https:\/\/www.bluelakechem.com\/wp-content\/uploads\/2024\/11\/leveling-agent-2-600x400.webp 600w\" sizes=\"(max-width: 612px) 100vw, 612px\" \/><\/figure>\n<\/div>\n<\/div>","protected":false},"excerpt":{"rendered":"<p>Ch\u1ea5t l\u00e0m \u0111\u1ec1u m\u00e0u hi\u1ec7u qu\u1ea3 cao cho v\u1ea3i cotton, c\u00f3 th\u1ec3 c\u1ea3i thi\u1ec7n hi\u1ec7u qu\u1ea3 kh\u1ea3 n\u0103ng ph\u00e2n t\u00e1n thu\u1ed1c nhu\u1ed9m, c\u00f4 l\u1eadp c\u00e1c ion kim lo\u1ea1i, duy tr\u00ec \u0111\u1ed9 \u1ed5n \u0111\u1ecbnh c\u1ee7a dung d\u1ecbch nhu\u1ed9m, gi\u00fap nhu\u1ed9m thu\u1ed1c nhu\u1ed9m tr\u1ef1c ti\u1ebfp v\u00e0 thu\u1ed1c nhu\u1ed9m ho\u1ea1t t\u00ednh th\u00e0nh c\u00f4ng, \u0111\u1ea1t \u0111\u01b0\u1ee3c \u0111\u1ed9 nhu\u1ed9m \u0111\u1ec1u.<\/p>\n<p><strong>S\u1ed1 hi\u1ec7u m\u1eabu <\/strong>22005<\/p>","protected":false},"featured_media":1428,"comment_status":"closed","ping_status":"closed","template":"","meta":{"_acf_changed":false},"material":[26],"process":[20,38],"product_brand":[],"product_cat":[15],"product_tag":[],"class_list":{"0":"post-525","1":"product","2":"type-product","3":"status-publish","4":"has-post-thumbnail","6":"material-cotton-agent","7":"process-dyeing-auxiliaries","8":"process-disperse-leveling-agent","9":"product_cat-uncategorized","11":"first","12":"instock","13":"shipping-taxable","14":"product-type-simple"},"acf":[],"_links":{"self":[{"href":"https:\/\/www.bluelakechem.com\/vi\/wp-json\/wp\/v2\/product\/525","targetHints":{"allow":["GET"]}}],"collection":[{"href":"https:\/\/www.bluelakechem.com\/vi\/wp-json\/wp\/v2\/product"}],"about":[{"href":"https:\/\/www.bluelakechem.com\/vi\/wp-json\/wp\/v2\/types\/product"}],"replies":[{"embeddable":true,"href":"https:\/\/www.bluelakechem.com\/vi\/wp-json\/wp\/v2\/comments?post=525"}],"wp:featuredmedia":[{"embeddable":true,"href":"https:\/\/www.bluelakechem.com\/vi\/wp-json\/wp\/v2\/media\/1428"}],"wp:attachment":[{"href":"https:\/\/www.bluelakechem.com\/vi\/wp-json\/wp\/v2\/media?parent=525"}],"wp:term":[{"taxonomy":"material","embeddable":true,"href":"https:\/\/www.bluelakechem.com\/vi\/wp-json\/wp\/v2\/material?post=525"},{"taxonomy":"process","embeddable":true,"href":"https:\/\/www.bluelakechem.com\/vi\/wp-json\/wp\/v2\/process?post=525"},{"taxonomy":"product_brand","embeddable":true,"href":"https:\/\/www.bluelakechem.com\/vi\/wp-json\/wp\/v2\/product_brand?post=525"},{"taxonomy":"product_cat","embeddable":true,"href":"https:\/\/www.bluelakechem.com\/vi\/wp-json\/wp\/v2\/product_cat?post=525"},{"taxonomy":"product_tag","embeddable":true,"href":"https:\/\/www.bluelakechem.com\/vi\/wp-json\/wp\/v2\/product_tag?post=525"}],"curies":[{"name":"wp","href":"https:\/\/api.w.org\/{rel}","templated":true}]}}