{"id":614,"date":"2024-11-28T13:04:18","date_gmt":"2024-11-28T13:04:18","guid":{"rendered":"https:\/\/www.bluelakechem.com\/?post_type=product&#038;p=614"},"modified":"2025-06-05T08:04:08","modified_gmt":"2025-06-05T08:04:08","slug":"soaping-agent","status":"publish","type":"product","link":"https:\/\/www.bluelakechem.com\/vi\/product\/soaping-agent\/","title":{"rendered":"Ch\u1ea5t x\u00e0 ph\u00f2ng H\u00f3a ch\u1ea5t d\u1ec7t cho v\u1ea3i cotton Ph\u1ee5 gia nhu\u1ed9m"},"content":{"rendered":"<figure class=\"wp-block-embed is-type-video is-provider-youtube wp-block-embed-youtube wp-embed-aspect-16-9 wp-has-aspect-ratio\"><div class=\"wp-block-embed__wrapper\">\n<iframe title=\"Ti\u1ebft ki\u1ec7m m\u1ed9t l\u1ea7n n\u01b0\u1edbc t\u1eafm &amp; Ti\u1ebft ki\u1ec7m m\u1ed9t gi\u1edd! Chi ph\u00ed x\u00e0 ph\u00f2ng gi\u1ea3m m\u1ed9t n\u1eeda! Gi\u1ea3m \u00f4 nhi\u1ec5m th\u1ee9 c\u1ea5p.\" width=\"500\" height=\"281\" src=\"https:\/\/www.youtube.com\/embed\/iG2EMrzW0gA?feature=oembed\" frameborder=\"0\" allow=\"accelerometer; autoplay; clipboard-write; encrypted-media; gyroscope; picture-in-picture; web-share\" referrerpolicy=\"strict-origin-when-cross-origin\" allowfullscreen><\/iframe>\n<\/div><\/figure>\n\n\n\n<div class=\"wp-block-columns is-layout-flex wp-container-core-columns-is-layout-9d6595d7 wp-block-columns-is-layout-flex\">\n<div class=\"wp-block-column is-layout-flow wp-block-column-is-layout-flow\" style=\"flex-basis:50%\">\n<h2 class=\"wp-block-heading\">T\u00ednh n\u0103ng c\u1ee7a ch\u1ea5t t\u1ea1o x\u00e0 ph\u00f2ng:<\/h2>\n\n\n\n<p><strong>Ng\u0103n ng\u1eeba nhu\u1ed9m ng\u01b0\u1ee3c<\/strong>: Ng\u0103n ng\u1eeba hi\u1ec7u qu\u1ea3 t\u00ecnh tr\u1ea1ng nhu\u1ed9m ng\u01b0\u1ee3c t\u1eeb thu\u1ed1c nhu\u1ed9m tr\u1ef1c ti\u1ebfp v\u00e0 thu\u1ed1c nhu\u1ed9m ph\u1ea3n \u1ee9ng, \u0111\u1ea3m b\u1ea3o k\u1ebft qu\u1ea3 nhu\u1ed9m \u0111\u1ed3ng \u0111\u1ec1u.<\/p>\n\n\n\n<p><strong>Ng\u0103n ng\u1eeba x\u1ec9n m\u00e0u<\/strong>: Ng\u0103n ng\u1eeba v\u1ea3i b\u1ecb x\u1ec9n m\u00e0u v\u00e0 phai m\u00e0u trong qu\u00e1 tr\u00ecnh gi\u1eb7t sau khi in, duy tr\u00ec \u0111\u1ed9 s\u00e1ng ban \u0111\u1ea7u c\u1ee7a v\u1ea3i.<\/p>\n\n\n\n<p><strong>C\u1ea3i thi\u1ec7n \u0111\u1ed9 b\u1ec1n m\u00e0u<\/strong>: T\u0103ng \u0111\u00e1ng k\u1ec3 \u0111\u1ed9 b\u1ec1n m\u00e0u khi gi\u1eb7t, gi\u00fap m\u00e0u s\u1eafc lu\u00f4n t\u01b0\u01a1i t\u1eafn v\u00e0 b\u1ec1n l\u00e2u.<\/p>\n\n\n\n<p><strong>\u1ee8ng d\u1ee5ng \u0111a n\u0103ng<\/strong>: \u0110\u01b0\u1ee3c thi\u1ebft k\u1ebf chuy\u00ean bi\u1ec7t cho c\u00e1c s\u1ee3i cellulose nh\u01b0 cotton, c\u1ea3i thi\u1ec7n hi\u1ec7u su\u1ea5t nhu\u1ed9m.<\/p>\n\n\n\n<p><strong>Th\u00e2n thi\u1ec7n v\u1edbi m\u00f4i tr\u01b0\u1eddng v\u00e0 an to\u00e0n<\/strong>:\u0110\u01b0\u1ee3c l\u00e0m t\u1eeb c\u00e1c th\u00e0nh ph\u1ea7n h\u00f3a h\u1ecdc kh\u00f4ng g\u00e2y h\u1ea1i, tu\u00e2n th\u1ee7 c\u00e1c ti\u00eau chu\u1ea9n v\u1ec1 m\u00f4i tr\u01b0\u1eddng, \u0111\u1ea3m b\u1ea3o an to\u00e0n khi s\u1eed d\u1ee5ng.<\/p>\n\n\n\n<h2 class=\"wp-block-heading\">T\u00ednh ch\u1ea5t c\u1ee7a ch\u1ea5t t\u1ea1o b\u1ecdt\uff1a<\/h2>\n\n\n\n<figure class=\"wp-block-table\"><table class=\"has-fixed-layout\"><tbody><tr><td>V\u1ebb b\u1ec1 ngo\u00e0i:<\/td><td>B\u1ed9t tr\u1eafng<\/td><\/tr><tr><td>T\u00ednh ion:<\/td><td>Kh\u00f4ng ion<\/td><\/tr><tr><td>Gi\u00e1 tr\u1ecb pH:<\/td><td>12,0 \u00b1 1,0 (dung d\u1ecbch n\u01b0\u1edbc 1%)<\/td><\/tr><tr><td>\u0110\u1ed9 h\u00f2a tan:<\/td><td>H\u00f2a tan trong n\u01b0\u1edbc<\/td><\/tr><\/tbody><\/table><\/figure>\n<\/div>\n\n\n\n<div class=\"wp-block-column is-layout-flow wp-block-column-is-layout-flow\" style=\"flex-basis:50%\">\n<h2 class=\"wp-block-heading\">\u1ee8ng d\u1ee5ng c\u1ee7a ch\u1ea5t x\u00e0 ph\u00f2ng:<\/h2>\n\n\n\n<p><strong>Nhu\u1ed9m v\u1ea3i cotton<\/strong>: Th\u00edch h\u1ee3p \u0111\u1ec3 nhu\u1ed9m v\u1ea3i cotton v\u00e0 c\u00e1c lo\u1ea1i v\u1ea3i l\u00e0m t\u1eeb xenlulo kh\u00e1c, gi\u00fap n\u00e2ng cao k\u1ebft qu\u1ea3 nhu\u1ed9m.<\/p>\n\n\n\n<p><strong>R\u1eeda sau khi in: <\/strong>Th\u00edch h\u1ee3p \u0111\u1ec3 gi\u1eb7t sau khi in v\u1ea3i, tr\u00e1nh phai m\u00e0u v\u00e0 h\u01b0 h\u1ecfng.<strong>T\u00d4I<\/strong><\/p>\n\n\n\n<p><strong>nhu\u1ed9m c\u00f4ng nghi\u1ec7p<\/strong>: \u0110\u01b0\u1ee3c s\u1eed d\u1ee5ng r\u1ed9ng r\u00e3i trong c\u00e1c nh\u00e0 m\u00e1y d\u1ec7t, nh\u00e0 m\u00e1y nhu\u1ed9m v\u00e0 ho\u00e0n thi\u1ec7n cho c\u00e1c qu\u00e1 tr\u00ecnh nhu\u1ed9m quy m\u00f4 l\u1edbn.<\/p>\n\n\n\n<p><strong>Nhu\u1ed9m ch\u1ea5t l\u01b0\u1ee3ng cao<\/strong>: Th\u00edch h\u1ee3p cho c\u00e1c quy tr\u00ecnh nhu\u1ed9m cao c\u1ea5p, \u0111\u1ea3m b\u1ea3o v\u1ea3i gi\u1eef \u0111\u01b0\u1ee3c m\u00e0u s\u1eafc r\u1ef1c r\u1ee1 v\u00e0 \u0111\u1ed9 \u1ed5n \u0111\u1ecbnh.<\/p>\n\n\n\n<h2 class=\"wp-block-heading\">H\u01b0\u1edbng d\u1eabn s\u1eed d\u1ee5ng ch\u1ea5t t\u1ea1o b\u1ecdt: Li\u1ec1u l\u01b0\u1ee3ng tham kh\u1ea3o:<\/h2>\n\n\n\n<p>M\u00e0u s\u00e1ng: 0,2~0,3 g\/L, 85~95\u2103 \u00d7 10~15 ph\u00fat<\/p>\n\n\n\n<p>M\u00e0u trung b\u00ecnh: 0,4~0,5 g\/L, 85~95\u2103 \u00d7 10~15 ph\u00fat<\/p>\n\n\n\n<p>M\u00e0u t\u1ed1i: 0,6~0,8 g\/L, 85~95\u2103 \u00d7 10~15 ph\u00fat<\/p>\n<\/div>\n<\/div>","protected":false},"excerpt":{"rendered":"<p>Ch\u1ea5t x\u00e0 ph\u00f2ng h\u00f3a cho s\u1ee3i xenlulo c\u00f3 th\u1ec3 ng\u0103n ng\u1eeba nhu\u1ed9m ng\u01b0\u1ee3c thu\u1ed1c nhu\u1ed9m tr\u1ef1c ti\u1ebfp v\u00e0 thu\u1ed1c nhu\u1ed9m ho\u1ea1t t\u00ednh, ng\u0103n ng\u1eeba x\u1ec9n m\u00e0u trong qu\u00e1 tr\u00ecnh gi\u1eb7t sau khi in v\u00e0 c\u1ea3i thi\u1ec7n \u0111\u1ed9 b\u1ec1n m\u00e0u khi gi\u1eb7t v\u00e0 \u0111\u1ed9 s\u00e1ng c\u1ee7a thu\u1ed1c nhu\u1ed9m.<\/p>\n<p><strong>S\u1ed1 hi\u1ec7u m\u1eabu <\/strong>23111<\/p>\n<p><img decoding=\"async\" class=\"alignnone wp-image-2311 size-full\" src=\"https:\/\/www.bluelakechem.com\/wp-content\/uploads\/2024\/11\/Non-phosphate-Foamless-Soaping-Powder-23111.webp\" alt=\"B\u1ed9t x\u00e0 ph\u00f2ng kh\u00f4ng ch\u1ee9a phosphate v\u00e0 kh\u00f4ng t\u1ea1o b\u1ecdt\" width=\"2256\" height=\"1181\" srcset=\"https:\/\/www.bluelakechem.com\/wp-content\/uploads\/2024\/11\/Non-phosphate-Foamless-Soaping-Powder-23111.webp 2256w, https:\/\/www.bluelakechem.com\/wp-content\/uploads\/2024\/11\/Non-phosphate-Foamless-Soaping-Powder-23111-300x157.webp 300w, https:\/\/www.bluelakechem.com\/wp-content\/uploads\/2024\/11\/Non-phosphate-Foamless-Soaping-Powder-23111-768x402.webp 768w, https:\/\/www.bluelakechem.com\/wp-content\/uploads\/2024\/11\/Non-phosphate-Foamless-Soaping-Powder-23111-18x9.webp 18w, https:\/\/www.bluelakechem.com\/wp-content\/uploads\/2024\/11\/Non-phosphate-Foamless-Soaping-Powder-23111-1200x628.webp 1200w, https:\/\/www.bluelakechem.com\/wp-content\/uploads\/2024\/11\/Non-phosphate-Foamless-Soaping-Powder-23111-600x314.webp 600w\" sizes=\"(max-width: 2256px) 100vw, 2256px\" \/><\/p>","protected":false},"featured_media":1429,"comment_status":"closed","ping_status":"closed","template":"","meta":{"_acf_changed":false},"material":[26,30,32],"process":[20,40],"product_brand":[],"product_cat":[15],"product_tag":[],"class_list":{"0":"post-614","1":"product","2":"type-product","3":"status-publish","4":"has-post-thumbnail","6":"material-cotton-agent","7":"material-viscose-chemicals","8":"material-linen-chemicals","9":"process-dyeing-auxiliaries","10":"process-soaping-agent","11":"product_cat-uncategorized","13":"first","14":"instock","15":"shipping-taxable","16":"product-type-simple"},"acf":[],"_links":{"self":[{"href":"https:\/\/www.bluelakechem.com\/vi\/wp-json\/wp\/v2\/product\/614","targetHints":{"allow":["GET"]}}],"collection":[{"href":"https:\/\/www.bluelakechem.com\/vi\/wp-json\/wp\/v2\/product"}],"about":[{"href":"https:\/\/www.bluelakechem.com\/vi\/wp-json\/wp\/v2\/types\/product"}],"replies":[{"embeddable":true,"href":"https:\/\/www.bluelakechem.com\/vi\/wp-json\/wp\/v2\/comments?post=614"}],"wp:featuredmedia":[{"embeddable":true,"href":"https:\/\/www.bluelakechem.com\/vi\/wp-json\/wp\/v2\/media\/1429"}],"wp:attachment":[{"href":"https:\/\/www.bluelakechem.com\/vi\/wp-json\/wp\/v2\/media?parent=614"}],"wp:term":[{"taxonomy":"material","embeddable":true,"href":"https:\/\/www.bluelakechem.com\/vi\/wp-json\/wp\/v2\/material?post=614"},{"taxonomy":"process","embeddable":true,"href":"https:\/\/www.bluelakechem.com\/vi\/wp-json\/wp\/v2\/process?post=614"},{"taxonomy":"product_brand","embeddable":true,"href":"https:\/\/www.bluelakechem.com\/vi\/wp-json\/wp\/v2\/product_brand?post=614"},{"taxonomy":"product_cat","embeddable":true,"href":"https:\/\/www.bluelakechem.com\/vi\/wp-json\/wp\/v2\/product_cat?post=614"},{"taxonomy":"product_tag","embeddable":true,"href":"https:\/\/www.bluelakechem.com\/vi\/wp-json\/wp\/v2\/product_tag?post=614"}],"curies":[{"name":"wp","href":"https:\/\/api.w.org\/{rel}","templated":true}]}}