{"id":635,"date":"2024-11-28T20:54:28","date_gmt":"2024-11-28T20:54:28","guid":{"rendered":"https:\/\/www.bluelakechem.com\/?post_type=product&#038;p=635"},"modified":"2025-01-17T11:21:33","modified_gmt":"2025-01-17T11:21:33","slug":"china-non-formaldehyde-fixing-agent","status":"publish","type":"product","link":"https:\/\/www.bluelakechem.com\/vi\/product\/china-non-formaldehyde-fixing-agent\/","title":{"rendered":"Ch\u1ea5t c\u1ed1 \u0111\u1ecbnh kh\u00f4ng ch\u1ee9a formaldehyde c\u1ee7a Trung Qu\u1ed1c H\u00f3a ch\u1ea5t d\u1ec7t may cho v\u1ea3i cotton"},"content":{"rendered":"<div class=\"wp-block-columns is-layout-flex wp-container-core-columns-is-layout-9d6595d7 wp-block-columns-is-layout-flex\">\n<div class=\"wp-block-column is-layout-flow wp-block-column-is-layout-flow\" style=\"flex-basis:50%\">\n<h2 class=\"wp-block-heading\">T\u00ednh n\u0103ng c\u1ee7a ch\u1ea5t c\u1ed1 \u0111\u1ecbnh kh\u00f4ng ch\u1ee9a formaldehyde c\u1ee7a Trung Qu\u1ed1c:<\/h2>\n\n\n\n<p><strong>Kh\u00f4ng ch\u1ee9a Formaldehyde<\/strong>: Gi\u1ea3i ph\u00e1p thay th\u1ebf an to\u00e0n v\u00e0 th\u00e2n thi\u1ec7n v\u1edbi m\u00f4i tr\u01b0\u1eddng cho c\u00e1c ch\u1ea5t c\u1ed1 \u0111\u1ecbnh truy\u1ec1n th\u1ed1ng, kh\u00f4ng ch\u1ee9a formaldehyde.<\/p>\n\n\n\n<p><strong>C\u1ea3i thi\u1ec7n \u0111\u1ed9 b\u1ec1n m\u00e0u<\/strong>: T\u0103ng c\u01b0\u1eddng \u0111\u1ed9 b\u1ec1n c\u1ee7a thu\u1ed1c nhu\u1ed9m tr\u1ef1c ti\u1ebfp v\u00e0 ph\u1ea3n \u1ee9ng, bao g\u1ed3m \u0111\u1ed9 b\u1ec1n khi ng\u00e2m, gi\u1eb7t, \u0111\u1ed5 m\u1ed3 h\u00f4i v\u00e0 ch\u00e0 x\u00e1t \u01b0\u1edbt.<\/p>\n\n\n\n<p><strong>L\u00fd t\u01b0\u1edfng cho m\u00e0u s\u1eafc t\u01b0\u01a1i s\u00e1ng<\/strong>:\u0110\u1eb7c bi\u1ec7t hi\u1ec7u qu\u1ea3 \u0111\u1ed1i v\u1edbi v\u1ea3i m\u00e0u \u0111\u1ecf t\u01b0\u01a1i v\u00e0 \u0111en, \u0111\u1ea3m b\u1ea3o \u0111\u1ed9 \u1ed5n \u0111\u1ecbnh m\u00e0u s\u1eafc.<\/p>\n\n\n\n<p><strong>An to\u00e0n cho v\u1ea3i<\/strong>: B\u1ea3o v\u1ec7 v\u1ea3i cotton v\u00e0 c\u00e1c lo\u1ea1i s\u1ee3i kh\u00e1c kh\u1ecfi b\u1ecb phai m\u00e0u ho\u1eb7c m\u1ea5t m\u00e0u trong qu\u00e1 tr\u00ecnh gi\u1eb7t v\u00e0 m\u1eb7c.<\/p>\n\n\n\n<p><strong>Kh\u00f4ng \u0111\u1ed9c h\u1ea1i<\/strong>: Kh\u00f4ng ch\u1ee9a h\u00f3a ch\u1ea5t \u0111\u1ed9c h\u1ea1i, an to\u00e0n cho c\u1ea3 ng\u01b0\u1eddi s\u1eed d\u1ee5ng v\u00e0 m\u00f4i tr\u01b0\u1eddng.<\/p>\n<\/div>\n\n\n\n<div class=\"wp-block-column is-layout-flow wp-block-column-is-layout-flow\" style=\"flex-basis:50%\">\n<figure class=\"wp-block-embed is-type-video is-provider-youtube wp-block-embed-youtube wp-embed-aspect-16-9 wp-has-aspect-ratio\"><div class=\"wp-block-embed__wrapper\">\n<iframe title=\"\u3010H\u00f3a ch\u1ea5t d\u1ec7t may\u3011Gi\u1ea3i ph\u00e1p th\u00e2n thi\u1ec7n v\u1edbi m\u00f4i tr\u01b0\u1eddng cho v\u1ea5n \u0111\u1ec1 phai m\u00e0u c\u1ee7a v\u1ea3i cotton-23121\" width=\"500\" height=\"281\" src=\"https:\/\/www.youtube.com\/embed\/hPeM1HAjEZ4?feature=oembed\" frameborder=\"0\" allow=\"accelerometer; autoplay; clipboard-write; encrypted-media; gyroscope; picture-in-picture; web-share\" referrerpolicy=\"strict-origin-when-cross-origin\" allowfullscreen><\/iframe>\n<\/div><\/figure>\n<\/div>\n<\/div>\n\n\n\n<div class=\"wp-block-columns is-layout-flex wp-container-core-columns-is-layout-9d6595d7 wp-block-columns-is-layout-flex\">\n<div class=\"wp-block-column is-layout-flow wp-block-column-is-layout-flow\">\n<figure class=\"wp-block-image size-full is-style-default\"><img decoding=\"async\" width=\"1200\" height=\"1000\" src=\"https:\/\/www.bluelakechem.com\/wp-content\/uploads\/2024\/11\/china-non-formaldehyde-fixing-agent2.webp\" alt=\"ch\u1ea5t c\u1ed1 \u0111\u1ecbnh kh\u00f4ng ch\u1ee9a formaldehyde c\u1ee7a Trung Qu\u1ed1c\" class=\"wp-image-638\" srcset=\"https:\/\/www.bluelakechem.com\/wp-content\/uploads\/2024\/11\/china-non-formaldehyde-fixing-agent2.webp 1200w, https:\/\/www.bluelakechem.com\/wp-content\/uploads\/2024\/11\/china-non-formaldehyde-fixing-agent2-300x250.webp 300w, https:\/\/www.bluelakechem.com\/wp-content\/uploads\/2024\/11\/china-non-formaldehyde-fixing-agent2-768x640.webp 768w, https:\/\/www.bluelakechem.com\/wp-content\/uploads\/2024\/11\/china-non-formaldehyde-fixing-agent2-600x500.webp 600w\" sizes=\"(max-width: 1200px) 100vw, 1200px\" \/><\/figure>\n<\/div>\n\n\n\n<div class=\"wp-block-column is-vertically-aligned-center is-layout-flow wp-block-column-is-layout-flow\">\n<h2 class=\"wp-block-heading\">\u1ee8ng d\u1ee5ng c\u1ee7a ch\u1ea5t c\u1ed1 \u0111\u1ecbnh kh\u00f4ng ch\u1ee9a formaldehyde c\u1ee7a Trung Qu\u1ed1c:<\/h2>\n\n\n\n<p><strong>Nhu\u1ed9m v\u1ea3i cotton<\/strong>: \u0110\u1eb7c bi\u1ec7t th\u00edch h\u1ee3p cho v\u1ea3i cotton nhu\u1ed9m b\u1eb1ng thu\u1ed1c nhu\u1ed9m tr\u1ef1c ti\u1ebfp ho\u1eb7c thu\u1ed1c nhu\u1ed9m ho\u1ea1t t\u00ednh.<\/p>\n\n\n\n<p><strong>Nhu\u1ed9m ph\u1ea3n \u1ee9ng<\/strong>: C\u00f3 hi\u1ec7u qu\u1ea3 tr\u00ean c\u00e1c lo\u1ea1i v\u1ea3i m\u00e0u \u0111\u1ecf t\u01b0\u01a1i v\u00e0 \u0111en, gi\u00fap gi\u1eef m\u00e0u t\u1ed1t h\u01a1n.<\/p>\n\n\n\n<p><strong>C\u1ea3i thi\u1ec7n \u0111\u1ed9 b\u1ec1n m\u00e0u<\/strong>: Th\u00edch h\u1ee3p cho c\u00e1c \u1ee9ng d\u1ee5ng \u0111\u00f2i h\u1ecfi kh\u1ea3 n\u0103ng gi\u1eb7t, ch\u1ed1ng m\u1ed3 h\u00f4i v\u00e0 ch\u1ed1ng ma s\u00e1t t\u1ed1t h\u01a1n.<\/p>\n\n\n\n<p><strong>X\u1eed l\u00fd d\u1ec7t may th\u00e2n thi\u1ec7n v\u1edbi m\u00f4i tr\u01b0\u1eddng<\/strong>: Th\u00edch h\u1ee3p cho c\u00e1c nh\u00e0 m\u00e1y d\u1ec7t v\u00e0 nh\u00e0 s\u1ea3n xu\u1ea5t \u0111ang t\u00ecm ki\u1ebfm gi\u1ea3i ph\u00e1p kh\u00f4ng ch\u1ee9a formaldehyde.<\/p>\n<\/div>\n<\/div>\n\n\n\n<p><\/p>","protected":false},"excerpt":{"rendered":"<p>Ch\u1ea5t c\u1ed1 \u0111\u1ecbnh kh\u00f4ng ch\u1ee9a formaldehyde, c\u1ea3i thi\u1ec7n \u0111\u00e1ng k\u1ec3 \u0111\u1ed9 b\u1ec1n m\u00e0u c\u1ee7a thu\u1ed1c nhu\u1ed9m tr\u1ef1c ti\u1ebfp v\u00e0 thu\u1ed1c nhu\u1ed9m ho\u1ea1t t\u00ednh (nh\u01b0 \u0111\u1ed9 b\u1ec1n ng\u00e2m, \u0111\u1ed9 b\u1ec1n gi\u1eb7t, \u0111\u1ed9 b\u1ec1n m\u1ed3 h\u00f4i, \u0111\u1ed9 b\u1ec1n ch\u00e0 x\u00e1t \u01b0\u1edbt, v.v.), \u0111\u1eb7c bi\u1ec7t th\u00edch h\u1ee3p cho c\u00e1c lo\u1ea1i v\u1ea3i ph\u1ea3n \u1ee9ng m\u00e0u \u0111\u1ecf t\u01b0\u01a1i v\u00e0 \u0111en.<\/p>\n<p><strong>S\u1ed1 hi\u1ec7u m\u1eabu <\/strong>23121<\/p>","protected":false},"featured_media":1430,"comment_status":"closed","ping_status":"closed","template":"","meta":{"_acf_changed":false},"material":[26],"process":[23,41],"product_brand":[],"product_cat":[15],"product_tag":[],"class_list":{"0":"post-635","1":"product","2":"type-product","3":"status-publish","4":"has-post-thumbnail","6":"material-cotton-agent","7":"process-textile-finishing-chemicals","8":"process-fixing-agent","9":"product_cat-uncategorized","11":"first","12":"instock","13":"shipping-taxable","14":"product-type-simple"},"acf":[],"_links":{"self":[{"href":"https:\/\/www.bluelakechem.com\/vi\/wp-json\/wp\/v2\/product\/635","targetHints":{"allow":["GET"]}}],"collection":[{"href":"https:\/\/www.bluelakechem.com\/vi\/wp-json\/wp\/v2\/product"}],"about":[{"href":"https:\/\/www.bluelakechem.com\/vi\/wp-json\/wp\/v2\/types\/product"}],"replies":[{"embeddable":true,"href":"https:\/\/www.bluelakechem.com\/vi\/wp-json\/wp\/v2\/comments?post=635"}],"wp:featuredmedia":[{"embeddable":true,"href":"https:\/\/www.bluelakechem.com\/vi\/wp-json\/wp\/v2\/media\/1430"}],"wp:attachment":[{"href":"https:\/\/www.bluelakechem.com\/vi\/wp-json\/wp\/v2\/media?parent=635"}],"wp:term":[{"taxonomy":"material","embeddable":true,"href":"https:\/\/www.bluelakechem.com\/vi\/wp-json\/wp\/v2\/material?post=635"},{"taxonomy":"process","embeddable":true,"href":"https:\/\/www.bluelakechem.com\/vi\/wp-json\/wp\/v2\/process?post=635"},{"taxonomy":"product_brand","embeddable":true,"href":"https:\/\/www.bluelakechem.com\/vi\/wp-json\/wp\/v2\/product_brand?post=635"},{"taxonomy":"product_cat","embeddable":true,"href":"https:\/\/www.bluelakechem.com\/vi\/wp-json\/wp\/v2\/product_cat?post=635"},{"taxonomy":"product_tag","embeddable":true,"href":"https:\/\/www.bluelakechem.com\/vi\/wp-json\/wp\/v2\/product_tag?post=635"}],"curies":[{"name":"wp","href":"https:\/\/api.w.org\/{rel}","templated":true}]}}