{"id":640,"date":"2024-11-28T21:18:28","date_gmt":"2024-11-28T21:18:28","guid":{"rendered":"https:\/\/www.bluelakechem.com\/?post_type=product&#038;p=640"},"modified":"2025-01-17T11:15:29","modified_gmt":"2025-01-17T11:15:29","slug":"fabric-dye-fixing-agent","status":"publish","type":"product","link":"https:\/\/www.bluelakechem.com\/vi\/product\/fabric-dye-fixing-agent\/","title":{"rendered":"Ch\u1ea5t c\u1ed1 \u0111\u1ecbnh thu\u1ed1c nhu\u1ed9m v\u1ea3i H\u00f3a ch\u1ea5t d\u1ec7t may cho Cotton Polyester"},"content":{"rendered":"<div class=\"wp-block-columns is-layout-flex wp-container-core-columns-is-layout-9d6595d7 wp-block-columns-is-layout-flex\">\n<div class=\"wp-block-column is-layout-flow wp-block-column-is-layout-flow\" style=\"flex-basis:50%\">\n<h2 class=\"wp-block-heading\">T\u00ednh n\u0103ng c\u1ee7a ch\u1ea5t c\u1ed1 \u0111\u1ecbnh m\u00e0u v\u1ea3i:<\/h2>\n\n\n\n<p><strong>C\u00f3 hi\u1ec7u qu\u1ea3 \u0111\u1ed1i v\u1edbi Cotton v\u00e0 Polyester<\/strong>: Th\u00edch h\u1ee3p cho v\u1ea3i cotton, polyester v\u00e0 v\u1ea3i pha, \u0111\u1ea3m b\u1ea3o \u0111\u1ed9 b\u1ec1n m\u00e0u t\u1ed1t h\u01a1n tr\u00ean nhi\u1ec1u lo\u1ea1i v\u1ea3i kh\u00e1c nhau.<\/p>\n\n\n\n<p><strong>C\u1ea3i thi\u1ec7n \u0111\u1ed9 b\u1ec1n ng\u00e2m<\/strong>: T\u0103ng c\u01b0\u1eddng \u0111\u00e1ng k\u1ec3 \u0111\u1ed9 b\u1ec1n m\u00e0u c\u1ee7a v\u1ea3i, ng\u0103n ng\u1eeba phai m\u00e0u khi gi\u1eb7t ho\u1eb7c ti\u1ebfp x\u00fac v\u1edbi \u0111\u1ed9 \u1ea9m.<\/p>\n\n\n\n<p><strong>T\u01b0\u01a1ng th\u00edch v\u1edbi c\u00e1c ch\u1ea5t c\u1ed1 \u0111\u1ecbnh kh\u00e1c<\/strong>: C\u00f3 th\u1ec3 s\u1eed d\u1ee5ng k\u1ebft h\u1ee3p v\u1edbi c\u00e1c ch\u1ea5t c\u1ed1 \u0111\u1ecbnh kh\u00e1c \u0111\u1ec3 t\u0103ng c\u01b0\u1eddng hi\u1ec7u su\u1ea5t v\u00e0 mang l\u1ea1i k\u1ebft qu\u1ea3 t\u1ed1i \u01b0u.<\/p>\n\n\n\n<p><strong>S\u1eed d\u1ee5ng \u0111a n\u0103ng<\/strong>: Th\u00edch h\u1ee3p cho nhi\u1ec1u \u1ee9ng d\u1ee5ng trong s\u1ea3n xu\u1ea5t d\u1ec7t may, bao g\u1ed3m nhu\u1ed9m v\u00e0 ho\u00e0n thi\u1ec7n.<\/p>\n\n\n\n<p><strong>Gi\u1eef m\u00e0u<\/strong>: \u0110\u1ea3m b\u1ea3o m\u00e0u s\u1eafc v\u1eabn t\u01b0\u01a1i s\u00e1ng v\u00e0 \u1ed5n \u0111\u1ecbnh, ngay c\u1ea3 sau nhi\u1ec1u l\u1ea7n gi\u1eb7t.<\/p>\n<\/div>\n\n\n\n<div class=\"wp-block-column is-layout-flow wp-block-column-is-layout-flow\" style=\"flex-basis:50%\">\n<figure class=\"wp-block-embed is-type-video is-provider-youtube wp-block-embed-youtube wp-embed-aspect-16-9 wp-has-aspect-ratio\"><div class=\"wp-block-embed__wrapper\">\n<iframe title=\"Ph\u1ea3i l\u00e0m g\u00ec n\u1ebfu m\u00e0u nh\u1ea1y c\u1ea3m phai nghi\u00eam tr\u1ecdng?#factory#experiment#Textile #chemical#laboratory\" width=\"500\" height=\"281\" src=\"https:\/\/www.youtube.com\/embed\/cD0DcNJnZ-Q?feature=oembed\" frameborder=\"0\" allow=\"accelerometer; autoplay; clipboard-write; encrypted-media; gyroscope; picture-in-picture; web-share\" referrerpolicy=\"strict-origin-when-cross-origin\" allowfullscreen><\/iframe>\n<\/div><\/figure>\n<\/div>\n<\/div>\n\n\n\n<div class=\"wp-block-columns is-layout-flex wp-container-core-columns-is-layout-9d6595d7 wp-block-columns-is-layout-flex\">\n<div class=\"wp-block-column is-layout-flow wp-block-column-is-layout-flow\">\n<figure class=\"wp-block-image size-full is-style-default\"><img decoding=\"async\" width=\"1001\" height=\"1001\" src=\"https:\/\/www.bluelakechem.com\/wp-content\/uploads\/2024\/11\/fabric-dye-fixing-agent.webp\" alt=\"ch\u1ea5t c\u1ed1 \u0111\u1ecbnh thu\u1ed1c nhu\u1ed9m v\u1ea3i\" class=\"wp-image-643\" srcset=\"https:\/\/www.bluelakechem.com\/wp-content\/uploads\/2024\/11\/fabric-dye-fixing-agent.webp 1001w, https:\/\/www.bluelakechem.com\/wp-content\/uploads\/2024\/11\/fabric-dye-fixing-agent-300x300.webp 300w, https:\/\/www.bluelakechem.com\/wp-content\/uploads\/2024\/11\/fabric-dye-fixing-agent-150x150.webp 150w, https:\/\/www.bluelakechem.com\/wp-content\/uploads\/2024\/11\/fabric-dye-fixing-agent-768x768.webp 768w, https:\/\/www.bluelakechem.com\/wp-content\/uploads\/2024\/11\/fabric-dye-fixing-agent-600x600.webp 600w, https:\/\/www.bluelakechem.com\/wp-content\/uploads\/2024\/11\/fabric-dye-fixing-agent-100x100.webp 100w\" sizes=\"(max-width: 1001px) 100vw, 1001px\" \/><\/figure>\n<\/div>\n\n\n\n<div class=\"wp-block-column is-vertically-aligned-center is-layout-flow wp-block-column-is-layout-flow\">\n<h2 class=\"wp-block-heading\">\u1ee8ng d\u1ee5ng c\u1ee7a ch\u1ea5t c\u1ed1 \u0111\u1ecbnh thu\u1ed1c nhu\u1ed9m v\u1ea3i:<\/h2>\n\n\n\n<p><strong>Nhu\u1ed9m v\u1ea3i Cotton v\u00e0 Polyester<\/strong>: Th\u00edch h\u1ee3p \u0111\u1ec3 nhu\u1ed9m v\u1ea3i cotton, polyester v\u00e0 v\u1ea3i pha.<\/p>\n\n\n\n<p><strong>V\u1ea3i pha tr\u1ed9n<\/strong>: C\u00f3 hi\u1ec7u qu\u1ea3 cao trong vi\u1ec7c c\u1ea3i thi\u1ec7n \u0111\u1ed9 b\u1ec1n m\u00e0u c\u1ee7a h\u1ed7n h\u1ee3p cotton-polyester, \u0111\u1ea3m b\u1ea3o gi\u1eef m\u00e0u \u0111\u1ed3ng \u0111\u1ec1u.<\/p>\n\n\n\n<p><strong>Nhu\u1ed9m v\u00e0 ho\u00e0n thi\u1ec7n d\u1ec7t may<\/strong>: \u0110\u01b0\u1ee3c s\u1eed d\u1ee5ng r\u1ed9ng r\u00e3i trong c\u00e1c quy tr\u00ecnh nhu\u1ed9m c\u00f4ng nghi\u1ec7p \u0111\u1ec3 c\u1ea3i thi\u1ec7n ch\u1ea5t l\u01b0\u1ee3ng v\u1ea3i v\u00e0 \u0111\u1ed9 \u1ed5n \u0111\u1ecbnh m\u00e0u s\u1eafc.<\/p>\n\n\n\n<p><strong>\u0110\u1ed9 b\u1ec1n v\u1ea3i \u0111\u01b0\u1ee3c c\u1ea3i thi\u1ec7n<\/strong>: Gi\u00fap \u0111\u1ea3m b\u1ea3o v\u1ea3i nhu\u1ed9m ch\u1ecbu \u0111\u01b0\u1ee3c qu\u00e1 tr\u00ecnh gi\u1eb7t v\u00e0 m\u1eb7c m\u00e0 kh\u00f4ng b\u1ecb m\u1ea5t \u0111\u1ed9 b\u1ec1n m\u00e0u.<\/p>\n<\/div>\n<\/div>\n\n\n\n<p><\/p>","protected":false},"excerpt":{"rendered":"<p>Ch\u1ea5t c\u1ed1 \u0111\u1ecbnh polyester\/cotton c\u00f3 th\u1ec3 \u0111\u01b0\u1ee3c s\u1eed d\u1ee5ng c\u00f9ng v\u1edbi c\u00e1c ch\u1ea5t c\u1ed1 \u0111\u1ecbnh kh\u00e1c, gi\u00fap c\u1ea3i thi\u1ec7n hi\u1ec7u qu\u1ea3 \u0111\u1ed9 b\u1ec1n m\u00e0u khi ng\u00e2m c\u1ee7a cotton, polyester v\u00e0 c\u00e1c lo\u1ea1i h\u1ed7n h\u1ee3p c\u1ee7a ch\u00fang.<\/p>\n<p><strong>S\u1ed1 hi\u1ec7u m\u1eabu<\/strong>23014<\/p>","protected":false},"featured_media":1427,"comment_status":"closed","ping_status":"closed","template":"","meta":{"_acf_changed":false},"material":[26,27],"process":[23,41],"product_brand":[],"product_cat":[15],"product_tag":[],"class_list":{"0":"post-640","1":"product","2":"type-product","3":"status-publish","4":"has-post-thumbnail","6":"material-cotton-agent","7":"material-polyester-chemicals","8":"process-textile-finishing-chemicals","9":"process-fixing-agent","10":"product_cat-uncategorized","12":"first","13":"instock","14":"shipping-taxable","15":"product-type-simple"},"acf":[],"_links":{"self":[{"href":"https:\/\/www.bluelakechem.com\/vi\/wp-json\/wp\/v2\/product\/640","targetHints":{"allow":["GET"]}}],"collection":[{"href":"https:\/\/www.bluelakechem.com\/vi\/wp-json\/wp\/v2\/product"}],"about":[{"href":"https:\/\/www.bluelakechem.com\/vi\/wp-json\/wp\/v2\/types\/product"}],"replies":[{"embeddable":true,"href":"https:\/\/www.bluelakechem.com\/vi\/wp-json\/wp\/v2\/comments?post=640"}],"wp:featuredmedia":[{"embeddable":true,"href":"https:\/\/www.bluelakechem.com\/vi\/wp-json\/wp\/v2\/media\/1427"}],"wp:attachment":[{"href":"https:\/\/www.bluelakechem.com\/vi\/wp-json\/wp\/v2\/media?parent=640"}],"wp:term":[{"taxonomy":"material","embeddable":true,"href":"https:\/\/www.bluelakechem.com\/vi\/wp-json\/wp\/v2\/material?post=640"},{"taxonomy":"process","embeddable":true,"href":"https:\/\/www.bluelakechem.com\/vi\/wp-json\/wp\/v2\/process?post=640"},{"taxonomy":"product_brand","embeddable":true,"href":"https:\/\/www.bluelakechem.com\/vi\/wp-json\/wp\/v2\/product_brand?post=640"},{"taxonomy":"product_cat","embeddable":true,"href":"https:\/\/www.bluelakechem.com\/vi\/wp-json\/wp\/v2\/product_cat?post=640"},{"taxonomy":"product_tag","embeddable":true,"href":"https:\/\/www.bluelakechem.com\/vi\/wp-json\/wp\/v2\/product_tag?post=640"}],"curies":[{"name":"wp","href":"https:\/\/api.w.org\/{rel}","templated":true}]}}