{"id":676,"date":"2024-11-29T11:27:28","date_gmt":"2024-11-29T11:27:28","guid":{"rendered":"https:\/\/www.bluelakechem.com\/?post_type=product&#038;p=676"},"modified":"2025-01-17T11:23:19","modified_gmt":"2025-01-17T11:23:19","slug":"anti-pilling-agent","status":"publish","type":"product","link":"https:\/\/www.bluelakechem.com\/vi\/product\/anti-pilling-agent\/","title":{"rendered":"Ch\u1ea5t ch\u1ed1ng x\u00f9 l\u00f4ng cho v\u1ea3i Polyurethane Ph\u1ee5 gia nhu\u1ed9m \u0111a ch\u1ee9c n\u0103ng"},"content":{"rendered":"<div class=\"wp-block-columns is-layout-flex wp-container-core-columns-is-layout-9d6595d7 wp-block-columns-is-layout-flex\">\n<div class=\"wp-block-column is-layout-flow wp-block-column-is-layout-flow\" style=\"flex-basis:50%\">\n<h2 class=\"wp-block-heading\">T\u00ednh n\u0103ng c\u1ee7a ch\u1ea5t ch\u1ed1ng x\u00f9 l\u00f4ng:<\/h2>\n\n\n\n<p><strong>Hi\u1ec7u su\u1ea5t ch\u1ed1ng x\u00f9 l\u00f4ng \u0111\u01b0\u1ee3c c\u1ea3i thi\u1ec7n<\/strong>Gi\u1ea3m thi\u1ec3u s\u1ef1 h\u00ecnh th\u00e0nh c\u00e1c v\u1ebft b\u1ea9n, gi\u00fap v\u1ea3i lu\u00f4n tr\u00f4ng m\u1edbi v\u00e0 m\u1ecbn m\u00e0ng.<\/p>\n\n\n\n<p><strong>\u0110\u1ed9 \u0111\u00e0n h\u1ed3i \u0111\u01b0\u1ee3c c\u1ea3i thi\u1ec7n<\/strong>T\u0103ng c\u01b0\u1eddng \u0111\u1ed9 b\u1ec1n c\u1ee7a v\u1ea3i, gi\u00fap v\u1ea3i tr\u1edf n\u00ean b\u1ec1n b\u1ec9 v\u00e0 linh ho\u1ea1t h\u01a1n trong qu\u00e1 tr\u00ecnh s\u1eed d\u1ee5ng.<\/p>\n\n\n\n<p><strong>T\u0103ng c\u01b0\u1eddng \u0111\u1ed9 k\u1ebft d\u00ednh c\u1ee7a s\u1ee3i<\/strong>Gi\u00fap li\u00ean k\u1ebft c\u00e1c s\u1ee3i ph\u00e2n nh\u00e1nh \u1edf c\u1ea5p \u0111\u1ed9 vi m\u00f4, gi\u1ea3m thi\u1ec3u m\u1ea5t s\u1ee3i v\u00e0 t\u0103ng c\u01b0\u1eddng \u0111\u1ed9 b\u1ec1n c\u1ee7a v\u1ea3i.<\/p>\n\n\n\n<p><strong>\u1ee8ng d\u1ee5ng \u0111a n\u0103ng<\/strong>Ph\u00f9 h\u1ee3p v\u1edbi t\u1ea5t c\u1ea3 c\u00e1c lo\u1ea1i v\u1ea3i, bao g\u1ed3m s\u1ee3i t\u1ef1 nhi\u00ean, s\u1ee3i t\u1ed5ng h\u1ee3p v\u00e0 s\u1ee3i pha tr\u1ed9n, trong qu\u00e1 tr\u00ecnh nhu\u1ed9m v\u00e0 ho\u00e0n thi\u1ec7n.<\/p>\n\n\n\n<p><strong>B\u1ec1 m\u1eb7t v\u1ea3i \u0111\u01b0\u1ee3c c\u1ea3i ti\u1ebfn<\/strong>T\u1ea1o ra b\u1ec1 m\u1eb7t v\u1ea3i m\u1ecbn m\u00e0ng h\u01a1n, th\u1ea9m m\u1ef9 h\u01a1n v\u00e0 ch\u1ed1ng bong tr\u00f3c.<\/p>\n<\/div>\n\n\n\n<div class=\"wp-block-column is-layout-flow wp-block-column-is-layout-flow\" style=\"flex-basis:50%\">\n<figure class=\"wp-block-embed is-type-video is-provider-youtube wp-block-embed-youtube wp-embed-aspect-16-9 wp-has-aspect-ratio\"><div class=\"wp-block-embed__wrapper\">\n<iframe title=\"Ch\u1ea5t ch\u1ed1ng x\u00f9 l\u00f4ng cho v\u1ea3i len d\u1ec7t kim, hi\u1ec7u qu\u1ea3 ch\u1ed1ng x\u00f9 l\u00f4ng &amp; c\u1ea3m gi\u00e1c m\u1ec1m m\u1ea1i + m\u1ecbn m\u00e0ng khi ch\u1ea1m v\u00e0o.\" width=\"500\" height=\"281\" src=\"https:\/\/www.youtube.com\/embed\/iMpdknnjC_o?feature=oembed\" frameborder=\"0\" allow=\"accelerometer; autoplay; clipboard-write; encrypted-media; gyroscope; picture-in-picture; web-share\" referrerpolicy=\"strict-origin-when-cross-origin\" allowfullscreen><\/iframe>\n<\/div><\/figure>\n<\/div>\n<\/div>\n\n\n\n<div class=\"wp-block-columns is-layout-flex wp-container-core-columns-is-layout-9d6595d7 wp-block-columns-is-layout-flex\">\n<div class=\"wp-block-column is-layout-flow wp-block-column-is-layout-flow\">\n<figure class=\"wp-block-image size-full is-style-default\"><img decoding=\"async\" width=\"665\" height=\"518\" src=\"https:\/\/www.bluelakechem.com\/wp-content\/uploads\/2024\/11\/Anti-Pilling-Agent-3.webp\" alt=\"Ch\u1ea5t ch\u1ed1ng x\u00f9 l\u00f4ng\" class=\"wp-image-680\" srcset=\"https:\/\/www.bluelakechem.com\/wp-content\/uploads\/2024\/11\/Anti-Pilling-Agent-3.webp 665w, https:\/\/www.bluelakechem.com\/wp-content\/uploads\/2024\/11\/Anti-Pilling-Agent-3-300x234.webp 300w, https:\/\/www.bluelakechem.com\/wp-content\/uploads\/2024\/11\/Anti-Pilling-Agent-3-600x467.webp 600w\" sizes=\"(max-width: 665px) 100vw, 665px\" \/><\/figure>\n<\/div>\n\n\n\n<div class=\"wp-block-column is-vertically-aligned-center is-layout-flow wp-block-column-is-layout-flow\">\n<h2 class=\"wp-block-heading\">\u1ee8ng d\u1ee5ng c\u1ee7a ch\u1ea5t ch\u1ed1ng x\u00f9 l\u00f4ng:<\/h2>\n\n\n\n<p><strong>Ch\u1ea5t tr\u1ee3 nhu\u1ed9m<\/strong>: Ph\u00f9 h\u1ee3p \u0111\u1ec3 s\u1eed d\u1ee5ng trong qu\u00e1 tr\u00ecnh nhu\u1ed9m v\u1ea3i nh\u1eb1m c\u1ea3i thi\u1ec7n hi\u1ec7u su\u1ea5t v\u00e0 ngo\u1ea1i h\u00ecnh c\u1ee7a v\u1ea3i.<\/p>\n\n\n\n<p><strong>Ho\u00e0n thi\u1ec7n d\u1ec7t may<\/strong>C\u00f3 th\u1ec3 s\u1eed d\u1ee5ng trong qu\u00e1 tr\u00ecnh ho\u00e0n thi\u1ec7n \u0111\u1ec3 ng\u0103n ng\u1eeba hi\u1ec7n t\u01b0\u1ee3ng b\u00f4ng x\u00f9 v\u00e0 t\u0103ng c\u01b0\u1eddng \u0111\u1ed9 \u0111\u00e0n h\u1ed3i c\u1ee7a v\u1ea3i, \u0111\u1eb7c bi\u1ec7t l\u00e0 \u0111\u1ed1i v\u1edbi v\u1ea3i cotton, polyester v\u00e0 v\u1ea3i pha tr\u1ed9n.<\/p>\n\n\n\n<p><strong>S\u1eed d\u1ee5ng cho t\u1ea5t c\u1ea3 c\u00e1c lo\u1ea1i v\u1ea3i<\/strong>Ph\u00f9 h\u1ee3p \u0111\u1ec3 s\u1eed d\u1ee5ng tr\u00ean nhi\u1ec1u lo\u1ea1i v\u1ea3i kh\u00e1c nhau, bao g\u1ed3m cotton, polyester, len v\u00e0 c\u00e1c lo\u1ea1i v\u1ea3i pha tr\u1ed9n, gi\u00fap s\u1ea3n ph\u1ea9m tr\u1edf th\u00e0nh m\u1ed9t l\u1ef1a ch\u1ecdn \u0111a n\u0103ng trong qu\u00e1 tr\u00ecnh x\u1eed l\u00fd v\u1ea3i.<\/p>\n<\/div>\n<\/div>","protected":false},"excerpt":{"rendered":"<p>Ch\u1ea5t ch\u1ed1ng x\u00f9 l\u00f4ng \u0111a ch\u1ee9c n\u0103ng Polyurethane, c\u00f3 th\u1ec3 c\u1ea3i thi\u1ec7n \u0111\u1ed9 \u0111\u00e0n h\u1ed3i c\u1ee7a v\u1ea3i, k\u1ebft n\u1ed1i c\u00e1c s\u1ee3i ph\u00e2n nh\u00e1nh trong c\u1ea5u tr\u00fac vi m\u00f4, c\u1ea3i thi\u1ec7n hi\u1ec7u su\u1ea5t ch\u1ed1ng x\u00f9 l\u00f4ng.<\/p>\n<p><strong>S\u1ed1 hi\u1ec7u m\u1eabu <\/strong>33202<\/p>","protected":false},"featured_media":1431,"comment_status":"closed","ping_status":"closed","template":"","meta":{"_acf_changed":false},"material":[26,27,28,29,30,31,32,33,34],"process":[23,25],"product_brand":[],"product_cat":[15],"product_tag":[],"class_list":{"0":"post-676","1":"product","2":"type-product","3":"status-publish","4":"has-post-thumbnail","6":"material-cotton-agent","7":"material-polyester-chemicals","8":"material-nylon-agent","9":"material-acrylic-chemicals","10":"material-viscose-chemicals","11":"material-wool-auxiliary","12":"material-linen-chemicals","13":"material-silk-chemicals","14":"material-fabric-chemicals","15":"process-textile-finishing-chemicals","16":"process-textile-finishing-agent","17":"product_cat-uncategorized","19":"first","20":"instock","21":"shipping-taxable","22":"product-type-simple"},"acf":[],"_links":{"self":[{"href":"https:\/\/www.bluelakechem.com\/vi\/wp-json\/wp\/v2\/product\/676","targetHints":{"allow":["GET"]}}],"collection":[{"href":"https:\/\/www.bluelakechem.com\/vi\/wp-json\/wp\/v2\/product"}],"about":[{"href":"https:\/\/www.bluelakechem.com\/vi\/wp-json\/wp\/v2\/types\/product"}],"replies":[{"embeddable":true,"href":"https:\/\/www.bluelakechem.com\/vi\/wp-json\/wp\/v2\/comments?post=676"}],"wp:featuredmedia":[{"embeddable":true,"href":"https:\/\/www.bluelakechem.com\/vi\/wp-json\/wp\/v2\/media\/1431"}],"wp:attachment":[{"href":"https:\/\/www.bluelakechem.com\/vi\/wp-json\/wp\/v2\/media?parent=676"}],"wp:term":[{"taxonomy":"material","embeddable":true,"href":"https:\/\/www.bluelakechem.com\/vi\/wp-json\/wp\/v2\/material?post=676"},{"taxonomy":"process","embeddable":true,"href":"https:\/\/www.bluelakechem.com\/vi\/wp-json\/wp\/v2\/process?post=676"},{"taxonomy":"product_brand","embeddable":true,"href":"https:\/\/www.bluelakechem.com\/vi\/wp-json\/wp\/v2\/product_brand?post=676"},{"taxonomy":"product_cat","embeddable":true,"href":"https:\/\/www.bluelakechem.com\/vi\/wp-json\/wp\/v2\/product_cat?post=676"},{"taxonomy":"product_tag","embeddable":true,"href":"https:\/\/www.bluelakechem.com\/vi\/wp-json\/wp\/v2\/product_tag?post=676"}],"curies":[{"name":"wp","href":"https:\/\/api.w.org\/{rel}","templated":true}]}}