{"id":681,"date":"2024-11-29T12:09:22","date_gmt":"2024-11-29T12:09:22","guid":{"rendered":"https:\/\/www.bluelakechem.com\/?post_type=product&#038;p=681"},"modified":"2025-01-17T11:56:58","modified_gmt":"2025-01-17T11:56:58","slug":"anti-bacterial-agents","status":"publish","type":"product","link":"https:\/\/www.bluelakechem.com\/vi\/product\/anti-bacterial-agents\/","title":{"rendered":"Ch\u1ea5t kh\u00e1ng khu\u1ea9n Ch\u1ea5t ho\u00e0n thi\u1ec7n cho nhi\u1ec1u lo\u1ea1i v\u1ea3i kh\u00e1c nhau"},"content":{"rendered":"<div class=\"wp-block-columns is-layout-flex wp-container-core-columns-is-layout-9d6595d7 wp-block-columns-is-layout-flex\">\n<div class=\"wp-block-column is-layout-flow wp-block-column-is-layout-flow\" style=\"flex-basis:50%\">\n<h2 class=\"wp-block-heading\">T\u00ednh n\u0103ng c\u1ee7a t\u00e1c nh\u00e2n kh\u00e1ng khu\u1ea9n:<\/h2>\n\n\n\n<p><strong>Kh\u00e1ng khu\u1ea9n ph\u1ed5 r\u1ed9ng<\/strong>: Cung c\u1ea5p kh\u1ea3 n\u0103ng b\u1ea3o v\u1ec7 kh\u00e1ng khu\u1ea9n hi\u1ec7u qu\u1ea3 cao, c\u00f3 hi\u1ec7u qu\u1ea3 ch\u1ed1ng l\u1ea1i nhi\u1ec1u lo\u1ea1i vi khu\u1ea9n v\u00e0 vi-r\u00fat.<\/p>\n\n\n\n<p><strong>Ch\u1ed1ng n\u1ea5m v\u00e0 kh\u1eed m\u00f9i<\/strong>: Cung c\u1ea5p th\u00eam kh\u1ea3 n\u0103ng b\u1ea3o v\u1ec7 ch\u1ed1ng l\u1ea1i n\u1ea5m m\u1ed1c v\u00e0 gi\u00fap gi\u1ea3m m\u00f9i h\u00f4i, gi\u1eef cho v\u1ea3i lu\u00f4n t\u01b0\u01a1i m\u1edbi.<\/p>\n\n\n\n<p><strong>Hi\u1ec7u qu\u1ea3 l\u00e2u d\u00e0i<\/strong>: Duy tr\u00ec hi\u1ec7u qu\u1ea3 kh\u00e1ng khu\u1ea9n sau khi l\u00ean \u0111\u1ebfn <strong>50 l\u1ea7n gi\u1eb7t<\/strong>, l\u00e0m cho n\u00f3 c\u00f3 \u0111\u1ed9 b\u1ec1n cao v\u00e0 ti\u1ebft ki\u1ec7m chi ph\u00ed.<\/p>\n\n\n\n<p><strong>Gi\u1ea3i ph\u00e1p thay th\u1ebf ti\u1ebft ki\u1ec7m chi ph\u00ed<\/strong>: Gi\u00e1 c\u1ea3 ph\u1ea3i ch\u0103ng h\u01a1n so v\u1edbi c\u00e1c ch\u1ea5t kh\u00e1ng khu\u1ea9n g\u1ed1c ion b\u1ea1c, mang l\u1ea1i gi\u00e1 tr\u1ecb tuy\u1ec7t v\u1eddi m\u00e0 kh\u00f4ng l\u00e0m gi\u1ea3m hi\u1ec7u su\u1ea5t.<\/p>\n\n\n\n<p><strong>B\u1ea3o v\u1ec7 c\u00f3 th\u1ec3 gi\u1eb7t \u0111\u01b0\u1ee3c<\/strong>: Hi\u1ec7u qu\u1ea3 kh\u00e1ng khu\u1ea9n v\u1eabn \u0111\u01b0\u1ee3c duy tr\u00ec ngay c\u1ea3 sau nhi\u1ec1u l\u1ea7n gi\u1eb7t, do \u0111\u00f3 ph\u00f9 h\u1ee3p \u0111\u1ec3 s\u1eed d\u1ee5ng h\u00e0ng ng\u00e0y cho h\u00e0ng d\u1ec7t may.<\/p>\n<\/div>\n\n\n\n<div class=\"wp-block-column is-layout-flow wp-block-column-is-layout-flow\" style=\"flex-basis:50%\">\n<figure class=\"wp-block-embed is-type-video is-provider-youtube wp-block-embed-youtube wp-embed-aspect-16-9 wp-has-aspect-ratio\"><div class=\"wp-block-embed__wrapper\">\n<iframe title=\"V\u1ea3i \u0111\u01b0\u1ee3c x\u1eed l\u00fd b\u1eb1ng ch\u1ea5t ho\u00e0n thi\u1ec7n kh\u00e1ng khu\u1ea9n \u0111ang b\u00e1n ch\u1ea1y h\u01a1n#h\u00f3a ch\u1ea5t d\u1ec7t may #Kh\u00e1ng khu\u1ea9n\" width=\"500\" height=\"281\" src=\"https:\/\/www.youtube.com\/embed\/87gzt-r3Rgw?feature=oembed\" frameborder=\"0\" allow=\"accelerometer; autoplay; clipboard-write; encrypted-media; gyroscope; picture-in-picture; web-share\" referrerpolicy=\"strict-origin-when-cross-origin\" allowfullscreen><\/iframe>\n<\/div><\/figure>\n<\/div>\n<\/div>\n\n\n\n<div class=\"wp-block-columns is-layout-flex wp-container-core-columns-is-layout-9d6595d7 wp-block-columns-is-layout-flex\">\n<div class=\"wp-block-column is-layout-flow wp-block-column-is-layout-flow\">\n<figure class=\"wp-block-image size-full is-style-default\"><img decoding=\"async\" width=\"691\" height=\"518\" src=\"https:\/\/www.bluelakechem.com\/wp-content\/uploads\/2024\/11\/anti-bacterial-agents-2.webp\" alt=\"ch\u1ea5t kh\u00e1ng khu\u1ea9n\" class=\"wp-image-684\" srcset=\"https:\/\/www.bluelakechem.com\/wp-content\/uploads\/2024\/11\/anti-bacterial-agents-2.webp 691w, https:\/\/www.bluelakechem.com\/wp-content\/uploads\/2024\/11\/anti-bacterial-agents-2-300x225.webp 300w, https:\/\/www.bluelakechem.com\/wp-content\/uploads\/2024\/11\/anti-bacterial-agents-2-600x450.webp 600w\" sizes=\"(max-width: 691px) 100vw, 691px\" \/><\/figure>\n<\/div>\n\n\n\n<div class=\"wp-block-column is-vertically-aligned-center is-layout-flow wp-block-column-is-layout-flow\">\n<h2 class=\"wp-block-heading\">\u1ee8ng d\u1ee5ng c\u1ee7a t\u00e1c nh\u00e2n kh\u00e1ng khu\u1ea9n:<\/h2>\n\n\n\n<p><strong>D\u1ec7t may ch\u0103m s\u00f3c s\u1ee9c kh\u1ecfe<\/strong>: Th\u00edch h\u1ee3p \u0111\u1ec3 s\u1eed d\u1ee5ng trong s\u1ea3n ph\u1ea9m d\u1ec7t y t\u1ebf, kh\u0103n tr\u1ea3i gi\u01b0\u1eddng b\u1ec7nh vi\u1ec7n v\u00e0 thi\u1ebft b\u1ecb b\u1ea3o v\u1ec7 c\u00e1 nh\u00e2n (PPE) \u0111\u1ec3 cung c\u1ea5p kh\u1ea3 n\u0103ng b\u1ea3o v\u1ec7 kh\u00e1ng khu\u1ea9n v\u00e0 ch\u1ed1ng n\u1ea5m.<\/p>\n\n\n\n<p><strong>Trang ph\u1ee5c<\/strong>: Th\u00edch h\u1ee3p cho qu\u1ea7n \u00e1o th\u1ec3 thao, \u0111\u1ed3 t\u1eadp v\u00e0 qu\u1ea7n \u00e1o h\u00e0ng ng\u00e0y \u0111\u1ec3 ng\u0103n ng\u1eeba m\u00f9i h\u00f4i, vi khu\u1ea9n v\u00e0 n\u1ea5m ph\u00e1t tri\u1ec3n.<\/p>\n\n\n\n<p><strong>D\u1ec7t may gia \u0111\u00ecnh<\/strong>: C\u00f3 th\u1ec3 s\u1eed d\u1ee5ng cho b\u1ed9 \u0111\u1ed3 gi\u01b0\u1eddng, r\u00e8m c\u1eeda, \u0111\u1ed3 b\u1ecdc v\u00e0 c\u00e1c \u0111\u1ed3 d\u1ec7t gia d\u1ee5ng kh\u00e1c \u0111\u1ec3 b\u1ea3o v\u1ec7 l\u00e2u d\u00e0i kh\u1ecfi vi khu\u1ea9n v\u00e0 m\u00f9i h\u00f4i.<\/p>\n\n\n\n<p><strong>D\u1ec7t may c\u00f4ng nghi\u1ec7p v\u00e0 th\u01b0\u01a1ng m\u1ea1i<\/strong>: Th\u00edch h\u1ee3p cho qu\u1ea7n \u00e1o b\u1ea3o h\u1ed9 lao \u0111\u1ed9ng, \u0111\u1ed3ng ph\u1ee5c v\u00e0 c\u00e1c lo\u1ea1i v\u1ea3i d\u1ec7t kh\u00e1c \u0111\u01b0\u1ee3c s\u1eed d\u1ee5ng trong m\u00f4i tr\u01b0\u1eddng y\u00eau c\u1ea7u t\u00ednh n\u0103ng kh\u00e1ng khu\u1ea9n v\u00e0 kh\u1eed m\u00f9i.<\/p>\n<\/div>\n<\/div>","protected":false},"excerpt":{"rendered":"<p>Mu\u1ed1i amoni b\u1eadc b\u1ed1n l\u00e0 ch\u1ea5t kh\u00e1ng khu\u1ea9n, c\u00f3 t\u00e1c d\u1ee5ng kh\u00e1ng khu\u1ea9n ph\u1ed5 r\u1ed9ng v\u00e0 hi\u1ec7u qu\u1ea3 cao, \u0111\u1ed3ng th\u1eddi mang l\u1ea1i t\u00e1c d\u1ee5ng ch\u1ed1ng n\u1ea5m v\u00e0 kh\u1eed m\u00f9i cho h\u00e0ng d\u1ec7t may.<br \/>Qua th\u1eed nghi\u1ec7m tr\u00ean nhi\u1ec1u lo\u1ea1i v\u1ea3i, c\u00f3 t\u00e1c d\u1ee5ng \u1ee9c ch\u1ebf hi\u1ec7u qu\u1ea3 s\u1ef1 t\u1ed3n t\u1ea1i v\u00e0 sinh s\u1ea3n c\u1ee7a vi-r\u00fat, vi khu\u1ea9n tr\u00ean h\u00e0ng d\u1ec7t may, c\u00f3 t\u00e1c d\u1ee5ng kh\u00e1ng khu\u1ea9n khi gi\u1eb7t v\u00e0 v\u1eabn duy tr\u00ec hi\u1ec7u qu\u1ea3 sau 50 l\u1ea7n gi\u1eb7t.<br \/>So v\u1edbi c\u00e1c t\u00e1c nh\u00e2n kh\u00e1ng khu\u1ea9n ion b\u1ea1c c\u00f3 chi ph\u00ed th\u1ea5p h\u01a1n. Hi\u1ec7u qu\u1ea3 v\u1ec1 m\u1eb7t chi ph\u00ed.<\/p>\n<p><strong>S\u1ed1 hi\u1ec7u m\u1eabu<\/strong>44570<\/p>","protected":false},"featured_media":1433,"comment_status":"closed","ping_status":"closed","template":"","meta":{"_acf_changed":false},"material":[26,27,28,29,30,31,32,33,34],"process":[23,25],"product_brand":[],"product_cat":[15],"product_tag":[],"class_list":{"0":"post-681","1":"product","2":"type-product","3":"status-publish","4":"has-post-thumbnail","6":"material-cotton-agent","7":"material-polyester-chemicals","8":"material-nylon-agent","9":"material-acrylic-chemicals","10":"material-viscose-chemicals","11":"material-wool-auxiliary","12":"material-linen-chemicals","13":"material-silk-chemicals","14":"material-fabric-chemicals","15":"process-textile-finishing-chemicals","16":"process-textile-finishing-agent","17":"product_cat-uncategorized","19":"first","20":"instock","21":"shipping-taxable","22":"product-type-simple"},"acf":[],"_links":{"self":[{"href":"https:\/\/www.bluelakechem.com\/vi\/wp-json\/wp\/v2\/product\/681","targetHints":{"allow":["GET"]}}],"collection":[{"href":"https:\/\/www.bluelakechem.com\/vi\/wp-json\/wp\/v2\/product"}],"about":[{"href":"https:\/\/www.bluelakechem.com\/vi\/wp-json\/wp\/v2\/types\/product"}],"replies":[{"embeddable":true,"href":"https:\/\/www.bluelakechem.com\/vi\/wp-json\/wp\/v2\/comments?post=681"}],"wp:featuredmedia":[{"embeddable":true,"href":"https:\/\/www.bluelakechem.com\/vi\/wp-json\/wp\/v2\/media\/1433"}],"wp:attachment":[{"href":"https:\/\/www.bluelakechem.com\/vi\/wp-json\/wp\/v2\/media?parent=681"}],"wp:term":[{"taxonomy":"material","embeddable":true,"href":"https:\/\/www.bluelakechem.com\/vi\/wp-json\/wp\/v2\/material?post=681"},{"taxonomy":"process","embeddable":true,"href":"https:\/\/www.bluelakechem.com\/vi\/wp-json\/wp\/v2\/process?post=681"},{"taxonomy":"product_brand","embeddable":true,"href":"https:\/\/www.bluelakechem.com\/vi\/wp-json\/wp\/v2\/product_brand?post=681"},{"taxonomy":"product_cat","embeddable":true,"href":"https:\/\/www.bluelakechem.com\/vi\/wp-json\/wp\/v2\/product_cat?post=681"},{"taxonomy":"product_tag","embeddable":true,"href":"https:\/\/www.bluelakechem.com\/vi\/wp-json\/wp\/v2\/product_tag?post=681"}],"curies":[{"name":"wp","href":"https:\/\/api.w.org\/{rel}","templated":true}]}}