{"id":686,"date":"2024-11-29T12:31:33","date_gmt":"2024-11-29T12:31:33","guid":{"rendered":"https:\/\/www.bluelakechem.com\/?post_type=product&#038;p=686"},"modified":"2025-01-17T11:25:21","modified_gmt":"2025-01-17T11:25:21","slug":"moisture-quick-dry-agent","status":"publish","type":"product","link":"https:\/\/www.bluelakechem.com\/vi\/product\/moisture-quick-dry-agent\/","title":{"rendered":"Ch\u1ea5t l\u00e0m kh\u00f4 nhanh \u0110\u1ed9 \u1ea9m Ch\u1ea5t ho\u00e0n thi\u1ec7n cho Polyester Ch\u1ed1ng t\u0129nh \u0111i\u1ec7n"},"content":{"rendered":"<div class=\"wp-block-columns is-layout-flex wp-container-core-columns-is-layout-9d6595d7 wp-block-columns-is-layout-flex\">\n<div class=\"wp-block-column is-layout-flow wp-block-column-is-layout-flow\" style=\"flex-basis:50%\">\n<h2 class=\"wp-block-heading\">T\u00ednh n\u0103ng c\u1ee7a ch\u1ea5t l\u00e0m kh\u00f4 nhanh \u0111\u1ed9 \u1ea9m:<\/h2>\n\n\n\n<p><strong>T\u0103ng c\u01b0\u1eddng h\u1ea5p th\u1ee5 \u0111\u1ed9 \u1ea9m<\/strong>: Nhanh ch\u00f3ng th\u1ea5m h\u00fat \u0111\u1ed9 \u1ea9m t\u1eeb da, gi\u00fap v\u1ea3i kh\u00f4 r\u00e1o v\u00e0 tho\u1ea3i m\u00e1i.<\/p>\n\n\n\n<p><strong>Kh\u00f4 nhanh<\/strong>: T\u0103ng t\u1ed1c qu\u00e1 tr\u00ecnh s\u1ea5y, gi\u1ea3m th\u1eddi gian s\u1ea5y h\u01a1n 50% so v\u1edbi c\u00e1c lo\u1ea1i v\u1ea3i th\u1ea5m n\u01b0\u1edbc th\u00f4ng th\u01b0\u1eddng.<\/p>\n\n\n\n<p><strong>C\u1ea3i thi\u1ec7n s\u1ef1 tho\u1ea3i m\u00e1i c\u1ee7a v\u1ea3i<\/strong>: Th\u00edch h\u1ee3p cho v\u1ea3i th\u1ec3 thao, \u0111\u1ed3 m\u1eb7c n\u0103ng \u0111\u1ed9ng v\u00e0 \u0111\u1ed3 d\u00f9ng ngo\u00e0i tr\u1eddi, gi\u00fap v\u1eadn \u0111\u1ed9ng vi\u00ean v\u00e0 ng\u01b0\u1eddi d\u00f9ng tho\u1ea3i m\u00e1i b\u1eb1ng c\u00e1ch duy tr\u00ec \u0111\u1ed9 kh\u00f4 r\u00e1o.<\/p>\n\n\n\n<p><strong>Hi\u1ec7u su\u1ea5t l\u00e2u d\u00e0i<\/strong>: C\u00f3 t\u00ednh n\u0103ng th\u1ea5m h\u00fat \u1ea9m l\u00e2u d\u00e0i v\u00e0 kh\u00f4 nhanh ngay c\u1ea3 sau nhi\u1ec1u l\u1ea7n gi\u1eb7t.<\/p>\n\n\n\n<p><strong>Ph\u00f9 h\u1ee3p v\u1edbi Polyester<\/strong>: \u0110\u01b0\u1ee3c thi\u1ebft k\u1ebf chuy\u00ean d\u1ee5ng \u0111\u1ec3 s\u1eed d\u1ee5ng tr\u00ean v\u1ea3i polyester, mang l\u1ea1i hi\u1ec7u qu\u1ea3 v\u01b0\u1ee3t tr\u1ed9i tr\u00ean s\u1ee3i t\u1ed5ng h\u1ee3p.<\/p>\n<\/div>\n\n\n\n<div class=\"wp-block-column is-layout-flow wp-block-column-is-layout-flow\" style=\"flex-basis:50%\">\n<figure class=\"wp-block-embed is-type-video is-provider-youtube wp-block-embed-youtube wp-embed-aspect-16-9 wp-has-aspect-ratio\"><div class=\"wp-block-embed__wrapper\">\n<iframe title=\"Thi\u1ebft y\u1ebfu cho Nh\u00e0 nhu\u1ed9m! T\u0103ng kh\u1ea3 n\u0103ng h\u1ea5p th\u1ee5 \u0111\u1ed9 \u1ea9m v\u00e0 kh\u00f4 nhanh c\u1ee7a Polyester l\u00ean 2 c\u1ea5p \u0111\u1ed9! \ud83d\udca7\ud83e\uddea\" width=\"500\" height=\"281\" src=\"https:\/\/www.youtube.com\/embed\/la-ZTQZZMBA?feature=oembed\" frameborder=\"0\" allow=\"accelerometer; autoplay; clipboard-write; encrypted-media; gyroscope; picture-in-picture; web-share\" referrerpolicy=\"strict-origin-when-cross-origin\" allowfullscreen><\/iframe>\n<\/div><\/figure>\n<\/div>\n<\/div>\n\n\n\n<div class=\"wp-block-columns is-layout-flex wp-container-core-columns-is-layout-9d6595d7 wp-block-columns-is-layout-flex\">\n<div class=\"wp-block-column is-layout-flow wp-block-column-is-layout-flow\">\n<figure class=\"wp-block-image size-full is-style-default\"><img decoding=\"async\" width=\"627\" height=\"518\" src=\"https:\/\/www.bluelakechem.com\/wp-content\/uploads\/2024\/11\/Moisture-Quick-Dry-Agent-3.webp\" alt=\"Ch\u1ea5t l\u00e0m kh\u00f4 nhanh \u0111\u1ed9 \u1ea9m\" class=\"wp-image-697\" srcset=\"https:\/\/www.bluelakechem.com\/wp-content\/uploads\/2024\/11\/Moisture-Quick-Dry-Agent-3.webp 627w, https:\/\/www.bluelakechem.com\/wp-content\/uploads\/2024\/11\/Moisture-Quick-Dry-Agent-3-300x248.webp 300w, https:\/\/www.bluelakechem.com\/wp-content\/uploads\/2024\/11\/Moisture-Quick-Dry-Agent-3-600x496.webp 600w\" sizes=\"(max-width: 627px) 100vw, 627px\" \/><\/figure>\n<\/div>\n\n\n\n<div class=\"wp-block-column is-vertically-aligned-center is-layout-flow wp-block-column-is-layout-flow\">\n<h2 class=\"wp-block-heading\">\u1ee8ng d\u1ee5ng c\u1ee7a ch\u1ea5t l\u00e0m kh\u00f4 nhanh \u0111\u1ed9 \u1ea9m:<\/h2>\n\n\n\n<p><strong>\u0110\u1ed3 th\u1ec3 thao<\/strong>: Th\u00edch h\u1ee3p cho qu\u1ea7n \u00e1o th\u1ec3 thao, bao g\u1ed3m \u0111\u1ed3 ch\u1ea1y b\u1ed9, qu\u1ea7n yoga v\u00e0 \u00e1o hi\u1ec7u su\u1ea5t.<\/p>\n\n\n\n<p><strong>\u0110\u1ed3 th\u1ec3 thao<\/strong>: Th\u00edch h\u1ee3p cho qu\u1ea7n \u00e1o t\u1eadp luy\u1ec7n, trang ph\u1ee5c t\u1eadp gym v\u00e0 c\u00e1c lo\u1ea1i v\u1ea3i kh\u00e1c d\u00f9ng trong ho\u1ea1t \u0111\u1ed9ng th\u1ec3 ch\u1ea5t.<\/p>\n\n\n\n<p><strong>\u0110\u1ed3 d\u00f9ng ngo\u00e0i tr\u1eddi<\/strong>: Th\u00edch h\u1ee3p \u0111\u1ec3 s\u1eed d\u1ee5ng cho c\u00e1c thi\u1ebft b\u1ecb ngo\u00e0i tr\u1eddi nh\u01b0 \u00e1o kho\u00e1c, qu\u1ea7n d\u00e0i v\u00e0 qu\u1ea7n \u00e1o \u0111i b\u1ed9 \u0111\u01b0\u1eddng d\u00e0i, n\u01a1i c\u1ea7n qu\u1ea3n l\u00fd \u0111\u1ed9 \u1ea9m.<\/p>\n\n\n\n<p><strong>\u0110\u1ed3 l\u00f3t &amp; \u0110\u1ed3 ng\u1ee7<\/strong>: C\u0169ng c\u00f3 th\u1ec3 \u00e1p d\u1ee5ng cho c\u00e1c lo\u1ea1i qu\u1ea7n \u00e1o c\u1ea7n kh\u1ea3 n\u0103ng th\u1ea5m \u1ea9m v\u00e0 kh\u00f4 nhanh \u0111\u1ec3 t\u1ea1o s\u1ef1 tho\u1ea3i m\u00e1i.<\/p>\n<\/div>\n<\/div>","protected":false},"excerpt":{"rendered":"<p>Ch\u1ea5t l\u00e0m kh\u00f4 nhanh, c\u00f3 th\u1ec3 d\u00f9ng \u0111\u1ec3 ho\u00e0n thi\u1ec7n kh\u1ea3 n\u0103ng h\u00fat \u1ea9m v\u00e0 l\u00e0m kh\u00f4 nhanh cho v\u1ea3i th\u1ec3 thao, c\u00f3 th\u1ec3 r\u00fat ng\u1eafn th\u1eddi gian l\u00e0m kh\u00f4 h\u01a1n m\u1ed9t n\u1eeda so v\u1edbi c\u00e1c lo\u1ea1i v\u1ea3i \u01b0a n\u01b0\u1edbc th\u00f4ng th\u01b0\u1eddng.<\/p>\n<p><strong>S\u1ed1 hi\u1ec7u m\u1eabu<\/strong>44504<\/p>","protected":false},"featured_media":1432,"comment_status":"closed","ping_status":"closed","template":"","meta":{"_acf_changed":false},"material":[27,28,29],"process":[23,25],"product_brand":[],"product_cat":[15],"product_tag":[],"class_list":{"0":"post-686","1":"product","2":"type-product","3":"status-publish","4":"has-post-thumbnail","6":"material-polyester-chemicals","7":"material-nylon-agent","8":"material-acrylic-chemicals","9":"process-textile-finishing-chemicals","10":"process-textile-finishing-agent","11":"product_cat-uncategorized","13":"first","14":"instock","15":"shipping-taxable","16":"product-type-simple"},"acf":[],"_links":{"self":[{"href":"https:\/\/www.bluelakechem.com\/vi\/wp-json\/wp\/v2\/product\/686","targetHints":{"allow":["GET"]}}],"collection":[{"href":"https:\/\/www.bluelakechem.com\/vi\/wp-json\/wp\/v2\/product"}],"about":[{"href":"https:\/\/www.bluelakechem.com\/vi\/wp-json\/wp\/v2\/types\/product"}],"replies":[{"embeddable":true,"href":"https:\/\/www.bluelakechem.com\/vi\/wp-json\/wp\/v2\/comments?post=686"}],"wp:featuredmedia":[{"embeddable":true,"href":"https:\/\/www.bluelakechem.com\/vi\/wp-json\/wp\/v2\/media\/1432"}],"wp:attachment":[{"href":"https:\/\/www.bluelakechem.com\/vi\/wp-json\/wp\/v2\/media?parent=686"}],"wp:term":[{"taxonomy":"material","embeddable":true,"href":"https:\/\/www.bluelakechem.com\/vi\/wp-json\/wp\/v2\/material?post=686"},{"taxonomy":"process","embeddable":true,"href":"https:\/\/www.bluelakechem.com\/vi\/wp-json\/wp\/v2\/process?post=686"},{"taxonomy":"product_brand","embeddable":true,"href":"https:\/\/www.bluelakechem.com\/vi\/wp-json\/wp\/v2\/product_brand?post=686"},{"taxonomy":"product_cat","embeddable":true,"href":"https:\/\/www.bluelakechem.com\/vi\/wp-json\/wp\/v2\/product_cat?post=686"},{"taxonomy":"product_tag","embeddable":true,"href":"https:\/\/www.bluelakechem.com\/vi\/wp-json\/wp\/v2\/product_tag?post=686"}],"curies":[{"name":"wp","href":"https:\/\/api.w.org\/{rel}","templated":true}]}}