{"id":975,"date":"2025-01-17T12:20:50","date_gmt":"2025-01-17T12:20:50","guid":{"rendered":"https:\/\/www.bluelakechem.com\/?post_type=product&#038;p=975"},"modified":"2025-01-17T12:20:52","modified_gmt":"2025-01-17T12:20:52","slug":"scouring-agent-in-textile","status":"publish","type":"product","link":"https:\/\/www.bluelakechem.com\/vi\/product\/scouring-agent-in-textile\/","title":{"rendered":"Ch\u1ea5t t\u1ea9y r\u1eeda t\u1ea1o b\u1ecdt th\u1ea5p trong d\u1ec7t may \u0111\u1ec3 x\u1eed l\u00fd s\u01a1 b\u1ed9 b\u00f4ng"},"content":{"rendered":"<div class=\"wp-block-columns is-layout-flex wp-container-core-columns-is-layout-9d6595d7 wp-block-columns-is-layout-flex\">\n<div class=\"wp-block-column is-layout-flow wp-block-column-is-layout-flow\" style=\"flex-basis:50%\">\n<h2 class=\"wp-block-heading\">\u0110\u1eb7c \u0111i\u1ec3m c\u1ee7a ch\u1ea5t t\u1ea9y r\u1eeda trong d\u1ec7t may:<\/h2>\n\n\n\n<p><strong>Hi\u1ec7u qu\u1ea3 gi\u1eb7t cao: <\/strong>Ch\u1ea5t t\u1ea9y r\u1eeda n\u00e0y c\u00f3 hi\u1ec7u su\u1ea5t l\u00e0m s\u1ea1ch tuy\u1ec7t v\u1eddi v\u00e0 ch\u1ec9 c\u1ea7n m\u1ed9t l\u01b0\u1ee3ng nh\u1ecf v\u1ea3i \u0111\u1ec3 lo\u1ea1i b\u1ecf hi\u1ec7u qu\u1ea3 t\u1ea1p ch\u1ea5t v\u00e0 s\u00e1p kh\u1ecfi v\u1ea3i cotton v\u00e0 v\u1ea3i pha cotton, chu\u1ea9n b\u1ecb cho c\u00e1c quy tr\u00ecnh ti\u1ebfp theo.<\/p>\n\n\n\n<p><strong>T\u0103ng c\u01b0\u1eddng hi\u1ec7u \u1ee9ng mao d\u1eabn: <\/strong>Trong th\u1eed nghi\u1ec7m hi\u1ec7u \u1ee9ng mao d\u1eabn, n\u00f3 \u0111\u1ea1t chi\u1ec1u cao h\u01a1n 15 cm v\u1edbi li\u1ec1u l\u01b0\u1ee3ng nh\u1ecf, \u0111\u1ea3m b\u1ea3o kh\u1ea3 n\u0103ng h\u1ea5p th\u1ee5 v\u00e0 ph\u00e2n ph\u1ed1i \u0111\u1ed9 \u1ea9m tuy\u1ec7t v\u1eddi, \u0111i\u1ec1u n\u00e0y r\u1ea5t c\u1ea7n thi\u1ebft cho qu\u00e1 tr\u00ecnh nhu\u1ed9m v\u00e0 ho\u00e0n thi\u1ec7n.<\/p>\n\n\n\n<p><strong>T\u00ednh ch\u1ea5t t\u1ea1o b\u1ecdt th\u1ea5p: <\/strong>Gi\u1ea3m thi\u1ec3u c\u00e1c v\u1ea5n \u0111\u1ec1 li\u00ean quan \u0111\u1ebfn b\u1ecdt v\u00e0 c\u1ea3i thi\u1ec7n hi\u1ec7u qu\u1ea3 ho\u1ea1t \u0111\u1ed9ng trong qu\u00e1 tr\u00ecnh gi\u1eb7t.<\/p>\n\n\n\n<p><strong>Ph\u00f9 h\u1ee3p v\u1edbi v\u1ea3i cotton v\u00e0 v\u1ea3i pha cotton: <\/strong>\u0110\u01b0\u1ee3c pha ch\u1ebf \u0111\u1eb7c bi\u1ec7t \u0111\u1ec3 t\u0103ng c\u01b0\u1eddng qu\u00e1 tr\u00ecnh gi\u1eb7t v\u1ea3i cotton 100% v\u00e0 v\u1ea3i pha cotton-polyester, \u0111\u1ea3m b\u1ea3o t\u00ednh linh ho\u1ea1t trong qu\u00e1 tr\u00ecnh x\u1eed l\u00fd tr\u01b0\u1edbc v\u1ea3i d\u1ec7t.<\/p>\n\n\n\n<p><strong>C\u1ea3i thi\u1ec7n \u0111\u1ed9 tr\u1eafng v\u00e0 kh\u1ea3 n\u0103ng h\u1ea5p th\u1ee5:<\/strong> C\u1ea3i thi\u1ec7n \u0111\u1ed9 tr\u1eafng c\u1ee7a v\u1ea3i cotton v\u00e0 t\u0103ng kh\u1ea3 n\u0103ng th\u1ea5m h\u00fat c\u1ee7a v\u1ea3i, gi\u00fap \u0111\u1ea1t \u0111\u01b0\u1ee3c k\u1ebft qu\u1ea3 nhu\u1ed9m m\u00e0u r\u1ef1c r\u1ee1 v\u00e0 \u0111\u1ed3ng \u0111\u1ec1u<\/p>\n\n\n\n<p><strong>Th\u00e2n thi\u1ec7n v\u1edbi m\u00f4i tr\u01b0\u1eddng:<\/strong> \u0110\u01b0\u1ee3c thi\u1ebft k\u1ebf h\u01b0\u1edbng \u0111\u1ebfn t\u00ednh b\u1ec1n v\u1eefng, gi\u1ea3m l\u01b0\u1ee3ng n\u01b0\u1edbc v\u00e0 n\u0103ng l\u01b0\u1ee3ng ti\u00eau th\u1ee5 b\u1eb1ng c\u00e1ch \u0111\u01a1n gi\u1ea3n h\u00f3a quy tr\u00ecnh gi\u1eb7t.<\/p>\n<\/div>\n\n\n\n<div class=\"wp-block-column is-layout-flow wp-block-column-is-layout-flow\" style=\"flex-basis:50%\">\n<figure class=\"wp-block-embed is-type-video is-provider-youtube wp-block-embed-youtube wp-embed-aspect-16-9 wp-has-aspect-ratio\"><div class=\"wp-block-embed__wrapper\">\n<iframe title=\"H\u00f3a ch\u1ea5t d\u1ec7t may | Ch\u1ea5t t\u1ea9y r\u1eeda, Hi\u1ec7u su\u1ea5t l\u00e0m \u01b0\u1edbt tuy\u1ec7t v\u1eddi &amp; Hi\u1ec7u qu\u1ea3 l\u00e0m s\u1ea1ch#ti\u1ec1n x\u1eed l\u00fd\" width=\"500\" height=\"281\" src=\"https:\/\/www.youtube.com\/embed\/_gubMDDS-WQ?feature=oembed\" frameborder=\"0\" allow=\"accelerometer; autoplay; clipboard-write; encrypted-media; gyroscope; picture-in-picture; web-share\" referrerpolicy=\"strict-origin-when-cross-origin\" allowfullscreen><\/iframe>\n<\/div><\/figure>\n<\/div>\n<\/div>\n\n\n\n<div class=\"wp-block-columns is-layout-flex wp-container-core-columns-is-layout-9d6595d7 wp-block-columns-is-layout-flex\">\n<div class=\"wp-block-column is-layout-flow wp-block-column-is-layout-flow\">\n<figure class=\"wp-block-image size-full\"><img decoding=\"async\" width=\"1200\" height=\"900\" src=\"https:\/\/www.bluelakechem.com\/wp-content\/uploads\/2025\/01\/Cotton-Scouring-Agent-in-Textile.webp\" alt=\"Ch\u1ea5t t\u1ea9y r\u1eeda b\u00f4ng trong d\u1ec7t may\" class=\"wp-image-1399\" srcset=\"https:\/\/www.bluelakechem.com\/wp-content\/uploads\/2025\/01\/Cotton-Scouring-Agent-in-Textile.webp 1200w, https:\/\/www.bluelakechem.com\/wp-content\/uploads\/2025\/01\/Cotton-Scouring-Agent-in-Textile-300x225.webp 300w, https:\/\/www.bluelakechem.com\/wp-content\/uploads\/2025\/01\/Cotton-Scouring-Agent-in-Textile-768x576.webp 768w, https:\/\/www.bluelakechem.com\/wp-content\/uploads\/2025\/01\/Cotton-Scouring-Agent-in-Textile-16x12.webp 16w, https:\/\/www.bluelakechem.com\/wp-content\/uploads\/2025\/01\/Cotton-Scouring-Agent-in-Textile-600x450.webp 600w\" sizes=\"(max-width: 1200px) 100vw, 1200px\" \/><\/figure>\n<\/div>\n\n\n\n<div class=\"wp-block-column is-vertically-aligned-center is-layout-flow wp-block-column-is-layout-flow\">\n<h2 class=\"wp-block-heading\">Ch\u1ea5t t\u1ea9y r\u1eeda trong \u1ee9ng d\u1ee5ng d\u1ec7t may:<\/h2>\n\n\n\n<p><strong>X\u1eed l\u00fd s\u01a1 b\u1ed9 v\u1ea3i cotton:<\/strong> \u0110\u01b0\u1ee3c s\u1eed d\u1ee5ng trong giai \u0111o\u1ea1n c\u1ecd r\u1eeda \u0111\u1ec3 lo\u1ea1i b\u1ecf c\u00e1c t\u1ea1p ch\u1ea5t nh\u01b0 d\u1ea7u, s\u00e1p v\u00e0 c\u1eb7n t\u1ef1 nhi\u00ean.<\/p>\n\n\n\n<p><strong>Ng\u00e0nh D\u1ec7t may: <\/strong>\u0110\u01b0\u1ee3c \u00e1p d\u1ee5ng trong nhi\u1ec1u quy tr\u00ecnh d\u1ec7t may kh\u00e1c nhau, bao g\u1ed3m chu\u1ea9n b\u1ecb gi\u1eb7t v\u00e0 nhu\u1ed9m.<\/p>\n\n\n\n<p><strong>C\u1ea3i thi\u1ec7n k\u1ebft qu\u1ea3 nhu\u1ed9m: <\/strong>Gi\u00fap \u0111\u1ea3m b\u1ea3o thu\u1ed1c nhu\u1ed9m th\u1ea5m t\u1ed1t h\u01a1n, mang l\u1ea1i m\u00e0u s\u1eafc r\u1ef1c r\u1ee1 v\u00e0 \u0111\u1ec1u h\u01a1n tr\u00ean v\u1ea3i.<\/p>\n\n\n\n<p><strong>V\u1ec7 sinh b\u1ec1 m\u1eb7t d\u1ec7t may:<\/strong> \u0110\u1ea3m b\u1ea3o b\u1ec1 m\u1eb7t v\u1ea3i kh\u00f4ng c\u00f3 ch\u1ea5t g\u00e2y \u00f4 nhi\u1ec5m tr\u01b0\u1edbc khi x\u1eed l\u00fd ti\u1ebfp theo.<\/p>\n\n\n\n<p><strong>X\u1eed l\u00fd h\u1ed7n h\u1ee3p d\u1ec7t may: <\/strong>Ch\u1ea5t t\u1ea9y r\u1eeda trong v\u1ea3i th\u00edch h\u1ee3p s\u1eed d\u1ee5ng v\u1edbi v\u1ea3i pha cotton, gi\u00fap t\u0103ng c\u01b0\u1eddng hi\u1ec7u qu\u1ea3 t\u1ea9y r\u1eeda m\u00e0 kh\u00f4ng g\u00e2y h\u01b0 h\u1ea1i.<\/p>\n\n\n\n<p><strong>\u1ee8ng d\u1ee5ng c\u1ee5 th\u1ec3:<\/strong> C\u00e1c ch\u1ea5t t\u1ea9y r\u1eeda trong h\u00e0ng d\u1ec7t may gi\u00fap lo\u1ea1i b\u1ecf t\u1ea1p ch\u1ea5t kh\u1ecfi \u00e1o ph\u00f4ng cotton, v\u1ea3i denim, kh\u0103n tr\u1ea3i gi\u01b0\u1eddng, \u0111\u1ed3 th\u1ec3 thao, \u0111\u1ed3 b\u1ea3o h\u1ed9 lao \u0111\u1ed9ng v\u00e0 qu\u1ea7n \u00e1o tr\u1ebb em, gi\u00fap t\u0103ng \u0111\u1ed9 m\u1ec1m m\u1ea1i, s\u1ea1ch s\u1ebd v\u00e0 m\u00e0u s\u1eafc, gi\u00fap ch\u00fang s\u1eb5n s\u00e0ng cho qu\u00e1 tr\u00ecnh x\u1eed l\u00fd ti\u1ebfp theo.<\/p>\n<\/div>\n<\/div>\n\n\n\n<p><\/p>","protected":false},"excerpt":{"rendered":"<p>Ch\u1ea5t t\u1ea9y r\u1eeda hi\u1ec7u qu\u1ea3 cao n\u00e0y trong h\u00e0ng d\u1ec7t may ho\u00e0n h\u1ea3o cho v\u1ea3i cotton. M\u1ed9t li\u1ec1u l\u01b0\u1ee3ng nh\u1ecf c\u00f3 th\u1ec3 \u0111\u1ea1t \u0111\u01b0\u1ee3c h\u01a1n 15cm trong th\u1eed nghi\u1ec7m hi\u1ec7u \u1ee9ng mao d\u1eabn, c\u1ea3i thi\u1ec7n qu\u00e1 tr\u00ecnh t\u1ea9y r\u1eeda cho v\u1ea3i cotton v\u00e0 h\u1ed7n h\u1ee3p cotton. N\u00f3 t\u0103ng hi\u1ec7u qu\u1ea3 l\u00e0m s\u1ea1ch v\u00e0 n\u00e2ng cao hi\u1ec7u su\u1ea5t x\u1eed l\u00fd tr\u01b0\u1edbc c\u1ee7a h\u00e0ng d\u1ec7t may.<\/p>\n<p><strong>S\u1ed1 hi\u1ec7u m\u1eabu<\/strong>11050<\/p>","protected":false},"featured_media":1443,"comment_status":"closed","ping_status":"closed","template":"","meta":{"_acf_changed":false},"material":[26],"process":[17,19],"product_brand":[],"product_cat":[15],"product_tag":[],"class_list":{"0":"post-975","1":"product","2":"type-product","3":"status-publish","4":"has-post-thumbnail","6":"material-cotton-agent","7":"process-pretreatment-auxiliaries","8":"process-scouring-agent","9":"product_cat-uncategorized","11":"first","12":"instock","13":"shipping-taxable","14":"product-type-simple"},"acf":[],"_links":{"self":[{"href":"https:\/\/www.bluelakechem.com\/vi\/wp-json\/wp\/v2\/product\/975","targetHints":{"allow":["GET"]}}],"collection":[{"href":"https:\/\/www.bluelakechem.com\/vi\/wp-json\/wp\/v2\/product"}],"about":[{"href":"https:\/\/www.bluelakechem.com\/vi\/wp-json\/wp\/v2\/types\/product"}],"replies":[{"embeddable":true,"href":"https:\/\/www.bluelakechem.com\/vi\/wp-json\/wp\/v2\/comments?post=975"}],"wp:featuredmedia":[{"embeddable":true,"href":"https:\/\/www.bluelakechem.com\/vi\/wp-json\/wp\/v2\/media\/1443"}],"wp:attachment":[{"href":"https:\/\/www.bluelakechem.com\/vi\/wp-json\/wp\/v2\/media?parent=975"}],"wp:term":[{"taxonomy":"material","embeddable":true,"href":"https:\/\/www.bluelakechem.com\/vi\/wp-json\/wp\/v2\/material?post=975"},{"taxonomy":"process","embeddable":true,"href":"https:\/\/www.bluelakechem.com\/vi\/wp-json\/wp\/v2\/process?post=975"},{"taxonomy":"product_brand","embeddable":true,"href":"https:\/\/www.bluelakechem.com\/vi\/wp-json\/wp\/v2\/product_brand?post=975"},{"taxonomy":"product_cat","embeddable":true,"href":"https:\/\/www.bluelakechem.com\/vi\/wp-json\/wp\/v2\/product_cat?post=975"},{"taxonomy":"product_tag","embeddable":true,"href":"https:\/\/www.bluelakechem.com\/vi\/wp-json\/wp\/v2\/product_tag?post=975"}],"curies":[{"name":"wp","href":"https:\/\/api.w.org\/{rel}","templated":true}]}}