{"id":979,"date":"2024-12-17T08:43:01","date_gmt":"2024-12-17T08:43:01","guid":{"rendered":"https:\/\/www.bluelakechem.com\/?post_type=product&#038;p=979"},"modified":"2025-01-17T12:12:09","modified_gmt":"2025-01-17T12:12:09","slug":"degreaser-agent","status":"publish","type":"product","link":"https:\/\/www.bluelakechem.com\/vi\/product\/degreaser-agent\/","title":{"rendered":"Ch\u1ea5t t\u1ea9y nh\u1eddn Ch\u1ea5t nhu\u1ed9m T\u1eafm T\u1ea9y nh\u1eddn H\u00f3a ch\u1ea5t d\u1ec7t cho v\u1ea3i Polyester"},"content":{"rendered":"<div class=\"wp-block-columns is-layout-flex wp-container-core-columns-is-layout-9d6595d7 wp-block-columns-is-layout-flex\">\n<div class=\"wp-block-column is-layout-flow wp-block-column-is-layout-flow\" style=\"flex-basis:50%\">\n<h2 class=\"wp-block-heading\">T\u00ednh n\u0103ng c\u1ee7a ch\u1ea5t t\u1ea9y nh\u1eddn:<\/h2>\n\n\n\n<p><strong>Lo\u1ea1i b\u1ecf d\u1ea7u hi\u1ec7u qu\u1ea3 cao: <\/strong>Ch\u1ea5t t\u1ea9y nh\u1eddn \u0111\u01b0\u1ee3c thi\u1ebft k\u1ebf d\u00e0nh cho s\u1ee3i polyester, nhanh ch\u00f3ng lo\u1ea1i b\u1ecf d\u1ea7u m\u1ee1 v\u00e0 b\u1ee5i b\u1ea9n kh\u1ecfi b\u1ec1 m\u1eb7t s\u1ee3i \u0111\u1ec3 \u0111\u1ea3m b\u1ea3o v\u1ea3i s\u1ea1ch.<br><strong>M\u1ed9t quy tr\u00ecnh t\u1eafm:<\/strong> H\u1ed7 tr\u1ee3 t\u1ea9y d\u1ea7u m\u1ee1 v\u00e0 nhu\u1ed9m c\u00f9ng l\u00fac, \u0111\u01a1n gi\u1ea3n h\u00f3a quy tr\u00ecnh v\u00e0 gi\u1ea3m s\u1ed1 l\u01b0\u1ee3ng quy tr\u00ecnh c\u0169ng nh\u01b0 th\u1eddi gian s\u1ea3n xu\u1ea5t.<br><strong>Kh\u1ea3 n\u0103ng t\u01b0\u01a1ng th\u00edch nhu\u1ed9m m\u1ea1nh:<\/strong> C\u00f4ng th\u1ee9c t\u1ed1i \u01b0u gi\u00fap ch\u1ea5t t\u1ea9y nh\u1eddn t\u01b0\u01a1ng th\u00edch cao v\u1edbi nhi\u1ec1u lo\u1ea1i thu\u1ed1c nhu\u1ed9m v\u00e0 ch\u1ea5t tr\u1ee3 nhu\u1ed9m kh\u00e1c nhau, \u0111\u1ea3m b\u1ea3o nhu\u1ed9m polyester s\u00e1ng, \u0111\u1ec1u v\u00e0 \u1ed5n \u0111\u1ecbnh.<br><strong>Gi\u1ea3m thi\u1ec3u vi\u1ec7c l\u00e0m l\u1ea1i v\u00e0 l\u00e3ng ph\u00ed: <\/strong>Gi\u1ea3m l\u01b0\u1ee3ng d\u1ea7u th\u1eeba, tr\u00e1nh nhu\u1ed9m kh\u00f4ng \u0111\u1ec1u, n\u00e2ng cao ch\u1ea5t l\u01b0\u1ee3ng s\u1ea3n ph\u1ea9m, gi\u1ea3m chi ph\u00ed gia c\u00f4ng l\u1ea1i v\u00e0 l\u00e3ng ph\u00ed.<\/p>\n\n\n\n<h2 class=\"wp-block-heading\">\u1ee8ng d\u1ee5ng c\u1ee7a ch\u1ea5t t\u1ea9y nh\u1eddn:<\/h2>\n\n\n\n<p><strong>X\u1eed l\u00fd s\u01a1 b\u1ed9 h\u00e0ng d\u1ec7t may: <\/strong>Ch\u1ea5t t\u1ea9y nh\u1eddn \u0111\u01b0\u1ee3c s\u1eed d\u1ee5ng r\u1ed9ng r\u00e3i trong qu\u00e1 tr\u00ecnh x\u1eed l\u00fd tr\u01b0\u1edbc v\u1ea3i polyester, gi\u00fap lo\u1ea1i b\u1ecf v\u1ebft d\u1ea7u m\u1ee1 hi\u1ec7u qu\u1ea3 v\u00e0 t\u0103ng c\u01b0\u1eddng \u0111\u1ed9 s\u1ea1ch tr\u01b0\u1edbc khi nhu\u1ed9m.<br><strong>Nhu\u1ed9m v\u00e0 ho\u00e0n thi\u1ec7n c\u00f4ng nghi\u1ec7p quy m\u00f4 l\u1edbn: <\/strong>\u0110\u01b0\u1ee3c thi\u1ebft k\u1ebf cho c\u00e1c nh\u00e0 m\u00e1y nhu\u1ed9m quy m\u00f4 l\u1edbn, \u0111\u00e2y l\u00e0 s\u1ea3n ph\u1ea9m h\u1ed7 tr\u1ee3 quan tr\u1ecdng cho quy tr\u00ecnh nhu\u1ed9m v\u00e0 ho\u00e0n thi\u1ec7n m\u1ed9t b\u1ec3 hi\u1ec7u qu\u1ea3 v\u00e0 \u1ed5n \u0111\u1ecbnh, \u00e1p d\u1ee5ng cho h\u00e0ng may m\u1eb7c, h\u00e0ng d\u1ec7t gia d\u1ee5ng v\u00e0 v\u1ea3i c\u00f4ng nghi\u1ec7p.<br><strong>S\u1ea3n xu\u1ea5t h\u00e0ng d\u1ec7t may ch\u1ee9c n\u0103ng:<\/strong> S\u1eed d\u1ee5ng ch\u1ea5t t\u1ea9y nh\u1eddn \u0111\u1ea3m b\u1ea3o \u0111\u1ed9 s\u1ea1ch v\u00e0 nhu\u1ed9m m\u00e0u cho c\u00e1c lo\u1ea1i v\u1ea3i ch\u1ee9c n\u0103ng \u0111\u00f2i h\u1ecfi kh\u1eaft khe, ch\u1eb3ng h\u1ea1n nh\u01b0 qu\u1ea7n \u00e1o th\u1ec3 thao, qu\u1ea7n \u00e1o b\u1ea3o h\u1ed9 v\u00e0 c\u00e1c lo\u1ea1i v\u1ea3i chuy\u00ean d\u1ee5ng kh\u00e1c.<\/p>\n<\/div>\n\n\n\n<div class=\"wp-block-column is-layout-flow wp-block-column-is-layout-flow\" style=\"flex-basis:50%\">\n<figure class=\"wp-block-image size-full\"><img decoding=\"async\" width=\"800\" height=\"800\" src=\"https:\/\/www.bluelakechem.com\/wp-content\/uploads\/2024\/11\/wetting-agents-in-textile.webp\" alt=\"ch\u1ea5t l\u00e0m \u01b0\u1edbt trong d\u1ec7t may\" class=\"wp-image-1439\" srcset=\"https:\/\/www.bluelakechem.com\/wp-content\/uploads\/2024\/11\/wetting-agents-in-textile.webp 800w, https:\/\/www.bluelakechem.com\/wp-content\/uploads\/2024\/11\/wetting-agents-in-textile-300x300.webp 300w, https:\/\/www.bluelakechem.com\/wp-content\/uploads\/2024\/11\/wetting-agents-in-textile-150x150.webp 150w, https:\/\/www.bluelakechem.com\/wp-content\/uploads\/2024\/11\/wetting-agents-in-textile-768x768.webp 768w, https:\/\/www.bluelakechem.com\/wp-content\/uploads\/2024\/11\/wetting-agents-in-textile-12x12.webp 12w, https:\/\/www.bluelakechem.com\/wp-content\/uploads\/2024\/11\/wetting-agents-in-textile-600x600.webp 600w, https:\/\/www.bluelakechem.com\/wp-content\/uploads\/2024\/11\/wetting-agents-in-textile-100x100.webp 100w\" sizes=\"(max-width: 800px) 100vw, 800px\" \/><\/figure>\n<\/div>\n<\/div>","protected":false},"excerpt":{"rendered":"<p>Ch\u1ea5t t\u1ea9y nh\u1eddn cho v\u1ea3i polyester n\u00e0y cung c\u1ea5p gi\u1ea3i ph\u00e1p h\u1ee3p l\u00fd v\u00e0 hi\u1ec7u qu\u1ea3 \u0111\u1ec3 t\u1ea9y nh\u1eddn v\u00e0 nhu\u1ed9m ch\u1ec9 trong m\u1ed9t b\u01b0\u1edbc, gi\u00fap n\u00e2ng cao ch\u1ea5t l\u01b0\u1ee3ng v\u1ea3i, h\u1ea5p th\u1ee5 thu\u1ed1c nhu\u1ed9m t\u1ed1t h\u01a1n v\u00e0 ti\u1ebft ki\u1ec7m \u0111\u00e1ng k\u1ec3 th\u1eddi gian v\u00e0 chi ph\u00ed.<\/p>\n<p><strong>S\u1ed1 hi\u1ec7u m\u1eabu<\/strong>11007<\/p>","protected":false},"featured_media":1440,"comment_status":"closed","ping_status":"closed","template":"","meta":{"_acf_changed":false},"material":[27],"process":[17,35],"product_brand":[],"product_cat":[15],"product_tag":[],"class_list":{"0":"post-979","1":"product","2":"type-product","3":"status-publish","4":"has-post-thumbnail","6":"material-polyester-chemicals","7":"process-pretreatment-auxiliaries","8":"process-degreasing-agent","9":"product_cat-uncategorized","11":"first","12":"instock","13":"shipping-taxable","14":"product-type-simple"},"acf":[],"_links":{"self":[{"href":"https:\/\/www.bluelakechem.com\/vi\/wp-json\/wp\/v2\/product\/979","targetHints":{"allow":["GET"]}}],"collection":[{"href":"https:\/\/www.bluelakechem.com\/vi\/wp-json\/wp\/v2\/product"}],"about":[{"href":"https:\/\/www.bluelakechem.com\/vi\/wp-json\/wp\/v2\/types\/product"}],"replies":[{"embeddable":true,"href":"https:\/\/www.bluelakechem.com\/vi\/wp-json\/wp\/v2\/comments?post=979"}],"wp:featuredmedia":[{"embeddable":true,"href":"https:\/\/www.bluelakechem.com\/vi\/wp-json\/wp\/v2\/media\/1440"}],"wp:attachment":[{"href":"https:\/\/www.bluelakechem.com\/vi\/wp-json\/wp\/v2\/media?parent=979"}],"wp:term":[{"taxonomy":"material","embeddable":true,"href":"https:\/\/www.bluelakechem.com\/vi\/wp-json\/wp\/v2\/material?post=979"},{"taxonomy":"process","embeddable":true,"href":"https:\/\/www.bluelakechem.com\/vi\/wp-json\/wp\/v2\/process?post=979"},{"taxonomy":"product_brand","embeddable":true,"href":"https:\/\/www.bluelakechem.com\/vi\/wp-json\/wp\/v2\/product_brand?post=979"},{"taxonomy":"product_cat","embeddable":true,"href":"https:\/\/www.bluelakechem.com\/vi\/wp-json\/wp\/v2\/product_cat?post=979"},{"taxonomy":"product_tag","embeddable":true,"href":"https:\/\/www.bluelakechem.com\/vi\/wp-json\/wp\/v2\/product_tag?post=979"}],"curies":[{"name":"wp","href":"https:\/\/api.w.org\/{rel}","templated":true}]}}