{"id":981,"date":"2024-12-17T08:48:38","date_gmt":"2024-12-17T08:48:38","guid":{"rendered":"https:\/\/www.bluelakechem.com\/?post_type=product&#038;p=981"},"modified":"2025-01-17T12:47:10","modified_gmt":"2025-01-17T12:47:10","slug":"degreasing-agents","status":"publish","type":"product","link":"https:\/\/www.bluelakechem.com\/vi\/product\/degreasing-agents\/","title":{"rendered":"Ch\u1ea5t t\u1ea9y nh\u1eddn H\u00f3a ch\u1ea5t v\u1ea3i cho NylonPolyester, Spandex X\u1eed l\u00fd tr\u01b0\u1edbc"},"content":{"rendered":"<div class=\"wp-block-columns is-layout-flex wp-container-core-columns-is-layout-9d6595d7 wp-block-columns-is-layout-flex\">\n<div class=\"wp-block-column is-layout-flow wp-block-column-is-layout-flow\" style=\"flex-basis:50%\">\n<h2 class=\"wp-block-heading\">T\u00ednh n\u0103ng c\u1ee7a ch\u1ea5t t\u1ea9y nh\u1eddn:<\/h2>\n\n\n\n<p><strong>C\u00f3 hi\u1ec7u qu\u1ea3 tr\u00ean v\u1ea3i Nylon v\u00e0 v\u1ea3i pha tr\u1ed9n: <\/strong>\u0110\u01b0\u1ee3c thi\u1ebft k\u1ebf \u0111\u1ec3 t\u1ea9y d\u1ea7u m\u1ee1 tr\u00ean v\u1ea3i nylon, nylon\/spandex v\u00e0 polyester\/spandex, \u0111\u1ea3m b\u1ea3o v\u1ea3i s\u1ea1ch v\u00e0 s\u1eb5n s\u00e0ng cho qu\u00e1 tr\u00ecnh x\u1eed l\u00fd ti\u1ebfp theo.<\/p>\n\n\n\n<p><strong>T\u1ea9y d\u1ea7u m\u1ee1 hi\u1ec7u qu\u1ea3: <\/strong>Lo\u1ea1i b\u1ecf d\u1ea7u m\u1ee1 v\u00e0 c\u00e1c ch\u1ea5t g\u00e2y \u00f4 nhi\u1ec5m kh\u00e1c kh\u1ecfi v\u1ea3i nylon v\u00e0 v\u1ea3i pha, \u0111\u1ea3m b\u1ea3o v\u1eadt li\u1ec7u s\u1ea1ch v\u00e0 s\u1eb5n s\u00e0ng \u0111\u1ec3 nhu\u1ed9m, in ho\u1eb7c ho\u00e0n thi\u1ec7n.<\/p>\n\n\n\n<p><strong>C\u1ea3i thi\u1ec7n ch\u1ea5t l\u01b0\u1ee3ng v\u1ea3i:<\/strong> C\u1ea3i thi\u1ec7n k\u1ebft c\u1ea5u v\u1ea3i v\u00e0 kh\u1ea3 n\u0103ng nhu\u1ed9m m\u00e0u b\u1eb1ng c\u00e1ch l\u00e0m s\u1ea1ch k\u1ef9 l\u01b0\u1ee1ng c\u00e1c s\u1ee3i v\u1ea3i, mang l\u1ea1i k\u1ebft qu\u1ea3 m\u1ecbn h\u01a1n, \u0111\u1ed3ng \u0111\u1ec1u h\u01a1n trong qu\u00e1 tr\u00ecnh x\u1eed l\u00fd ti\u1ebfp theo.<\/p>\n\n\n\n<p><strong>C\u1ea3i thi\u1ec7n kh\u1ea3 n\u0103ng h\u1ea5p th\u1ee5 thu\u1ed1c nhu\u1ed9m: <\/strong>Chu\u1ea9n b\u1ecb v\u1ea3i nylon v\u00e0 v\u1ea3i pha \u0111\u1ec3 nhu\u1ed9m b\u1eb1ng c\u00e1ch lo\u1ea1i b\u1ecf t\u1ea1p ch\u1ea5t c\u00f3 th\u1ec3 c\u1ea3n tr\u1edf qu\u00e1 tr\u00ecnh h\u1ea5p th\u1ee5 thu\u1ed1c nhu\u1ed9m, \u0111\u1ea3m b\u1ea3o m\u00e0u s\u1eafc \u0111\u1ed3ng \u0111\u1ec1u v\u00e0 r\u1ef1c r\u1ee1.<\/p>\n\n\n\n<h2 class=\"wp-block-heading\">\u1ee8ng d\u1ee5ng c\u1ee7a ch\u1ea5t t\u1ea9y nh\u1eddn:<\/h2>\n\n\n\n<p><strong>Nylon v\u00e0 h\u1ed7n h\u1ee3p Nylon:<\/strong> Ch\u1ea5t t\u1ea9y d\u1ea7u m\u1ee1 l\u00e0 ch\u1ea5t l\u00e0m s\u1ea1ch kh\u00f4ng th\u1ec3 thi\u1ebfu trong qu\u00e1 tr\u00ecnh x\u1eed l\u00fd s\u01a1 b\u1ed9 s\u1ee3i nylon v\u00e0 h\u1ed7n h\u1ee3p nylon\/spandex.<br><br><strong>X\u1eed l\u00fd polyester\/spandex: <\/strong>\u0110\u1eb7c bi\u1ec7t th\u00edch h\u1ee3p \u0111\u1ec3 x\u1eed l\u00fd tr\u01b0\u1edbc c\u00e1c lo\u1ea1i v\u1ea3i hi\u1ec7u su\u1ea5t nh\u01b0 qu\u1ea7n \u00e1o th\u1ec3 thao pha polyester\/spandex v\u00e0 qu\u1ea7n \u00e1o ch\u1ee9c n\u0103ng.<br><br><strong>Quy tr\u00ecnh nhu\u1ed9m v\u00e0 ho\u00e0n thi\u1ec7n: <\/strong>h\u1ed7 tr\u1ee3 t\u1ea9y d\u1ea7u m\u1ee1 v\u00e0 nhu\u1ed9m \u0111\u1ed3ng th\u1eddi \u0111\u1ec3 \u0111\u1ea3m b\u1ea3o v\u1ea3i s\u1ea1ch v\u00e0 c\u1ea3i thi\u1ec7n ch\u1ea5t l\u01b0\u1ee3ng v\u00e0 \u0111\u1ed9 \u0111\u1ed3ng \u0111\u1ec1u c\u1ee7a m\u00e0u nhu\u1ed9m.<br><br><strong>\u1ee8ng d\u1ee5ng s\u1ea3n xu\u1ea5t c\u00f4ng nghi\u1ec7p:<\/strong> \u0111\u01b0\u1ee3c s\u1eed d\u1ee5ng r\u1ed9ng r\u00e3i trong may m\u1eb7c, d\u1ec7t gia d\u1ee5ng v\u00e0 gia c\u00f4ng d\u1ec7t may ch\u1ee9c n\u0103ng cao c\u1ea5p, ph\u00f9 h\u1ee3p v\u1edbi nhu c\u1ea7u s\u1ea3n xu\u1ea5t quy m\u00f4 l\u1edbn.<\/p>\n<\/div>\n\n\n\n<div class=\"wp-block-column is-layout-flow wp-block-column-is-layout-flow\" style=\"flex-basis:50%\">\n<figure class=\"wp-block-image size-full\"><img decoding=\"async\" width=\"800\" height=\"800\" src=\"https:\/\/www.bluelakechem.com\/wp-content\/uploads\/2024\/12\/Degreasing-Agents-1.webp\" alt=\"Ch\u1ea5t t\u1ea9y nh\u1eddn\" class=\"wp-image-1457\" srcset=\"https:\/\/www.bluelakechem.com\/wp-content\/uploads\/2024\/12\/Degreasing-Agents-1.webp 800w, https:\/\/www.bluelakechem.com\/wp-content\/uploads\/2024\/12\/Degreasing-Agents-1-300x300.webp 300w, https:\/\/www.bluelakechem.com\/wp-content\/uploads\/2024\/12\/Degreasing-Agents-1-150x150.webp 150w, https:\/\/www.bluelakechem.com\/wp-content\/uploads\/2024\/12\/Degreasing-Agents-1-768x768.webp 768w, https:\/\/www.bluelakechem.com\/wp-content\/uploads\/2024\/12\/Degreasing-Agents-1-12x12.webp 12w, https:\/\/www.bluelakechem.com\/wp-content\/uploads\/2024\/12\/Degreasing-Agents-1-600x600.webp 600w, https:\/\/www.bluelakechem.com\/wp-content\/uploads\/2024\/12\/Degreasing-Agents-1-100x100.webp 100w\" sizes=\"(max-width: 800px) 100vw, 800px\" \/><\/figure>\n<\/div>\n<\/div>\n\n\n\n<div class=\"wp-block-columns is-layout-flex wp-container-core-columns-is-layout-9d6595d7 wp-block-columns-is-layout-flex\">\n<div class=\"wp-block-column is-vertically-aligned-center is-layout-flow wp-block-column-is-layout-flow\"><\/div>\n<\/div>\n\n\n\n<p><\/p>","protected":false},"excerpt":{"rendered":"<p>Ch\u1ea5t t\u1ea9y nh\u1eddn \u0111\u01b0\u1ee3c thi\u1ebft k\u1ebf cho v\u1ea3i nylon, nylon\/spandex v\u00e0 polyester\/spandex, mang l\u1ea1i kh\u1ea3 n\u0103ng lo\u1ea1i b\u1ecf d\u1ea7u \u0111\u1eb7c bi\u1ec7t cho nhi\u1ec1u lo\u1ea1i v\u1ea3i pha tr\u1ed9n nylon. C\u00e1c ch\u1ea5t n\u00e0y \u0111\u1ea3m b\u1ea3o qu\u00e1 tr\u00ecnh t\u1ea9y nh\u1eddn tri\u1ec7t \u0111\u1ec3, t\u0103ng c\u01b0\u1eddng \u0111\u1ed9 s\u1ea1ch c\u1ee7a v\u1ea3i v\u00e0 c\u1ea3i thi\u1ec7n hi\u1ec7u su\u1ea5t nhu\u1ed9m.<\/p>\n<p><strong>S\u1ed1 hi\u1ec7u m\u1eabu<\/strong>10072<\/p>","protected":false},"featured_media":1457,"comment_status":"closed","ping_status":"closed","template":"","meta":{"_acf_changed":false},"material":[27,28,34],"process":[17,35],"product_brand":[],"product_cat":[15],"product_tag":[],"class_list":{"0":"post-981","1":"product","2":"type-product","3":"status-publish","4":"has-post-thumbnail","6":"material-polyester-chemicals","7":"material-nylon-agent","8":"material-fabric-chemicals","9":"process-pretreatment-auxiliaries","10":"process-degreasing-agent","11":"product_cat-uncategorized","13":"first","14":"instock","15":"shipping-taxable","16":"product-type-simple"},"acf":[],"_links":{"self":[{"href":"https:\/\/www.bluelakechem.com\/vi\/wp-json\/wp\/v2\/product\/981","targetHints":{"allow":["GET"]}}],"collection":[{"href":"https:\/\/www.bluelakechem.com\/vi\/wp-json\/wp\/v2\/product"}],"about":[{"href":"https:\/\/www.bluelakechem.com\/vi\/wp-json\/wp\/v2\/types\/product"}],"replies":[{"embeddable":true,"href":"https:\/\/www.bluelakechem.com\/vi\/wp-json\/wp\/v2\/comments?post=981"}],"wp:featuredmedia":[{"embeddable":true,"href":"https:\/\/www.bluelakechem.com\/vi\/wp-json\/wp\/v2\/media\/1457"}],"wp:attachment":[{"href":"https:\/\/www.bluelakechem.com\/vi\/wp-json\/wp\/v2\/media?parent=981"}],"wp:term":[{"taxonomy":"material","embeddable":true,"href":"https:\/\/www.bluelakechem.com\/vi\/wp-json\/wp\/v2\/material?post=981"},{"taxonomy":"process","embeddable":true,"href":"https:\/\/www.bluelakechem.com\/vi\/wp-json\/wp\/v2\/process?post=981"},{"taxonomy":"product_brand","embeddable":true,"href":"https:\/\/www.bluelakechem.com\/vi\/wp-json\/wp\/v2\/product_brand?post=981"},{"taxonomy":"product_cat","embeddable":true,"href":"https:\/\/www.bluelakechem.com\/vi\/wp-json\/wp\/v2\/product_cat?post=981"},{"taxonomy":"product_tag","embeddable":true,"href":"https:\/\/www.bluelakechem.com\/vi\/wp-json\/wp\/v2\/product_tag?post=981"}],"curies":[{"name":"wp","href":"https:\/\/api.w.org\/{rel}","templated":true}]}}