{"id":983,"date":"2024-12-17T08:47:34","date_gmt":"2024-12-17T08:47:34","guid":{"rendered":"https:\/\/www.bluelakechem.com\/?post_type=product&#038;p=983"},"modified":"2025-06-17T08:25:58","modified_gmt":"2025-06-17T08:25:58","slug":"sequestering-agents","status":"publish","type":"product","link":"https:\/\/www.bluelakechem.com\/vi\/product\/sequestering-agents\/","title":{"rendered":"Ch\u1ea5t c\u00f4 l\u1eadp Ch\u1ea5t ph\u1ee5 gia nhu\u1ed9m kh\u00f4ng ch\u1ee9a ph\u1ed1t pho cho b\u00f4ng, t\u1ea5t c\u1ea3 c\u00e1c lo\u1ea1i v\u1ea3i"},"content":{"rendered":"<div class=\"wp-block-columns is-layout-flex wp-container-core-columns-is-layout-9d6595d7 wp-block-columns-is-layout-flex\">\n<div class=\"wp-block-column is-layout-flow wp-block-column-is-layout-flow\" style=\"flex-basis:50%\">\n<h2 class=\"wp-block-heading\">\u0110\u1eb7c \u0111i\u1ec3m c\u1ee7a t\u00e1c nh\u00e2n c\u00f4 l\u1eadp:<\/h2>\n\n\n\n<p><strong>C\u00f3 hi\u1ec7u qu\u1ea3 chelate c\u00e1c ion kim lo\u1ea1i:<\/strong> C\u00f3 hi\u1ec7u qu\u1ea3 lo\u1ea1i b\u1ecf nhi\u1ec1u lo\u1ea1i ion kim lo\u1ea1i ph\u1ed5 bi\u1ebfn (nh\u01b0 canxi, magie, s\u1eaft v\u00e0 \u0111\u1ed3ng) \u0111\u1ec3 ng\u0103n ch\u00fang can thi\u1ec7p v\u00e0o c\u00e1c quy tr\u00ecnh d\u1ec7t may nh\u01b0 gi\u1eb7t, t\u1ea9y, nhu\u1ed9m v\u00e0 in.<\/p>\n\n\n\n<p><strong>Hi\u1ec7u \u1ee9ng ph\u00e2n t\u00e1n thu\u1ed1c nhu\u1ed9m:<\/strong> Ho\u1ea1t \u0111\u1ed9ng nh\u01b0 ch\u1ea5t ph\u00e2n t\u00e1n thu\u1ed1c nhu\u1ed9m \u0111\u1ec3 \u0111\u1ea3m b\u1ea3o ph\u00e2n ph\u1ed1i thu\u1ed1c nhu\u1ed9m t\u1ed1t h\u01a1n v\u00e0 gi\u1ea3m c\u00e1c v\u1ea5n \u0111\u1ec1 nh\u01b0 m\u00e0u kh\u00f4ng \u0111\u1ec1u ho\u1eb7c s\u1ecdc.<\/p>\n\n\n\n<p><strong>Th\u00e2n thi\u1ec7n v\u1edbi m\u00f4i tr\u01b0\u1eddng v\u00e0 c\u00f3 th\u1ec3 ph\u00e2n h\u1ee7y sinh h\u1ecdc: <\/strong>C\u00e1c t\u00e1c nh\u00e2n t\u1ea1o ph\u1ee9c th\u00e2n thi\u1ec7n v\u1edbi m\u00f4i tr\u01b0\u1eddng v\u00e0 c\u00f3 kh\u1ea3 n\u0103ng ph\u00e2n h\u1ee7y sinh h\u1ecdc, ph\u00f9 h\u1ee3p v\u1edbi c\u00e1c quy tr\u00ecnh s\u1ea3n xu\u1ea5t d\u1ec7t may b\u1ec1n v\u1eefng v\u00e0 \u0111\u00e1p \u1ee9ng c\u00e1c ti\u00eau chu\u1ea9n v\u1ec1 m\u00f4i tr\u01b0\u1eddng.<\/p>\n\n\n\n<p><strong>C\u1ea3i thi\u1ec7n kh\u1ea3 n\u0103ng h\u1ea5p th\u1ee5 thu\u1ed1c nhu\u1ed9m v\u00e0 \u0111\u1ed9 b\u1ec1n m\u00e0u: <\/strong>B\u1eb1ng c\u00e1ch ng\u0103n ch\u1eb7n c\u00e1c ion kim lo\u1ea1i ph\u1ea3n \u1ee9ng v\u1edbi thu\u1ed1c nhu\u1ed9m, c\u00f3 th\u1ec3 c\u1ea3i thi\u1ec7n kh\u1ea3 n\u0103ng h\u1ea5p th\u1ee5 thu\u1ed1c nhu\u1ed9m, \u0111\u1ea3m b\u1ea3o m\u00e0u s\u1eafc \u0111\u1ed3ng \u0111\u1ec1u v\u00e0 s\u1ed1ng \u0111\u1ed9ng h\u01a1n, \u0111\u1ed3ng th\u1eddi c\u1ea3i thi\u1ec7n \u0111\u1ed9 b\u1ec1n m\u00e0u.<\/p>\n\n\n\n<p><strong>Ph\u1ea1m vi s\u1eed d\u1ee5ng r\u1ed9ng r\u00e3i:<\/strong> Ph\u00f9 h\u1ee3p v\u1edbi nhi\u1ec1u lo\u1ea1i v\u1ea3i, bao g\u1ed3m cotton, polyester, v\u1ea3i pha, l\u1ee5a, len, v.v.<\/p>\n\n\n\n<h2 class=\"wp-block-heading\">\u1ee8ng d\u1ee5ng c\u1ee7a t\u00e1c nh\u00e2n c\u00f4 l\u1eadp:<\/h2>\n\n\n\n<p><strong>Quy tr\u00ecnh nhu\u1ed9m v\u00e0 in:<\/strong> Ng\u0103n ch\u1eb7n c\u00e1c ion kim lo\u1ea1i c\u1ea3n tr\u1edf qu\u00e1 tr\u00ecnh h\u1ea5p th\u1ee5 thu\u1ed1c nhu\u1ed9m, \u0111\u1ea3m b\u1ea3o m\u00e0u s\u1eafc \u0111\u1ed3ng \u0111\u1ec1u v\u00e0 s\u1ed1ng \u0111\u1ed9ng, \u0111\u1eb7c bi\u1ec7t l\u00e0 tr\u00ean v\u1ea3i cotton v\u00e0 polyester.<\/p>\n\n\n\n<p><strong>Gi\u1eb7t v\u00e0 t\u1ea9y:<\/strong> C\u00e1c t\u00e1c nh\u00e2n c\u00f4 l\u1eadp s\u1ebd c\u00f4 l\u1eadp c\u00e1c ion kim lo\u1ea1i trong n\u01b0\u1edbc, \u0111\u1ea3m b\u1ea3o qu\u00e1 tr\u00ecnh gi\u1eb7t v\u00e0 t\u1ea9y kh\u00f4ng b\u1ecb c\u1ea3n tr\u1edf b\u1edfi \u0111\u1ed9 c\u1ee9ng c\u1ee7a n\u01b0\u1edbc, gi\u00fap v\u1ea3i s\u1ea1ch h\u01a1n v\u00e0 s\u00e1ng h\u01a1n.<\/p>\n\n\n\n<p><strong>Ho\u00e0n thi\u1ec7n d\u1ec7t may:<\/strong> C\u1ea3i thi\u1ec7n hi\u1ec7u su\u1ea5t ho\u00e0n thi\u1ec7n b\u1eb1ng c\u00e1ch ng\u0103n ch\u1eb7n c\u00e1c t\u01b0\u01a1ng t\u00e1c ion kim lo\u1ea1i kh\u00f4ng mong mu\u1ed1n, \u0111\u1ea3m b\u1ea3o c\u00e1c ph\u01b0\u01a1ng ph\u00e1p x\u1eed l\u00fd ho\u00e0n thi\u1ec7n nh\u01b0 ch\u1ea5t l\u00e0m m\u1ec1m, ch\u1ea5t ch\u1ed1ng th\u1ea5m n\u01b0\u1edbc ho\u1eb7c ch\u1ea5t ch\u1ed1ng nh\u0103n c\u00f3 hi\u1ec7u qu\u1ea3 h\u01a1n.<\/p>\n\n\n\n<p><strong>Quy tr\u00ecnh x\u00e0 ph\u00f2ng h\u00f3a: <\/strong>Gi\u00fap c\u00f4 l\u1eadp c\u00e1c ion kim lo\u1ea1i g\u00e2y \u1ea3nh h\u01b0\u1edfng \u0111\u1ebfn ch\u1ea5t t\u1ea9y r\u1eeda x\u00e0 ph\u00f2ng, c\u1ea3i thi\u1ec7n \u0111\u1ed9 s\u1ea1ch t\u1ed5ng th\u1ec3 v\u00e0 ch\u1ea5t l\u01b0\u1ee3ng c\u1ee7a v\u1ea3i.<\/p>\n\n\n\n<p><strong>Qu\u1ea3n l\u00fd ch\u1ea5t l\u01b0\u1ee3ng n\u01b0\u1edbc:<\/strong> Th\u00edch h\u1ee3p s\u1eed d\u1ee5ng \u1edf nh\u1eefng khu v\u1ef1c c\u00f3 n\u01b0\u1edbc c\u1ee9ng v\u00ec n\u00f3 l\u00e0m gi\u1ea3m t\u00e1c \u0111\u1ed9ng ti\u00eau c\u1ef1c c\u1ee7a c\u00e1c ion kim lo\u1ea1i \u0111\u1ebfn qu\u00e1 tr\u00ecnh x\u1eed l\u00fd d\u1ec7t may v\u00e0 gi\u1ea3m c\u00e1c v\u1ea5n \u0111\u1ec1 v\u1ec1 s\u1ea3n xu\u1ea5t.<\/p>\n\n\n\n<p><strong>S\u1ea3n xu\u1ea5t d\u1ec7t may b\u1ec1n v\u1eefng:<\/strong> C\u00e1c t\u00e1c nh\u00e2n c\u00f4 l\u1eadp kh\u00f4ng ch\u1ee9a phosphat gi\u00fap gi\u1ea3m nhu c\u1ea7u x\u1eed l\u00fd d\u1ef1a tr\u00ean phosphat, \u0111\u00e1p \u1ee9ng c\u00e1c ti\u00eau chu\u1ea9n v\u1ec1 m\u00f4i tr\u01b0\u1eddng v\u00e0 quy \u0111\u1ecbnh, v\u00e0 ph\u00f9 h\u1ee3p v\u1edbi c\u00e1c nh\u00e0 s\u1ea3n xu\u1ea5t t\u1eadp trung v\u00e0o c\u00e1c ho\u1ea1t \u0111\u1ed9ng b\u1ec1n v\u1eefng<\/p>\n<\/div>\n\n\n\n<div class=\"wp-block-column is-layout-flow wp-block-column-is-layout-flow\" style=\"flex-basis:50%\">\n<figure class=\"wp-block-image size-full\"><img decoding=\"async\" width=\"1363\" height=\"1701\" src=\"https:\/\/www.bluelakechem.com\/wp-content\/uploads\/2024\/12\/Sequestering-Agents-Phosphorus-free-Dyeing-Auxiliaries-11035.webp\" alt=\"Sequestering Agents Phosphorus-free Dyeing Auxiliaries\" class=\"wp-image-2416\" srcset=\"https:\/\/www.bluelakechem.com\/wp-content\/uploads\/2024\/12\/Sequestering-Agents-Phosphorus-free-Dyeing-Auxiliaries-11035.webp 1363w, https:\/\/www.bluelakechem.com\/wp-content\/uploads\/2024\/12\/Sequestering-Agents-Phosphorus-free-Dyeing-Auxiliaries-11035-240x300.webp 240w, https:\/\/www.bluelakechem.com\/wp-content\/uploads\/2024\/12\/Sequestering-Agents-Phosphorus-free-Dyeing-Auxiliaries-11035-768x958.webp 768w, https:\/\/www.bluelakechem.com\/wp-content\/uploads\/2024\/12\/Sequestering-Agents-Phosphorus-free-Dyeing-Auxiliaries-11035-10x12.webp 10w, https:\/\/www.bluelakechem.com\/wp-content\/uploads\/2024\/12\/Sequestering-Agents-Phosphorus-free-Dyeing-Auxiliaries-11035-1200x1498.webp 1200w, https:\/\/www.bluelakechem.com\/wp-content\/uploads\/2024\/12\/Sequestering-Agents-Phosphorus-free-Dyeing-Auxiliaries-11035-600x749.webp 600w\" sizes=\"(max-width: 1363px) 100vw, 1363px\" \/><\/figure>\n<\/div>\n<\/div>\n\n\n\n<div class=\"wp-block-columns is-layout-flex wp-container-core-columns-is-layout-9d6595d7 wp-block-columns-is-layout-flex\">\n<div class=\"wp-block-column is-vertically-aligned-center is-layout-flow wp-block-column-is-layout-flow\"><\/div>\n<\/div>\n\n\n\n<p><\/p>","protected":false},"excerpt":{"rendered":"<p>C\u00e1c ch\u1ea5t c\u00f4 l\u1eadp kh\u00f4ng ch\u1ee9a phosphat c\u00f3 hi\u1ec7u qu\u1ea3 chelate c\u00e1c ion kim lo\u1ea1i ph\u1ed5 bi\u1ebfn, l\u00e0m gi\u1ea3m t\u00e1c \u0111\u1ed9ng c\u1ee7a ch\u1ea5t l\u01b0\u1ee3ng n\u01b0\u1edbc l\u00ean qu\u00e1 tr\u00ecnh gi\u1eb7t, t\u1ea9y, nhu\u1ed9m, in, x\u00e0 ph\u00f2ng v\u00e0 ho\u00e0n thi\u1ec7n. Ch\u00fang t\u0103ng c\u01b0\u1eddng ph\u00e2n t\u00e1n thu\u1ed1c nhu\u1ed9m, \u0111\u1ea3m b\u1ea3o m\u00e0u \u0111\u1ed3ng \u0111\u1ec1u v\u00e0 th\u00e2n thi\u1ec7n v\u1edbi m\u00f4i tr\u01b0\u1eddng, c\u00f3 th\u1ec3 ph\u00e2n h\u1ee7y sinh h\u1ecdc v\u00e0 l\u00fd t\u01b0\u1edfng cho c\u00e1c khu v\u1ef1c c\u00f3 h\u1ea1n ch\u1ebf v\u1ec1 phosphat.<\/p>\n<p><strong>S\u1ed1 hi\u1ec7u m\u1eabu<\/strong>11035<\/p>","protected":false},"featured_media":1458,"comment_status":"closed","ping_status":"closed","template":"","meta":{"_acf_changed":false},"material":[26,27,28,29,30,31,32,33,34],"process":[20,21],"product_brand":[],"product_cat":[15],"product_tag":[],"class_list":{"0":"post-983","1":"product","2":"type-product","3":"status-publish","4":"has-post-thumbnail","6":"material-cotton-agent","7":"material-polyester-chemicals","8":"material-nylon-agent","9":"material-acrylic-chemicals","10":"material-viscose-chemicals","11":"material-wool-auxiliary","12":"material-linen-chemicals","13":"material-silk-chemicals","14":"material-fabric-chemicals","15":"process-dyeing-auxiliaries","16":"process-sequestering-agent","17":"product_cat-uncategorized","19":"first","20":"instock","21":"shipping-taxable","22":"product-type-simple"},"acf":[],"_links":{"self":[{"href":"https:\/\/www.bluelakechem.com\/vi\/wp-json\/wp\/v2\/product\/983","targetHints":{"allow":["GET"]}}],"collection":[{"href":"https:\/\/www.bluelakechem.com\/vi\/wp-json\/wp\/v2\/product"}],"about":[{"href":"https:\/\/www.bluelakechem.com\/vi\/wp-json\/wp\/v2\/types\/product"}],"replies":[{"embeddable":true,"href":"https:\/\/www.bluelakechem.com\/vi\/wp-json\/wp\/v2\/comments?post=983"}],"wp:featuredmedia":[{"embeddable":true,"href":"https:\/\/www.bluelakechem.com\/vi\/wp-json\/wp\/v2\/media\/1458"}],"wp:attachment":[{"href":"https:\/\/www.bluelakechem.com\/vi\/wp-json\/wp\/v2\/media?parent=983"}],"wp:term":[{"taxonomy":"material","embeddable":true,"href":"https:\/\/www.bluelakechem.com\/vi\/wp-json\/wp\/v2\/material?post=983"},{"taxonomy":"process","embeddable":true,"href":"https:\/\/www.bluelakechem.com\/vi\/wp-json\/wp\/v2\/process?post=983"},{"taxonomy":"product_brand","embeddable":true,"href":"https:\/\/www.bluelakechem.com\/vi\/wp-json\/wp\/v2\/product_brand?post=983"},{"taxonomy":"product_cat","embeddable":true,"href":"https:\/\/www.bluelakechem.com\/vi\/wp-json\/wp\/v2\/product_cat?post=983"},{"taxonomy":"product_tag","embeddable":true,"href":"https:\/\/www.bluelakechem.com\/vi\/wp-json\/wp\/v2\/product_tag?post=983"}],"curies":[{"name":"wp","href":"https:\/\/api.w.org\/{rel}","templated":true}]}}