{"id":985,"date":"2024-12-17T08:41:03","date_gmt":"2024-12-17T08:41:03","guid":{"rendered":"https:\/\/www.bluelakechem.com\/?post_type=product&#038;p=985"},"modified":"2024-12-24T02:51:19","modified_gmt":"2024-12-24T02:51:19","slug":"leveling-agent-dyeing","status":"publish","type":"product","link":"https:\/\/www.bluelakechem.com\/vi\/product\/leveling-agent-dyeing\/","title":{"rendered":"B\u1ed9t nhu\u1ed9m ch\u1ea5t l\u00e0m \u0111\u1ec1u m\u00e0u cho v\u1ea3i cotton c\u00f3 t\u00e1c d\u1ee5ng ph\u00e2n t\u00e1n"},"content":{"rendered":"<div class=\"wp-block-columns is-layout-flex wp-container-core-columns-is-layout-9d6595d7 wp-block-columns-is-layout-flex\">\n<div class=\"wp-block-column is-layout-flow wp-block-column-is-layout-flow\" style=\"flex-basis:50%\">\n<h2 class=\"wp-block-heading\">T\u00ednh n\u0103ng nhu\u1ed9m c\u1ee7a ch\u1ea5t l\u00e0m ph\u1eb3ng:<\/h2>\n\n\n\n<p><strong>\u0110\u1ed9 ph\u00e2n t\u00e1n thu\u1ed1c nhu\u1ed9m hi\u1ec7u qu\u1ea3:<\/strong> Thu\u1ed1c nhu\u1ed9m l\u00e0m \u0111\u1ec1u m\u00e0u c\u1ea3i thi\u1ec7n \u0111\u1ed9 h\u00f2a tan v\u00e0 \u0111\u1ed9 ph\u00e2n t\u00e1n c\u1ee7a thu\u1ed1c nhu\u1ed9m, do \u0111\u00f3 t\u1ea1o ra s\u1ef1 \u0111\u1ed3ng \u0111\u1ec1u khi nhu\u1ed9m tr\u00ean v\u1ea3i.<br><strong>Ph\u00f9 h\u1ee3p v\u1edbi thu\u1ed1c nhu\u1ed9m tr\u1ef1c ti\u1ebfp v\u00e0 ph\u1ea3n \u1ee9ng:<\/strong> C\u00f3 th\u1ec3 s\u1eed d\u1ee5ng v\u1edbi nhi\u1ec1u lo\u1ea1i thu\u1ed1c nhu\u1ed9m kh\u00e1c nhau, \u0111\u1eb7c bi\u1ec7t l\u00e0 thu\u1ed1c nhu\u1ed9m tr\u1ef1c ti\u1ebfp v\u00e0 thu\u1ed1c nhu\u1ed9m ho\u1ea1t t\u00ednh, \u0111\u1ec3 \u0111\u1ea3m b\u1ea3o m\u00e0u s\u1eafc \u1ed5n \u0111\u1ecbnh.<br><strong>C\u1ea3i thi\u1ec7n t\u00ednh \u0111\u1ed3ng nh\u1ea5t c\u1ee7a nhu\u1ed9m:<\/strong> \u0110\u1ea3m b\u1ea3o s\u1ef1 \u0111\u1ed3ng \u0111\u1ec1u khi nhu\u1ed9m m\u00e0 kh\u00f4ng b\u1ecb loang l\u1ed5 ho\u1eb7c \u0111\u1ed5i m\u00e0u.<br><strong>An to\u00e0n cho v\u1ea3i cotton v\u00e0 v\u1ea3i pha: <\/strong>Thu\u1ed1c nhu\u1ed9m l\u00e0m ph\u1eb3ng \u0111\u01b0\u1ee3c thi\u1ebft k\u1ebf \u0111\u1ec3 b\u1ea3o v\u1ec7 v\u1ea3i cotton v\u00e0 h\u1ed7n h\u1ee3p cotton trong qu\u00e1 tr\u00ecnh nhu\u1ed9m m\u00e0 kh\u00f4ng \u1ea3nh h\u01b0\u1edfng \u0111\u1ebfn t\u00ednh to\u00e0n v\u1eb9n c\u1ee7a v\u1ea3i.<br><strong>Ng\u0103n ng\u1eeba l\u1ed7i nhu\u1ed9m:<\/strong> Gi\u00fap gi\u1ea3m thi\u1ec3u c\u00e1c v\u1ea5n \u0111\u1ec1 th\u01b0\u1eddng g\u1eb7p nh\u01b0 s\u1ecdc, \u0111\u1ed1m v\u00e0 m\u00e0u nhu\u1ed9m kh\u00f4ng \u0111\u1ec1u.<\/p>\n\n\n\n<h2 class=\"wp-block-heading\">\u1ee8ng d\u1ee5ng nhu\u1ed9m ch\u1ea5t l\u00e0m ph\u1eb3ng:<\/h2>\n\n\n\n<p><strong>Nhu\u1ed9m v\u1ea3i cotton: <\/strong>\u0110\u00e2y l\u00e0 ph\u01b0\u01a1ng ph\u00e1p t\u1ed1t nh\u1ea5t \u0111\u1ec3 \u0111\u1ea1t \u0111\u01b0\u1ee3c k\u1ebft qu\u1ea3 \u0111\u1ed3ng \u0111\u1ec1u, ch\u1ea5t l\u01b0\u1ee3ng cao khi nhu\u1ed9m v\u1ea3i cotton b\u1eb1ng thu\u1ed1c nhu\u1ed9m tr\u1ef1c ti\u1ebfp ho\u1eb7c thu\u1ed1c nhu\u1ed9m ph\u1ea3n \u1ee9ng.<br><strong>V\u1ea3i pha tr\u1ed9n:<\/strong> R\u1ea5t th\u00edch h\u1ee3p \u0111\u1ec3 nhu\u1ed9m h\u1ed7n h\u1ee3p cotton v\u1edbi c\u00e1c lo\u1ea1i s\u1ee3i kh\u00e1c, \u0111\u1ea3m b\u1ea3o m\u00e0u s\u1eafc \u0111\u1ed3ng \u0111\u1ec1u gi\u1eefa c\u00e1c v\u1eadt li\u1ec7u kh\u00e1c nhau.<br><strong>Ng\u00e0nh D\u1ec7t may: <\/strong>\u0110\u01b0\u1ee3c \u00e1p d\u1ee5ng trong s\u1ea3n xu\u1ea5t h\u00e0ng lo\u1ea1t h\u00e0ng may m\u1eb7c, h\u00e0ng d\u1ec7t gia d\u1ee5ng v\u00e0 v\u1ea3i, n\u01a1i c\u1ea7n ph\u1ea3i duy tr\u00ec t\u00ednh \u0111\u1ed3ng nh\u1ea5t c\u1ee7a m\u00e0u s\u1eafc.<br><strong>\u0110i\u1ec1u ch\u1ec9nh m\u00e0u v\u1ea3i: <\/strong>Qu\u00e1 tr\u00ecnh n\u00e0y th\u01b0\u1eddng \u0111\u01b0\u1ee3c s\u1eed d\u1ee5ng \u0111\u1ec3 \u0111i\u1ec1u ch\u1ec9nh m\u00e0u s\u1eafc \u1edf giai \u0111o\u1ea1n cu\u1ed1i c\u1ee7a qu\u00e1 tr\u00ecnh nhu\u1ed9m, lu\u00f4n lu\u00f4n \u0111\u1ec3 c\u00f3 s\u1ef1 \u0111\u1ed3ng nh\u1ea5t.<br><strong>Nhu\u1ed9m th\u00e2n thi\u1ec7n v\u1edbi m\u00f4i tr\u01b0\u1eddng:<\/strong> Thu\u1eadt ng\u1eef n\u00e0y \u0111\u1ec1 c\u1eadp \u0111\u1ebfn c\u00e1c ph\u01b0\u01a1ng ph\u00e1p nhu\u1ed9m b\u1ec1n v\u1eefng, t\u1eadp trung v\u00e0o vi\u1ec7c th\u00e2n thi\u1ec7n v\u1edbi m\u00f4i tr\u01b0\u1eddng nh\u01b0ng v\u1eabn t\u1ea1o ra m\u00e0u s\u1eafc \u0111\u1eb9p.<\/p>\n<\/div>\n\n\n\n<div class=\"wp-block-column is-layout-flow wp-block-column-is-layout-flow\" style=\"flex-basis:50%\">\n<figure class=\"wp-block-image size-full\"><img decoding=\"async\" width=\"1000\" height=\"1000\" src=\"https:\/\/www.bluelakechem.com\/wp-content\/uploads\/2024\/12\/Leveling-Agent-Dyeing-Solution.webp\" alt=\"Dung d\u1ecbch nhu\u1ed9m ch\u1ea5t l\u00e0m ph\u1eb3ng\" class=\"wp-image-986\" srcset=\"https:\/\/www.bluelakechem.com\/wp-content\/uploads\/2024\/12\/Leveling-Agent-Dyeing-Solution.webp 1000w, https:\/\/www.bluelakechem.com\/wp-content\/uploads\/2024\/12\/Leveling-Agent-Dyeing-Solution-300x300.webp 300w, https:\/\/www.bluelakechem.com\/wp-content\/uploads\/2024\/12\/Leveling-Agent-Dyeing-Solution-150x150.webp 150w, https:\/\/www.bluelakechem.com\/wp-content\/uploads\/2024\/12\/Leveling-Agent-Dyeing-Solution-768x768.webp 768w, https:\/\/www.bluelakechem.com\/wp-content\/uploads\/2024\/12\/Leveling-Agent-Dyeing-Solution-600x600.webp 600w, https:\/\/www.bluelakechem.com\/wp-content\/uploads\/2024\/12\/Leveling-Agent-Dyeing-Solution-100x100.webp 100w\" sizes=\"(max-width: 1000px) 100vw, 1000px\" \/><\/figure>\n<\/div>\n<\/div>","protected":false},"excerpt":{"rendered":"<p>Dung d\u1ecbch nhu\u1ed9m ch\u1ea5t l\u00e0m \u0111\u1ec1u m\u00e0u cho cotton c\u1ea3i thi\u1ec7n kh\u1ea3 n\u0103ng ph\u00e2n t\u00e1n thu\u1ed1c nhu\u1ed9m, \u0111\u1ea3m b\u1ea3o nhu\u1ed9m th\u00e0nh c\u00f4ng thu\u1ed1c nhu\u1ed9m tr\u1ef1c ti\u1ebfp v\u00e0 thu\u1ed1c nhu\u1ed9m ho\u1ea1t t\u00ednh. N\u00f3 gi\u00fap \u0111\u1ea1t \u0111\u01b0\u1ee3c \u0111\u1ed9 nhu\u1ed9m \u0111\u1ec1u, n\u00e2ng cao ch\u1ea5t l\u01b0\u1ee3ng v\u1ea3i.<\/p>\n<p><strong>S\u1ed1 hi\u1ec7u m\u1eabu<\/strong>10069<\/p>","protected":false},"featured_media":986,"comment_status":"closed","ping_status":"closed","template":"","meta":{"_acf_changed":false},"material":[26],"process":[20,38],"product_brand":[],"product_cat":[15],"product_tag":[],"class_list":{"0":"post-985","1":"product","2":"type-product","3":"status-publish","4":"has-post-thumbnail","6":"material-cotton-agent","7":"process-dyeing-auxiliaries","8":"process-disperse-leveling-agent","9":"product_cat-uncategorized","11":"first","12":"instock","13":"shipping-taxable","14":"product-type-simple"},"acf":[],"_links":{"self":[{"href":"https:\/\/www.bluelakechem.com\/vi\/wp-json\/wp\/v2\/product\/985","targetHints":{"allow":["GET"]}}],"collection":[{"href":"https:\/\/www.bluelakechem.com\/vi\/wp-json\/wp\/v2\/product"}],"about":[{"href":"https:\/\/www.bluelakechem.com\/vi\/wp-json\/wp\/v2\/types\/product"}],"replies":[{"embeddable":true,"href":"https:\/\/www.bluelakechem.com\/vi\/wp-json\/wp\/v2\/comments?post=985"}],"wp:featuredmedia":[{"embeddable":true,"href":"https:\/\/www.bluelakechem.com\/vi\/wp-json\/wp\/v2\/media\/986"}],"wp:attachment":[{"href":"https:\/\/www.bluelakechem.com\/vi\/wp-json\/wp\/v2\/media?parent=985"}],"wp:term":[{"taxonomy":"material","embeddable":true,"href":"https:\/\/www.bluelakechem.com\/vi\/wp-json\/wp\/v2\/material?post=985"},{"taxonomy":"process","embeddable":true,"href":"https:\/\/www.bluelakechem.com\/vi\/wp-json\/wp\/v2\/process?post=985"},{"taxonomy":"product_brand","embeddable":true,"href":"https:\/\/www.bluelakechem.com\/vi\/wp-json\/wp\/v2\/product_brand?post=985"},{"taxonomy":"product_cat","embeddable":true,"href":"https:\/\/www.bluelakechem.com\/vi\/wp-json\/wp\/v2\/product_cat?post=985"},{"taxonomy":"product_tag","embeddable":true,"href":"https:\/\/www.bluelakechem.com\/vi\/wp-json\/wp\/v2\/product_tag?post=985"}],"curies":[{"name":"wp","href":"https:\/\/api.w.org\/{rel}","templated":true}]}}