{"id":987,"date":"2025-01-06T12:02:01","date_gmt":"2025-01-06T12:02:01","guid":{"rendered":"https:\/\/www.bluelakechem.com\/?post_type=product&#038;p=987"},"modified":"2025-03-26T01:24:30","modified_gmt":"2025-03-26T01:24:30","slug":"dye-carrier","status":"publish","type":"product","link":"https:\/\/www.bluelakechem.com\/vi\/product\/dye-carrier\/","title":{"rendered":"Ch\u1ea5t mang m\u00e0u cho v\u1ea3i polyester, qu\u00e1 tr\u00ecnh nhu\u1ed9m b\u1eb1ng ch\u1ea5t mang m\u00e0u \u1edf nhi\u1ec7t \u0111\u1ed9 th\u1ea5p"},"content":{"rendered":"<div class=\"wp-block-columns is-layout-flex wp-container-core-columns-is-layout-9d6595d7 wp-block-columns-is-layout-flex\">\n<div class=\"wp-block-column is-layout-flow wp-block-column-is-layout-flow\" style=\"flex-basis:50%\">\n<h2 class=\"wp-block-heading\">T\u00ednh n\u0103ng c\u1ee7a ch\u1ea5t mang thu\u1ed1c nhu\u1ed9m:<\/h2>\n\n\n\n<p><strong>N\u1ed3ng \u0111\u1ed9 cao:<\/strong> Ch\u1ea5t mang thu\u1ed1c nhu\u1ed9m \u0111\u1ea3m b\u1ea3o kh\u1ea3 n\u0103ng h\u1ea5p th\u1ee5 m\u00e0u m\u1ea1nh ngay c\u1ea3 \u1edf nhi\u1ec7t \u0111\u1ed9 th\u1ea5p, do \u0111\u00f3 \u0111\u1ea3m b\u1ea3o hi\u1ec7u qu\u1ea3 nhu\u1ed9m.<br><strong>C\u00f3 hi\u1ec7u qu\u1ea3 \u0111\u1ed1i v\u1edbi Polyester: <\/strong>S\u1ea3n ph\u1ea9m \u0111\u01b0\u1ee3c thi\u1ebft k\u1ebf \u0111\u1eb7c bi\u1ec7t \u0111\u1ec3 t\u0103ng c\u01b0\u1eddng kh\u1ea3 n\u0103ng th\u1ea9m th\u1ea5u v\u00e0 h\u1ea5p th\u1ee5 thu\u1ed1c nhu\u1ed9m v\u00e0o v\u1ea3i polyester.<br><strong>\u1ee8ng d\u1ee5ng nhi\u1ec7t \u0111\u1ed9 th\u1ea5p:<\/strong> Ch\u1ea5t mang thu\u1ed1c nhu\u1ed9m c\u00f3 th\u1ec3 \u0111\u01b0\u1ee3c s\u1eed d\u1ee5ng trong c\u00e1c quy tr\u00ecnh nhu\u1ed9m nhi\u1ec7t \u0111\u1ed9 th\u1ea5p, do \u0111\u00f3 ti\u1ebft ki\u1ec7m n\u0103ng l\u01b0\u1ee3ng v\u00e0 c\u1ea3i thi\u1ec7n kh\u1ea3 n\u0103ng ki\u1ec3m so\u00e1t quy tr\u00ecnh.<br><strong>S\u1eeda ch\u1eefa c\u00e1c khuy\u1ebft t\u1eadt nhu\u1ed9m: <\/strong>S\u1ef1 kh\u00f4ng \u0111\u1ed3ng \u0111\u1ec1u v\u1ec1 m\u00e0u s\u1eafc, v\u1ec7t ho\u1eb7c khuy\u1ebft \u0111i\u1ec3m trong qu\u00e1 tr\u00ecnh nhu\u1ed9m s\u1ebd \u0111\u01b0\u1ee3c hi\u1ec7u ch\u1ec9nh \u0111\u1ec3 \u0111\u1ea1t \u0111\u01b0\u1ee3c k\u1ebft qu\u1ea3 \u0111\u1ed3ng \u0111\u1ec1u.<br><strong>C\u1ea3i thi\u1ec7n qu\u00e1 tr\u00ecnh di chuy\u1ec3n thu\u1ed1c nhu\u1ed9m:<\/strong> T\u0103ng c\u01b0\u1eddng chuy\u1ec3n \u0111\u1ed9ng c\u1ee7a c\u00e1c ph\u00e2n t\u1eed thu\u1ed1c nhu\u1ed9m \u0111\u1ec3 m\u00e0u s\u1eafc \u0111\u01b0\u1ee3c nhu\u1ed9m \u0111\u1ed3ng \u0111\u1ec1u h\u01a1n.<\/p>\n<\/div>\n\n\n\n<div class=\"wp-block-column is-layout-flow wp-block-column-is-layout-flow\" style=\"flex-basis:50%\">\n<figure class=\"wp-block-embed is-type-video is-provider-youtube wp-block-embed-youtube wp-embed-aspect-16-9 wp-has-aspect-ratio\"><div class=\"wp-block-embed__wrapper\">\n<iframe title=\"Thi\u1ebft y\u1ebfu cho nhu\u1ed9m Polyester!#PolyesterDyeing #Currier #Mending #CreventColorSpots\" width=\"500\" height=\"281\" src=\"https:\/\/www.youtube.com\/embed\/bcUAld6nNb8?feature=oembed\" frameborder=\"0\" allow=\"accelerometer; autoplay; clipboard-write; encrypted-media; gyroscope; picture-in-picture; web-share\" referrerpolicy=\"strict-origin-when-cross-origin\" allowfullscreen><\/iframe>\n<\/div><\/figure>\n<\/div>\n<\/div>\n\n\n\n<div class=\"wp-block-columns is-layout-flex wp-container-core-columns-is-layout-9d6595d7 wp-block-columns-is-layout-flex\">\n<div class=\"wp-block-column is-layout-flow wp-block-column-is-layout-flow\">\n<figure class=\"wp-block-image size-full\"><img decoding=\"async\" width=\"800\" height=\"800\" src=\"https:\/\/www.bluelakechem.com\/wp-content\/uploads\/2025\/01\/Polyester-dyeing-carrier-2.webp\" alt=\"Ch\u1ea5t mang m\u00e0u polyester\" class=\"wp-image-1734\" srcset=\"https:\/\/www.bluelakechem.com\/wp-content\/uploads\/2025\/01\/Polyester-dyeing-carrier-2.webp 800w, https:\/\/www.bluelakechem.com\/wp-content\/uploads\/2025\/01\/Polyester-dyeing-carrier-2-300x300.webp 300w, https:\/\/www.bluelakechem.com\/wp-content\/uploads\/2025\/01\/Polyester-dyeing-carrier-2-150x150.webp 150w, https:\/\/www.bluelakechem.com\/wp-content\/uploads\/2025\/01\/Polyester-dyeing-carrier-2-768x768.webp 768w, https:\/\/www.bluelakechem.com\/wp-content\/uploads\/2025\/01\/Polyester-dyeing-carrier-2-12x12.webp 12w, https:\/\/www.bluelakechem.com\/wp-content\/uploads\/2025\/01\/Polyester-dyeing-carrier-2-600x600.webp 600w, https:\/\/www.bluelakechem.com\/wp-content\/uploads\/2025\/01\/Polyester-dyeing-carrier-2-100x100.webp 100w\" sizes=\"(max-width: 800px) 100vw, 800px\" \/><\/figure>\n<\/div>\n\n\n\n<div class=\"wp-block-column is-layout-flow wp-block-column-is-layout-flow\">\n<h2 class=\"wp-block-heading\">Small doses of Dye Carriers can Deliver the Following Benefits:<\/h2>\n\n\n\n<p>Ideal for polyester and polyester-blend fabrics and yarns.<\/p>\n\n\n\n<p>1. <strong>Increases dye uptake at low temperatures.<br>Can dye dark color at low temperature.<\/strong><br>Medium and light color: 1~3 g\/L<br>Dark color: 3~6 g\/L<\/p>\n\n\n\n<p>2.<strong>Excellent effects of mending dyeing defects and striping color.<\/strong><\/p>\n\n\n\n<h2 class=\"wp-block-heading\">\u1ee8ng d\u1ee5ng c\u1ee7a ch\u1ea5t mang thu\u1ed1c nhu\u1ed9m:<\/h2>\n\n\n\n<p><strong>Nhu\u1ed9m v\u1ea3i Polyester: <\/strong>\u0110\u01b0\u1ee3c s\u1eed d\u1ee5ng trong nhu\u1ed9m v\u1ea3i polyester, \u0111\u1eb7c bi\u1ec7t l\u00e0 trong c\u00e1c quy tr\u00ecnh nhu\u1ed9m \u1edf nhi\u1ec7t \u0111\u1ed9 th\u1ea5p.<br><strong>T\u1ed1i \u01b0u h\u00f3a quy tr\u00ecnh nhu\u1ed9m:<\/strong> L\u00fd t\u01b0\u1edfng \u0111\u1ec3 t\u1ed1i \u01b0u h\u00f3a qu\u00e1 tr\u00ecnh nhu\u1ed9m polyester, \u0111\u1ea3m b\u1ea3o k\u1ebft qu\u1ea3 \u0111\u1ed3ng \u0111\u1ec1u v\u00e0 ch\u1ea5t l\u01b0\u1ee3ng cao.<br><strong>S\u1eeda l\u1ed7i trong nhu\u1ed9m: <\/strong>Ch\u1ea5t mang thu\u1ed1c nhu\u1ed9m c\u00f3 hi\u1ec7u qu\u1ea3 trong vi\u1ec7c kh\u1eafc ph\u1ee5c c\u00e1c l\u1ed7i nhu\u1ed9m nh\u01b0 m\u00e0u kh\u00f4ng \u0111\u1ec1u ho\u1eb7c c\u00e1c v\u1ec7t trong qu\u00e1 tr\u00ecnh nhu\u1ed9m polyester.<br><strong>S\u1ea3n xu\u1ea5t ti\u1ebft ki\u1ec7m n\u0103ng l\u01b0\u1ee3ng: <\/strong>Th\u01b0\u1eddng \u0111\u01b0\u1ee3c s\u1eed d\u1ee5ng trong c\u00e1c nh\u00e0 m\u00e1y nhu\u1ed9m \u0111\u1ec3 gi\u1ea3m m\u1ee9c ti\u00eau th\u1ee5 n\u0103ng l\u01b0\u1ee3ng trong khi v\u1eabn duy tr\u00ec ti\u00eau chu\u1ea9n ch\u1ea5t l\u01b0\u1ee3ng.<br><strong>Nhu\u1ed9m v\u1ea3i pha tr\u1ed9n: <\/strong>Ch\u1ea5t mang thu\u1ed1c nhu\u1ed9m cho h\u1ed7n h\u1ee3p polyester \u0111\u1ec3 t\u0103ng c\u01b0\u1eddng \u0111\u1ed9 \u0111\u1ed3ng \u0111\u1ec1u khi nhu\u1ed9m gi\u1eefa c\u00e1c lo\u1ea1i s\u1ee3i kh\u00e1c nhau.<\/p>\n<\/div>\n<\/div>","protected":false},"excerpt":{"rendered":"<p>Ch\u1ea5t mang thu\u1ed1c nhu\u1ed9m n\u1ed3ng \u0111\u1ed9 cao n\u00e0y l\u00fd t\u01b0\u1edfng cho c\u00e1c quy tr\u00ecnh nhu\u1ed9m nhi\u1ec7t \u0111\u1ed9 th\u1ea5p cho polyester, t\u0103ng c\u01b0\u1eddng h\u1ea5p th\u1ee5 m\u00e0u. N\u00f3 c\u0169ng c\u00f3 hi\u1ec7u qu\u1ea3 trong vi\u1ec7c s\u1eeda ch\u1eefa c\u00e1c khuy\u1ebft t\u1eadt nhu\u1ed9m trong v\u1ea3i polyester, \u0111\u1ea3m b\u1ea3o k\u1ebft qu\u1ea3 \u0111\u1ed3ng \u0111\u1ec1u v\u00e0 ho\u00e0n h\u1ea3o.<\/p>\n<p><strong>S\u1ed1 hi\u1ec7u m\u1eabu<\/strong>22108<\/p>\n<p><img decoding=\"async\" class=\"alignnone wp-image-1749 size-full\" src=\"https:\/\/www.bluelakechem.com\/wp-content\/uploads\/2025\/01\/polyester-dye-carrier-4-2.webp\" alt=\"polyester dye carrier\" width=\"4000\" height=\"1430\" srcset=\"https:\/\/www.bluelakechem.com\/wp-content\/uploads\/2025\/01\/polyester-dye-carrier-4-2.webp 4000w, https:\/\/www.bluelakechem.com\/wp-content\/uploads\/2025\/01\/polyester-dye-carrier-4-2-300x107.webp 300w, https:\/\/www.bluelakechem.com\/wp-content\/uploads\/2025\/01\/polyester-dye-carrier-4-2-768x275.webp 768w, https:\/\/www.bluelakechem.com\/wp-content\/uploads\/2025\/01\/polyester-dye-carrier-4-2-18x6.webp 18w, https:\/\/www.bluelakechem.com\/wp-content\/uploads\/2025\/01\/polyester-dye-carrier-4-2-1200x429.webp 1200w, https:\/\/www.bluelakechem.com\/wp-content\/uploads\/2025\/01\/polyester-dye-carrier-4-2-600x215.webp 600w\" sizes=\"(max-width: 4000px) 100vw, 4000px\" \/><\/p>","protected":false},"featured_media":1421,"comment_status":"closed","ping_status":"closed","template":"","meta":{"_acf_changed":false},"material":[27],"process":[20,38,39],"product_brand":[],"product_cat":[15],"product_tag":[],"class_list":{"0":"post-987","1":"product","2":"type-product","3":"status-publish","4":"has-post-thumbnail","6":"material-polyester-chemicals","7":"process-dyeing-auxiliaries","8":"process-disperse-leveling-agent","9":"process-dye-carrier","10":"product_cat-uncategorized","12":"first","13":"instock","14":"shipping-taxable","15":"product-type-simple"},"acf":[],"_links":{"self":[{"href":"https:\/\/www.bluelakechem.com\/vi\/wp-json\/wp\/v2\/product\/987","targetHints":{"allow":["GET"]}}],"collection":[{"href":"https:\/\/www.bluelakechem.com\/vi\/wp-json\/wp\/v2\/product"}],"about":[{"href":"https:\/\/www.bluelakechem.com\/vi\/wp-json\/wp\/v2\/types\/product"}],"replies":[{"embeddable":true,"href":"https:\/\/www.bluelakechem.com\/vi\/wp-json\/wp\/v2\/comments?post=987"}],"wp:featuredmedia":[{"embeddable":true,"href":"https:\/\/www.bluelakechem.com\/vi\/wp-json\/wp\/v2\/media\/1421"}],"wp:attachment":[{"href":"https:\/\/www.bluelakechem.com\/vi\/wp-json\/wp\/v2\/media?parent=987"}],"wp:term":[{"taxonomy":"material","embeddable":true,"href":"https:\/\/www.bluelakechem.com\/vi\/wp-json\/wp\/v2\/material?post=987"},{"taxonomy":"process","embeddable":true,"href":"https:\/\/www.bluelakechem.com\/vi\/wp-json\/wp\/v2\/process?post=987"},{"taxonomy":"product_brand","embeddable":true,"href":"https:\/\/www.bluelakechem.com\/vi\/wp-json\/wp\/v2\/product_brand?post=987"},{"taxonomy":"product_cat","embeddable":true,"href":"https:\/\/www.bluelakechem.com\/vi\/wp-json\/wp\/v2\/product_cat?post=987"},{"taxonomy":"product_tag","embeddable":true,"href":"https:\/\/www.bluelakechem.com\/vi\/wp-json\/wp\/v2\/product_tag?post=987"}],"curies":[{"name":"wp","href":"https:\/\/api.w.org\/{rel}","templated":true}]}}