{"id":994,"date":"2024-12-17T08:43:52","date_gmt":"2024-12-17T08:43:52","guid":{"rendered":"https:\/\/www.bluelakechem.com\/?post_type=product&#038;p=994"},"modified":"2025-12-02T02:20:01","modified_gmt":"2025-12-02T02:20:01","slug":"hydrophilic-silicone-softener","status":"publish","type":"product","link":"https:\/\/www.bluelakechem.com\/vi\/product\/hydrophilic-silicone-softener\/","title":{"rendered":"Ch\u1ea5t l\u00e0m m\u1ec1m v\u1ea3i silicone th\u00e2n n\u01b0\u1edbc, ch\u1ea5t l\u00e0m m\u1ec1m v\u1ea3i cho v\u1ea3i cotton v\u00e0 viscose"},"content":{"rendered":"<div class=\"wp-block-columns is-layout-flex wp-container-core-columns-is-layout-9d6595d7 wp-block-columns-is-layout-flex\">\n<div class=\"wp-block-column is-layout-flow wp-block-column-is-layout-flow\" style=\"flex-basis:50%\">\n<h2 class=\"wp-block-heading\">T\u00ednh n\u0103ng c\u1ee7a ch\u1ea5t l\u00e0m m\u1ec1m silicone \u01b0a n\u01b0\u1edbc:<\/h2>\n\n\n\n<p><strong>\u0110\u1ed9 \u1ed5n \u0111\u1ecbnh cao:<\/strong> Ch\u1ea5t l\u00e0m m\u1ec1m silicon \u01b0a n\u01b0\u1edbc n\u00e0y c\u00f3 \u0111\u1ed9 \u1ed5n \u0111\u1ecbnh tuy\u1ec7t v\u1eddi trong qu\u00e1 tr\u00ecnh ho\u00e0n thi\u1ec7n, duy tr\u00ec hi\u1ec7u su\u1ea5t nh\u1ea5t qu\u00e1n trong nhi\u1ec1u \u0111i\u1ec1u ki\u1ec7n v\u00e0 thi\u1ebft b\u1ecb x\u1eed l\u00fd kh\u00e1c nhau, ch\u1eb3ng h\u1ea1n nh\u01b0 b\u1ec3 nhu\u1ed9m.<\/p>\n\n\n\n<p><strong>T\u0103ng c\u01b0\u1eddng t\u00ednh \u01b0a n\u01b0\u1edbc: <\/strong>T\u0103ng c\u01b0\u1eddng \u0111\u00e1ng k\u1ec3 t\u00ednh \u01b0a n\u01b0\u1edbc c\u1ee7a v\u1ea3i cotton v\u00e0 v\u1ea3i viscose, c\u1ea3i thi\u1ec7n kh\u1ea3 n\u0103ng th\u1ea5m n\u01b0\u1edbc, th\u1ea5m h\u00fat \u1ea9m v\u00e0 t\u1ea1o s\u1ef1 tho\u1ea3i m\u00e1i cho v\u1ea3i n\u00f3i chung, \u0111\u1eb7c bi\u1ec7t c\u00f3 l\u1ee3i cho \u0111\u1ed3 th\u1ec3 thao v\u00e0 \u0111\u1ed3 d\u1ec7t gia d\u1ee5ng.<\/p>\n\n\n\n<p><strong>B\u00e0n tay m\u1ec1m m\u1ea1i: T\u00f4i<\/strong>t\u1ea1o c\u1ea3m gi\u00e1c m\u1ec1m m\u1ea1i v\u00e0 m\u1ecbn m\u00e0ng cho v\u1ea3i, t\u0103ng s\u1ef1 tho\u1ea3i m\u00e1i cho th\u00e0nh ph\u1ea9m m\u00e0 kh\u00f4ng \u1ea3nh h\u01b0\u1edfng \u0111\u1ebfn \u0111\u1ed9 b\u1ec1n c\u1ee7a v\u1ea3i.<\/p>\n\n\n\n<p><strong>Kh\u1ea3 n\u0103ng t\u01b0\u01a1ng th\u00edch v\u1edbi c\u00e1c lo\u1ea1i ho\u00e0n thi\u1ec7n kh\u00e1c: <\/strong>C\u00f3 th\u1ec3 s\u1eed d\u1ee5ng trong c\u00f9ng m\u1ed9t b\u1ed3n v\u1edbi l\u1edbp ho\u00e0n thi\u1ec7n kh\u00f4ng ion v\u00e0 cation, cho ph\u00e9p \u1ee9ng d\u1ee5ng linh ho\u1ea1t v\u00e0 \u0111a d\u1ea1ng trong nhi\u1ec1u \u0111\u01a1n v\u1ecb x\u1eed l\u00fd d\u1ec7t may.<\/p>\n\n\n\n<p><strong>Ti\u1ebft ki\u1ec7m chi ph\u00ed:<\/strong> Ch\u1ee9c n\u0103ng m\u1ec1m m\u1ea1i v\u00e0 kh\u1ea3 n\u0103ng h\u1ea5p th\u1ee5 n\u01b0\u1edbc hi\u1ec7u qu\u1ea3, hi\u1ec7u su\u1ea5t \u0111a ch\u1ee9c n\u0103ng gi\u00fap t\u1ed1i \u01b0u h\u00f3a chi ph\u00ed s\u1ea3n xu\u1ea5t cho c\u00e1c nh\u00e0 s\u1ea3n xu\u1ea5t d\u1ec7t may trong khi v\u1eabn duy tr\u00ec hi\u1ec7u \u1ee9ng ho\u00e0n thi\u1ec7n ch\u1ea5t l\u01b0\u1ee3ng cao<\/p>\n\n\n\n<p><strong>T\u00ednh linh ho\u1ea1t c\u1ee7a thi\u1ebft b\u1ecb:<\/strong> C\u00f3 th\u1ec3 \u00e1p d\u1ee5ng cho nhi\u1ec1u lo\u1ea1i thi\u1ebft b\u1ecb v\u00e0 quy tr\u00ecnh, bao g\u1ed3m b\u1ec3 nhu\u1ed9m, h\u1ec7 th\u1ed1ng s\u1ea5y t\u1ea5m v\u00e0 c\u00e1c m\u00e1y m\u00f3c ho\u00e0n thi\u1ec7n d\u1ec7t may kh\u00e1c, mang l\u1ea1i s\u1ef1 linh ho\u1ea1t cho c\u00e1c nh\u00e0 s\u1ea3n xu\u1ea5t d\u1ec7t may v\u1edbi c\u00e1c c\u00e0i \u0111\u1eb7t x\u1eed l\u00fd kh\u00e1c nhau.<\/p>\n<\/div>\n\n\n\n<div class=\"wp-block-column is-layout-flow wp-block-column-is-layout-flow\" style=\"flex-basis:50%\">\n<h2 class=\"wp-block-heading\">\u1ee8ng d\u1ee5ng c\u1ee7a ch\u1ea5t l\u00e0m m\u1ec1m silicone \u01b0a n\u01b0\u1edbc:<\/h2>\n\n\n\n<p><strong>\u0110\u1ed3 th\u1ec3 thao v\u00e0 \u0111\u1ed3 m\u1eb7c th\u01b0\u1eddng ng\u00e0y:<\/strong> T\u0103ng c\u01b0\u1eddng kh\u1ea3 n\u0103ng th\u1ea5m h\u00fat \u0111\u1ed9 \u1ea9m c\u1ee7a v\u1ea3i cotton v\u00e0 v\u1ea3i viscose d\u00f9ng trong \u0111\u1ed3 th\u1ec3 thao, c\u1ea3i thi\u1ec7n s\u1ef1 tho\u1ea3i m\u00e1i v\u00e0 hi\u1ec7u su\u1ea5t c\u1ee7a s\u1ea3n ph\u1ea9m.<\/p>\n\n\n\n<p><strong>\u0110\u1ed3 l\u00f3t v\u00e0 \u0111\u1ed3 l\u00f3t: <\/strong>Mang l\u1ea1i c\u1ea3m gi\u00e1c m\u1ec1m m\u1ea1i v\u00e0 m\u1ecbn m\u00e0ng \u0111\u1ed3ng th\u1eddi c\u1ea3i thi\u1ec7n kh\u1ea3 n\u0103ng h\u1ea5p th\u1ee5 \u0111\u1ed9 \u1ea9m \u0111\u1ec3 gi\u1eef cho da kh\u00f4 r\u00e1o v\u00e0 d\u1ec5 ch\u1ecbu.<\/p>\n\n\n\n<p><strong>\u0110\u1ed3 d\u1ec7t gia d\u1ee5ng: <\/strong>\u0110\u01b0\u1ee3c s\u1eed d\u1ee5ng trong c\u00e1c s\u1ea3n ph\u1ea9m d\u1ec7t gia d\u1ee5ng nh\u01b0 ga tr\u1ea3i gi\u01b0\u1eddng, kh\u0103n t\u1eafm v\u00e0 r\u00e8m c\u1eeda, gi\u00fap c\u1ea3i thi\u1ec7n \u0111\u1ed9 m\u1ec1m m\u1ea1i v\u00e0 kh\u1ea3 n\u0103ng th\u1ea5m n\u01b0\u1edbc c\u1ee7a v\u1ea3i, t\u0103ng th\u00eam n\u00e9t cao c\u1ea5p v\u00e0 ch\u1ee9c n\u0103ng cho vi\u1ec7c s\u1eed d\u1ee5ng h\u00e0ng ng\u00e0y.<\/p>\n\n\n\n<p><strong>Qu\u1ea7n \u00e1o b\u1ea3o h\u1ed9 lao \u0111\u1ed9ng v\u00e0 qu\u1ea7n \u00e1o ngo\u00e0i tr\u1eddi:<\/strong> \u0110\u1ed9 m\u1ec1m m\u1ea1i c\u1ee7a v\u1ea3i v\u00e0 kh\u1ea3 n\u0103ng qu\u1ea3n l\u00fd \u0111\u1ed9 \u1ea9m l\u00e0 y\u1ebfu t\u1ed1 quan tr\u1ecdng gi\u00fap c\u1ea3i thi\u1ec7n s\u1ef1 tho\u1ea3i m\u00e1i v\u00e0 kh\u1ea3 n\u0103ng s\u1eed d\u1ee5ng trong nhi\u1ec1u \u0111i\u1ec1u ki\u1ec7n m\u00f4i tr\u01b0\u1eddng kh\u00e1c nhau.<\/p>\n\n\n\n<p><strong>Qu\u1ea7n \u00e1o tr\u1ebb em v\u00e0 tr\u1ebb s\u01a1 sinh:<\/strong> T\u0103ng \u0111\u1ed9 tho\u1ea3i m\u00e1i v\u00e0 m\u1ec1m m\u1ea1i c\u1ee7a s\u1ea3n ph\u1ea9m \u0111\u1ed3ng th\u1eddi duy tr\u00ec kh\u1ea3 n\u0103ng h\u1ea5p th\u1ee5 \u0111\u1ed9 \u1ea9m v\u00e0 kh\u00f4 r\u00e1o.<\/p>\n<\/div>\n<\/div>","protected":false},"excerpt":{"rendered":"<p>Ch\u1ea5t l\u00e0m m\u1ec1m silicone \u01b0a n\u01b0\u1edbc c\u00f3 \u0111\u1ed9 \u1ed5n \u0111\u1ecbnh cao, th\u00edch h\u1ee3p cho c\u00e1c quy tr\u00ecnh ho\u00e0n thi\u1ec7n c\u1ee7a nhi\u1ec1u thi\u1ebft b\u1ecb kh\u00e1c nhau nh\u01b0 b\u1ec3 ng\u00e2m, c\u00f3 th\u1ec3 s\u1eed d\u1ee5ng trong c\u00f9ng m\u1ed9t b\u1ec3 v\u1edbi c\u00e1c t\u00e1c nh\u00e2n ho\u00e0n thi\u1ec7n kh\u00f4ng ion v\u00e0 cation, ti\u1ebft ki\u1ec7m v\u00e0 hi\u1ec7u qu\u1ea3.<\/p>\n<p><strong>S\u1ed1 hi\u1ec7u m\u1eabu<\/strong>68002<\/p>","protected":false},"featured_media":1460,"comment_status":"closed","ping_status":"closed","template":"","meta":{"_acf_changed":false},"material":[26,30],"process":[23,42,24],"product_brand":[],"product_cat":[15],"product_tag":[],"class_list":{"0":"post-994","1":"product","2":"type-product","3":"status-publish","4":"has-post-thumbnail","6":"material-cotton-agent","7":"material-viscose-chemicals","8":"process-textile-finishing-chemicals","9":"process-softener","10":"process-silicone-oil","11":"product_cat-uncategorized","13":"first","14":"instock","15":"shipping-taxable","16":"product-type-simple"},"acf":[],"_links":{"self":[{"href":"https:\/\/www.bluelakechem.com\/vi\/wp-json\/wp\/v2\/product\/994","targetHints":{"allow":["GET"]}}],"collection":[{"href":"https:\/\/www.bluelakechem.com\/vi\/wp-json\/wp\/v2\/product"}],"about":[{"href":"https:\/\/www.bluelakechem.com\/vi\/wp-json\/wp\/v2\/types\/product"}],"replies":[{"embeddable":true,"href":"https:\/\/www.bluelakechem.com\/vi\/wp-json\/wp\/v2\/comments?post=994"}],"wp:featuredmedia":[{"embeddable":true,"href":"https:\/\/www.bluelakechem.com\/vi\/wp-json\/wp\/v2\/media\/1460"}],"wp:attachment":[{"href":"https:\/\/www.bluelakechem.com\/vi\/wp-json\/wp\/v2\/media?parent=994"}],"wp:term":[{"taxonomy":"material","embeddable":true,"href":"https:\/\/www.bluelakechem.com\/vi\/wp-json\/wp\/v2\/material?post=994"},{"taxonomy":"process","embeddable":true,"href":"https:\/\/www.bluelakechem.com\/vi\/wp-json\/wp\/v2\/process?post=994"},{"taxonomy":"product_brand","embeddable":true,"href":"https:\/\/www.bluelakechem.com\/vi\/wp-json\/wp\/v2\/product_brand?post=994"},{"taxonomy":"product_cat","embeddable":true,"href":"https:\/\/www.bluelakechem.com\/vi\/wp-json\/wp\/v2\/product_cat?post=994"},{"taxonomy":"product_tag","embeddable":true,"href":"https:\/\/www.bluelakechem.com\/vi\/wp-json\/wp\/v2\/product_tag?post=994"}],"curies":[{"name":"wp","href":"https:\/\/api.w.org\/{rel}","templated":true}]}}