{"id":996,"date":"2024-12-17T08:45:40","date_gmt":"2024-12-17T08:45:40","guid":{"rendered":"https:\/\/www.bluelakechem.com\/?post_type=product&#038;p=996"},"modified":"2025-01-17T12:51:30","modified_gmt":"2025-01-17T12:51:30","slug":"silicone-oil-emulsion-2","status":"publish","type":"product","link":"https:\/\/www.bluelakechem.com\/vi\/product\/silicone-oil-emulsion-2\/","title":{"rendered":"Nh\u0169 t\u01b0\u01a1ng d\u1ea7u silicone d\u1ea1ng kh\u1ed1i bi\u1ebfn \u0111\u1ed5i Ch\u1ea5t l\u00e0m m\u1ec1m silicone k\u1ef5 n\u01b0\u1edbc"},"content":{"rendered":"<div class=\"wp-block-columns is-layout-flex wp-container-core-columns-is-layout-9d6595d7 wp-block-columns-is-layout-flex\">\n<div class=\"wp-block-column is-layout-flow wp-block-column-is-layout-flow\" style=\"flex-basis:50%\">\n<h2 class=\"wp-block-heading\">T\u00ednh n\u0103ng c\u1ee7a nh\u0169 t\u01b0\u01a1ng d\u1ea7u silicon:<\/h2>\n\n\n\n<p><strong>B\u00e0n tay si\u00eau m\u1ec1m m\u1ea1i: <\/strong>Mang l\u1ea1i c\u1ea3m gi\u00e1c c\u1ef1c k\u1ef3 m\u1ec1m m\u1ea1i, c\u1ea3i thi\u1ec7n \u0111\u00e1ng k\u1ec3 s\u1ef1 tho\u1ea3i m\u00e1i v\u00e0 c\u1ea3m gi\u00e1c khi ch\u1ea1m v\u00e0o v\u1ea3i, gi\u00fap v\u1ea3i nh\u1eb9 v\u00e0 m\u1ecbn.<\/p>\n\n\n\n<p><strong>Hi\u1ec7u \u1ee9ng k\u1ef5 n\u01b0\u1edbc: <\/strong>Nh\u0169 t\u01b0\u01a1ng d\u1ea7u silicon n\u00e0y mang l\u1ea1i t\u00ednh ch\u1ea5t k\u1ef5 n\u01b0\u1edbc (ch\u1ed1ng th\u1ea5m n\u01b0\u1edbc) tuy\u1ec7t v\u1eddi cho v\u1ea3i cotton v\u00e0 v\u1ea3i viscose, gi\u00fap ch\u00fang b\u1ec1n h\u01a1n v\u00e0 d\u1ec5 ch\u0103m s\u00f3c h\u01a1n.<\/p>\n\n\n\n<p><strong>Kh\u00f4ng m\u00e0u v\u00e0 trong su\u1ed1t: <\/strong>Nh\u0169 t\u01b0\u01a1ng d\u1ea7u silicon kh\u00f4ng m\u00e0u v\u00e0 trong su\u1ed1t, \u0111\u1ea3m b\u1ea3o kh\u00f4ng l\u00e0m thay \u0111\u1ed5i m\u00e0u v\u1ea3i, l\u00fd t\u01b0\u1edfng cho c\u00e1c lo\u1ea1i v\u1ea3i s\u00e1ng m\u00e0u ho\u1eb7c m\u1ecfng manh.<\/p>\n\n\n\n<p><strong>Kh\u00f4ng ng\u1ea3 v\u00e0ng: <\/strong>Kh\u00f4ng gi\u1ed1ng nh\u01b0 c\u00e1c ch\u1ea5t l\u00e0m m\u1ec1m silicon th\u00f4ng th\u01b0\u1eddng, nh\u0169 t\u01b0\u01a1ng n\u00e0y kh\u00f4ng g\u00e2y \u1ed1 v\u00e0ng, gi\u00fap duy tr\u00ec m\u00e0u s\u1eafc to\u00e0n v\u1eb9n c\u1ee7a v\u1ea3i theo th\u1eddi gian.<\/p>\n\n\n\n<p><strong>T\u0103ng c\u01b0\u1eddng \u0111\u1ed9 \u0111\u00e0n h\u1ed3i c\u1ee7a v\u1ea3i: <\/strong>L\u00e0m cho v\u1ea3i cotton v\u00e0 v\u1ea3i viscose m\u1ec1m d\u1ebbo h\u01a1n v\u00e0 \u00edt b\u1ecb nh\u0103n h\u01a1n.<\/p>\n\n\n\n<p><strong>Kh\u00f4ng \u0111\u1ed9c h\u1ea1i v\u00e0 an to\u00e0n: <\/strong>Nh\u0169 t\u01b0\u01a1ng silicon n\u00e0y kh\u00f4ng \u0111\u1ed9c h\u1ea1i v\u00e0 an to\u00e0n cho da, th\u00edch h\u1ee3p cho c\u00e1c lo\u1ea1i v\u1ea3i ti\u1ebfp x\u00fac tr\u1ef1c ti\u1ebfp v\u1edbi da nh\u01b0 qu\u1ea7n \u00e1o, \u0111\u1ed3 tr\u1ea3i gi\u01b0\u1eddng v\u00e0 \u0111\u1ed3 l\u00f3t.<\/p>\n\n\n\n<h2 class=\"wp-block-heading\">\u1ee8ng d\u1ee5ng nh\u0169 t\u01b0\u01a1ng d\u1ea7u silicon:<\/h2>\n\n\n\n<p><strong>Ho\u00e0n thi\u1ec7n d\u1ec7t may:<\/strong> \u0111\u01b0\u1ee3c s\u1eed d\u1ee5ng \u0111\u1ec3 l\u00e0m m\u1ec1m v\u1ea3i cotton v\u00e0 c\u00e1c lo\u1ea1i v\u1ea3i c\u00f3 th\u00e0nh ph\u1ea7n ch\u00ednh l\u00e0 xenlulo, mang l\u1ea1i c\u1ea3m gi\u00e1c m\u1ecbn m\u00e0ng v\u00e0 tho\u1ea3i m\u00e1i.<\/p>\n\n\n\n<p><strong>\u0110\u1ed3 d\u1ec7t gia d\u1ee5ng: <\/strong>\u0111\u01b0\u1ee3c s\u1eed d\u1ee5ng \u0111\u1ec3 ho\u00e0n thi\u1ec7n c\u00e1c s\u1ea3n ph\u1ea9m d\u1ec7t gia d\u1ee5ng nh\u01b0 ga tr\u1ea3i gi\u01b0\u1eddng, kh\u0103n t\u1eafm v\u00e0 \u0111\u1ed3 b\u1ecdc, \u0111\u00f2i h\u1ecfi l\u1edbp ho\u00e0n thi\u1ec7n m\u1ec1m m\u1ea1i, ch\u1ed1ng th\u1ea5m n\u01b0\u1edbc m\u00e0 kh\u00f4ng \u1ea3nh h\u01b0\u1edfng \u0111\u1ebfn kh\u1ea3 n\u0103ng tho\u00e1ng kh\u00ed t\u1ef1 nhi\u00ean c\u1ee7a v\u1ea3i.<\/p>\n\n\n\n<p><strong>Qu\u1ea7n \u00e1o v\u00e0 ph\u1ee5 ki\u1ec7n: <\/strong>Nh\u0169 t\u01b0\u01a1ng silicon \u0111\u01b0\u1ee3c s\u1eed d\u1ee5ng l\u00e0m ch\u1ea5t ph\u1ee5 gia, ch\u1eb3ng h\u1ea1n nh\u01b0 trong qu\u1ea7n \u00e1o th\u1ec3 thao, qu\u1ea7n \u00e1o tr\u1ebb em ho\u1eb7c qu\u1ea7n \u00e1o th\u1eddi trang cao c\u1ea5p, \u0111\u1ec3 c\u1ea3i thi\u1ec7n ch\u1ee9c n\u0103ng v\u00e0 \u0111\u1ed9 m\u1ec1m m\u1ea1i c\u1ee7a v\u1ea3i.<\/p>\n<\/div>\n\n\n\n<div class=\"wp-block-column is-layout-flow wp-block-column-is-layout-flow\" style=\"flex-basis:50%\">\n<figure class=\"wp-block-image size-full\"><img decoding=\"async\" width=\"800\" height=\"800\" src=\"https:\/\/www.bluelakechem.com\/wp-content\/uploads\/2024\/12\/Silicone-Oil-Emulsion.webp\" alt=\"Nh\u0169 t\u01b0\u01a1ng d\u1ea7u silicon\" class=\"wp-image-1459\" srcset=\"https:\/\/www.bluelakechem.com\/wp-content\/uploads\/2024\/12\/Silicone-Oil-Emulsion.webp 800w, https:\/\/www.bluelakechem.com\/wp-content\/uploads\/2024\/12\/Silicone-Oil-Emulsion-300x300.webp 300w, https:\/\/www.bluelakechem.com\/wp-content\/uploads\/2024\/12\/Silicone-Oil-Emulsion-150x150.webp 150w, https:\/\/www.bluelakechem.com\/wp-content\/uploads\/2024\/12\/Silicone-Oil-Emulsion-768x768.webp 768w, https:\/\/www.bluelakechem.com\/wp-content\/uploads\/2024\/12\/Silicone-Oil-Emulsion-12x12.webp 12w, https:\/\/www.bluelakechem.com\/wp-content\/uploads\/2024\/12\/Silicone-Oil-Emulsion-600x600.webp 600w, https:\/\/www.bluelakechem.com\/wp-content\/uploads\/2024\/12\/Silicone-Oil-Emulsion-100x100.webp 100w\" sizes=\"(max-width: 800px) 100vw, 800px\" \/><\/figure>\n<\/div>\n<\/div>\n\n\n\n<p><\/p>","protected":false},"excerpt":{"rendered":"<p>Nh\u0169 t\u01b0\u01a1ng d\u1ea7u silicon d\u1ea1ng kh\u1ed1i \u0111\u01b0\u1ee3c c\u1ea3i ti\u1ebfn c\u00f3 v\u1ebb ngo\u00e0i kh\u00f4ng m\u00e0u v\u00e0 trong su\u1ed1t, mang l\u1ea1i hi\u1ec7u su\u1ea5t v\u01b0\u1ee3t tr\u1ed9i trong qu\u00e1 tr\u00ecnh ho\u00e0n thi\u1ec7n v\u1ea3i. Nh\u0169 t\u01b0\u01a1ng silicon ti\u00ean ti\u1ebfn n\u00e0y mang l\u1ea1i c\u1ea3m gi\u00e1c c\u1ea7m n\u1eafm c\u1ef1c k\u1ef3 m\u1ec1m m\u1ea1i cho v\u1ea3i \u0111\u1ed3ng th\u1eddi \u0111\u1ea3m b\u1ea3o kh\u00f4ng c\u00f3 v\u1ea5n \u0111\u1ec1 \u1ed1 v\u00e0ng, l\u00fd t\u01b0\u1edfng \u0111\u1ec3 x\u1eed l\u00fd v\u1ea3i m\u00e0u s\u00e1ng v\u00e0 tr\u1eafng.<\/p>\n<p><strong>S\u1ed1 hi\u1ec7u m\u1eabu<\/strong>71868<\/p>","protected":false},"featured_media":1459,"comment_status":"closed","ping_status":"closed","template":"","meta":{"_acf_changed":false},"material":[26,30],"process":[23,42,24],"product_brand":[],"product_cat":[15],"product_tag":[],"class_list":{"0":"post-996","1":"product","2":"type-product","3":"status-publish","4":"has-post-thumbnail","6":"material-cotton-agent","7":"material-viscose-chemicals","8":"process-textile-finishing-chemicals","9":"process-softener","10":"process-silicone-oil","11":"product_cat-uncategorized","13":"first","14":"instock","15":"shipping-taxable","16":"product-type-simple"},"acf":[],"_links":{"self":[{"href":"https:\/\/www.bluelakechem.com\/vi\/wp-json\/wp\/v2\/product\/996","targetHints":{"allow":["GET"]}}],"collection":[{"href":"https:\/\/www.bluelakechem.com\/vi\/wp-json\/wp\/v2\/product"}],"about":[{"href":"https:\/\/www.bluelakechem.com\/vi\/wp-json\/wp\/v2\/types\/product"}],"replies":[{"embeddable":true,"href":"https:\/\/www.bluelakechem.com\/vi\/wp-json\/wp\/v2\/comments?post=996"}],"wp:featuredmedia":[{"embeddable":true,"href":"https:\/\/www.bluelakechem.com\/vi\/wp-json\/wp\/v2\/media\/1459"}],"wp:attachment":[{"href":"https:\/\/www.bluelakechem.com\/vi\/wp-json\/wp\/v2\/media?parent=996"}],"wp:term":[{"taxonomy":"material","embeddable":true,"href":"https:\/\/www.bluelakechem.com\/vi\/wp-json\/wp\/v2\/material?post=996"},{"taxonomy":"process","embeddable":true,"href":"https:\/\/www.bluelakechem.com\/vi\/wp-json\/wp\/v2\/process?post=996"},{"taxonomy":"product_brand","embeddable":true,"href":"https:\/\/www.bluelakechem.com\/vi\/wp-json\/wp\/v2\/product_brand?post=996"},{"taxonomy":"product_cat","embeddable":true,"href":"https:\/\/www.bluelakechem.com\/vi\/wp-json\/wp\/v2\/product_cat?post=996"},{"taxonomy":"product_tag","embeddable":true,"href":"https:\/\/www.bluelakechem.com\/vi\/wp-json\/wp\/v2\/product_tag?post=996"}],"curies":[{"name":"wp","href":"https:\/\/api.w.org\/{rel}","templated":true}]}}